{"id":32470,"date":"2025-08-18T17:05:19","date_gmt":"2025-08-18T14:05:19","guid":{"rendered":"https:\/\/rockside.sk\/?post_type=product&#038;p=32470"},"modified":"2026-03-13T11:55:30","modified_gmt":"2026-03-13T08:55:30","slug":"vonkajsi-betonovy-kvetinac-aura","status":"publish","type":"product","link":"https:\/\/rockside.sk\/en\/product\/vonkajsi-betonovy-kvetinac-aura\/","title":{"rendered":"Aura outdoor concrete flower pot"},"content":{"rendered":"<div data-elementor-type=\"wp-post\" data-elementor-id=\"32470\" class=\"elementor elementor-32470\">\n\t\t\t\t<div class=\"wd-negative-gap elementor-element elementor-element-2f21b9a e-flex e-con-boxed e-con e-parent\" data-id=\"2f21b9a\" data-element_type=\"container\">\n\t\t\t\t\t<div class=\"e-con-inner\">\n\t\t\t\t<div class=\"elementor-element elementor-element-df5c4b9 elementor-widget elementor-widget-wd_text_block\" data-id=\"df5c4b9\" data-element_type=\"widget\" data-widget_type=\"wd_text_block.default\">\n\t\t\t\t<div class=\"elementor-widget-container\">\n\t\t\t\t\t\t\t<div class=\"wd-text-block reset-last-child text-left\">\n\t\t\t\n\t\t\t<p data-start=\"0\" data-end=\"321\">The Aura model is made of solid concrete and is not afraid of external weather influences. Each product undergoes testing in our own laboratory: we check the strength of concrete, frost resistance, brittleness and other important properties. The flowerpot is environmentally friendly and safe for both plants and the environment.<\/p><p data-start=\"323\" data-end=\"481\">You can choose any color variant from the RAL K7 Classic sample card. The color is environmentally friendly and your plants will feel comfortable in the pot.<\/p><p data-start=\"483\" data-end=\"679\" data-is-last-node=\"\" data-is-only-node=\"\">\u201e&quot;Grey Granite&quot; and &quot;Black Granite&quot; - unique surface finish variants that look luxurious and give the product the aesthetics of a natural material that fits perfectly into any landscape design.<\/p><p data-start=\"0\" data-end=\"191\">The flower pots are manufactured using modern fiber reinforcement technology. This reinforcement is evenly distributed throughout the concrete volume, creating a microstructured network that:<\/p><ul data-start=\"193\" data-end=\"390\"><li data-start=\"193\" data-end=\"253\"><p data-start=\"195\" data-end=\"253\">minimizes the formation of microcracks during concrete shrinkage,<\/p><\/li><li data-start=\"254\" data-end=\"321\"><p data-start=\"256\" data-end=\"321\">increases the product&#039;s resistance to loads, impacts and deformations,<\/p><\/li><li data-start=\"322\" data-end=\"390\"><p data-start=\"324\" data-end=\"390\">ensures long service life and resistance to aggressive environments.<\/p><\/li><\/ul><p data-start=\"392\" data-end=\"595\" data-is-last-node=\"\" data-is-only-node=\"\">The fiber reinforcement is not subject to corrosion, so even after many years of use in humid conditions or with significant temperature fluctuations, the flower pot remains intact and retains its attractive appearance.<\/p><p data-start=\"392\" data-end=\"595\" data-is-last-node=\"\" data-is-only-node=\"\">The planter is designed with the needs of plants in mind and is equipped with a drainage hole. This ensures effective drainage of excess water, preventing its accumulation, which is important for the plant&#039;s root system.<\/p>\n\t\t\t\t\t<\/div>\n\t\t\t\t\t\t<\/div>\n\t\t\t\t<\/div>\n\t\t\t\t\t<\/div>\n\t\t\t\t<\/div>\n\t\t\t\t<\/div>","protected":false},"excerpt":{"rendered":"<p>Model Aura je vyroben\u00fd z pevn\u00e9ho bet\u00f3nu a neboj\u00ed sa vonkaj\u0161\u00edch poveternostn\u00fdch vplyvov. Ka\u017ed\u00fd v\u00fdrobok prech\u00e1dza testovan\u00edm v na\u0161om vlastnom<\/p>","protected":false},"featured_media":32479,"comment_status":"open","ping_status":"closed","template":"","meta":[],"product_brand":[],"product_cat":[20],"product_tag":[],"class_list":{"0":"post-32470","1":"product","2":"type-product","3":"status-publish","4":"has-post-thumbnail","6":"product_cat-kvetinace","8":"first","9":"instock","10":"taxable","11":"shipping-taxable","12":"purchasable","13":"product-type-variable","14":"has-default-attributes"},"yoast_head":"<!-- This site is optimized with the Yoast SEO plugin v25.6 - https:\/\/yoast.com\/wordpress\/plugins\/seo\/ -->\n<title>Vonkaj\u0161\u00ed bet\u00f3nov\u00fd kvetin\u00e1\u010d Aura - Betonov\u00e9 v\u00fdrobky<\/title>\n<meta name=\"robots\" content=\"index, follow, max-snippet:-1, max-image-preview:large, max-video-preview:-1\" \/>\n<link rel=\"canonical\" href=\"https:\/\/rockside.sk\/en\/product\/vonkajsi-betonovy-kvetinac-aura\/\" \/>\n<meta property=\"og:locale\" content=\"en_GB\" \/>\n<meta property=\"og:type\" content=\"article\" \/>\n<meta property=\"og:title\" content=\"Vonkaj\u0161\u00ed bet\u00f3nov\u00fd kvetin\u00e1\u010d Aura - Betonov\u00e9 v\u00fdrobky\" \/>\n<meta property=\"og:description\" content=\"Model Aura je vyroben\u00fd z pevn\u00e9ho bet\u00f3nu a neboj\u00ed sa vonkaj\u0161\u00edch poveternostn\u00fdch vplyvov. Ka\u017ed\u00fd v\u00fdrobok prech\u00e1dza testovan\u00edm v na\u0161om vlastnom\" \/>\n<meta property=\"og:url\" content=\"https:\/\/rockside.sk\/en\/product\/vonkajsi-betonovy-kvetinac-aura\/\" \/>\n<meta property=\"og:site_name\" content=\"Betonov\u00e9 v\u00fdrobky\" \/>\n<meta property=\"article:modified_time\" content=\"2026-03-13T08:55:30+00:00\" \/>\n<meta property=\"og:image\" content=\"https:\/\/rockside.sk\/wp-content\/uploads\/2025\/08\/aura.jpg\" \/>\n\t<meta property=\"og:image:width\" content=\"1080\" \/>\n\t<meta property=\"og:image:height\" content=\"1080\" \/>\n\t<meta property=\"og:image:type\" content=\"image\/jpeg\" \/>\n<meta name=\"twitter:card\" content=\"summary_large_image\" \/>\n<meta name=\"twitter:label1\" content=\"Estimated reading time\" \/>\n\t<meta name=\"twitter:data1\" content=\"1 minute\" \/>\n<script type=\"application\/ld+json\" class=\"yoast-schema-graph\">{\"@context\":\"https:\/\/schema.org\",\"@graph\":[{\"@type\":\"WebPage\",\"@id\":\"https:\/\/rockside.sk\/product\/vonkajsi-betonovy-kvetinac-aura\/\",\"url\":\"https:\/\/rockside.sk\/product\/vonkajsi-betonovy-kvetinac-aura\/\",\"name\":\"Vonkaj\u0161\u00ed bet\u00f3nov\u00fd kvetin\u00e1\u010d Aura - Betonov\u00e9 v\u00fdrobky\",\"isPartOf\":{\"@id\":\"https:\/\/rockside.sk\/#website\"},\"primaryImageOfPage\":{\"@id\":\"https:\/\/rockside.sk\/product\/vonkajsi-betonovy-kvetinac-aura\/#primaryimage\"},\"image\":{\"@id\":\"https:\/\/rockside.sk\/product\/vonkajsi-betonovy-kvetinac-aura\/#primaryimage\"},\"thumbnailUrl\":\"https:\/\/rockside.sk\/wp-content\/uploads\/2025\/08\/aura.jpg\",\"datePublished\":\"2025-08-18T14:05:19+00:00\",\"dateModified\":\"2026-03-13T08:55:30+00:00\",\"breadcrumb\":{\"@id\":\"https:\/\/rockside.sk\/product\/vonkajsi-betonovy-kvetinac-aura\/#breadcrumb\"},\"inLanguage\":\"en-GB\",\"potentialAction\":[{\"@type\":\"ReadAction\",\"target\":[\"https:\/\/rockside.sk\/product\/vonkajsi-betonovy-kvetinac-aura\/\"]}]},{\"@type\":\"ImageObject\",\"inLanguage\":\"en-GB\",\"@id\":\"https:\/\/rockside.sk\/product\/vonkajsi-betonovy-kvetinac-aura\/#primaryimage\",\"url\":\"https:\/\/rockside.sk\/wp-content\/uploads\/2025\/08\/aura.jpg\",\"contentUrl\":\"https:\/\/rockside.sk\/wp-content\/uploads\/2025\/08\/aura.jpg\",\"width\":1080,\"height\":1080},{\"@type\":\"BreadcrumbList\",\"@id\":\"https:\/\/rockside.sk\/product\/vonkajsi-betonovy-kvetinac-aura\/#breadcrumb\",\"itemListElement\":[{\"@type\":\"ListItem\",\"position\":1,\"name\":\"\u0413\u043b\u0430\u0432\u043d\u0430\u044f \u0441\u0442\u0440\u0430\u043d\u0438\u0446\u0430\",\"item\":\"https:\/\/rockside.sk\/\"},{\"@type\":\"ListItem\",\"position\":2,\"name\":\"Obchod\",\"item\":\"https:\/\/rockside.sk\/shop\/\"},{\"@type\":\"ListItem\",\"position\":3,\"name\":\"Vonkaj\u0161\u00ed bet\u00f3nov\u00fd kvetin\u00e1\u010d Aura\"}]},{\"@type\":\"WebSite\",\"@id\":\"https:\/\/rockside.sk\/#website\",\"url\":\"https:\/\/rockside.sk\/\",\"name\":\"Rockside Slovensko\",\"description\":\"vonkaj\u0161ie kvetin\u00e1\u010de, z\u00e1hradn\u00e9 font\u00e1ny, lavi\u010dky od v\u00fdrobcu Rockside\",\"publisher\":{\"@id\":\"https:\/\/rockside.sk\/#organization\"},\"alternateName\":\"Rockside\",\"potentialAction\":[{\"@type\":\"SearchAction\",\"target\":{\"@type\":\"EntryPoint\",\"urlTemplate\":\"https:\/\/rockside.sk\/?s={search_term_string}\"},\"query-input\":{\"@type\":\"PropertyValueSpecification\",\"valueRequired\":true,\"valueName\":\"search_term_string\"}}],\"inLanguage\":\"en-GB\"},{\"@type\":\"Organization\",\"@id\":\"https:\/\/rockside.sk\/#organization\",\"name\":\"Betonov\u00e9 v\u00fdrobky\",\"url\":\"https:\/\/rockside.sk\/\",\"logo\":{\"@type\":\"ImageObject\",\"inLanguage\":\"en-GB\",\"@id\":\"https:\/\/rockside.sk\/#\/schema\/logo\/image\/\",\"url\":\"https:\/\/rockside.sk\/wp-content\/uploads\/2025\/08\/Rockside.png\",\"contentUrl\":\"https:\/\/rockside.sk\/wp-content\/uploads\/2025\/08\/Rockside.png\",\"width\":1920,\"height\":1080,\"caption\":\"Betonov\u00e9 v\u00fdrobky\"},\"image\":{\"@id\":\"https:\/\/rockside.sk\/#\/schema\/logo\/image\/\"}}]}<\/script>\n<!-- \/ Yoast SEO plugin. -->","yoast_head_json":{"title":"Vonkaj\u0161\u00ed bet\u00f3nov\u00fd kvetin\u00e1\u010d Aura - Betonov\u00e9 v\u00fdrobky","robots":{"index":"index","follow":"follow","max-snippet":"max-snippet:-1","max-image-preview":"max-image-preview:large","max-video-preview":"max-video-preview:-1"},"canonical":"https:\/\/rockside.sk\/en\/product\/vonkajsi-betonovy-kvetinac-aura\/","og_locale":"en_GB","og_type":"article","og_title":"Vonkaj\u0161\u00ed bet\u00f3nov\u00fd kvetin\u00e1\u010d Aura - Betonov\u00e9 v\u00fdrobky","og_description":"Model Aura je vyroben\u00fd z pevn\u00e9ho bet\u00f3nu a neboj\u00ed sa vonkaj\u0161\u00edch poveternostn\u00fdch vplyvov. Ka\u017ed\u00fd v\u00fdrobok prech\u00e1dza testovan\u00edm v na\u0161om vlastnom","og_url":"https:\/\/rockside.sk\/en\/product\/vonkajsi-betonovy-kvetinac-aura\/","og_site_name":"Betonov\u00e9 v\u00fdrobky","article_modified_time":"2026-03-13T08:55:30+00:00","og_image":[{"width":1080,"height":1080,"url":"https:\/\/rockside.sk\/wp-content\/uploads\/2025\/08\/aura.jpg","type":"image\/jpeg"}],"twitter_card":"summary_large_image","twitter_misc":{"Estimated reading time":"1 minute"},"schema":{"@context":"https:\/\/schema.org","@graph":[{"@type":"WebPage","@id":"https:\/\/rockside.sk\/product\/vonkajsi-betonovy-kvetinac-aura\/","url":"https:\/\/rockside.sk\/product\/vonkajsi-betonovy-kvetinac-aura\/","name":"Vonkaj\u0161\u00ed bet\u00f3nov\u00fd kvetin\u00e1\u010d Aura - Betonov\u00e9 v\u00fdrobky","isPartOf":{"@id":"https:\/\/rockside.sk\/#website"},"primaryImageOfPage":{"@id":"https:\/\/rockside.sk\/product\/vonkajsi-betonovy-kvetinac-aura\/#primaryimage"},"image":{"@id":"https:\/\/rockside.sk\/product\/vonkajsi-betonovy-kvetinac-aura\/#primaryimage"},"thumbnailUrl":"https:\/\/rockside.sk\/wp-content\/uploads\/2025\/08\/aura.jpg","datePublished":"2025-08-18T14:05:19+00:00","dateModified":"2026-03-13T08:55:30+00:00","breadcrumb":{"@id":"https:\/\/rockside.sk\/product\/vonkajsi-betonovy-kvetinac-aura\/#breadcrumb"},"inLanguage":"en-GB","potentialAction":[{"@type":"ReadAction","target":["https:\/\/rockside.sk\/product\/vonkajsi-betonovy-kvetinac-aura\/"]}]},{"@type":"ImageObject","inLanguage":"en-GB","@id":"https:\/\/rockside.sk\/product\/vonkajsi-betonovy-kvetinac-aura\/#primaryimage","url":"https:\/\/rockside.sk\/wp-content\/uploads\/2025\/08\/aura.jpg","contentUrl":"https:\/\/rockside.sk\/wp-content\/uploads\/2025\/08\/aura.jpg","width":1080,"height":1080},{"@type":"BreadcrumbList","@id":"https:\/\/rockside.sk\/product\/vonkajsi-betonovy-kvetinac-aura\/#breadcrumb","itemListElement":[{"@type":"ListItem","position":1,"name":"\u0413\u043b\u0430\u0432\u043d\u0430\u044f \u0441\u0442\u0440\u0430\u043d\u0438\u0446\u0430","item":"https:\/\/rockside.sk\/"},{"@type":"ListItem","position":2,"name":"Obchod","item":"https:\/\/rockside.sk\/shop\/"},{"@type":"ListItem","position":3,"name":"Vonkaj\u0161\u00ed bet\u00f3nov\u00fd kvetin\u00e1\u010d Aura"}]},{"@type":"WebSite","@id":"https:\/\/rockside.sk\/#website","url":"https:\/\/rockside.sk\/","name":"Rockside Slovakia","description":"outdoor flower pots, garden fountains, benches from the manufacturer Rockside","publisher":{"@id":"https:\/\/rockside.sk\/#organization"},"alternateName":"Rockside","potentialAction":[{"@type":"SearchAction","target":{"@type":"EntryPoint","urlTemplate":"https:\/\/rockside.sk\/?s={search_term_string}"},"query-input":{"@type":"PropertyValueSpecification","valueRequired":true,"valueName":"search_term_string"}}],"inLanguage":"en-GB"},{"@type":"Organization","@id":"https:\/\/rockside.sk\/#organization","name":"Concrete products","url":"https:\/\/rockside.sk\/","logo":{"@type":"ImageObject","inLanguage":"en-GB","@id":"https:\/\/rockside.sk\/#\/schema\/logo\/image\/","url":"https:\/\/rockside.sk\/wp-content\/uploads\/2025\/08\/Rockside.png","contentUrl":"https:\/\/rockside.sk\/wp-content\/uploads\/2025\/08\/Rockside.png","width":1920,"height":1080,"caption":"Betonov\u00e9 v\u00fdrobky"},"image":{"@id":"https:\/\/rockside.sk\/#\/schema\/logo\/image\/"}}]}},"jetpack_sharing_enabled":true,"_links":{"self":[{"href":"https:\/\/rockside.sk\/en\/wp-json\/wp\/v2\/product\/32470","targetHints":{"allow":["GET"]}}],"collection":[{"href":"https:\/\/rockside.sk\/en\/wp-json\/wp\/v2\/product"}],"about":[{"href":"https:\/\/rockside.sk\/en\/wp-json\/wp\/v2\/types\/product"}],"replies":[{"embeddable":true,"href":"https:\/\/rockside.sk\/en\/wp-json\/wp\/v2\/comments?post=32470"}],"version-history":[{"count":5,"href":"https:\/\/rockside.sk\/en\/wp-json\/wp\/v2\/product\/32470\/revisions"}],"predecessor-version":[{"id":33186,"href":"https:\/\/rockside.sk\/en\/wp-json\/wp\/v2\/product\/32470\/revisions\/33186"}],"wp:featuredmedia":[{"embeddable":true,"href":"https:\/\/rockside.sk\/en\/wp-json\/wp\/v2\/media\/32479"}],"wp:attachment":[{"href":"https:\/\/rockside.sk\/en\/wp-json\/wp\/v2\/media?parent=32470"}],"wp:term":[{"taxonomy":"product_brand","embeddable":true,"href":"https:\/\/rockside.sk\/en\/wp-json\/wp\/v2\/product_brand?post=32470"},{"taxonomy":"product_cat","embeddable":true,"href":"https:\/\/rockside.sk\/en\/wp-json\/wp\/v2\/product_cat?post=32470"},{"taxonomy":"product_tag","embeddable":true,"href":"https:\/\/rockside.sk\/en\/wp-json\/wp\/v2\/product_tag?post=32470"}],"curies":[{"name":"wp","href":"https:\/\/api.w.org\/{rel}","templated":true}]}}