{"id":32040,"date":"2025-08-15T16:22:05","date_gmt":"2025-08-15T13:22:05","guid":{"rendered":"https:\/\/rockside.sk\/?post_type=product&#038;p=32040"},"modified":"2026-03-13T12:47:34","modified_gmt":"2026-03-13T09:47:34","slug":"vonkajsi-betonovy-kvetinac-faro-m","status":"publish","type":"product","link":"https:\/\/rockside.sk\/en\/product\/vonkajsi-betonovy-kvetinac-faro-m\/","title":{"rendered":"Outdoor concrete flower pot Faro M"},"content":{"rendered":"<div data-elementor-type=\"wp-post\" data-elementor-id=\"32040\" class=\"elementor elementor-32040\">\n\t\t\t\t<div class=\"wd-negative-gap elementor-element elementor-element-9f9c53a e-flex e-con-boxed e-con e-parent\" data-id=\"9f9c53a\" data-element_type=\"container\">\n\t\t\t\t\t<div class=\"e-con-inner\">\n\t\t<div class=\"elementor-element elementor-element-4def864 e-con-full e-flex e-con e-child\" data-id=\"4def864\" data-element_type=\"container\">\n\t\t\t\t<div class=\"elementor-element elementor-element-df5c4b9 elementor-widget elementor-widget-wd_text_block\" data-id=\"df5c4b9\" data-element_type=\"widget\" data-widget_type=\"wd_text_block.default\">\n\t\t\t\t<div class=\"elementor-widget-container\">\n\t\t\t\t\t\t\t<div class=\"wd-text-block reset-last-child text-left\">\n\t\t\t\n\t\t\t<p data-start=\"0\" data-end=\"324\">Kvetin\u00e1\u010d Faro je vyroben\u00fd z pevn\u00e9ho bet\u00f3nu a neboj\u00ed sa vonkaj\u0161\u00edch poveternostn\u00fdch vplyvov. V\u0161etky v\u00fdrobky prech\u00e1dzaj\u00fa testovan\u00edm v na\u0161om vlastnom laborat\u00f3riu: kontrolujeme pevnos\u0165 bet\u00f3nu, mrazuvzdornos\u0165, krehkos\u0165 a \u010fal\u0161ie d\u00f4le\u017eit\u00e9 vlastnosti. Kvetin\u00e1\u010d je ekologicky nez\u00e1vadn\u00fd a bezpe\u010dn\u00fd pre rastliny aj \u017eivotn\u00e9 prostredie.<\/p><p data-start=\"326\" data-end=\"486\">You can choose any color variant from the RAL K7 Classic sample card. The color is environmentally friendly and your plants will feel comfortable in the pot.<\/p><p data-start=\"488\" data-end=\"686\">\u201e&quot;Grey Granite&quot; and &quot;Black Granite&quot; - unique surface finish variants that look luxurious and give the product the aesthetics of a natural material that fits perfectly into any landscape design.<\/p><p data-start=\"688\" data-end=\"862\">The flower pots are manufactured using modern fiber reinforcement technology. The material is evenly dispersed throughout the concrete mass, creating a microstructured network that:<\/p><ul data-start=\"864\" data-end=\"1063\"><li data-start=\"864\" data-end=\"924\"><p data-start=\"866\" data-end=\"924\">minimizes the formation of microcracks during concrete shrinkage,<\/p><\/li><li data-start=\"925\" data-end=\"992\"><p data-start=\"927\" data-end=\"992\">increases the product&#039;s resistance to loads, impacts and deformations,<\/p><\/li><li data-start=\"993\" data-end=\"1063\"><p data-start=\"995\" data-end=\"1063\">ensures long service life and resistance to aggressive environments.<\/p><\/li><\/ul><p data-start=\"1065\" data-end=\"1261\">The fiber is not subject to corrosion, so even after many years of use in humid conditions or with significant temperature fluctuations, the flower pot remains intact and retains its attractive appearance.<\/p><p data-start=\"1263\" data-end=\"1470\">The planter is designed with the needs of plants in mind and has drainage holes. These ensure effective drainage of excess water, preventing its accumulation, which is important for the plant&#039;s root system.<\/p><p data-start=\"1472\" data-end=\"1667\" data-is-last-node=\"\" data-is-only-node=\"\">However, if your needs require a different solution, we can also make a planter without a drainage hole. This option is suitable for indoor use, for aquatic plants or other non-traditional projects.<\/p>\n\t\t\t\t\t<\/div>\n\t\t\t\t\t\t<\/div>\n\t\t\t\t<\/div>\n\t\t\t\t<\/div>\n\t\t<div class=\"elementor-element elementor-element-94c79c8 e-con-full e-flex e-con e-child\" data-id=\"94c79c8\" data-element_type=\"container\">\n\t\t\t\t<div class=\"elementor-element elementor-element-666e21f elementor-widget elementor-widget-wd_image_or_svg\" data-id=\"666e21f\" data-element_type=\"widget\" data-widget_type=\"wd_image_or_svg.default\">\n\t\t\t\t<div class=\"elementor-widget-container\">\n\t\t\t\t\t\n\t\t<div class=\"wd-image text-left photoswipe-images\">\n\t\t\t\t\t\t\t<a  href=\"http:\/\/rockside.sk\/wp-content\/uploads\/2025\/08\/kreslennuya-faro-m.jpg\"data-width=\"856\" data-height=\"1024\" data-elementor-open-lightbox=\"no\" aria-label=\"Image link\">\n\t\t\t\t\t\t\t\t<img fetchpriority=\"high\" decoding=\"async\" width=\"856\" height=\"1024\" src=\"https:\/\/rockside.sk\/wp-content\/uploads\/2025\/08\/kreslennuya-faro-m.jpg\" class=\"attachment-full size-full\" alt=\"\" srcset=\"https:\/\/rockside.sk\/wp-content\/uploads\/2025\/08\/kreslennuya-faro-m.jpg 856w, https:\/\/rockside.sk\/wp-content\/uploads\/2025\/08\/kreslennuya-faro-m-150x179.jpg 150w, https:\/\/rockside.sk\/wp-content\/uploads\/2025\/08\/kreslennuya-faro-m-700x837.jpg 700w, https:\/\/rockside.sk\/wp-content\/uploads\/2025\/08\/kreslennuya-faro-m-251x300.jpg 251w, https:\/\/rockside.sk\/wp-content\/uploads\/2025\/08\/kreslennuya-faro-m-669x800.jpg 669w, https:\/\/rockside.sk\/wp-content\/uploads\/2025\/08\/kreslennuya-faro-m-768x919.jpg 768w\" sizes=\"(max-width: 856px) 100vw, 856px\" \/>\t\t\t\t\t\t\t<\/a>\n\t\t\t\t\t<\/div>\n\n\t\t\t\t\t\t<\/div>\n\t\t\t\t<\/div>\n\t\t\t\t<\/div>\n\t\t\t\t\t<\/div>\n\t\t\t\t<\/div>\n\t\t<div class=\"wd-negative-gap elementor-element elementor-element-6b7fec1 e-flex e-con-boxed e-con e-parent\" data-id=\"6b7fec1\" data-element_type=\"container\">\n\t\t\t\t\t<div class=\"e-con-inner\">\n\t\t\t\t<div class=\"elementor-element elementor-element-ee5a6a9 wd-width-100 elementor-widget elementor-widget-wd_images_gallery\" data-id=\"ee5a6a9\" data-element_type=\"widget\" data-widget_type=\"wd_images_gallery.default\">\n\t\t\t\t<div class=\"elementor-widget-container\">\n\t\t\t\t\t\t\t<div class=\"wd-images-gallery photoswipe-images wd-carousel-container\" style=\"--wd-align-items:center; --wd-justify-content:center;\">\n\t\t\t\t\t\t\t<div class=\"wd-carousel-inner\">\n\t\t\t\t\t\t<div class=\"wd-carousel wd-grid\" data-scroll_per_page=\"yes\" style=\"--wd-col-lg:1;--wd-col-md:1;--wd-col-sm:1;--wd-gap-lg:0px;\">\n\t\t\t\t\t\t\t\t\t<div class=\"wd-carousel-wrap\">\n\t\t\t\t\t\t\t\t\t\t\t\t\t\t\t\t\t\t<div class=\"wd-gallery-item wd-carousel-item\">\n\t\t\t\t\t\t\t\t\t\t\t\t\t<a  href=\"https:\/\/rockside.sk\/wp-content\/uploads\/2025\/08\/faro-s-m-l.jpg\" data-width=\"1920\" data-height=\"1080\" data-index=\"1\" data-elementor-open-lightbox=\"no\">\n\t\t\t\t\t\t\n\t\t\t\t\t\t<img decoding=\"async\" width=\"1300\" height=\"731\" src=\"https:\/\/rockside.sk\/wp-content\/uploads\/2025\/08\/faro-s-m-l-1300x731.jpg\" class=\"attachment-large size-large\" alt=\"faro-s-m-l\" srcset=\"https:\/\/rockside.sk\/wp-content\/uploads\/2025\/08\/faro-s-m-l-1300x731.jpg 1300w, https:\/\/rockside.sk\/wp-content\/uploads\/2025\/08\/faro-s-m-l-150x84.jpg 150w, https:\/\/rockside.sk\/wp-content\/uploads\/2025\/08\/faro-s-m-l-700x394.jpg 700w, https:\/\/rockside.sk\/wp-content\/uploads\/2025\/08\/faro-s-m-l-400x225.jpg 400w, https:\/\/rockside.sk\/wp-content\/uploads\/2025\/08\/faro-s-m-l-768x432.jpg 768w, https:\/\/rockside.sk\/wp-content\/uploads\/2025\/08\/faro-s-m-l-1536x864.jpg 1536w, https:\/\/rockside.sk\/wp-content\/uploads\/2025\/08\/faro-s-m-l.jpg 1920w\" sizes=\"(max-width: 1300px) 100vw, 1300px\" \/>\n\t\t\t\t\t\t\t\t\t\t\t\t\t<\/a>\n\t\t\t\t\t\t\t\t\t\t\t<\/div>\n\t\t\t\t\t\t\t\t\t\t\t\t\t\t\t\t<\/div>\n\t\t\t\t\t\t\t\t<\/div>\n\t\t\t\t\t\t\t\t\t\t\t\t\t\t<div class=\"wd-nav-arrows wd-pos-sep wd-hover-1 wd-icon-1\">\n\t\t\t<div class=\"wd-btn-arrow wd-prev wd-disabled\">\n\t\t\t\t<div class=\"wd-arrow-inner\"><\/div>\n\t\t\t<\/div>\n\t\t\t<div class=\"wd-btn-arrow wd-next\">\n\t\t\t\t<div class=\"wd-arrow-inner\"><\/div>\n\t\t\t<\/div>\n\t\t<\/div>\n\t\t\t\t\t\t\n\t\t\t\t<\/div>\n\n\t\t\t\t\t\t<div class=\"wd-nav-pagin-wrap text-center wd-style-shape wd-hide-md-sm wd-hide-sm\">\n\t\t\t<ul class=\"wd-nav-pagin\"><\/ul>\n\t\t<\/div>\n\t\t\t\t\t\t\t\t\t\t\t<\/div>\n\t\t\t\t\t\t<\/div>\n\t\t\t\t<\/div>\n\t\t\t\t\t<\/div>\n\t\t\t\t<\/div>\n\t\t\t\t<\/div>","protected":false},"excerpt":{"rendered":"<p>Kvetin\u00e1\u010d Faro je vyroben\u00fd z pevn\u00e9ho bet\u00f3nu a neboj\u00ed sa vonkaj\u0161\u00edch poveternostn\u00fdch vplyvov. V\u0161etky v\u00fdrobky prech\u00e1dzaj\u00fa testovan\u00edm v na\u0161om vlastnom<\/p>","protected":false},"featured_media":32048,"comment_status":"open","ping_status":"closed","template":"","meta":[],"product_brand":[],"product_cat":[20],"product_tag":[],"class_list":{"0":"post-32040","1":"product","2":"type-product","3":"status-publish","4":"has-post-thumbnail","6":"product_cat-kvetinace","8":"first","9":"instock","10":"taxable","11":"shipping-taxable","12":"purchasable","13":"product-type-variable","14":"has-default-attributes"},"yoast_head":"<!-- This site is optimized with the Yoast SEO plugin v25.6 - https:\/\/yoast.com\/wordpress\/plugins\/seo\/ -->\n<title>Vonkaj\u0161\u00ed bet\u00f3nov\u00fd kvetin\u00e1\u010d Faro M - Betonov\u00e9 v\u00fdrobky<\/title>\n<meta name=\"robots\" content=\"index, follow, max-snippet:-1, max-image-preview:large, max-video-preview:-1\" \/>\n<link rel=\"canonical\" href=\"https:\/\/rockside.sk\/en\/product\/vonkajsi-betonovy-kvetinac-faro-m\/\" \/>\n<meta property=\"og:locale\" content=\"en_GB\" \/>\n<meta property=\"og:type\" content=\"article\" \/>\n<meta property=\"og:title\" content=\"Vonkaj\u0161\u00ed bet\u00f3nov\u00fd kvetin\u00e1\u010d Faro M - Betonov\u00e9 v\u00fdrobky\" \/>\n<meta property=\"og:description\" content=\"Kvetin\u00e1\u010d Faro je vyroben\u00fd z pevn\u00e9ho bet\u00f3nu a neboj\u00ed sa vonkaj\u0161\u00edch poveternostn\u00fdch vplyvov. V\u0161etky v\u00fdrobky prech\u00e1dzaj\u00fa testovan\u00edm v na\u0161om vlastnom\" \/>\n<meta property=\"og:url\" content=\"https:\/\/rockside.sk\/en\/product\/vonkajsi-betonovy-kvetinac-faro-m\/\" \/>\n<meta property=\"og:site_name\" content=\"Betonov\u00e9 v\u00fdrobky\" \/>\n<meta property=\"article:modified_time\" content=\"2026-03-13T09:47:34+00:00\" \/>\n<meta property=\"og:image\" content=\"https:\/\/rockside.sk\/wp-content\/uploads\/2025\/08\/Faro-M.jpg\" \/>\n\t<meta property=\"og:image:width\" content=\"1080\" \/>\n\t<meta property=\"og:image:height\" content=\"1080\" \/>\n\t<meta property=\"og:image:type\" content=\"image\/jpeg\" \/>\n<meta name=\"twitter:card\" content=\"summary_large_image\" \/>\n<meta name=\"twitter:label1\" content=\"Estimated reading time\" \/>\n\t<meta name=\"twitter:data1\" content=\"2 minutes\" \/>\n<script type=\"application\/ld+json\" class=\"yoast-schema-graph\">{\"@context\":\"https:\/\/schema.org\",\"@graph\":[{\"@type\":\"WebPage\",\"@id\":\"https:\/\/rockside.sk\/product\/vonkajsi-betonovy-kvetinac-faro-m\/\",\"url\":\"https:\/\/rockside.sk\/product\/vonkajsi-betonovy-kvetinac-faro-m\/\",\"name\":\"Vonkaj\u0161\u00ed bet\u00f3nov\u00fd kvetin\u00e1\u010d Faro M - Betonov\u00e9 v\u00fdrobky\",\"isPartOf\":{\"@id\":\"https:\/\/rockside.sk\/#website\"},\"primaryImageOfPage\":{\"@id\":\"https:\/\/rockside.sk\/product\/vonkajsi-betonovy-kvetinac-faro-m\/#primaryimage\"},\"image\":{\"@id\":\"https:\/\/rockside.sk\/product\/vonkajsi-betonovy-kvetinac-faro-m\/#primaryimage\"},\"thumbnailUrl\":\"https:\/\/rockside.sk\/wp-content\/uploads\/2025\/08\/Faro-M.jpg\",\"datePublished\":\"2025-08-15T13:22:05+00:00\",\"dateModified\":\"2026-03-13T09:47:34+00:00\",\"breadcrumb\":{\"@id\":\"https:\/\/rockside.sk\/product\/vonkajsi-betonovy-kvetinac-faro-m\/#breadcrumb\"},\"inLanguage\":\"en-GB\",\"potentialAction\":[{\"@type\":\"ReadAction\",\"target\":[\"https:\/\/rockside.sk\/product\/vonkajsi-betonovy-kvetinac-faro-m\/\"]}]},{\"@type\":\"ImageObject\",\"inLanguage\":\"en-GB\",\"@id\":\"https:\/\/rockside.sk\/product\/vonkajsi-betonovy-kvetinac-faro-m\/#primaryimage\",\"url\":\"https:\/\/rockside.sk\/wp-content\/uploads\/2025\/08\/Faro-M.jpg\",\"contentUrl\":\"https:\/\/rockside.sk\/wp-content\/uploads\/2025\/08\/Faro-M.jpg\",\"width\":1080,\"height\":1080},{\"@type\":\"BreadcrumbList\",\"@id\":\"https:\/\/rockside.sk\/product\/vonkajsi-betonovy-kvetinac-faro-m\/#breadcrumb\",\"itemListElement\":[{\"@type\":\"ListItem\",\"position\":1,\"name\":\"\u0413\u043b\u0430\u0432\u043d\u0430\u044f \u0441\u0442\u0440\u0430\u043d\u0438\u0446\u0430\",\"item\":\"https:\/\/rockside.sk\/\"},{\"@type\":\"ListItem\",\"position\":2,\"name\":\"Obchod\",\"item\":\"https:\/\/rockside.sk\/shop\/\"},{\"@type\":\"ListItem\",\"position\":3,\"name\":\"Vonkaj\u0161\u00ed bet\u00f3nov\u00fd kvetin\u00e1\u010d Faro M\"}]},{\"@type\":\"WebSite\",\"@id\":\"https:\/\/rockside.sk\/#website\",\"url\":\"https:\/\/rockside.sk\/\",\"name\":\"Rockside Slovensko\",\"description\":\"vonkaj\u0161ie kvetin\u00e1\u010de, z\u00e1hradn\u00e9 font\u00e1ny, lavi\u010dky od v\u00fdrobcu Rockside\",\"publisher\":{\"@id\":\"https:\/\/rockside.sk\/#organization\"},\"alternateName\":\"Rockside\",\"potentialAction\":[{\"@type\":\"SearchAction\",\"target\":{\"@type\":\"EntryPoint\",\"urlTemplate\":\"https:\/\/rockside.sk\/?s={search_term_string}\"},\"query-input\":{\"@type\":\"PropertyValueSpecification\",\"valueRequired\":true,\"valueName\":\"search_term_string\"}}],\"inLanguage\":\"en-GB\"},{\"@type\":\"Organization\",\"@id\":\"https:\/\/rockside.sk\/#organization\",\"name\":\"Betonov\u00e9 v\u00fdrobky\",\"url\":\"https:\/\/rockside.sk\/\",\"logo\":{\"@type\":\"ImageObject\",\"inLanguage\":\"en-GB\",\"@id\":\"https:\/\/rockside.sk\/#\/schema\/logo\/image\/\",\"url\":\"https:\/\/rockside.sk\/wp-content\/uploads\/2025\/08\/Rockside.png\",\"contentUrl\":\"https:\/\/rockside.sk\/wp-content\/uploads\/2025\/08\/Rockside.png\",\"width\":1920,\"height\":1080,\"caption\":\"Betonov\u00e9 v\u00fdrobky\"},\"image\":{\"@id\":\"https:\/\/rockside.sk\/#\/schema\/logo\/image\/\"}}]}<\/script>\n<!-- \/ Yoast SEO plugin. -->","yoast_head_json":{"title":"Vonkaj\u0161\u00ed bet\u00f3nov\u00fd kvetin\u00e1\u010d Faro M - Betonov\u00e9 v\u00fdrobky","robots":{"index":"index","follow":"follow","max-snippet":"max-snippet:-1","max-image-preview":"max-image-preview:large","max-video-preview":"max-video-preview:-1"},"canonical":"https:\/\/rockside.sk\/en\/product\/vonkajsi-betonovy-kvetinac-faro-m\/","og_locale":"en_GB","og_type":"article","og_title":"Vonkaj\u0161\u00ed bet\u00f3nov\u00fd kvetin\u00e1\u010d Faro M - Betonov\u00e9 v\u00fdrobky","og_description":"Kvetin\u00e1\u010d Faro je vyroben\u00fd z pevn\u00e9ho bet\u00f3nu a neboj\u00ed sa vonkaj\u0161\u00edch poveternostn\u00fdch vplyvov. V\u0161etky v\u00fdrobky prech\u00e1dzaj\u00fa testovan\u00edm v na\u0161om vlastnom","og_url":"https:\/\/rockside.sk\/en\/product\/vonkajsi-betonovy-kvetinac-faro-m\/","og_site_name":"Betonov\u00e9 v\u00fdrobky","article_modified_time":"2026-03-13T09:47:34+00:00","og_image":[{"width":1080,"height":1080,"url":"https:\/\/rockside.sk\/wp-content\/uploads\/2025\/08\/Faro-M.jpg","type":"image\/jpeg"}],"twitter_card":"summary_large_image","twitter_misc":{"Estimated reading time":"2 minutes"},"schema":{"@context":"https:\/\/schema.org","@graph":[{"@type":"WebPage","@id":"https:\/\/rockside.sk\/product\/vonkajsi-betonovy-kvetinac-faro-m\/","url":"https:\/\/rockside.sk\/product\/vonkajsi-betonovy-kvetinac-faro-m\/","name":"Vonkaj\u0161\u00ed bet\u00f3nov\u00fd kvetin\u00e1\u010d Faro M - Betonov\u00e9 v\u00fdrobky","isPartOf":{"@id":"https:\/\/rockside.sk\/#website"},"primaryImageOfPage":{"@id":"https:\/\/rockside.sk\/product\/vonkajsi-betonovy-kvetinac-faro-m\/#primaryimage"},"image":{"@id":"https:\/\/rockside.sk\/product\/vonkajsi-betonovy-kvetinac-faro-m\/#primaryimage"},"thumbnailUrl":"https:\/\/rockside.sk\/wp-content\/uploads\/2025\/08\/Faro-M.jpg","datePublished":"2025-08-15T13:22:05+00:00","dateModified":"2026-03-13T09:47:34+00:00","breadcrumb":{"@id":"https:\/\/rockside.sk\/product\/vonkajsi-betonovy-kvetinac-faro-m\/#breadcrumb"},"inLanguage":"en-GB","potentialAction":[{"@type":"ReadAction","target":["https:\/\/rockside.sk\/product\/vonkajsi-betonovy-kvetinac-faro-m\/"]}]},{"@type":"ImageObject","inLanguage":"en-GB","@id":"https:\/\/rockside.sk\/product\/vonkajsi-betonovy-kvetinac-faro-m\/#primaryimage","url":"https:\/\/rockside.sk\/wp-content\/uploads\/2025\/08\/Faro-M.jpg","contentUrl":"https:\/\/rockside.sk\/wp-content\/uploads\/2025\/08\/Faro-M.jpg","width":1080,"height":1080},{"@type":"BreadcrumbList","@id":"https:\/\/rockside.sk\/product\/vonkajsi-betonovy-kvetinac-faro-m\/#breadcrumb","itemListElement":[{"@type":"ListItem","position":1,"name":"\u0413\u043b\u0430\u0432\u043d\u0430\u044f \u0441\u0442\u0440\u0430\u043d\u0438\u0446\u0430","item":"https:\/\/rockside.sk\/"},{"@type":"ListItem","position":2,"name":"Obchod","item":"https:\/\/rockside.sk\/shop\/"},{"@type":"ListItem","position":3,"name":"Vonkaj\u0161\u00ed bet\u00f3nov\u00fd kvetin\u00e1\u010d Faro M"}]},{"@type":"WebSite","@id":"https:\/\/rockside.sk\/#website","url":"https:\/\/rockside.sk\/","name":"Rockside Slovensko","description":"vonkaj\u0161ie kvetin\u00e1\u010de, z\u00e1hradn\u00e9 font\u00e1ny, lavi\u010dky od v\u00fdrobcu Rockside","publisher":{"@id":"https:\/\/rockside.sk\/#organization"},"alternateName":"Rockside","potentialAction":[{"@type":"SearchAction","target":{"@type":"EntryPoint","urlTemplate":"https:\/\/rockside.sk\/?s={search_term_string}"},"query-input":{"@type":"PropertyValueSpecification","valueRequired":true,"valueName":"search_term_string"}}],"inLanguage":"en-GB"},{"@type":"Organization","@id":"https:\/\/rockside.sk\/#organization","name":"Concrete products","url":"https:\/\/rockside.sk\/","logo":{"@type":"ImageObject","inLanguage":"en-GB","@id":"https:\/\/rockside.sk\/#\/schema\/logo\/image\/","url":"https:\/\/rockside.sk\/wp-content\/uploads\/2025\/08\/Rockside.png","contentUrl":"https:\/\/rockside.sk\/wp-content\/uploads\/2025\/08\/Rockside.png","width":1920,"height":1080,"caption":"Betonov\u00e9 v\u00fdrobky"},"image":{"@id":"https:\/\/rockside.sk\/#\/schema\/logo\/image\/"}}]}},"jetpack_sharing_enabled":true,"_links":{"self":[{"href":"https:\/\/rockside.sk\/en\/wp-json\/wp\/v2\/product\/32040","targetHints":{"allow":["GET"]}}],"collection":[{"href":"https:\/\/rockside.sk\/en\/wp-json\/wp\/v2\/product"}],"about":[{"href":"https:\/\/rockside.sk\/en\/wp-json\/wp\/v2\/types\/product"}],"replies":[{"embeddable":true,"href":"https:\/\/rockside.sk\/en\/wp-json\/wp\/v2\/comments?post=32040"}],"version-history":[{"count":6,"href":"https:\/\/rockside.sk\/en\/wp-json\/wp\/v2\/product\/32040\/revisions"}],"predecessor-version":[{"id":35168,"href":"https:\/\/rockside.sk\/en\/wp-json\/wp\/v2\/product\/32040\/revisions\/35168"}],"wp:featuredmedia":[{"embeddable":true,"href":"https:\/\/rockside.sk\/en\/wp-json\/wp\/v2\/media\/32048"}],"wp:attachment":[{"href":"https:\/\/rockside.sk\/en\/wp-json\/wp\/v2\/media?parent=32040"}],"wp:term":[{"taxonomy":"product_brand","embeddable":true,"href":"https:\/\/rockside.sk\/en\/wp-json\/wp\/v2\/product_brand?post=32040"},{"taxonomy":"product_cat","embeddable":true,"href":"https:\/\/rockside.sk\/en\/wp-json\/wp\/v2\/product_cat?post=32040"},{"taxonomy":"product_tag","embeddable":true,"href":"https:\/\/rockside.sk\/en\/wp-json\/wp\/v2\/product_tag?post=32040"}],"curies":[{"name":"wp","href":"https:\/\/api.w.org\/{rel}","templated":true}]}}