{"id":30552,"date":"2025-08-11T17:11:08","date_gmt":"2025-08-11T14:11:08","guid":{"rendered":"https:\/\/rockside.sk\/?post_type=product&#038;p=30552"},"modified":"2026-03-13T16:02:53","modified_gmt":"2026-03-13T13:02:53","slug":"zahradna-fontana-vieden-xm","status":"publish","type":"product","link":"https:\/\/rockside.sk\/en\/product\/zahradna-fontana-vieden-xm\/","title":{"rendered":"Garden fountain Vienna XM"},"content":{"rendered":"<div data-elementor-type=\"wp-post\" data-elementor-id=\"30552\" class=\"elementor elementor-30552\">\n\t\t\t\t<div class=\"wd-negative-gap elementor-element elementor-element-2bafbda e-flex e-con-boxed e-con e-parent\" data-id=\"2bafbda\" data-element_type=\"container\">\n\t\t\t\t\t<div class=\"e-con-inner\">\n\t\t\t\t<div class=\"elementor-element elementor-element-7741843 elementor-widget elementor-widget-wd_text_block\" data-id=\"7741843\" data-element_type=\"widget\" data-widget_type=\"wd_text_block.default\">\n\t\t\t\t<div class=\"elementor-widget-container\">\n\t\t\t\t\t\t\t<div class=\"wd-text-block reset-last-child text-left\">\n\t\t\t\n\t\t\t<ul><li>Easy maintenance and installation: The fountain does not require complex service procedures and can be installed on any surface.<\/li><li>Suitable for smaller spaces: Its compact dimensions make the product an ideal choice for small gardens, terraces or courtyards.<\/li><li>Any color: You can choose a concrete fountain or order it in a shade that will suit your design.<\/li><\/ul>\n\t\t\t\t\t<\/div>\n\t\t\t\t\t\t<\/div>\n\t\t\t\t<\/div>\n\t\t\t\t\t<\/div>\n\t\t\t\t<\/div>\n\t\t<div class=\"wd-negative-gap elementor-element elementor-element-95a2e36 e-flex e-con-boxed e-con e-parent\" data-id=\"95a2e36\" data-element_type=\"container\">\n\t\t\t\t\t<div class=\"e-con-inner\">\n\t\t\t\t<div class=\"elementor-element elementor-element-7b091df elementor-widget elementor-widget-wd_text_block\" data-id=\"7b091df\" data-element_type=\"widget\" data-widget_type=\"wd_text_block.default\">\n\t\t\t\t<div class=\"elementor-widget-container\">\n\t\t\t\t\t\t\t<div class=\"wd-text-block reset-last-child text-center\">\n\t\t\t\n\t\t\t<p><strong>Connecting the fountain<\/strong><\/p>\n\t\t\t\t\t<\/div>\n\t\t\t\t\t\t<\/div>\n\t\t\t\t<\/div>\n\t\t\t\t\t<\/div>\n\t\t\t\t<\/div>\n\t\t<div class=\"wd-negative-gap elementor-element elementor-element-507ec1b e-flex e-con-boxed e-con e-parent\" data-id=\"507ec1b\" data-element_type=\"container\">\n\t\t\t\t\t<div class=\"e-con-inner\">\n\t\t<div class=\"elementor-element elementor-element-a216af1 e-con-full e-flex e-con e-child\" data-id=\"a216af1\" data-element_type=\"container\">\n\t\t\t\t<div class=\"elementor-element elementor-element-8714997 elementor-widget elementor-widget-wd_image_or_svg\" data-id=\"8714997\" data-element_type=\"widget\" data-widget_type=\"wd_image_or_svg.default\">\n\t\t\t\t<div class=\"elementor-widget-container\">\n\t\t\t\t\t\n\t\t<div class=\"wd-image text-left\">\n\t\t\t\t\t\t\t\t<img fetchpriority=\"high\" decoding=\"async\" width=\"1024\" height=\"1024\" src=\"https:\/\/rockside.sk\/wp-content\/uploads\/2025\/08\/vena1-1024x1024.jpg.webp\" class=\"attachment-full size-full\" alt=\"\" srcset=\"https:\/\/rockside.sk\/wp-content\/uploads\/2025\/08\/vena1-1024x1024.jpg.webp 1024w, https:\/\/rockside.sk\/wp-content\/uploads\/2025\/08\/vena1-1024x1024.jpg-430x430.webp 430w, https:\/\/rockside.sk\/wp-content\/uploads\/2025\/08\/vena1-1024x1024.jpg-150x150.webp 150w, https:\/\/rockside.sk\/wp-content\/uploads\/2025\/08\/vena1-1024x1024.jpg-700x700.webp 700w, https:\/\/rockside.sk\/wp-content\/uploads\/2025\/08\/vena1-1024x1024.jpg-300x300.webp 300w, https:\/\/rockside.sk\/wp-content\/uploads\/2025\/08\/vena1-1024x1024.jpg-800x800.webp 800w, https:\/\/rockside.sk\/wp-content\/uploads\/2025\/08\/vena1-1024x1024.jpg-768x768.webp 768w\" sizes=\"(max-width: 1024px) 100vw, 1024px\" \/>\t\t\t\t\t<\/div>\n\n\t\t\t\t\t\t<\/div>\n\t\t\t\t<\/div>\n\t\t\t\t<div class=\"elementor-element elementor-element-28ddeef elementor-widget elementor-widget-wd_text_block\" data-id=\"28ddeef\" data-element_type=\"widget\" data-widget_type=\"wd_text_block.default\">\n\t\t\t\t<div class=\"elementor-widget-container\">\n\t\t\t\t\t\t\t<div class=\"wd-text-block reset-last-child text-center\">\n\t\t\t\n\t\t\t<p>Connect the 220V power cable to the fountain.<\/p>\n\t\t\t\t\t<\/div>\n\t\t\t\t\t\t<\/div>\n\t\t\t\t<\/div>\n\t\t\t\t<\/div>\n\t\t<div class=\"elementor-element elementor-element-6aef953 e-con-full e-flex e-con e-child\" data-id=\"6aef953\" data-element_type=\"container\">\n\t\t\t\t<div class=\"elementor-element elementor-element-b466c8e elementor-widget elementor-widget-wd_image_or_svg\" data-id=\"b466c8e\" data-element_type=\"widget\" data-widget_type=\"wd_image_or_svg.default\">\n\t\t\t\t<div class=\"elementor-widget-container\">\n\t\t\t\t\t\n\t\t<div class=\"wd-image text-left\">\n\t\t\t\t\t\t\t\t<img decoding=\"async\" width=\"1024\" height=\"1024\" src=\"https:\/\/rockside.sk\/wp-content\/uploads\/2025\/08\/vena2-1024x1024.jpg.webp\" class=\"attachment-full size-full\" alt=\"\" srcset=\"https:\/\/rockside.sk\/wp-content\/uploads\/2025\/08\/vena2-1024x1024.jpg.webp 1024w, https:\/\/rockside.sk\/wp-content\/uploads\/2025\/08\/vena2-1024x1024.jpg-430x430.webp 430w, https:\/\/rockside.sk\/wp-content\/uploads\/2025\/08\/vena2-1024x1024.jpg-150x150.webp 150w, https:\/\/rockside.sk\/wp-content\/uploads\/2025\/08\/vena2-1024x1024.jpg-700x700.webp 700w, https:\/\/rockside.sk\/wp-content\/uploads\/2025\/08\/vena2-1024x1024.jpg-300x300.webp 300w, https:\/\/rockside.sk\/wp-content\/uploads\/2025\/08\/vena2-1024x1024.jpg-800x800.webp 800w, https:\/\/rockside.sk\/wp-content\/uploads\/2025\/08\/vena2-1024x1024.jpg-768x768.webp 768w\" sizes=\"(max-width: 1024px) 100vw, 1024px\" \/>\t\t\t\t\t<\/div>\n\n\t\t\t\t\t\t<\/div>\n\t\t\t\t<\/div>\n\t\t\t\t<div class=\"elementor-element elementor-element-321e590 elementor-widget elementor-widget-wd_text_block\" data-id=\"321e590\" data-element_type=\"widget\" data-widget_type=\"wd_text_block.default\">\n\t\t\t\t<div class=\"elementor-widget-container\">\n\t\t\t\t\t\t\t<div class=\"wd-text-block reset-last-child text-center\">\n\t\t\t\n\t\t\t<p>Fill the bowl with water and turn on the power \u2013 and that&#039;s it, you can enjoy the fountain&#039;s operation.<\/p>\n\t\t\t\t\t<\/div>\n\t\t\t\t\t\t<\/div>\n\t\t\t\t<\/div>\n\t\t\t\t<\/div>\n\t\t\t\t\t<\/div>\n\t\t\t\t<\/div>\n\t\t\t\t<\/div>","protected":false},"excerpt":{"rendered":"<p>Jednoduch\u00e1 \u00fadr\u017eba a mont\u00e1\u017e: Font\u00e1na nevy\u017eaduje zlo\u017eit\u00e9 servisn\u00e9 postupy a d\u00e1 sa nain\u0161talova\u0165 na ak\u00fdko\u013evek povrch. Vhodn\u00e1 na \u00fapravu men\u0161\u00edch<\/p>","protected":false},"featured_media":30542,"comment_status":"open","ping_status":"closed","template":"","meta":[],"product_brand":[],"product_cat":[75],"product_tag":[],"class_list":{"0":"post-30552","1":"product","2":"type-product","3":"status-publish","4":"has-post-thumbnail","6":"product_cat-fontany-moderne","8":"first","9":"instock","10":"taxable","11":"shipping-taxable","12":"purchasable","13":"product-type-variable","14":"has-default-attributes"},"yoast_head":"<!-- This site is optimized with the Yoast SEO plugin v25.6 - https:\/\/yoast.com\/wordpress\/plugins\/seo\/ -->\n<title>Z\u00e1hradn\u00e1 font\u00e1na Viede\u0148 XM - Betonov\u00e9 v\u00fdrobky<\/title>\n<meta name=\"robots\" content=\"index, follow, max-snippet:-1, max-image-preview:large, max-video-preview:-1\" \/>\n<link rel=\"canonical\" href=\"https:\/\/rockside.sk\/en\/product\/zahradna-fontana-vieden-xm\/\" \/>\n<meta property=\"og:locale\" content=\"en_GB\" \/>\n<meta property=\"og:type\" content=\"article\" \/>\n<meta property=\"og:title\" content=\"Z\u00e1hradn\u00e1 font\u00e1na Viede\u0148 XM - Betonov\u00e9 v\u00fdrobky\" \/>\n<meta property=\"og:description\" content=\"Jednoduch\u00e1 \u00fadr\u017eba a mont\u00e1\u017e: Font\u00e1na nevy\u017eaduje zlo\u017eit\u00e9 servisn\u00e9 postupy a d\u00e1 sa nain\u0161talova\u0165 na ak\u00fdko\u013evek povrch. Vhodn\u00e1 na \u00fapravu men\u0161\u00edch\" \/>\n<meta property=\"og:url\" content=\"https:\/\/rockside.sk\/en\/product\/zahradna-fontana-vieden-xm\/\" \/>\n<meta property=\"og:site_name\" content=\"Betonov\u00e9 v\u00fdrobky\" \/>\n<meta property=\"article:modified_time\" content=\"2026-03-13T13:02:53+00:00\" \/>\n<meta property=\"og:image\" content=\"https:\/\/rockside.sk\/wp-content\/uploads\/2025\/08\/1fountain-vena-xm-concrete.jpg\" \/>\n\t<meta property=\"og:image:width\" content=\"1080\" \/>\n\t<meta property=\"og:image:height\" content=\"1080\" \/>\n\t<meta property=\"og:image:type\" content=\"image\/jpeg\" \/>\n<meta name=\"twitter:card\" content=\"summary_large_image\" \/>\n<meta name=\"twitter:label1\" content=\"Estimated reading time\" \/>\n\t<meta name=\"twitter:data1\" content=\"1 minute\" \/>\n<script type=\"application\/ld+json\" class=\"yoast-schema-graph\">{\"@context\":\"https:\/\/schema.org\",\"@graph\":[{\"@type\":\"WebPage\",\"@id\":\"https:\/\/rockside.sk\/product\/zahradna-fontana-vieden-xm\/\",\"url\":\"https:\/\/rockside.sk\/product\/zahradna-fontana-vieden-xm\/\",\"name\":\"Z\u00e1hradn\u00e1 font\u00e1na Viede\u0148 XM - Betonov\u00e9 v\u00fdrobky\",\"isPartOf\":{\"@id\":\"https:\/\/rockside.sk\/#website\"},\"primaryImageOfPage\":{\"@id\":\"https:\/\/rockside.sk\/product\/zahradna-fontana-vieden-xm\/#primaryimage\"},\"image\":{\"@id\":\"https:\/\/rockside.sk\/product\/zahradna-fontana-vieden-xm\/#primaryimage\"},\"thumbnailUrl\":\"https:\/\/rockside.sk\/wp-content\/uploads\/2025\/08\/1fountain-vena-xm-concrete.jpg\",\"datePublished\":\"2025-08-11T14:11:08+00:00\",\"dateModified\":\"2026-03-13T13:02:53+00:00\",\"breadcrumb\":{\"@id\":\"https:\/\/rockside.sk\/product\/zahradna-fontana-vieden-xm\/#breadcrumb\"},\"inLanguage\":\"en-GB\",\"potentialAction\":[{\"@type\":\"ReadAction\",\"target\":[\"https:\/\/rockside.sk\/product\/zahradna-fontana-vieden-xm\/\"]}]},{\"@type\":\"ImageObject\",\"inLanguage\":\"en-GB\",\"@id\":\"https:\/\/rockside.sk\/product\/zahradna-fontana-vieden-xm\/#primaryimage\",\"url\":\"https:\/\/rockside.sk\/wp-content\/uploads\/2025\/08\/1fountain-vena-xm-concrete.jpg\",\"contentUrl\":\"https:\/\/rockside.sk\/wp-content\/uploads\/2025\/08\/1fountain-vena-xm-concrete.jpg\",\"width\":1080,\"height\":1080},{\"@type\":\"BreadcrumbList\",\"@id\":\"https:\/\/rockside.sk\/product\/zahradna-fontana-vieden-xm\/#breadcrumb\",\"itemListElement\":[{\"@type\":\"ListItem\",\"position\":1,\"name\":\"\u0413\u043b\u0430\u0432\u043d\u0430\u044f \u0441\u0442\u0440\u0430\u043d\u0438\u0446\u0430\",\"item\":\"https:\/\/rockside.sk\/\"},{\"@type\":\"ListItem\",\"position\":2,\"name\":\"Obchod\",\"item\":\"https:\/\/rockside.sk\/shop\/\"},{\"@type\":\"ListItem\",\"position\":3,\"name\":\"Z\u00e1hradn\u00e1 font\u00e1na Viede\u0148 XM\"}]},{\"@type\":\"WebSite\",\"@id\":\"https:\/\/rockside.sk\/#website\",\"url\":\"https:\/\/rockside.sk\/\",\"name\":\"Rockside Slovensko\",\"description\":\"vonkaj\u0161ie kvetin\u00e1\u010de, z\u00e1hradn\u00e9 font\u00e1ny, lavi\u010dky od v\u00fdrobcu Rockside\",\"publisher\":{\"@id\":\"https:\/\/rockside.sk\/#organization\"},\"alternateName\":\"Rockside\",\"potentialAction\":[{\"@type\":\"SearchAction\",\"target\":{\"@type\":\"EntryPoint\",\"urlTemplate\":\"https:\/\/rockside.sk\/?s={search_term_string}\"},\"query-input\":{\"@type\":\"PropertyValueSpecification\",\"valueRequired\":true,\"valueName\":\"search_term_string\"}}],\"inLanguage\":\"en-GB\"},{\"@type\":\"Organization\",\"@id\":\"https:\/\/rockside.sk\/#organization\",\"name\":\"Betonov\u00e9 v\u00fdrobky\",\"url\":\"https:\/\/rockside.sk\/\",\"logo\":{\"@type\":\"ImageObject\",\"inLanguage\":\"en-GB\",\"@id\":\"https:\/\/rockside.sk\/#\/schema\/logo\/image\/\",\"url\":\"https:\/\/rockside.sk\/wp-content\/uploads\/2025\/08\/Rockside.png\",\"contentUrl\":\"https:\/\/rockside.sk\/wp-content\/uploads\/2025\/08\/Rockside.png\",\"width\":1920,\"height\":1080,\"caption\":\"Betonov\u00e9 v\u00fdrobky\"},\"image\":{\"@id\":\"https:\/\/rockside.sk\/#\/schema\/logo\/image\/\"}}]}<\/script>\n<!-- \/ Yoast SEO plugin. -->","yoast_head_json":{"title":"Z\u00e1hradn\u00e1 font\u00e1na Viede\u0148 XM - Betonov\u00e9 v\u00fdrobky","robots":{"index":"index","follow":"follow","max-snippet":"max-snippet:-1","max-image-preview":"max-image-preview:large","max-video-preview":"max-video-preview:-1"},"canonical":"https:\/\/rockside.sk\/en\/product\/zahradna-fontana-vieden-xm\/","og_locale":"en_GB","og_type":"article","og_title":"Z\u00e1hradn\u00e1 font\u00e1na Viede\u0148 XM - Betonov\u00e9 v\u00fdrobky","og_description":"Jednoduch\u00e1 \u00fadr\u017eba a mont\u00e1\u017e: Font\u00e1na nevy\u017eaduje zlo\u017eit\u00e9 servisn\u00e9 postupy a d\u00e1 sa nain\u0161talova\u0165 na ak\u00fdko\u013evek povrch. Vhodn\u00e1 na \u00fapravu men\u0161\u00edch","og_url":"https:\/\/rockside.sk\/en\/product\/zahradna-fontana-vieden-xm\/","og_site_name":"Betonov\u00e9 v\u00fdrobky","article_modified_time":"2026-03-13T13:02:53+00:00","og_image":[{"width":1080,"height":1080,"url":"https:\/\/rockside.sk\/wp-content\/uploads\/2025\/08\/1fountain-vena-xm-concrete.jpg","type":"image\/jpeg"}],"twitter_card":"summary_large_image","twitter_misc":{"Estimated reading time":"1 minute"},"schema":{"@context":"https:\/\/schema.org","@graph":[{"@type":"WebPage","@id":"https:\/\/rockside.sk\/product\/zahradna-fontana-vieden-xm\/","url":"https:\/\/rockside.sk\/product\/zahradna-fontana-vieden-xm\/","name":"Z\u00e1hradn\u00e1 font\u00e1na Viede\u0148 XM - Betonov\u00e9 v\u00fdrobky","isPartOf":{"@id":"https:\/\/rockside.sk\/#website"},"primaryImageOfPage":{"@id":"https:\/\/rockside.sk\/product\/zahradna-fontana-vieden-xm\/#primaryimage"},"image":{"@id":"https:\/\/rockside.sk\/product\/zahradna-fontana-vieden-xm\/#primaryimage"},"thumbnailUrl":"https:\/\/rockside.sk\/wp-content\/uploads\/2025\/08\/1fountain-vena-xm-concrete.jpg","datePublished":"2025-08-11T14:11:08+00:00","dateModified":"2026-03-13T13:02:53+00:00","breadcrumb":{"@id":"https:\/\/rockside.sk\/product\/zahradna-fontana-vieden-xm\/#breadcrumb"},"inLanguage":"en-GB","potentialAction":[{"@type":"ReadAction","target":["https:\/\/rockside.sk\/product\/zahradna-fontana-vieden-xm\/"]}]},{"@type":"ImageObject","inLanguage":"en-GB","@id":"https:\/\/rockside.sk\/product\/zahradna-fontana-vieden-xm\/#primaryimage","url":"https:\/\/rockside.sk\/wp-content\/uploads\/2025\/08\/1fountain-vena-xm-concrete.jpg","contentUrl":"https:\/\/rockside.sk\/wp-content\/uploads\/2025\/08\/1fountain-vena-xm-concrete.jpg","width":1080,"height":1080},{"@type":"BreadcrumbList","@id":"https:\/\/rockside.sk\/product\/zahradna-fontana-vieden-xm\/#breadcrumb","itemListElement":[{"@type":"ListItem","position":1,"name":"\u0413\u043b\u0430\u0432\u043d\u0430\u044f \u0441\u0442\u0440\u0430\u043d\u0438\u0446\u0430","item":"https:\/\/rockside.sk\/"},{"@type":"ListItem","position":2,"name":"Obchod","item":"https:\/\/rockside.sk\/shop\/"},{"@type":"ListItem","position":3,"name":"Z\u00e1hradn\u00e1 font\u00e1na Viede\u0148 XM"}]},{"@type":"WebSite","@id":"https:\/\/rockside.sk\/#website","url":"https:\/\/rockside.sk\/","name":"Rockside Slovensko","description":"vonkaj\u0161ie kvetin\u00e1\u010de, z\u00e1hradn\u00e9 font\u00e1ny, lavi\u010dky od v\u00fdrobcu Rockside","publisher":{"@id":"https:\/\/rockside.sk\/#organization"},"alternateName":"Rockside","potentialAction":[{"@type":"SearchAction","target":{"@type":"EntryPoint","urlTemplate":"https:\/\/rockside.sk\/?s={search_term_string}"},"query-input":{"@type":"PropertyValueSpecification","valueRequired":true,"valueName":"search_term_string"}}],"inLanguage":"en-GB"},{"@type":"Organization","@id":"https:\/\/rockside.sk\/#organization","name":"Concrete products","url":"https:\/\/rockside.sk\/","logo":{"@type":"ImageObject","inLanguage":"en-GB","@id":"https:\/\/rockside.sk\/#\/schema\/logo\/image\/","url":"https:\/\/rockside.sk\/wp-content\/uploads\/2025\/08\/Rockside.png","contentUrl":"https:\/\/rockside.sk\/wp-content\/uploads\/2025\/08\/Rockside.png","width":1920,"height":1080,"caption":"Betonov\u00e9 v\u00fdrobky"},"image":{"@id":"https:\/\/rockside.sk\/#\/schema\/logo\/image\/"}}]}},"jetpack_sharing_enabled":true,"_links":{"self":[{"href":"https:\/\/rockside.sk\/en\/wp-json\/wp\/v2\/product\/30552","targetHints":{"allow":["GET"]}}],"collection":[{"href":"https:\/\/rockside.sk\/en\/wp-json\/wp\/v2\/product"}],"about":[{"href":"https:\/\/rockside.sk\/en\/wp-json\/wp\/v2\/types\/product"}],"replies":[{"embeddable":true,"href":"https:\/\/rockside.sk\/en\/wp-json\/wp\/v2\/comments?post=30552"}],"version-history":[{"count":11,"href":"https:\/\/rockside.sk\/en\/wp-json\/wp\/v2\/product\/30552\/revisions"}],"predecessor-version":[{"id":30571,"href":"https:\/\/rockside.sk\/en\/wp-json\/wp\/v2\/product\/30552\/revisions\/30571"}],"wp:featuredmedia":[{"embeddable":true,"href":"https:\/\/rockside.sk\/en\/wp-json\/wp\/v2\/media\/30542"}],"wp:attachment":[{"href":"https:\/\/rockside.sk\/en\/wp-json\/wp\/v2\/media?parent=30552"}],"wp:term":[{"taxonomy":"product_brand","embeddable":true,"href":"https:\/\/rockside.sk\/en\/wp-json\/wp\/v2\/product_brand?post=30552"},{"taxonomy":"product_cat","embeddable":true,"href":"https:\/\/rockside.sk\/en\/wp-json\/wp\/v2\/product_cat?post=30552"},{"taxonomy":"product_tag","embeddable":true,"href":"https:\/\/rockside.sk\/en\/wp-json\/wp\/v2\/product_tag?post=30552"}],"curies":[{"name":"wp","href":"https:\/\/api.w.org\/{rel}","templated":true}]}}