{"id":29855,"date":"2025-08-11T14:12:25","date_gmt":"2025-08-11T11:12:25","guid":{"rendered":"https:\/\/rockside.sk\/?post_type=product&#038;p=29855"},"modified":"2026-03-13T17:02:03","modified_gmt":"2026-03-13T14:02:03","slug":"betonna-vulichna-lava-urban-350-sm","status":"publish","type":"product","link":"https:\/\/rockside.sk\/en\/product\/betonna-vulichna-lava-urban-350-sm\/","title":{"rendered":"Concrete street bench Urban+ 350 cm"},"content":{"rendered":"<div data-elementor-type=\"wp-post\" data-elementor-id=\"29855\" class=\"elementor elementor-29855\">\n\t\t\t\t<div class=\"wd-negative-gap elementor-element elementor-element-4c8e8fee e-flex e-con-boxed e-con e-parent\" data-id=\"4c8e8fee\" data-element_type=\"container\">\n\t\t\t\t\t<div class=\"e-con-inner\">\n\t\t\t\t<div class=\"elementor-element elementor-element-62a38268 color-scheme-inherit text-left elementor-widget elementor-widget-text-editor\" data-id=\"62a38268\" data-element_type=\"widget\" data-widget_type=\"text-editor.default\">\n\t\t\t\t\t\t\t\t\t<p data-start=\"0\" data-end=\"324\">The concrete bench not only has a representative appearance, but is also characterized by practicality and comfort. The massive base of the bench has a rounded shape on one side and a straight edge on the other. Made of high-quality concrete, it is resistant to adverse weather conditions. Even after a long time, it will retain its attractive appearance.<\/p>\r\n<p data-start=\"326\" data-end=\"566\" data-is-last-node=\"\" data-is-only-node=\"\">The slats were made of wood with a nice texture. The surface of the slats is machined to a perfect smoothness. The wooden beams are placed on a concrete base. The bench does not have a backrest, but it is still comfortable enough and provides comfortable rest.<\/p>\t\t\t\t\t\t\t\t<\/div>\n\t\t\t\t\t<\/div>\n\t\t\t\t<\/div>\n\t\t<div class=\"wd-negative-gap elementor-element elementor-element-8a7ffe0 e-flex e-con-boxed e-con e-parent\" data-id=\"8a7ffe0\" data-element_type=\"container\">\n\t\t\t\t\t<div class=\"e-con-inner\">\n\t\t\t\t<div class=\"elementor-element elementor-element-687f58d wd-width-100 elementor-widget elementor-widget-wd_images_gallery\" data-id=\"687f58d\" data-element_type=\"widget\" data-widget_type=\"wd_images_gallery.default\">\n\t\t\t\t<div class=\"elementor-widget-container\">\n\t\t\t\t\t\t\t<div class=\"wd-images-gallery photoswipe-images wd-carousel-container\" style=\"--wd-align-items:center; --wd-justify-content:center;\">\n\t\t\t\t\t\t\t<div class=\"wd-carousel-inner\">\n\t\t\t\t\t\t<div class=\"wd-carousel wd-grid\" data-scroll_per_page=\"yes\" style=\"--wd-col-lg:1;--wd-col-md:1;--wd-col-sm:1;--wd-gap-lg:0px;\">\n\t\t\t\t\t\t\t\t\t<div class=\"wd-carousel-wrap\">\n\t\t\t\t\t\t\t\t\t\t\t\t\t\t\t\t\t\t<div class=\"wd-gallery-item wd-carousel-item\">\n\t\t\t\t\t\t\t\t\t\t\t\t\t<a  href=\"https:\/\/rockside.sk\/wp-content\/uploads\/2025\/08\/urban-350.jpg\" data-width=\"1920\" data-height=\"1080\" data-index=\"1\" data-elementor-open-lightbox=\"no\">\n\t\t\t\t\t\t\n\t\t\t\t\t\t<img fetchpriority=\"high\" decoding=\"async\" width=\"1300\" height=\"731\" src=\"https:\/\/rockside.sk\/wp-content\/uploads\/2025\/08\/urban-350-1300x731.jpg\" class=\"attachment-large size-large\" alt=\"urban-350\" srcset=\"https:\/\/rockside.sk\/wp-content\/uploads\/2025\/08\/urban-350-1300x731.jpg 1300w, https:\/\/rockside.sk\/wp-content\/uploads\/2025\/08\/urban-350-150x84.jpg 150w, https:\/\/rockside.sk\/wp-content\/uploads\/2025\/08\/urban-350-700x394.jpg 700w, https:\/\/rockside.sk\/wp-content\/uploads\/2025\/08\/urban-350-400x225.jpg 400w, https:\/\/rockside.sk\/wp-content\/uploads\/2025\/08\/urban-350-768x432.jpg 768w, https:\/\/rockside.sk\/wp-content\/uploads\/2025\/08\/urban-350-1536x864.jpg 1536w, https:\/\/rockside.sk\/wp-content\/uploads\/2025\/08\/urban-350.jpg 1920w\" sizes=\"(max-width: 1300px) 100vw, 1300px\" \/>\n\t\t\t\t\t\t\t\t\t\t\t\t\t<\/a>\n\t\t\t\t\t\t\t\t\t\t\t<\/div>\n\t\t\t\t\t\t\t\t\t\t\t\t\t\t\t\t<\/div>\n\t\t\t\t\t\t\t\t<\/div>\n\t\t\t\t\t\t\t\t\t\t\t\t\t\t<div class=\"wd-nav-arrows wd-pos-sep wd-hover-1 wd-icon-1\">\n\t\t\t<div class=\"wd-btn-arrow wd-prev wd-disabled\">\n\t\t\t\t<div class=\"wd-arrow-inner\"><\/div>\n\t\t\t<\/div>\n\t\t\t<div class=\"wd-btn-arrow wd-next\">\n\t\t\t\t<div class=\"wd-arrow-inner\"><\/div>\n\t\t\t<\/div>\n\t\t<\/div>\n\t\t\t\t\t\t\n\t\t\t\t<\/div>\n\n\t\t\t\t\t\t<div class=\"wd-nav-pagin-wrap text-center wd-style-shape wd-hide-md-sm wd-hide-sm\">\n\t\t\t<ul class=\"wd-nav-pagin\"><\/ul>\n\t\t<\/div>\n\t\t\t\t\t\t\t\t\t\t\t<\/div>\n\t\t\t\t\t\t<\/div>\n\t\t\t\t<\/div>\n\t\t\t\t\t<\/div>\n\t\t\t\t<\/div>\n\t\t\t\t<\/div>","protected":false},"excerpt":{"rendered":"<p>Bet\u00f3nov\u00e1 lavi\u010dka m\u00e1 nielen reprezentat\u00edvny vzh\u013ead, ale vyzna\u010duje sa aj praktickos\u0165ou a pohodlnos\u0165ou. Mas\u00edvny z\u00e1klad lavi\u010dky m\u00e1 z jednej strany<\/p>","protected":false},"featured_media":30029,"comment_status":"open","ping_status":"closed","template":"","meta":[],"product_brand":[],"product_cat":[27],"product_tag":[],"class_list":{"0":"post-29855","1":"product","2":"type-product","3":"status-publish","4":"has-post-thumbnail","6":"product_cat-lavice","8":"first","9":"instock","10":"taxable","11":"shipping-taxable","12":"purchasable","13":"product-type-variable","14":"has-default-attributes"},"yoast_head":"<!-- This site is optimized with the Yoast SEO plugin v25.6 - https:\/\/yoast.com\/wordpress\/plugins\/seo\/ -->\n<title>Bet\u00f3nov\u00e1 uli\u010dn\u00e1 lavi\u010dka Urban+ 350 cm - Betonov\u00e9 v\u00fdrobky<\/title>\n<meta name=\"robots\" content=\"index, follow, max-snippet:-1, max-image-preview:large, max-video-preview:-1\" \/>\n<link rel=\"canonical\" href=\"https:\/\/rockside.sk\/en\/product\/betonna-vulichna-lava-urban-350-sm\/\" \/>\n<meta property=\"og:locale\" content=\"en_GB\" \/>\n<meta property=\"og:type\" content=\"article\" \/>\n<meta property=\"og:title\" content=\"Bet\u00f3nov\u00e1 uli\u010dn\u00e1 lavi\u010dka Urban+ 350 cm - Betonov\u00e9 v\u00fdrobky\" \/>\n<meta property=\"og:description\" content=\"Bet\u00f3nov\u00e1 lavi\u010dka m\u00e1 nielen reprezentat\u00edvny vzh\u013ead, ale vyzna\u010duje sa aj praktickos\u0165ou a pohodlnos\u0165ou. Mas\u00edvny z\u00e1klad lavi\u010dky m\u00e1 z jednej strany\" \/>\n<meta property=\"og:url\" content=\"https:\/\/rockside.sk\/en\/product\/betonna-vulichna-lava-urban-350-sm\/\" \/>\n<meta property=\"og:site_name\" content=\"Betonov\u00e9 v\u00fdrobky\" \/>\n<meta property=\"article:modified_time\" content=\"2026-03-13T14:02:03+00:00\" \/>\n<meta property=\"og:image\" content=\"https:\/\/rockside.sk\/wp-content\/uploads\/2025\/08\/Lavka-urban-308-beton-1.jpg\" \/>\n\t<meta property=\"og:image:width\" content=\"1080\" \/>\n\t<meta property=\"og:image:height\" content=\"1080\" \/>\n\t<meta property=\"og:image:type\" content=\"image\/jpeg\" \/>\n<meta name=\"twitter:card\" content=\"summary_large_image\" \/>\n<meta name=\"twitter:label1\" content=\"Estimated reading time\" \/>\n\t<meta name=\"twitter:data1\" content=\"1 minute\" \/>\n<script type=\"application\/ld+json\" class=\"yoast-schema-graph\">{\"@context\":\"https:\/\/schema.org\",\"@graph\":[{\"@type\":\"WebPage\",\"@id\":\"https:\/\/rockside.sk\/product\/betonna-vulichna-lava-urban-350-sm\/\",\"url\":\"https:\/\/rockside.sk\/product\/betonna-vulichna-lava-urban-350-sm\/\",\"name\":\"Bet\u00f3nov\u00e1 uli\u010dn\u00e1 lavi\u010dka Urban+ 350 cm - Betonov\u00e9 v\u00fdrobky\",\"isPartOf\":{\"@id\":\"https:\/\/rockside.sk\/#website\"},\"primaryImageOfPage\":{\"@id\":\"https:\/\/rockside.sk\/product\/betonna-vulichna-lava-urban-350-sm\/#primaryimage\"},\"image\":{\"@id\":\"https:\/\/rockside.sk\/product\/betonna-vulichna-lava-urban-350-sm\/#primaryimage\"},\"thumbnailUrl\":\"https:\/\/rockside.sk\/wp-content\/uploads\/2025\/08\/Lavka-urban-308-beton-1.jpg\",\"datePublished\":\"2025-08-11T11:12:25+00:00\",\"dateModified\":\"2026-03-13T14:02:03+00:00\",\"breadcrumb\":{\"@id\":\"https:\/\/rockside.sk\/product\/betonna-vulichna-lava-urban-350-sm\/#breadcrumb\"},\"inLanguage\":\"en-GB\",\"potentialAction\":[{\"@type\":\"ReadAction\",\"target\":[\"https:\/\/rockside.sk\/product\/betonna-vulichna-lava-urban-350-sm\/\"]}]},{\"@type\":\"ImageObject\",\"inLanguage\":\"en-GB\",\"@id\":\"https:\/\/rockside.sk\/product\/betonna-vulichna-lava-urban-350-sm\/#primaryimage\",\"url\":\"https:\/\/rockside.sk\/wp-content\/uploads\/2025\/08\/Lavka-urban-308-beton-1.jpg\",\"contentUrl\":\"https:\/\/rockside.sk\/wp-content\/uploads\/2025\/08\/Lavka-urban-308-beton-1.jpg\",\"width\":1080,\"height\":1080},{\"@type\":\"BreadcrumbList\",\"@id\":\"https:\/\/rockside.sk\/product\/betonna-vulichna-lava-urban-350-sm\/#breadcrumb\",\"itemListElement\":[{\"@type\":\"ListItem\",\"position\":1,\"name\":\"\u0413\u043b\u0430\u0432\u043d\u0430\u044f \u0441\u0442\u0440\u0430\u043d\u0438\u0446\u0430\",\"item\":\"https:\/\/rockside.sk\/\"},{\"@type\":\"ListItem\",\"position\":2,\"name\":\"Obchod\",\"item\":\"https:\/\/rockside.sk\/shop\/\"},{\"@type\":\"ListItem\",\"position\":3,\"name\":\"Bet\u00f3nov\u00e1 uli\u010dn\u00e1 lavi\u010dka Urban+ 350 cm\"}]},{\"@type\":\"WebSite\",\"@id\":\"https:\/\/rockside.sk\/#website\",\"url\":\"https:\/\/rockside.sk\/\",\"name\":\"Rockside Slovensko\",\"description\":\"vonkaj\u0161ie kvetin\u00e1\u010de, z\u00e1hradn\u00e9 font\u00e1ny, lavi\u010dky od v\u00fdrobcu Rockside\",\"publisher\":{\"@id\":\"https:\/\/rockside.sk\/#organization\"},\"alternateName\":\"Rockside\",\"potentialAction\":[{\"@type\":\"SearchAction\",\"target\":{\"@type\":\"EntryPoint\",\"urlTemplate\":\"https:\/\/rockside.sk\/?s={search_term_string}\"},\"query-input\":{\"@type\":\"PropertyValueSpecification\",\"valueRequired\":true,\"valueName\":\"search_term_string\"}}],\"inLanguage\":\"en-GB\"},{\"@type\":\"Organization\",\"@id\":\"https:\/\/rockside.sk\/#organization\",\"name\":\"Betonov\u00e9 v\u00fdrobky\",\"url\":\"https:\/\/rockside.sk\/\",\"logo\":{\"@type\":\"ImageObject\",\"inLanguage\":\"en-GB\",\"@id\":\"https:\/\/rockside.sk\/#\/schema\/logo\/image\/\",\"url\":\"https:\/\/rockside.sk\/wp-content\/uploads\/2025\/08\/Rockside.png\",\"contentUrl\":\"https:\/\/rockside.sk\/wp-content\/uploads\/2025\/08\/Rockside.png\",\"width\":1920,\"height\":1080,\"caption\":\"Betonov\u00e9 v\u00fdrobky\"},\"image\":{\"@id\":\"https:\/\/rockside.sk\/#\/schema\/logo\/image\/\"}}]}<\/script>\n<!-- \/ Yoast SEO plugin. -->","yoast_head_json":{"title":"Bet\u00f3nov\u00e1 uli\u010dn\u00e1 lavi\u010dka Urban+ 350 cm - Betonov\u00e9 v\u00fdrobky","robots":{"index":"index","follow":"follow","max-snippet":"max-snippet:-1","max-image-preview":"max-image-preview:large","max-video-preview":"max-video-preview:-1"},"canonical":"https:\/\/rockside.sk\/en\/product\/betonna-vulichna-lava-urban-350-sm\/","og_locale":"en_GB","og_type":"article","og_title":"Bet\u00f3nov\u00e1 uli\u010dn\u00e1 lavi\u010dka Urban+ 350 cm - Betonov\u00e9 v\u00fdrobky","og_description":"Bet\u00f3nov\u00e1 lavi\u010dka m\u00e1 nielen reprezentat\u00edvny vzh\u013ead, ale vyzna\u010duje sa aj praktickos\u0165ou a pohodlnos\u0165ou. Mas\u00edvny z\u00e1klad lavi\u010dky m\u00e1 z jednej strany","og_url":"https:\/\/rockside.sk\/en\/product\/betonna-vulichna-lava-urban-350-sm\/","og_site_name":"Betonov\u00e9 v\u00fdrobky","article_modified_time":"2026-03-13T14:02:03+00:00","og_image":[{"width":1080,"height":1080,"url":"https:\/\/rockside.sk\/wp-content\/uploads\/2025\/08\/Lavka-urban-308-beton-1.jpg","type":"image\/jpeg"}],"twitter_card":"summary_large_image","twitter_misc":{"Estimated reading time":"1 minute"},"schema":{"@context":"https:\/\/schema.org","@graph":[{"@type":"WebPage","@id":"https:\/\/rockside.sk\/product\/betonna-vulichna-lava-urban-350-sm\/","url":"https:\/\/rockside.sk\/product\/betonna-vulichna-lava-urban-350-sm\/","name":"Bet\u00f3nov\u00e1 uli\u010dn\u00e1 lavi\u010dka Urban+ 350 cm - Betonov\u00e9 v\u00fdrobky","isPartOf":{"@id":"https:\/\/rockside.sk\/#website"},"primaryImageOfPage":{"@id":"https:\/\/rockside.sk\/product\/betonna-vulichna-lava-urban-350-sm\/#primaryimage"},"image":{"@id":"https:\/\/rockside.sk\/product\/betonna-vulichna-lava-urban-350-sm\/#primaryimage"},"thumbnailUrl":"https:\/\/rockside.sk\/wp-content\/uploads\/2025\/08\/Lavka-urban-308-beton-1.jpg","datePublished":"2025-08-11T11:12:25+00:00","dateModified":"2026-03-13T14:02:03+00:00","breadcrumb":{"@id":"https:\/\/rockside.sk\/product\/betonna-vulichna-lava-urban-350-sm\/#breadcrumb"},"inLanguage":"en-GB","potentialAction":[{"@type":"ReadAction","target":["https:\/\/rockside.sk\/product\/betonna-vulichna-lava-urban-350-sm\/"]}]},{"@type":"ImageObject","inLanguage":"en-GB","@id":"https:\/\/rockside.sk\/product\/betonna-vulichna-lava-urban-350-sm\/#primaryimage","url":"https:\/\/rockside.sk\/wp-content\/uploads\/2025\/08\/Lavka-urban-308-beton-1.jpg","contentUrl":"https:\/\/rockside.sk\/wp-content\/uploads\/2025\/08\/Lavka-urban-308-beton-1.jpg","width":1080,"height":1080},{"@type":"BreadcrumbList","@id":"https:\/\/rockside.sk\/product\/betonna-vulichna-lava-urban-350-sm\/#breadcrumb","itemListElement":[{"@type":"ListItem","position":1,"name":"\u0413\u043b\u0430\u0432\u043d\u0430\u044f \u0441\u0442\u0440\u0430\u043d\u0438\u0446\u0430","item":"https:\/\/rockside.sk\/"},{"@type":"ListItem","position":2,"name":"Obchod","item":"https:\/\/rockside.sk\/shop\/"},{"@type":"ListItem","position":3,"name":"Bet\u00f3nov\u00e1 uli\u010dn\u00e1 lavi\u010dka Urban+ 350 cm"}]},{"@type":"WebSite","@id":"https:\/\/rockside.sk\/#website","url":"https:\/\/rockside.sk\/","name":"Rockside Slovensko","description":"vonkaj\u0161ie kvetin\u00e1\u010de, z\u00e1hradn\u00e9 font\u00e1ny, lavi\u010dky od v\u00fdrobcu Rockside","publisher":{"@id":"https:\/\/rockside.sk\/#organization"},"alternateName":"Rockside","potentialAction":[{"@type":"SearchAction","target":{"@type":"EntryPoint","urlTemplate":"https:\/\/rockside.sk\/?s={search_term_string}"},"query-input":{"@type":"PropertyValueSpecification","valueRequired":true,"valueName":"search_term_string"}}],"inLanguage":"en-GB"},{"@type":"Organization","@id":"https:\/\/rockside.sk\/#organization","name":"Concrete products","url":"https:\/\/rockside.sk\/","logo":{"@type":"ImageObject","inLanguage":"en-GB","@id":"https:\/\/rockside.sk\/#\/schema\/logo\/image\/","url":"https:\/\/rockside.sk\/wp-content\/uploads\/2025\/08\/Rockside.png","contentUrl":"https:\/\/rockside.sk\/wp-content\/uploads\/2025\/08\/Rockside.png","width":1920,"height":1080,"caption":"Betonov\u00e9 v\u00fdrobky"},"image":{"@id":"https:\/\/rockside.sk\/#\/schema\/logo\/image\/"}}]}},"jetpack_sharing_enabled":true,"_links":{"self":[{"href":"https:\/\/rockside.sk\/en\/wp-json\/wp\/v2\/product\/29855","targetHints":{"allow":["GET"]}}],"collection":[{"href":"https:\/\/rockside.sk\/en\/wp-json\/wp\/v2\/product"}],"about":[{"href":"https:\/\/rockside.sk\/en\/wp-json\/wp\/v2\/types\/product"}],"replies":[{"embeddable":true,"href":"https:\/\/rockside.sk\/en\/wp-json\/wp\/v2\/comments?post=29855"}],"version-history":[{"count":7,"href":"https:\/\/rockside.sk\/en\/wp-json\/wp\/v2\/product\/29855\/revisions"}],"predecessor-version":[{"id":32909,"href":"https:\/\/rockside.sk\/en\/wp-json\/wp\/v2\/product\/29855\/revisions\/32909"}],"wp:featuredmedia":[{"embeddable":true,"href":"https:\/\/rockside.sk\/en\/wp-json\/wp\/v2\/media\/30029"}],"wp:attachment":[{"href":"https:\/\/rockside.sk\/en\/wp-json\/wp\/v2\/media?parent=29855"}],"wp:term":[{"taxonomy":"product_brand","embeddable":true,"href":"https:\/\/rockside.sk\/en\/wp-json\/wp\/v2\/product_brand?post=29855"},{"taxonomy":"product_cat","embeddable":true,"href":"https:\/\/rockside.sk\/en\/wp-json\/wp\/v2\/product_cat?post=29855"},{"taxonomy":"product_tag","embeddable":true,"href":"https:\/\/rockside.sk\/en\/wp-json\/wp\/v2\/product_tag?post=29855"}],"curies":[{"name":"wp","href":"https:\/\/api.w.org\/{rel}","templated":true}]}}