{"id":29848,"date":"2025-08-11T14:12:24","date_gmt":"2025-08-11T11:12:24","guid":{"rendered":"https:\/\/rockside.sk\/?post_type=product&#038;p=29848"},"modified":"2026-03-13T17:06:52","modified_gmt":"2026-03-13T14:06:52","slug":"betonova-lavicka-lisabon-l","status":"publish","type":"product","link":"https:\/\/rockside.sk\/en\/product\/betonova-lavicka-lisabon-l\/","title":{"rendered":"Concrete bench Lisbon L"},"content":{"rendered":"<div data-elementor-type=\"wp-post\" data-elementor-id=\"29848\" class=\"elementor elementor-29848\">\n\t\t\t\t<div class=\"wd-negative-gap elementor-element elementor-element-77f207cd e-flex e-con-boxed e-con e-parent\" data-id=\"77f207cd\" data-element_type=\"container\">\n\t\t\t\t\t<div class=\"e-con-inner\">\n\t\t\t\t<div class=\"elementor-element elementor-element-6dc7f28 color-scheme-inherit text-left elementor-widget elementor-widget-text-editor\" data-id=\"6dc7f28\" data-element_type=\"widget\" data-widget_type=\"text-editor.default\">\n\t\t\t\t\t\t\t\t\t<p data-start=\"0\" data-end=\"187\">Thanks to its shape, the bench can be used alone or combined with several elements. It can also serve as a flower pot - a great place for your favorite plants and flowers.<\/p>\r\n<p data-start=\"189\" data-end=\"406\" data-is-last-node=\"\" data-is-only-node=\"\">The product will not be harmed by any weather conditions or frosts, and the bench will serve you for many years in its original condition.<br data-start=\"297\" data-end=\"300\" \/>The material it is made of is ecologically clean and does not harm the environment or surrounding vegetation.<\/p>\t\t\t\t\t\t\t\t<\/div>\n\t\t\t\t\t<\/div>\n\t\t\t\t<\/div>\n\t\t<div class=\"wd-negative-gap elementor-element elementor-element-3dd89b8 e-flex e-con-boxed e-con e-parent\" data-id=\"3dd89b8\" data-element_type=\"container\">\n\t\t\t\t\t<div class=\"e-con-inner\">\n\t\t\t\t<div class=\"elementor-element elementor-element-3dff0bf wd-width-100 elementor-widget elementor-widget-wd_images_gallery\" data-id=\"3dff0bf\" data-element_type=\"widget\" data-widget_type=\"wd_images_gallery.default\">\n\t\t\t\t<div class=\"elementor-widget-container\">\n\t\t\t\t\t\t\t<div class=\"wd-images-gallery photoswipe-images wd-carousel-container\" style=\"--wd-align-items:center; --wd-justify-content:center;\">\n\t\t\t\t\t\t\t<div class=\"wd-carousel-inner\">\n\t\t\t\t\t\t<div class=\"wd-carousel wd-grid\" data-scroll_per_page=\"yes\" style=\"--wd-col-lg:1;--wd-col-md:1;--wd-col-sm:1;--wd-gap-lg:0px;\">\n\t\t\t\t\t\t\t\t\t<div class=\"wd-carousel-wrap\">\n\t\t\t\t\t\t\t\t\t\t\t\t\t\t\t\t\t\t<div class=\"wd-gallery-item wd-carousel-item\">\n\t\t\t\t\t\t\t\t\t\t\t\t\t<a  href=\"https:\/\/rockside.sk\/wp-content\/uploads\/2025\/08\/Lisabon-lavki2.jpg\" data-width=\"1920\" data-height=\"1080\" data-index=\"1\" data-elementor-open-lightbox=\"no\">\n\t\t\t\t\t\t\n\t\t\t\t\t\t<img fetchpriority=\"high\" decoding=\"async\" width=\"1300\" height=\"731\" src=\"https:\/\/rockside.sk\/wp-content\/uploads\/2025\/08\/Lisabon-lavki2-1300x731.jpg\" class=\"attachment-large size-large\" alt=\"Lisabon-lavki2\" srcset=\"https:\/\/rockside.sk\/wp-content\/uploads\/2025\/08\/Lisabon-lavki2-1300x731.jpg 1300w, https:\/\/rockside.sk\/wp-content\/uploads\/2025\/08\/Lisabon-lavki2-150x84.jpg 150w, https:\/\/rockside.sk\/wp-content\/uploads\/2025\/08\/Lisabon-lavki2-700x394.jpg 700w, https:\/\/rockside.sk\/wp-content\/uploads\/2025\/08\/Lisabon-lavki2-400x225.jpg 400w, https:\/\/rockside.sk\/wp-content\/uploads\/2025\/08\/Lisabon-lavki2-768x432.jpg 768w, https:\/\/rockside.sk\/wp-content\/uploads\/2025\/08\/Lisabon-lavki2-1536x864.jpg 1536w, https:\/\/rockside.sk\/wp-content\/uploads\/2025\/08\/Lisabon-lavki2.jpg 1920w\" sizes=\"(max-width: 1300px) 100vw, 1300px\" \/>\n\t\t\t\t\t\t\t\t\t\t\t\t\t<\/a>\n\t\t\t\t\t\t\t\t\t\t\t<\/div>\n\t\t\t\t\t\t\t\t\t\t\t\t\t\t\t<div class=\"wd-gallery-item wd-carousel-item\">\n\t\t\t\t\t\t\t\t\t\t\t\t\t<a  href=\"https:\/\/rockside.sk\/wp-content\/uploads\/2025\/08\/Lisabon-2-1.jpg\" data-width=\"1920\" data-height=\"1080\" data-index=\"2\" data-elementor-open-lightbox=\"no\">\n\t\t\t\t\t\t\n\t\t\t\t\t\t<img decoding=\"async\" width=\"1300\" height=\"731\" src=\"https:\/\/rockside.sk\/wp-content\/uploads\/2025\/08\/Lisabon-2-1-1300x731.jpg\" class=\"attachment-large size-large\" alt=\"Lisabon-2\" srcset=\"https:\/\/rockside.sk\/wp-content\/uploads\/2025\/08\/Lisabon-2-1-1300x731.jpg 1300w, https:\/\/rockside.sk\/wp-content\/uploads\/2025\/08\/Lisabon-2-1-150x84.jpg 150w, https:\/\/rockside.sk\/wp-content\/uploads\/2025\/08\/Lisabon-2-1-700x394.jpg 700w, https:\/\/rockside.sk\/wp-content\/uploads\/2025\/08\/Lisabon-2-1-400x225.jpg 400w, https:\/\/rockside.sk\/wp-content\/uploads\/2025\/08\/Lisabon-2-1-768x432.jpg 768w, https:\/\/rockside.sk\/wp-content\/uploads\/2025\/08\/Lisabon-2-1-1536x864.jpg 1536w, https:\/\/rockside.sk\/wp-content\/uploads\/2025\/08\/Lisabon-2-1.jpg 1920w\" sizes=\"(max-width: 1300px) 100vw, 1300px\" \/>\n\t\t\t\t\t\t\t\t\t\t\t\t\t<\/a>\n\t\t\t\t\t\t\t\t\t\t\t<\/div>\n\t\t\t\t\t\t\t\t\t\t\t\t\t\t\t<div class=\"wd-gallery-item wd-carousel-item\">\n\t\t\t\t\t\t\t\t\t\t\t\t\t<a  href=\"https:\/\/rockside.sk\/wp-content\/uploads\/2025\/08\/Lisabon-lavki.jpg\" data-width=\"1920\" data-height=\"1080\" data-index=\"3\" data-elementor-open-lightbox=\"no\">\n\t\t\t\t\t\t\n\t\t\t\t\t\t<img decoding=\"async\" width=\"1300\" height=\"731\" src=\"https:\/\/rockside.sk\/wp-content\/uploads\/2025\/08\/Lisabon-lavki-1300x731.jpg\" class=\"attachment-large size-large\" alt=\"Lisabon-lavki\" srcset=\"https:\/\/rockside.sk\/wp-content\/uploads\/2025\/08\/Lisabon-lavki-1300x731.jpg 1300w, https:\/\/rockside.sk\/wp-content\/uploads\/2025\/08\/Lisabon-lavki-150x84.jpg 150w, https:\/\/rockside.sk\/wp-content\/uploads\/2025\/08\/Lisabon-lavki-700x394.jpg 700w, https:\/\/rockside.sk\/wp-content\/uploads\/2025\/08\/Lisabon-lavki-400x225.jpg 400w, https:\/\/rockside.sk\/wp-content\/uploads\/2025\/08\/Lisabon-lavki-768x432.jpg 768w, https:\/\/rockside.sk\/wp-content\/uploads\/2025\/08\/Lisabon-lavki-1536x864.jpg 1536w, https:\/\/rockside.sk\/wp-content\/uploads\/2025\/08\/Lisabon-lavki.jpg 1920w\" sizes=\"(max-width: 1300px) 100vw, 1300px\" \/>\n\t\t\t\t\t\t\t\t\t\t\t\t\t<\/a>\n\t\t\t\t\t\t\t\t\t\t\t<\/div>\n\t\t\t\t\t\t\t\t\t\t\t\t\t\t\t\t<\/div>\n\t\t\t\t\t\t\t\t<\/div>\n\t\t\t\t\t\t\t\t\t\t\t\t\t\t<div class=\"wd-nav-arrows wd-pos-sep wd-hover-1 wd-icon-1\">\n\t\t\t<div class=\"wd-btn-arrow wd-prev wd-disabled\">\n\t\t\t\t<div class=\"wd-arrow-inner\"><\/div>\n\t\t\t<\/div>\n\t\t\t<div class=\"wd-btn-arrow wd-next\">\n\t\t\t\t<div class=\"wd-arrow-inner\"><\/div>\n\t\t\t<\/div>\n\t\t<\/div>\n\t\t\t\t\t\t\n\t\t\t\t<\/div>\n\n\t\t\t\t\t\t<div class=\"wd-nav-pagin-wrap text-center wd-style-shape wd-hide-md-sm wd-hide-sm\">\n\t\t\t<ul class=\"wd-nav-pagin\"><\/ul>\n\t\t<\/div>\n\t\t\t\t\t\t\t\t\t\t\t<\/div>\n\t\t\t\t\t\t<\/div>\n\t\t\t\t<\/div>\n\t\t\t\t\t<\/div>\n\t\t\t\t<\/div>\n\t\t\t\t<\/div>","protected":false},"excerpt":{"rendered":"<p>V\u010faka svojmu tvaru je mo\u017en\u00e9 lavi\u010dku pou\u017e\u00edva\u0165 samostatne alebo kombinova\u0165 viacer\u00e9 prvky dohromady. M\u00f4\u017ee z\u00e1rove\u0148 sl\u00fa\u017ei\u0165 aj ako kvetin\u00e1\u010d \u2013<\/p>","protected":false},"featured_media":29985,"comment_status":"open","ping_status":"closed","template":"","meta":[],"product_brand":[],"product_cat":[27],"product_tag":[],"class_list":{"0":"post-29848","1":"product","2":"type-product","3":"status-publish","4":"has-post-thumbnail","6":"product_cat-lavice","8":"first","9":"instock","10":"taxable","11":"shipping-taxable","12":"purchasable","13":"product-type-variable","14":"has-default-attributes"},"yoast_head":"<!-- This site is optimized with the Yoast SEO plugin v25.6 - https:\/\/yoast.com\/wordpress\/plugins\/seo\/ -->\n<title>Betonov\u00e1 lavi\u010dka Lisabon L - Betonov\u00e9 v\u00fdrobky<\/title>\n<meta name=\"robots\" content=\"index, follow, max-snippet:-1, max-image-preview:large, max-video-preview:-1\" \/>\n<link rel=\"canonical\" href=\"https:\/\/rockside.sk\/en\/product\/betonova-lavicka-lisabon-l\/\" \/>\n<meta property=\"og:locale\" content=\"en_GB\" \/>\n<meta property=\"og:type\" content=\"article\" \/>\n<meta property=\"og:title\" content=\"Betonov\u00e1 lavi\u010dka Lisabon L - Betonov\u00e9 v\u00fdrobky\" \/>\n<meta property=\"og:description\" content=\"V\u010faka svojmu tvaru je mo\u017en\u00e9 lavi\u010dku pou\u017e\u00edva\u0165 samostatne alebo kombinova\u0165 viacer\u00e9 prvky dohromady. M\u00f4\u017ee z\u00e1rove\u0148 sl\u00fa\u017ei\u0165 aj ako kvetin\u00e1\u010d \u2013\" \/>\n<meta property=\"og:url\" content=\"https:\/\/rockside.sk\/en\/product\/betonova-lavicka-lisabon-l\/\" \/>\n<meta property=\"og:site_name\" content=\"Betonov\u00e9 v\u00fdrobky\" \/>\n<meta property=\"article:modified_time\" content=\"2026-03-13T14:06:52+00:00\" \/>\n<meta property=\"og:image\" content=\"https:\/\/rockside.sk\/wp-content\/uploads\/2025\/08\/lisabon-l-1.jpg\" \/>\n\t<meta property=\"og:image:width\" content=\"1080\" \/>\n\t<meta property=\"og:image:height\" content=\"1080\" \/>\n\t<meta property=\"og:image:type\" content=\"image\/jpeg\" \/>\n<meta name=\"twitter:card\" content=\"summary_large_image\" \/>\n<script type=\"application\/ld+json\" class=\"yoast-schema-graph\">{\"@context\":\"https:\/\/schema.org\",\"@graph\":[{\"@type\":\"WebPage\",\"@id\":\"https:\/\/rockside.sk\/product\/betonova-lavicka-lisabon-l\/\",\"url\":\"https:\/\/rockside.sk\/product\/betonova-lavicka-lisabon-l\/\",\"name\":\"Betonov\u00e1 lavi\u010dka Lisabon L - Betonov\u00e9 v\u00fdrobky\",\"isPartOf\":{\"@id\":\"https:\/\/rockside.sk\/#website\"},\"primaryImageOfPage\":{\"@id\":\"https:\/\/rockside.sk\/product\/betonova-lavicka-lisabon-l\/#primaryimage\"},\"image\":{\"@id\":\"https:\/\/rockside.sk\/product\/betonova-lavicka-lisabon-l\/#primaryimage\"},\"thumbnailUrl\":\"https:\/\/rockside.sk\/wp-content\/uploads\/2025\/08\/lisabon-l-1.jpg\",\"datePublished\":\"2025-08-11T11:12:24+00:00\",\"dateModified\":\"2026-03-13T14:06:52+00:00\",\"breadcrumb\":{\"@id\":\"https:\/\/rockside.sk\/product\/betonova-lavicka-lisabon-l\/#breadcrumb\"},\"inLanguage\":\"en-GB\",\"potentialAction\":[{\"@type\":\"ReadAction\",\"target\":[\"https:\/\/rockside.sk\/product\/betonova-lavicka-lisabon-l\/\"]}]},{\"@type\":\"ImageObject\",\"inLanguage\":\"en-GB\",\"@id\":\"https:\/\/rockside.sk\/product\/betonova-lavicka-lisabon-l\/#primaryimage\",\"url\":\"https:\/\/rockside.sk\/wp-content\/uploads\/2025\/08\/lisabon-l-1.jpg\",\"contentUrl\":\"https:\/\/rockside.sk\/wp-content\/uploads\/2025\/08\/lisabon-l-1.jpg\",\"width\":1080,\"height\":1080},{\"@type\":\"BreadcrumbList\",\"@id\":\"https:\/\/rockside.sk\/product\/betonova-lavicka-lisabon-l\/#breadcrumb\",\"itemListElement\":[{\"@type\":\"ListItem\",\"position\":1,\"name\":\"\u0413\u043b\u0430\u0432\u043d\u0430\u044f \u0441\u0442\u0440\u0430\u043d\u0438\u0446\u0430\",\"item\":\"https:\/\/rockside.sk\/\"},{\"@type\":\"ListItem\",\"position\":2,\"name\":\"Obchod\",\"item\":\"https:\/\/rockside.sk\/shop\/\"},{\"@type\":\"ListItem\",\"position\":3,\"name\":\"Betonov\u00e1 lavi\u010dka Lisabon L\"}]},{\"@type\":\"WebSite\",\"@id\":\"https:\/\/rockside.sk\/#website\",\"url\":\"https:\/\/rockside.sk\/\",\"name\":\"Rockside Slovensko\",\"description\":\"vonkaj\u0161ie kvetin\u00e1\u010de, z\u00e1hradn\u00e9 font\u00e1ny, lavi\u010dky od v\u00fdrobcu Rockside\",\"publisher\":{\"@id\":\"https:\/\/rockside.sk\/#organization\"},\"alternateName\":\"Rockside\",\"potentialAction\":[{\"@type\":\"SearchAction\",\"target\":{\"@type\":\"EntryPoint\",\"urlTemplate\":\"https:\/\/rockside.sk\/?s={search_term_string}\"},\"query-input\":{\"@type\":\"PropertyValueSpecification\",\"valueRequired\":true,\"valueName\":\"search_term_string\"}}],\"inLanguage\":\"en-GB\"},{\"@type\":\"Organization\",\"@id\":\"https:\/\/rockside.sk\/#organization\",\"name\":\"Betonov\u00e9 v\u00fdrobky\",\"url\":\"https:\/\/rockside.sk\/\",\"logo\":{\"@type\":\"ImageObject\",\"inLanguage\":\"en-GB\",\"@id\":\"https:\/\/rockside.sk\/#\/schema\/logo\/image\/\",\"url\":\"https:\/\/rockside.sk\/wp-content\/uploads\/2025\/08\/Rockside.png\",\"contentUrl\":\"https:\/\/rockside.sk\/wp-content\/uploads\/2025\/08\/Rockside.png\",\"width\":1920,\"height\":1080,\"caption\":\"Betonov\u00e9 v\u00fdrobky\"},\"image\":{\"@id\":\"https:\/\/rockside.sk\/#\/schema\/logo\/image\/\"}}]}<\/script>\n<!-- \/ Yoast SEO plugin. -->","yoast_head_json":{"title":"Betonov\u00e1 lavi\u010dka Lisabon L - Betonov\u00e9 v\u00fdrobky","robots":{"index":"index","follow":"follow","max-snippet":"max-snippet:-1","max-image-preview":"max-image-preview:large","max-video-preview":"max-video-preview:-1"},"canonical":"https:\/\/rockside.sk\/en\/product\/betonova-lavicka-lisabon-l\/","og_locale":"en_GB","og_type":"article","og_title":"Betonov\u00e1 lavi\u010dka Lisabon L - Betonov\u00e9 v\u00fdrobky","og_description":"V\u010faka svojmu tvaru je mo\u017en\u00e9 lavi\u010dku pou\u017e\u00edva\u0165 samostatne alebo kombinova\u0165 viacer\u00e9 prvky dohromady. M\u00f4\u017ee z\u00e1rove\u0148 sl\u00fa\u017ei\u0165 aj ako kvetin\u00e1\u010d \u2013","og_url":"https:\/\/rockside.sk\/en\/product\/betonova-lavicka-lisabon-l\/","og_site_name":"Betonov\u00e9 v\u00fdrobky","article_modified_time":"2026-03-13T14:06:52+00:00","og_image":[{"width":1080,"height":1080,"url":"https:\/\/rockside.sk\/wp-content\/uploads\/2025\/08\/lisabon-l-1.jpg","type":"image\/jpeg"}],"twitter_card":"summary_large_image","schema":{"@context":"https:\/\/schema.org","@graph":[{"@type":"WebPage","@id":"https:\/\/rockside.sk\/product\/betonova-lavicka-lisabon-l\/","url":"https:\/\/rockside.sk\/product\/betonova-lavicka-lisabon-l\/","name":"Betonov\u00e1 lavi\u010dka Lisabon L - Betonov\u00e9 v\u00fdrobky","isPartOf":{"@id":"https:\/\/rockside.sk\/#website"},"primaryImageOfPage":{"@id":"https:\/\/rockside.sk\/product\/betonova-lavicka-lisabon-l\/#primaryimage"},"image":{"@id":"https:\/\/rockside.sk\/product\/betonova-lavicka-lisabon-l\/#primaryimage"},"thumbnailUrl":"https:\/\/rockside.sk\/wp-content\/uploads\/2025\/08\/lisabon-l-1.jpg","datePublished":"2025-08-11T11:12:24+00:00","dateModified":"2026-03-13T14:06:52+00:00","breadcrumb":{"@id":"https:\/\/rockside.sk\/product\/betonova-lavicka-lisabon-l\/#breadcrumb"},"inLanguage":"en-GB","potentialAction":[{"@type":"ReadAction","target":["https:\/\/rockside.sk\/product\/betonova-lavicka-lisabon-l\/"]}]},{"@type":"ImageObject","inLanguage":"en-GB","@id":"https:\/\/rockside.sk\/product\/betonova-lavicka-lisabon-l\/#primaryimage","url":"https:\/\/rockside.sk\/wp-content\/uploads\/2025\/08\/lisabon-l-1.jpg","contentUrl":"https:\/\/rockside.sk\/wp-content\/uploads\/2025\/08\/lisabon-l-1.jpg","width":1080,"height":1080},{"@type":"BreadcrumbList","@id":"https:\/\/rockside.sk\/product\/betonova-lavicka-lisabon-l\/#breadcrumb","itemListElement":[{"@type":"ListItem","position":1,"name":"\u0413\u043b\u0430\u0432\u043d\u0430\u044f \u0441\u0442\u0440\u0430\u043d\u0438\u0446\u0430","item":"https:\/\/rockside.sk\/"},{"@type":"ListItem","position":2,"name":"Obchod","item":"https:\/\/rockside.sk\/shop\/"},{"@type":"ListItem","position":3,"name":"Betonov\u00e1 lavi\u010dka Lisabon L"}]},{"@type":"WebSite","@id":"https:\/\/rockside.sk\/#website","url":"https:\/\/rockside.sk\/","name":"Rockside Slovensko","description":"vonkaj\u0161ie kvetin\u00e1\u010de, z\u00e1hradn\u00e9 font\u00e1ny, lavi\u010dky od v\u00fdrobcu Rockside","publisher":{"@id":"https:\/\/rockside.sk\/#organization"},"alternateName":"Rockside","potentialAction":[{"@type":"SearchAction","target":{"@type":"EntryPoint","urlTemplate":"https:\/\/rockside.sk\/?s={search_term_string}"},"query-input":{"@type":"PropertyValueSpecification","valueRequired":true,"valueName":"search_term_string"}}],"inLanguage":"en-GB"},{"@type":"Organization","@id":"https:\/\/rockside.sk\/#organization","name":"Concrete products","url":"https:\/\/rockside.sk\/","logo":{"@type":"ImageObject","inLanguage":"en-GB","@id":"https:\/\/rockside.sk\/#\/schema\/logo\/image\/","url":"https:\/\/rockside.sk\/wp-content\/uploads\/2025\/08\/Rockside.png","contentUrl":"https:\/\/rockside.sk\/wp-content\/uploads\/2025\/08\/Rockside.png","width":1920,"height":1080,"caption":"Betonov\u00e9 v\u00fdrobky"},"image":{"@id":"https:\/\/rockside.sk\/#\/schema\/logo\/image\/"}}]}},"jetpack_sharing_enabled":true,"_links":{"self":[{"href":"https:\/\/rockside.sk\/en\/wp-json\/wp\/v2\/product\/29848","targetHints":{"allow":["GET"]}}],"collection":[{"href":"https:\/\/rockside.sk\/en\/wp-json\/wp\/v2\/product"}],"about":[{"href":"https:\/\/rockside.sk\/en\/wp-json\/wp\/v2\/types\/product"}],"replies":[{"embeddable":true,"href":"https:\/\/rockside.sk\/en\/wp-json\/wp\/v2\/comments?post=29848"}],"version-history":[{"count":7,"href":"https:\/\/rockside.sk\/en\/wp-json\/wp\/v2\/product\/29848\/revisions"}],"predecessor-version":[{"id":34328,"href":"https:\/\/rockside.sk\/en\/wp-json\/wp\/v2\/product\/29848\/revisions\/34328"}],"wp:featuredmedia":[{"embeddable":true,"href":"https:\/\/rockside.sk\/en\/wp-json\/wp\/v2\/media\/29985"}],"wp:attachment":[{"href":"https:\/\/rockside.sk\/en\/wp-json\/wp\/v2\/media?parent=29848"}],"wp:term":[{"taxonomy":"product_brand","embeddable":true,"href":"https:\/\/rockside.sk\/en\/wp-json\/wp\/v2\/product_brand?post=29848"},{"taxonomy":"product_cat","embeddable":true,"href":"https:\/\/rockside.sk\/en\/wp-json\/wp\/v2\/product_cat?post=29848"},{"taxonomy":"product_tag","embeddable":true,"href":"https:\/\/rockside.sk\/en\/wp-json\/wp\/v2\/product_tag?post=29848"}],"curies":[{"name":"wp","href":"https:\/\/api.w.org\/{rel}","templated":true}]}}