{"id":29837,"date":"2025-08-11T14:12:23","date_gmt":"2025-08-11T11:12:23","guid":{"rendered":"https:\/\/rockside.sk\/?post_type=product&#038;p=29837"},"modified":"2026-03-13T17:20:19","modified_gmt":"2026-03-13T14:20:19","slug":"betonna-lava-valensiya-dlya-sadu","status":"publish","type":"product","link":"https:\/\/rockside.sk\/en\/product\/betonna-lava-valensiya-dlya-sadu\/","title":{"rendered":"Valencia concrete garden bench"},"content":{"rendered":"<div data-elementor-type=\"wp-post\" data-elementor-id=\"29837\" class=\"elementor elementor-29837\">\n\t\t\t\t<div class=\"wd-negative-gap elementor-element elementor-element-a670cb1 e-flex e-con-boxed e-con e-parent\" data-id=\"a670cb1\" data-element_type=\"container\">\n\t\t\t\t\t<div class=\"e-con-inner\">\n\t\t\t\t<div class=\"elementor-element elementor-element-16987ee elementor-widget elementor-widget-wd_text_block\" data-id=\"16987ee\" data-element_type=\"widget\" data-widget_type=\"wd_text_block.default\">\n\t\t\t\t<div class=\"elementor-widget-container\">\n\t\t\t\t\t\t\t<div class=\"wd-text-block reset-last-child text-left\">\n\t\t\t\n\t\t\t<p>The Valencia concrete bench not only has a representative appearance, but is also characterized by practicality and comfort. The massive base of the bench has a rounded shape. The supporting supports of the bench are made of high-quality concrete. Due to the fact that the concrete bases have a relatively large weight of 180 kg, the bench is stable, stands firmly and reliably, and therefore does not require additional anchoring. The upper part of the seat is made of coniferous wood.<br data-start=\"420\" data-end=\"423\" \/>Wood with a nice texture was chosen for the slats. The surface of the slats is processed to perfect smoothness. Wooden beams are placed on top on a concrete base over the entire surface. The bench does not have a backrest, but it is still quite comfortable and provides comfortable relaxation.<\/p>\n\t\t\t\t\t<\/div>\n\t\t\t\t\t\t<\/div>\n\t\t\t\t<\/div>\n\t\t\t\t\t<\/div>\n\t\t\t\t<\/div>\n\t\t<div class=\"wd-negative-gap elementor-element elementor-element-9645645 e-flex e-con-boxed e-con e-parent\" data-id=\"9645645\" data-element_type=\"container\">\n\t\t\t\t\t<div class=\"e-con-inner\">\n\t\t\t\t<div class=\"elementor-element elementor-element-b783d0d wd-width-100 elementor-widget elementor-widget-wd_images_gallery\" data-id=\"b783d0d\" data-element_type=\"widget\" data-widget_type=\"wd_images_gallery.default\">\n\t\t\t\t<div class=\"elementor-widget-container\">\n\t\t\t\t\t\t\t<div class=\"wd-images-gallery photoswipe-images wd-carousel-container\" style=\"--wd-align-items:center; --wd-justify-content:center;\">\n\t\t\t\t\t\t\t<div class=\"wd-carousel-inner\">\n\t\t\t\t\t\t<div class=\"wd-carousel wd-grid\" data-scroll_per_page=\"yes\" style=\"--wd-col-lg:1;--wd-col-md:1;--wd-col-sm:1;--wd-gap-lg:0px;\">\n\t\t\t\t\t\t\t\t\t<div class=\"wd-carousel-wrap\">\n\t\t\t\t\t\t\t\t\t\t\t\t\t\t\t\t\t\t\t\t\t\t\t\t\t\t\t\t\t<\/div>\n\t\t\t\t\t\t\t\t<\/div>\n\t\t\t\t\t\t\t\t\t\t\t\t\t\t<div class=\"wd-nav-arrows wd-pos-sep wd-hover-1 wd-icon-1\">\n\t\t\t<div class=\"wd-btn-arrow wd-prev wd-disabled\">\n\t\t\t\t<div class=\"wd-arrow-inner\"><\/div>\n\t\t\t<\/div>\n\t\t\t<div class=\"wd-btn-arrow wd-next\">\n\t\t\t\t<div class=\"wd-arrow-inner\"><\/div>\n\t\t\t<\/div>\n\t\t<\/div>\n\t\t\t\t\t\t\n\t\t\t\t<\/div>\n\n\t\t\t\t\t\t<div class=\"wd-nav-pagin-wrap text-center wd-style-shape wd-hide-md-sm wd-hide-sm\">\n\t\t\t<ul class=\"wd-nav-pagin\"><\/ul>\n\t\t<\/div>\n\t\t\t\t\t\t\t\t\t\t\t<\/div>\n\t\t\t\t\t\t<\/div>\n\t\t\t\t<\/div>\n\t\t\t\t\t<\/div>\n\t\t\t\t<\/div>\n\t\t\t\t<\/div>","protected":false},"excerpt":{"rendered":"<p>Lavi\u010dka Valencia z bet\u00f3nu m\u00e1 nielen reprezentat\u00edvny vzh\u013ead, ale vyzna\u010duje sa aj praktickos\u0165ou a pohodlnos\u0165ou. Mas\u00edvny z\u00e1klad lavi\u010dky m\u00e1 zaoblen\u00fd<\/p>","protected":false},"featured_media":29892,"comment_status":"open","ping_status":"closed","template":"","meta":[],"product_brand":[],"product_cat":[27],"product_tag":[],"class_list":{"0":"post-29837","1":"product","2":"type-product","3":"status-publish","4":"has-post-thumbnail","6":"product_cat-lavice","8":"first","9":"instock","10":"taxable","11":"shipping-taxable","12":"purchasable","13":"product-type-variable","14":"has-default-attributes"},"yoast_head":"<!-- This site is optimized with the Yoast SEO plugin v25.6 - https:\/\/yoast.com\/wordpress\/plugins\/seo\/ -->\n<title>Betonov\u00e1 lavi\u010dka Valencia pre z\u00e1hradu - Betonov\u00e9 v\u00fdrobky<\/title>\n<meta name=\"robots\" content=\"index, follow, max-snippet:-1, max-image-preview:large, max-video-preview:-1\" \/>\n<link rel=\"canonical\" href=\"https:\/\/rockside.sk\/en\/product\/betonna-lava-valensiya-dlya-sadu\/\" \/>\n<meta property=\"og:locale\" content=\"en_GB\" \/>\n<meta property=\"og:type\" content=\"article\" \/>\n<meta property=\"og:title\" content=\"Betonov\u00e1 lavi\u010dka Valencia pre z\u00e1hradu - Betonov\u00e9 v\u00fdrobky\" \/>\n<meta property=\"og:description\" content=\"Lavi\u010dka Valencia z bet\u00f3nu m\u00e1 nielen reprezentat\u00edvny vzh\u013ead, ale vyzna\u010duje sa aj praktickos\u0165ou a pohodlnos\u0165ou. Mas\u00edvny z\u00e1klad lavi\u010dky m\u00e1 zaoblen\u00fd\" \/>\n<meta property=\"og:url\" content=\"https:\/\/rockside.sk\/en\/product\/betonna-lava-valensiya-dlya-sadu\/\" \/>\n<meta property=\"og:site_name\" content=\"Betonov\u00e9 v\u00fdrobky\" \/>\n<meta property=\"article:modified_time\" content=\"2026-03-13T14:20:19+00:00\" \/>\n<meta property=\"og:image\" content=\"https:\/\/rockside.sk\/wp-content\/uploads\/2025\/08\/valensia-lavka-1.jpg\" \/>\n\t<meta property=\"og:image:width\" content=\"1080\" \/>\n\t<meta property=\"og:image:height\" content=\"1080\" \/>\n\t<meta property=\"og:image:type\" content=\"image\/jpeg\" \/>\n<meta name=\"twitter:card\" content=\"summary_large_image\" \/>\n<meta name=\"twitter:label1\" content=\"Estimated reading time\" \/>\n\t<meta name=\"twitter:data1\" content=\"1 minute\" \/>\n<script type=\"application\/ld+json\" class=\"yoast-schema-graph\">{\"@context\":\"https:\/\/schema.org\",\"@graph\":[{\"@type\":\"WebPage\",\"@id\":\"https:\/\/rockside.sk\/product\/betonna-lava-valensiya-dlya-sadu\/\",\"url\":\"https:\/\/rockside.sk\/product\/betonna-lava-valensiya-dlya-sadu\/\",\"name\":\"Betonov\u00e1 lavi\u010dka Valencia pre z\u00e1hradu - Betonov\u00e9 v\u00fdrobky\",\"isPartOf\":{\"@id\":\"https:\/\/rockside.sk\/#website\"},\"primaryImageOfPage\":{\"@id\":\"https:\/\/rockside.sk\/product\/betonna-lava-valensiya-dlya-sadu\/#primaryimage\"},\"image\":{\"@id\":\"https:\/\/rockside.sk\/product\/betonna-lava-valensiya-dlya-sadu\/#primaryimage\"},\"thumbnailUrl\":\"https:\/\/rockside.sk\/wp-content\/uploads\/2025\/08\/valensia-lavka-1.jpg\",\"datePublished\":\"2025-08-11T11:12:23+00:00\",\"dateModified\":\"2026-03-13T14:20:19+00:00\",\"breadcrumb\":{\"@id\":\"https:\/\/rockside.sk\/product\/betonna-lava-valensiya-dlya-sadu\/#breadcrumb\"},\"inLanguage\":\"en-GB\",\"potentialAction\":[{\"@type\":\"ReadAction\",\"target\":[\"https:\/\/rockside.sk\/product\/betonna-lava-valensiya-dlya-sadu\/\"]}]},{\"@type\":\"ImageObject\",\"inLanguage\":\"en-GB\",\"@id\":\"https:\/\/rockside.sk\/product\/betonna-lava-valensiya-dlya-sadu\/#primaryimage\",\"url\":\"https:\/\/rockside.sk\/wp-content\/uploads\/2025\/08\/valensia-lavka-1.jpg\",\"contentUrl\":\"https:\/\/rockside.sk\/wp-content\/uploads\/2025\/08\/valensia-lavka-1.jpg\",\"width\":1080,\"height\":1080},{\"@type\":\"BreadcrumbList\",\"@id\":\"https:\/\/rockside.sk\/product\/betonna-lava-valensiya-dlya-sadu\/#breadcrumb\",\"itemListElement\":[{\"@type\":\"ListItem\",\"position\":1,\"name\":\"\u0413\u043b\u0430\u0432\u043d\u0430\u044f \u0441\u0442\u0440\u0430\u043d\u0438\u0446\u0430\",\"item\":\"https:\/\/rockside.sk\/\"},{\"@type\":\"ListItem\",\"position\":2,\"name\":\"Obchod\",\"item\":\"https:\/\/rockside.sk\/shop\/\"},{\"@type\":\"ListItem\",\"position\":3,\"name\":\"Betonov\u00e1 lavi\u010dka Valencia pre z\u00e1hradu\"}]},{\"@type\":\"WebSite\",\"@id\":\"https:\/\/rockside.sk\/#website\",\"url\":\"https:\/\/rockside.sk\/\",\"name\":\"Rockside Slovensko\",\"description\":\"vonkaj\u0161ie kvetin\u00e1\u010de, z\u00e1hradn\u00e9 font\u00e1ny, lavi\u010dky od v\u00fdrobcu Rockside\",\"publisher\":{\"@id\":\"https:\/\/rockside.sk\/#organization\"},\"alternateName\":\"Rockside\",\"potentialAction\":[{\"@type\":\"SearchAction\",\"target\":{\"@type\":\"EntryPoint\",\"urlTemplate\":\"https:\/\/rockside.sk\/?s={search_term_string}\"},\"query-input\":{\"@type\":\"PropertyValueSpecification\",\"valueRequired\":true,\"valueName\":\"search_term_string\"}}],\"inLanguage\":\"en-GB\"},{\"@type\":\"Organization\",\"@id\":\"https:\/\/rockside.sk\/#organization\",\"name\":\"Betonov\u00e9 v\u00fdrobky\",\"url\":\"https:\/\/rockside.sk\/\",\"logo\":{\"@type\":\"ImageObject\",\"inLanguage\":\"en-GB\",\"@id\":\"https:\/\/rockside.sk\/#\/schema\/logo\/image\/\",\"url\":\"https:\/\/rockside.sk\/wp-content\/uploads\/2025\/08\/Rockside.png\",\"contentUrl\":\"https:\/\/rockside.sk\/wp-content\/uploads\/2025\/08\/Rockside.png\",\"width\":1920,\"height\":1080,\"caption\":\"Betonov\u00e9 v\u00fdrobky\"},\"image\":{\"@id\":\"https:\/\/rockside.sk\/#\/schema\/logo\/image\/\"}}]}<\/script>\n<!-- \/ Yoast SEO plugin. -->","yoast_head_json":{"title":"Betonov\u00e1 lavi\u010dka Valencia pre z\u00e1hradu - Betonov\u00e9 v\u00fdrobky","robots":{"index":"index","follow":"follow","max-snippet":"max-snippet:-1","max-image-preview":"max-image-preview:large","max-video-preview":"max-video-preview:-1"},"canonical":"https:\/\/rockside.sk\/en\/product\/betonna-lava-valensiya-dlya-sadu\/","og_locale":"en_GB","og_type":"article","og_title":"Betonov\u00e1 lavi\u010dka Valencia pre z\u00e1hradu - Betonov\u00e9 v\u00fdrobky","og_description":"Lavi\u010dka Valencia z bet\u00f3nu m\u00e1 nielen reprezentat\u00edvny vzh\u013ead, ale vyzna\u010duje sa aj praktickos\u0165ou a pohodlnos\u0165ou. Mas\u00edvny z\u00e1klad lavi\u010dky m\u00e1 zaoblen\u00fd","og_url":"https:\/\/rockside.sk\/en\/product\/betonna-lava-valensiya-dlya-sadu\/","og_site_name":"Betonov\u00e9 v\u00fdrobky","article_modified_time":"2026-03-13T14:20:19+00:00","og_image":[{"width":1080,"height":1080,"url":"https:\/\/rockside.sk\/wp-content\/uploads\/2025\/08\/valensia-lavka-1.jpg","type":"image\/jpeg"}],"twitter_card":"summary_large_image","twitter_misc":{"Estimated reading time":"1 minute"},"schema":{"@context":"https:\/\/schema.org","@graph":[{"@type":"WebPage","@id":"https:\/\/rockside.sk\/product\/betonna-lava-valensiya-dlya-sadu\/","url":"https:\/\/rockside.sk\/product\/betonna-lava-valensiya-dlya-sadu\/","name":"Betonov\u00e1 lavi\u010dka Valencia pre z\u00e1hradu - Betonov\u00e9 v\u00fdrobky","isPartOf":{"@id":"https:\/\/rockside.sk\/#website"},"primaryImageOfPage":{"@id":"https:\/\/rockside.sk\/product\/betonna-lava-valensiya-dlya-sadu\/#primaryimage"},"image":{"@id":"https:\/\/rockside.sk\/product\/betonna-lava-valensiya-dlya-sadu\/#primaryimage"},"thumbnailUrl":"https:\/\/rockside.sk\/wp-content\/uploads\/2025\/08\/valensia-lavka-1.jpg","datePublished":"2025-08-11T11:12:23+00:00","dateModified":"2026-03-13T14:20:19+00:00","breadcrumb":{"@id":"https:\/\/rockside.sk\/product\/betonna-lava-valensiya-dlya-sadu\/#breadcrumb"},"inLanguage":"en-GB","potentialAction":[{"@type":"ReadAction","target":["https:\/\/rockside.sk\/product\/betonna-lava-valensiya-dlya-sadu\/"]}]},{"@type":"ImageObject","inLanguage":"en-GB","@id":"https:\/\/rockside.sk\/product\/betonna-lava-valensiya-dlya-sadu\/#primaryimage","url":"https:\/\/rockside.sk\/wp-content\/uploads\/2025\/08\/valensia-lavka-1.jpg","contentUrl":"https:\/\/rockside.sk\/wp-content\/uploads\/2025\/08\/valensia-lavka-1.jpg","width":1080,"height":1080},{"@type":"BreadcrumbList","@id":"https:\/\/rockside.sk\/product\/betonna-lava-valensiya-dlya-sadu\/#breadcrumb","itemListElement":[{"@type":"ListItem","position":1,"name":"\u0413\u043b\u0430\u0432\u043d\u0430\u044f \u0441\u0442\u0440\u0430\u043d\u0438\u0446\u0430","item":"https:\/\/rockside.sk\/"},{"@type":"ListItem","position":2,"name":"Obchod","item":"https:\/\/rockside.sk\/shop\/"},{"@type":"ListItem","position":3,"name":"Betonov\u00e1 lavi\u010dka Valencia pre z\u00e1hradu"}]},{"@type":"WebSite","@id":"https:\/\/rockside.sk\/#website","url":"https:\/\/rockside.sk\/","name":"Rockside Slovensko","description":"vonkaj\u0161ie kvetin\u00e1\u010de, z\u00e1hradn\u00e9 font\u00e1ny, lavi\u010dky od v\u00fdrobcu Rockside","publisher":{"@id":"https:\/\/rockside.sk\/#organization"},"alternateName":"Rockside","potentialAction":[{"@type":"SearchAction","target":{"@type":"EntryPoint","urlTemplate":"https:\/\/rockside.sk\/?s={search_term_string}"},"query-input":{"@type":"PropertyValueSpecification","valueRequired":true,"valueName":"search_term_string"}}],"inLanguage":"en-GB"},{"@type":"Organization","@id":"https:\/\/rockside.sk\/#organization","name":"Concrete products","url":"https:\/\/rockside.sk\/","logo":{"@type":"ImageObject","inLanguage":"en-GB","@id":"https:\/\/rockside.sk\/#\/schema\/logo\/image\/","url":"https:\/\/rockside.sk\/wp-content\/uploads\/2025\/08\/Rockside.png","contentUrl":"https:\/\/rockside.sk\/wp-content\/uploads\/2025\/08\/Rockside.png","width":1920,"height":1080,"caption":"Betonov\u00e9 v\u00fdrobky"},"image":{"@id":"https:\/\/rockside.sk\/#\/schema\/logo\/image\/"}}]}},"jetpack_sharing_enabled":true,"_links":{"self":[{"href":"https:\/\/rockside.sk\/en\/wp-json\/wp\/v2\/product\/29837","targetHints":{"allow":["GET"]}}],"collection":[{"href":"https:\/\/rockside.sk\/en\/wp-json\/wp\/v2\/product"}],"about":[{"href":"https:\/\/rockside.sk\/en\/wp-json\/wp\/v2\/types\/product"}],"replies":[{"embeddable":true,"href":"https:\/\/rockside.sk\/en\/wp-json\/wp\/v2\/comments?post=29837"}],"version-history":[{"count":4,"href":"https:\/\/rockside.sk\/en\/wp-json\/wp\/v2\/product\/29837\/revisions"}],"predecessor-version":[{"id":34736,"href":"https:\/\/rockside.sk\/en\/wp-json\/wp\/v2\/product\/29837\/revisions\/34736"}],"wp:featuredmedia":[{"embeddable":true,"href":"https:\/\/rockside.sk\/en\/wp-json\/wp\/v2\/media\/29892"}],"wp:attachment":[{"href":"https:\/\/rockside.sk\/en\/wp-json\/wp\/v2\/media?parent=29837"}],"wp:term":[{"taxonomy":"product_brand","embeddable":true,"href":"https:\/\/rockside.sk\/en\/wp-json\/wp\/v2\/product_brand?post=29837"},{"taxonomy":"product_cat","embeddable":true,"href":"https:\/\/rockside.sk\/en\/wp-json\/wp\/v2\/product_cat?post=29837"},{"taxonomy":"product_tag","embeddable":true,"href":"https:\/\/rockside.sk\/en\/wp-json\/wp\/v2\/product_tag?post=29837"}],"curies":[{"name":"wp","href":"https:\/\/api.w.org\/{rel}","templated":true}]}}