{"id":4439,"date":"2021-10-12T16:27:24","date_gmt":"2021-10-12T16:27:24","guid":{"rendered":"http:\/\/dummy.xtemos.com\/woodmart2\/elementor\/?page_id=4439"},"modified":"2026-01-21T11:58:51","modified_gmt":"2026-01-21T08:58:51","slug":"contact-us","status":"publish","type":"page","link":"https:\/\/rockside.sk\/en\/contact-us\/","title":{"rendered":"Contact us"},"content":{"rendered":"<div data-elementor-type=\"wp-page\" data-elementor-id=\"4439\" class=\"elementor elementor-4439\">\n\t\t\t\t<div class=\"wd-negative-gap elementor-element elementor-element-a22acc2 e-flex e-con-boxed e-con e-parent\" data-id=\"a22acc2\" data-element_type=\"container\">\n\t\t\t\t\t<div class=\"e-con-inner\">\n\t\t\t\t<div class=\"elementor-element elementor-element-30323a0 wd-page-title-el elementor-widget elementor-widget-wd_page_title\" data-id=\"30323a0\" data-element_type=\"widget\" data-widget_type=\"wd_page_title.default\">\n\t\t\t\t<div class=\"elementor-widget-container\">\n\t\t\t\t\t\t\t\t\t<div class=\"wd-page-title page-title  page-title-default title-size-small title-design-centered wd-section-stretch color-scheme-light\" style=\"\">\n\t\t\t\t\t<div class=\"container\">\n\t\t\t\t\t\t\t\t\t\t\t\t\t\t\t\t\t\t\t\t\t<h1 class=\"entry-title title\">\n\t\t\t\t\t\t\t\t\tContact us\t\t\t\t\t\t\t\t<\/h1>\n\n\t\t\t\t\t\t\t\t\t\t\t\t\t\t\t\n\t\t\t\t\t\t\t\t\t\t\t\t\t\t\t<nav class=\"wd-breadcrumbs\"><a href=\"https:\/\/rockside.sk\/en\/\">Home<\/a><span class=\"wd-delimiter\"><\/span><span class=\"wd-last\">Page<\/span><\/nav>\t\t\t\t\t\t\t\t\t\t\t\t\t\t\t\t\t\t<\/div>\n\t\t\t\t<\/div>\n\t\t\t\t\t\t\t<\/div>\n\t\t\t\t<\/div>\n\t\t\t\t\t<\/div>\n\t\t\t\t<\/div>\n\t\t<div class=\"wd-negative-gap elementor-element elementor-element-b496e67 e-flex e-con-boxed e-con e-parent\" data-id=\"b496e67\" data-element_type=\"container\">\n\t\t\t\t\t<div class=\"e-con-inner\">\n\t\t<div class=\"elementor-element elementor-element-798fdaa e-con-full e-flex e-con e-child\" data-id=\"798fdaa\" data-element_type=\"container\" data-settings=\"{&quot;background_background&quot;:&quot;classic&quot;}\">\n\t\t\t\t<div class=\"elementor-element elementor-element-4d3ec23 elementor-widget elementor-widget-heading\" data-id=\"4d3ec23\" data-element_type=\"widget\" data-widget_type=\"heading.default\">\n\t\t\t\t\t<h2 class=\"elementor-heading-title elementor-size-default\">Contact us<\/h2>\t\t\t\t<\/div>\n\t\t\t\t<div class=\"elementor-element elementor-element-4a2226e color-scheme-inherit text-left elementor-widget elementor-widget-text-editor\" data-id=\"4a2226e\" data-element_type=\"widget\" data-widget_type=\"text-editor.default\">\n\t\t\t\t\t\t\t\t\t<p><a href=\"tel:+421 917 581 888\"><span style=\"color: #000000;\">+421 917 581 888<\/span><\/a><\/p><p class=\"elementor-heading-title elementor-size-default\"><span style=\"color: #000000;\"><a href=\"mailto:sales@rockside.sk\">Email: sales@rockside.sk<\/a><br \/><\/span><\/p>\t\t\t\t\t\t\t\t<\/div>\n\t\t\t\t<div class=\"elementor-element elementor-element-fec3a3c color-scheme-inherit text-left elementor-widget elementor-widget-text-editor\" data-id=\"fec3a3c\" data-element_type=\"widget\" data-widget_type=\"text-editor.default\">\n\t\t\t\t\t\t\t\t\t<p><span style=\"color: #000000;\"><strong>Mon-Fri:<\/strong> from 09:00 to 17:00<\/span><br \/><span style=\"color: #000000;\"><strong>Sat-Sun<\/strong>: from 09:00 to 15:00<\/span><\/p>\t\t\t\t\t\t\t\t<\/div>\n\t\t\t\t<\/div>\n\t\t<div class=\"elementor-element elementor-element-a3f48ed e-con-full e-flex e-con e-child\" data-id=\"a3f48ed\" data-element_type=\"container\" data-settings=\"{&quot;background_background&quot;:&quot;classic&quot;}\">\n\t\t\t\t<div class=\"elementor-element elementor-element-df0006b color-scheme-inherit text-left elementor-widget elementor-widget-text-editor\" data-id=\"df0006b\" data-element_type=\"widget\" data-widget_type=\"text-editor.default\">\n\t\t\t\t\t\t\t\t\t<p style=\"text-align: center;\"><span style=\"color: #000000;\">Contact form<\/span><\/p>\t\t\t\t\t\t\t\t<\/div>\n\t\t\t\t<div class=\"elementor-element elementor-element-c7c2158 elementor-widget elementor-widget-shortcode\" data-id=\"c7c2158\" data-element_type=\"widget\" data-widget_type=\"shortcode.default\">\n\t\t\t\t\t\t\t<div class=\"elementor-shortcode\"><div class=\"forminator-ui forminator-custom-form forminator-custom-form-33102 forminator-design--default  forminator_ajax\" data-forminator-render=\"0\" data-form=\"forminator-module-33102\" data-uid=\"69e778b6c5f1d\"><br\/><\/div><form\n\t\t\t\tid=\"forminator-module-33102\"\n\t\t\t\tclass=\"forminator-ui forminator-custom-form forminator-custom-form-33102 forminator-design--default  forminator_ajax\"\n\t\t\t\tmethod=\"post\"\n\t\t\t\tdata-forminator-render=\"0\"\n\t\t\t\tdata-form-id=\"33102\"\n\t\t\t\t data-color-option=\"default\" data-design=\"default\" data-grid=\"open\" style=\"display: none;\"\n\t\t\t\tdata-uid=\"69e778b6c5f1d\" action=\"\"\n\t\t\t><div role=\"alert\" aria-live=\"polite\" class=\"forminator-response-message forminator-error\" aria-hidden=\"true\"><\/div><div class=\"forminator-row\"><div id=\"name-1\" class=\"forminator-field-name forminator-col forminator-col-12\"><div class=\"forminator-field\"><input type=\"text\" name=\"name-1\" value=\"\" placeholder=\"Name\" id=\"forminator-field-name-1_69e778b6c5f1d\" class=\"forminator-input forminator-name--field\" aria-required=\"false\" autocomplete=\"name\" \/><\/div><\/div><\/div><div class=\"forminator-row\"><div id=\"phone-1\" class=\"forminator-field-phone forminator-col forminator-col-12\"><div class=\"forminator-field\"><input type=\"text\" name=\"phone-1\" value=\"\" placeholder=\"Phone number\" id=\"forminator-field-phone-1_69e778b6c5f1d\" class=\"forminator-input forminator-field--phone\" data-required=\"\" aria-required=\"false\" autocomplete=\"off\" \/><\/div><\/div><\/div><div class=\"forminator-row\"><div id=\"textarea-1\" class=\"forminator-field-textarea forminator-col forminator-col-12\"><div class=\"forminator-field\"><textarea name=\"textarea-1\" placeholder=\"Report\" id=\"forminator-field-textarea-1_69e778b6c5f1d\" class=\"forminator-textarea\" rows=\"6\" style=\"min-height:80px;\" ><\/textarea><\/div><\/div><\/div><input type=\"hidden\" name=\"referer_url\" value=\"\" \/><div class=\"forminator-row forminator-row-last\"><div class=\"forminator-col\"><div class=\"forminator-field\"><button class=\"forminator-button forminator-button-submit\">Send<\/button><\/div><\/div><\/div><input type=\"hidden\" id=\"forminator_nonce\" name=\"forminator_nonce\" value=\"558aac1739\" \/><input type=\"hidden\" name=\"_wp_http_referer\" value=\"\/en\/wp-json\/wp\/v2\/pages\/4439\" \/><input type=\"hidden\" name=\"form_id\" value=\"33102\"><input type=\"hidden\" name=\"page_id\" value=\"4439\"><input type=\"hidden\" name=\"form_type\" value=\"default\"><input type=\"hidden\" name=\"current_url\" value=\"https:\/\/rockside.sk\/en\/contact-us\/\"><input type=\"hidden\" name=\"render_id\" value=\"0\"><input type=\"hidden\" name=\"action\" value=\"forminator_submit_form_custom-forms\"><input type=\"hidden\" name=\"trp-form-language\" value=\"en\"\/><\/form><\/div>\n\t\t\t\t\t\t<\/div>\n\t\t\t\t<\/div>\n\t\t\t\t\t<\/div>\n\t\t\t\t<\/div>\n\t\t<div class=\"wd-negative-gap elementor-element elementor-element-51d987a e-flex e-con-boxed e-con e-parent\" data-id=\"51d987a\" data-element_type=\"container\" data-settings=\"{&quot;background_background&quot;:&quot;classic&quot;}\">\n\t\t\t\t\t<div class=\"e-con-inner\">\n\t\t<div class=\"elementor-element elementor-element-8d690c4 e-con-full e-flex e-con e-child\" data-id=\"8d690c4\" data-element_type=\"container\">\n\t\t\t\t<div class=\"elementor-element elementor-element-b9ad150 elementor-widget elementor-widget-heading\" data-id=\"b9ad150\" data-element_type=\"widget\" data-widget_type=\"heading.default\">\n\t\t\t\t\t<h2 class=\"elementor-heading-title elementor-size-default\">Office<\/h2>\t\t\t\t<\/div>\n\t\t\t\t<div class=\"elementor-element elementor-element-844cb52 color-scheme-inherit text-left elementor-widget elementor-widget-text-editor\" data-id=\"844cb52\" data-element_type=\"widget\" data-widget_type=\"text-editor.default\">\n\t\t\t\t\t\t\t\t\t<p style=\"text-align: left;\"><span style=\"color: #000000;\">Slovakia, Bratislava<\/span><\/p><p style=\"text-align: left;\"><span style=\"color: #000000;\">Near the old airport, 4<\/span><\/p><p style=\"text-align: left;\"><span style=\"color: #000000;\">Postal code 831 07.<\/span><\/p>\t\t\t\t\t\t\t\t<\/div>\n\t\t\t\t<\/div>\n\t\t<div class=\"elementor-element elementor-element-f43d665 e-con-full e-flex e-con e-child\" data-id=\"f43d665\" data-element_type=\"container\">\n\t\t\t\t<div class=\"elementor-element elementor-element-94958d9 elementor-widget elementor-widget-google_maps\" data-id=\"94958d9\" data-element_type=\"widget\" data-widget_type=\"google_maps.default\">\n\t\t\t\t\t\t\t<div class=\"elementor-custom-embed\">\n\t\t\t<iframe loading=\"lazy\"\n\t\t\t\t\tsrc=\"https:\/\/maps.google.com\/maps?q=Rockside%20-%20bet%C3%B3nov%C3%A9%20kvetin%C3%A1%C4%8De%2C%20lavi%C4%8Dka%2C%20font%C3%A1ny%2C%20odpadkov%C3%A9%20ko%C5%A1e&#038;t=m&#038;z=10&#038;output=embed&#038;iwloc=near\"\n\t\t\t\t\ttitle=\"Rockside - concrete flower pots, bench, fountains, trash cans\"\n\t\t\t\t\taria-label=\"Rockside - concrete flower pots, bench, fountains, trash cans\"\n\t\t\t><\/iframe>\n\t\t<\/div>\n\t\t\t\t\t\t<\/div>\n\t\t\t\t<\/div>\n\t\t\t\t\t<\/div>\n\t\t\t\t<\/div>\n\t\t<div class=\"wd-negative-gap elementor-element elementor-element-ce27a53 e-flex e-con-boxed e-con e-parent\" data-id=\"ce27a53\" data-element_type=\"container\">\n\t\t\t\t\t<div class=\"e-con-inner\">\n\t\t\t\t\t<\/div>\n\t\t\t\t<\/div>\n\t\t\t\t<\/div>","protected":false},"excerpt":{"rendered":"<p>Contact us Home\u0421\u0442\u0440\u0430\u043d\u0438\u0446\u0430 Kontaktujte n\u00e1s +421 917 581 888 Email: sales@rockside.sk Po-Pia: od 09:00 do 17:00So-Ne: od 09:00 do 15:00<\/p>","protected":false},"author":1,"featured_media":0,"parent":0,"menu_order":0,"comment_status":"closed","ping_status":"closed","template":"","meta":{"footnotes":""},"class_list":["post-4439","page","type-page","status-publish","hentry"],"yoast_head":"<!-- This site is optimized with the Yoast SEO plugin v25.6 - https:\/\/yoast.com\/wordpress\/plugins\/seo\/ -->\n<title>Kontakty Rockside na Slovensku. Bet\u00f3nov\u00e9 v\u00fdrobky vlastnej v\u00fdroby<\/title>\n<meta name=\"description\" content=\"Nach\u00e1dzame sa na adrese: Slovensko, Bratislava, Pri starom letisku, 4. Zavolajte n\u00e1m, nap\u00ed\u0161te alebo pr\u00ed\u010fte do kancel\u00e1rie.\" \/>\n<meta name=\"robots\" content=\"index, follow, max-snippet:-1, max-image-preview:large, max-video-preview:-1\" \/>\n<link rel=\"canonical\" href=\"https:\/\/rockside.sk\/en\/contact-us\/\" \/>\n<meta property=\"og:locale\" content=\"en_GB\" \/>\n<meta property=\"og:type\" content=\"article\" \/>\n<meta property=\"og:title\" content=\"Kontakty Rockside na Slovensku. Bet\u00f3nov\u00e9 v\u00fdrobky vlastnej v\u00fdroby\" \/>\n<meta property=\"og:description\" content=\"Nach\u00e1dzame sa na adrese: Slovensko, Bratislava, Pri starom letisku, 4. Zavolajte n\u00e1m, nap\u00ed\u0161te alebo pr\u00ed\u010fte do kancel\u00e1rie.\" \/>\n<meta property=\"og:url\" content=\"https:\/\/rockside.sk\/en\/contact-us\/\" \/>\n<meta property=\"og:site_name\" content=\"Betonov\u00e9 v\u00fdrobky\" \/>\n<meta property=\"article:modified_time\" content=\"2026-01-21T08:58:51+00:00\" \/>\n<meta property=\"og:image\" content=\"https:\/\/rockside.sk\/wp-content\/uploads\/2025\/08\/Rockside.png\" \/>\n\t<meta property=\"og:image:width\" content=\"1920\" \/>\n\t<meta property=\"og:image:height\" content=\"1080\" \/>\n\t<meta property=\"og:image:type\" content=\"image\/png\" \/>\n<meta name=\"twitter:card\" content=\"summary_large_image\" \/>\n<meta name=\"twitter:label1\" content=\"Estimated reading time\" \/>\n\t<meta name=\"twitter:data1\" content=\"1 minute\" \/>\n<script type=\"application\/ld+json\" class=\"yoast-schema-graph\">{\"@context\":\"https:\/\/schema.org\",\"@graph\":[{\"@type\":\"WebPage\",\"@id\":\"https:\/\/rockside.sk\/contact-us\/\",\"url\":\"https:\/\/rockside.sk\/contact-us\/\",\"name\":\"Kontakty Rockside na Slovensku. Bet\u00f3nov\u00e9 v\u00fdrobky vlastnej v\u00fdroby\",\"isPartOf\":{\"@id\":\"https:\/\/rockside.sk\/#website\"},\"datePublished\":\"2021-10-12T16:27:24+00:00\",\"dateModified\":\"2026-01-21T08:58:51+00:00\",\"description\":\"Nach\u00e1dzame sa na adrese: Slovensko, Bratislava, Pri starom letisku, 4. Zavolajte n\u00e1m, nap\u00ed\u0161te alebo pr\u00ed\u010fte do kancel\u00e1rie.\",\"breadcrumb\":{\"@id\":\"https:\/\/rockside.sk\/contact-us\/#breadcrumb\"},\"inLanguage\":\"en-GB\",\"potentialAction\":[{\"@type\":\"ReadAction\",\"target\":[\"https:\/\/rockside.sk\/contact-us\/\"]}]},{\"@type\":\"BreadcrumbList\",\"@id\":\"https:\/\/rockside.sk\/contact-us\/#breadcrumb\",\"itemListElement\":[{\"@type\":\"ListItem\",\"position\":1,\"name\":\"\u0413\u043b\u0430\u0432\u043d\u0430\u044f \u0441\u0442\u0440\u0430\u043d\u0438\u0446\u0430\",\"item\":\"https:\/\/rockside.sk\/\"},{\"@type\":\"ListItem\",\"position\":2,\"name\":\"Contact us\"}]},{\"@type\":\"WebSite\",\"@id\":\"https:\/\/rockside.sk\/#website\",\"url\":\"https:\/\/rockside.sk\/\",\"name\":\"Rockside Slovensko\",\"description\":\"vonkaj\u0161ie kvetin\u00e1\u010de, z\u00e1hradn\u00e9 font\u00e1ny, lavi\u010dky od v\u00fdrobcu Rockside\",\"publisher\":{\"@id\":\"https:\/\/rockside.sk\/#organization\"},\"alternateName\":\"Rockside\",\"potentialAction\":[{\"@type\":\"SearchAction\",\"target\":{\"@type\":\"EntryPoint\",\"urlTemplate\":\"https:\/\/rockside.sk\/?s={search_term_string}\"},\"query-input\":{\"@type\":\"PropertyValueSpecification\",\"valueRequired\":true,\"valueName\":\"search_term_string\"}}],\"inLanguage\":\"en-GB\"},{\"@type\":\"Organization\",\"@id\":\"https:\/\/rockside.sk\/#organization\",\"name\":\"Betonov\u00e9 v\u00fdrobky\",\"url\":\"https:\/\/rockside.sk\/\",\"logo\":{\"@type\":\"ImageObject\",\"inLanguage\":\"en-GB\",\"@id\":\"https:\/\/rockside.sk\/#\/schema\/logo\/image\/\",\"url\":\"https:\/\/rockside.sk\/wp-content\/uploads\/2025\/08\/Rockside.png\",\"contentUrl\":\"https:\/\/rockside.sk\/wp-content\/uploads\/2025\/08\/Rockside.png\",\"width\":1920,\"height\":1080,\"caption\":\"Betonov\u00e9 v\u00fdrobky\"},\"image\":{\"@id\":\"https:\/\/rockside.sk\/#\/schema\/logo\/image\/\"}}]}<\/script>\n<!-- \/ Yoast SEO plugin. -->","yoast_head_json":{"title":"Kontakty Rockside na Slovensku. Bet\u00f3nov\u00e9 v\u00fdrobky vlastnej v\u00fdroby","description":"Nach\u00e1dzame sa na adrese: Slovensko, Bratislava, Pri starom letisku, 4. Zavolajte n\u00e1m, nap\u00ed\u0161te alebo pr\u00ed\u010fte do kancel\u00e1rie.","robots":{"index":"index","follow":"follow","max-snippet":"max-snippet:-1","max-image-preview":"max-image-preview:large","max-video-preview":"max-video-preview:-1"},"canonical":"https:\/\/rockside.sk\/en\/contact-us\/","og_locale":"en_GB","og_type":"article","og_title":"Kontakty Rockside na Slovensku. Bet\u00f3nov\u00e9 v\u00fdrobky vlastnej v\u00fdroby","og_description":"Nach\u00e1dzame sa na adrese: Slovensko, Bratislava, Pri starom letisku, 4. Zavolajte n\u00e1m, nap\u00ed\u0161te alebo pr\u00ed\u010fte do kancel\u00e1rie.","og_url":"https:\/\/rockside.sk\/en\/contact-us\/","og_site_name":"Betonov\u00e9 v\u00fdrobky","article_modified_time":"2026-01-21T08:58:51+00:00","og_image":[{"width":1920,"height":1080,"url":"https:\/\/rockside.sk\/wp-content\/uploads\/2025\/08\/Rockside.png","type":"image\/png"}],"twitter_card":"summary_large_image","twitter_misc":{"Estimated reading time":"1 minute"},"schema":{"@context":"https:\/\/schema.org","@graph":[{"@type":"WebPage","@id":"https:\/\/rockside.sk\/contact-us\/","url":"https:\/\/rockside.sk\/contact-us\/","name":"Kontakty Rockside na Slovensku. Bet\u00f3nov\u00e9 v\u00fdrobky vlastnej v\u00fdroby","isPartOf":{"@id":"https:\/\/rockside.sk\/#website"},"datePublished":"2021-10-12T16:27:24+00:00","dateModified":"2026-01-21T08:58:51+00:00","description":"Nach\u00e1dzame sa na adrese: Slovensko, Bratislava, Pri starom letisku, 4. Zavolajte n\u00e1m, nap\u00ed\u0161te alebo pr\u00ed\u010fte do kancel\u00e1rie.","breadcrumb":{"@id":"https:\/\/rockside.sk\/contact-us\/#breadcrumb"},"inLanguage":"en-GB","potentialAction":[{"@type":"ReadAction","target":["https:\/\/rockside.sk\/contact-us\/"]}]},{"@type":"BreadcrumbList","@id":"https:\/\/rockside.sk\/contact-us\/#breadcrumb","itemListElement":[{"@type":"ListItem","position":1,"name":"\u0413\u043b\u0430\u0432\u043d\u0430\u044f \u0441\u0442\u0440\u0430\u043d\u0438\u0446\u0430","item":"https:\/\/rockside.sk\/"},{"@type":"ListItem","position":2,"name":"Contact us"}]},{"@type":"WebSite","@id":"https:\/\/rockside.sk\/#website","url":"https:\/\/rockside.sk\/","name":"Rockside Slovensko","description":"vonkaj\u0161ie kvetin\u00e1\u010de, z\u00e1hradn\u00e9 font\u00e1ny, lavi\u010dky od v\u00fdrobcu Rockside","publisher":{"@id":"https:\/\/rockside.sk\/#organization"},"alternateName":"Rockside","potentialAction":[{"@type":"SearchAction","target":{"@type":"EntryPoint","urlTemplate":"https:\/\/rockside.sk\/?s={search_term_string}"},"query-input":{"@type":"PropertyValueSpecification","valueRequired":true,"valueName":"search_term_string"}}],"inLanguage":"en-GB"},{"@type":"Organization","@id":"https:\/\/rockside.sk\/#organization","name":"Concrete products","url":"https:\/\/rockside.sk\/","logo":{"@type":"ImageObject","inLanguage":"en-GB","@id":"https:\/\/rockside.sk\/#\/schema\/logo\/image\/","url":"https:\/\/rockside.sk\/wp-content\/uploads\/2025\/08\/Rockside.png","contentUrl":"https:\/\/rockside.sk\/wp-content\/uploads\/2025\/08\/Rockside.png","width":1920,"height":1080,"caption":"Betonov\u00e9 v\u00fdrobky"},"image":{"@id":"https:\/\/rockside.sk\/#\/schema\/logo\/image\/"}}]}},"jetpack_sharing_enabled":true,"_links":{"self":[{"href":"https:\/\/rockside.sk\/en\/wp-json\/wp\/v2\/pages\/4439","targetHints":{"allow":["GET"]}}],"collection":[{"href":"https:\/\/rockside.sk\/en\/wp-json\/wp\/v2\/pages"}],"about":[{"href":"https:\/\/rockside.sk\/en\/wp-json\/wp\/v2\/types\/page"}],"author":[{"embeddable":true,"href":"https:\/\/rockside.sk\/en\/wp-json\/wp\/v2\/users\/1"}],"replies":[{"embeddable":true,"href":"https:\/\/rockside.sk\/en\/wp-json\/wp\/v2\/comments?post=4439"}],"version-history":[{"count":130,"href":"https:\/\/rockside.sk\/en\/wp-json\/wp\/v2\/pages\/4439\/revisions"}],"predecessor-version":[{"id":35117,"href":"https:\/\/rockside.sk\/en\/wp-json\/wp\/v2\/pages\/4439\/revisions\/35117"}],"wp:attachment":[{"href":"https:\/\/rockside.sk\/en\/wp-json\/wp\/v2\/media?parent=4439"}],"curies":[{"name":"wp","href":"https:\/\/api.w.org\/{rel}","templated":true}]}}