{"id":35038,"date":"2026-01-14T16:22:47","date_gmt":"2026-01-14T13:22:47","guid":{"rendered":"https:\/\/rockside.sk\/?page_id=35038"},"modified":"2026-01-15T11:08:16","modified_gmt":"2026-01-15T08:08:16","slug":"dorucenie-a-platba","status":"publish","type":"page","link":"https:\/\/rockside.sk\/en\/dorucenie-a-platba\/","title":{"rendered":"Delivery and payment"},"content":{"rendered":"<div data-elementor-type=\"wp-page\" data-elementor-id=\"35038\" class=\"elementor elementor-35038\">\n\t\t\t\t<div class=\"wd-negative-gap elementor-element elementor-element-7b6d90a e-flex e-con-boxed e-con e-parent\" data-id=\"7b6d90a\" data-element_type=\"container\">\n\t\t\t\t\t<div class=\"e-con-inner\">\n\t\t\t\t<div class=\"elementor-element elementor-element-bd3f78f elementor-widget elementor-widget-wd_text_block\" data-id=\"bd3f78f\" data-element_type=\"widget\" data-widget_type=\"wd_text_block.default\">\n\t\t\t\t<div class=\"elementor-widget-container\">\n\t\t\t\t\t\t\t<div class=\"wd-text-block reset-last-child text-left\">\n\t\t\t\n\t\t\t<h2 style=\"text-align: center;\">Delivery of concrete products<\/h2><p style=\"text-align: center;\">Available delivery options:<\/p>\n\t\t\t\t\t<\/div>\n\t\t\t\t\t\t<\/div>\n\t\t\t\t<\/div>\n\t\t\t\t\t<\/div>\n\t\t\t\t<\/div>\n\t\t<div class=\"wd-negative-gap elementor-element elementor-element-1e595b9 e-flex e-con-boxed e-con e-parent\" data-id=\"1e595b9\" data-element_type=\"container\" data-settings=\"{&quot;background_background&quot;:&quot;classic&quot;}\">\n\t\t\t\t\t<div class=\"e-con-inner\">\n\t\t<div class=\"elementor-element elementor-element-31247d9 e-con-full e-flex e-con e-child\" data-id=\"31247d9\" data-element_type=\"container\">\n\t\t\t\t<div class=\"elementor-element elementor-element-3be36f1 elementor-widget__width-initial elementor-widget elementor-widget-wd_infobox\" data-id=\"3be36f1\" data-element_type=\"widget\" data-widget_type=\"wd_infobox.default\">\n\t\t\t\t<div class=\"elementor-widget-container\">\n\t\t\t\t\t\t\t<div class=\"info-box-wrapper\">\n\t\t\t<div class=\"wd-info-box text-center box-icon-align-top box-style-base color-scheme-\">\n\t\t\t\t\t\t\t\t\t<div class=\"box-icon-wrapper  box-with-text text-size-default box-icon-with-bg\">\n\t\t\t\t\t\t<div class=\"info-box-icon\">\n\t\t\t\t\t\t\t\t\t\t\t\t\t\t\t1\t\t\t\t\t\t\t\t\t\t\t\t\t<\/div>\n\t\t\t\t\t<\/div>\n\t\t\t\t\n\t\t\t\t<div class=\"info-box-content\">\n\t\t\t\t\t\n\t\t\t\t\t\n\t\t\t\t\t<div class=\"info-box-inner reset-last-child\"data-elementor-setting-key=\"content\"><p>Vehicle with hydraulic manipulator<\/p>\n<\/div>\n\n\t\t\t\t\t\t\t\t\t<\/div>\n\n\t\t\t\t\t\t\t<\/div>\n\t\t<\/div>\n\t\t\t\t\t\t<\/div>\n\t\t\t\t<\/div>\n\t\t\t\t<\/div>\n\t\t<div class=\"elementor-element elementor-element-957d377 e-con-full e-flex e-con e-child\" data-id=\"957d377\" data-element_type=\"container\">\n\t\t\t\t<div class=\"elementor-element elementor-element-2a0b594 elementor-widget elementor-widget-wd_text_block\" data-id=\"2a0b594\" data-element_type=\"widget\" data-widget_type=\"wd_text_block.default\">\n\t\t\t\t<div class=\"elementor-widget-container\">\n\t\t\t\t\t\t\t<div class=\"wd-text-block reset-last-child text-left\">\n\t\t\t\n\t\t\t<p style=\"text-align: center;\">Price:<br \/>\u20ac1.70\/km (paid for both ways)<\/p><p style=\"text-align: center;\">Unloading: \u20ac10\/pallet (unloading using a hydraulic manipulator)<br \/>Vehicle dimensions: up to 6.4 m \u00d7 2.5 m<\/p>\n\t\t\t\t\t<\/div>\n\t\t\t\t\t\t<\/div>\n\t\t\t\t<\/div>\n\t\t\t\t<\/div>\n\t\t\t\t\t<\/div>\n\t\t\t\t<\/div>\n\t\t<div class=\"wd-negative-gap elementor-element elementor-element-7c40008 e-flex e-con-boxed e-con e-parent\" data-id=\"7c40008\" data-element_type=\"container\" data-settings=\"{&quot;background_background&quot;:&quot;classic&quot;}\">\n\t\t\t\t\t<div class=\"e-con-inner\">\n\t\t<div class=\"elementor-element elementor-element-fdd1fbe e-con-full e-flex e-con e-child\" data-id=\"fdd1fbe\" data-element_type=\"container\">\n\t\t\t\t<div class=\"elementor-element elementor-element-79f46c87 elementor-widget__width-initial elementor-widget elementor-widget-wd_infobox\" data-id=\"79f46c87\" data-element_type=\"widget\" data-widget_type=\"wd_infobox.default\">\n\t\t\t\t<div class=\"elementor-widget-container\">\n\t\t\t\t\t\t\t<div class=\"info-box-wrapper\">\n\t\t\t<div class=\"wd-info-box text-center box-icon-align-top box-style-base color-scheme-\">\n\t\t\t\t\t\t\t\t\t<div class=\"box-icon-wrapper  box-with-text text-size-default box-icon-with-bg\">\n\t\t\t\t\t\t<div class=\"info-box-icon\">\n\t\t\t\t\t\t\t\t\t\t\t\t\t\t\t2\t\t\t\t\t\t\t\t\t\t\t\t\t<\/div>\n\t\t\t\t\t<\/div>\n\t\t\t\t\n\t\t\t\t<div class=\"info-box-content\">\n\t\t\t\t\t\n\t\t\t\t\t\n\t\t\t\t\t<div class=\"info-box-inner reset-last-child\"data-elementor-setting-key=\"content\"><p>Vehicle with hydraulic manipulator and trailer<\/p>\n<\/div>\n\n\t\t\t\t\t\t\t\t\t<\/div>\n\n\t\t\t\t\t\t\t<\/div>\n\t\t<\/div>\n\t\t\t\t\t\t<\/div>\n\t\t\t\t<\/div>\n\t\t\t\t<\/div>\n\t\t<div class=\"elementor-element elementor-element-de13c16 e-con-full e-flex e-con e-child\" data-id=\"de13c16\" data-element_type=\"container\">\n\t\t\t\t<div class=\"elementor-element elementor-element-107128b elementor-widget elementor-widget-wd_text_block\" data-id=\"107128b\" data-element_type=\"widget\" data-widget_type=\"wd_text_block.default\">\n\t\t\t\t<div class=\"elementor-widget-container\">\n\t\t\t\t\t\t\t<div class=\"wd-text-block reset-last-child text-left\">\n\t\t\t\n\t\t\t<p style=\"text-align: center;\">Price:<br \/>\u20ac2.00\/km (paid for both ways)<\/p><p style=\"text-align: center;\">Unloading: \u20ac60\/hour of manipulator operation<\/p><p style=\"text-align: center;\">Vehicle dimensions:<br \/>passenger car: up to 6.4 m \u00d7 2.5 m<br \/>trailer: up to 7.0 m \u00d7 2.5 m<\/p>\n\t\t\t\t\t<\/div>\n\t\t\t\t\t\t<\/div>\n\t\t\t\t<\/div>\n\t\t\t\t<\/div>\n\t\t\t\t\t<\/div>\n\t\t\t\t<\/div>\n\t\t<div class=\"wd-negative-gap elementor-element elementor-element-e7521f1 e-flex e-con-boxed e-con e-parent\" data-id=\"e7521f1\" data-element_type=\"container\" data-settings=\"{&quot;background_background&quot;:&quot;classic&quot;}\">\n\t\t\t\t\t<div class=\"e-con-inner\">\n\t\t<div class=\"elementor-element elementor-element-a95beac e-con-full e-flex e-con e-child\" data-id=\"a95beac\" data-element_type=\"container\">\n\t\t\t\t<div class=\"elementor-element elementor-element-192b21e2 elementor-widget__width-initial elementor-widget elementor-widget-wd_infobox\" data-id=\"192b21e2\" data-element_type=\"widget\" data-widget_type=\"wd_infobox.default\">\n\t\t\t\t<div class=\"elementor-widget-container\">\n\t\t\t\t\t\t\t<div class=\"info-box-wrapper\">\n\t\t\t<div class=\"wd-info-box text-center box-icon-align-top box-style-base color-scheme-\">\n\t\t\t\t\t\t\t\t\t<div class=\"box-icon-wrapper  box-with-text text-size-default box-icon-with-bg\">\n\t\t\t\t\t\t<div class=\"info-box-icon\">\n\t\t\t\t\t\t\t\t\t\t\t\t\t\t\t3\t\t\t\t\t\t\t\t\t\t\t\t\t<\/div>\n\t\t\t\t\t<\/div>\n\t\t\t\t\n\t\t\t\t<div class=\"info-box-content\">\n\t\t\t\t\t\n\t\t\t\t\t\n\t\t\t\t\t<div class=\"info-box-inner reset-last-child\"data-elementor-setting-key=\"content\"><p>Truck without manipulator<\/p>\n<\/div>\n\n\t\t\t\t\t\t\t\t\t<\/div>\n\n\t\t\t\t\t\t\t<\/div>\n\t\t<\/div>\n\t\t\t\t\t\t<\/div>\n\t\t\t\t<\/div>\n\t\t\t\t<\/div>\n\t\t<div class=\"elementor-element elementor-element-abb64bc e-con-full e-flex e-con e-child\" data-id=\"abb64bc\" data-element_type=\"container\">\n\t\t\t\t<div class=\"elementor-element elementor-element-4be8aa0 elementor-widget elementor-widget-wd_text_block\" data-id=\"4be8aa0\" data-element_type=\"widget\" data-widget_type=\"wd_text_block.default\">\n\t\t\t\t<div class=\"elementor-widget-container\">\n\t\t\t\t\t\t\t<div class=\"wd-text-block reset-last-child text-left\">\n\t\t\t\n\t\t\t<p style=\"text-align: center;\">The price is negotiable and depends on the route and the availability of free space in the direction of travel.<\/p><p style=\"text-align: center;\">Unloading is provided by the customer.<\/p><p style=\"text-align: center;\">Requirements:<br \/>Availability of loading equipment.<br \/>Prepared, flat and accessible area for truck access.<\/p>\n\t\t\t\t\t<\/div>\n\t\t\t\t\t\t<\/div>\n\t\t\t\t<\/div>\n\t\t\t\t<\/div>\n\t\t\t\t\t<\/div>\n\t\t\t\t<\/div>\n\t\t<div class=\"wd-negative-gap elementor-element elementor-element-dfaa6f6 e-flex e-con-boxed e-con e-parent\" data-id=\"dfaa6f6\" data-element_type=\"container\" data-settings=\"{&quot;background_background&quot;:&quot;classic&quot;}\">\n\t\t\t\t\t<div class=\"e-con-inner\">\n\t\t<div class=\"elementor-element elementor-element-80bc96e e-con-full e-flex e-con e-child\" data-id=\"80bc96e\" data-element_type=\"container\">\n\t\t\t\t<div class=\"elementor-element elementor-element-4a7a6591 elementor-widget__width-initial elementor-widget elementor-widget-wd_infobox\" data-id=\"4a7a6591\" data-element_type=\"widget\" data-widget_type=\"wd_infobox.default\">\n\t\t\t\t<div class=\"elementor-widget-container\">\n\t\t\t\t\t\t\t<div class=\"info-box-wrapper\">\n\t\t\t<div class=\"wd-info-box text-center box-icon-align-top box-style-base color-scheme-\">\n\t\t\t\t\t\t\t\t\t<div class=\"box-icon-wrapper  box-with-text text-size-default box-icon-with-bg\">\n\t\t\t\t\t\t<div class=\"info-box-icon\">\n\t\t\t\t\t\t\t\t\t\t\t\t\t\t\t4\t\t\t\t\t\t\t\t\t\t\t\t\t<\/div>\n\t\t\t\t\t<\/div>\n\t\t\t\t\n\t\t\t\t<div class=\"info-box-content\">\n\t\t\t\t\t\n\t\t\t\t\t\n\t\t\t\t\t<div class=\"info-box-inner reset-last-child\"data-elementor-setting-key=\"content\"><p>You can pick up the products in person<\/p>\n<\/div>\n\n\t\t\t\t\t\t\t\t\t<\/div>\n\n\t\t\t\t\t\t\t<\/div>\n\t\t<\/div>\n\t\t\t\t\t\t<\/div>\n\t\t\t\t<\/div>\n\t\t\t\t<\/div>\n\t\t<div class=\"elementor-element elementor-element-7a51e92 e-con-full e-flex e-con e-child\" data-id=\"7a51e92\" data-element_type=\"container\">\n\t\t\t\t<div class=\"elementor-element elementor-element-47df72a elementor-widget elementor-widget-wd_text_block\" data-id=\"47df72a\" data-element_type=\"widget\" data-widget_type=\"wd_text_block.default\">\n\t\t\t\t<div class=\"elementor-widget-container\">\n\t\t\t\t\t\t\t<div class=\"wd-text-block reset-last-child text-left\">\n\t\t\t\n\t\t\t<p style=\"text-align: center;\">Personal collection at:<\/p><p style=\"text-align: center;\">At the old airport 4, 831 07 Bratislava, Slovakia<\/p>\n\t\t\t\t\t<\/div>\n\t\t\t\t\t\t<\/div>\n\t\t\t\t<\/div>\n\t\t\t\t<\/div>\n\t\t\t\t\t<\/div>\n\t\t\t\t<\/div>\n\t\t<div class=\"wd-negative-gap elementor-element elementor-element-5f4ceaf e-flex e-con-boxed e-con e-parent\" data-id=\"5f4ceaf\" data-element_type=\"container\">\n\t\t\t\t\t<div class=\"e-con-inner\">\n\t\t\t\t<div class=\"elementor-element elementor-element-46a5947 elementor-widget elementor-widget-wd_text_block\" data-id=\"46a5947\" data-element_type=\"widget\" data-widget_type=\"wd_text_block.default\">\n\t\t\t\t<div class=\"elementor-widget-container\">\n\t\t\t\t\t\t\t<div class=\"wd-text-block reset-last-child text-left\">\n\t\t\t\n\t\t\t<h2 style=\"text-align: center;\">Payment<\/h2>\n\t\t\t\t\t<\/div>\n\t\t\t\t\t\t<\/div>\n\t\t\t\t<\/div>\n\t\t\t\t\t<\/div>\n\t\t\t\t<\/div>\n\t\t<div class=\"wd-negative-gap elementor-element elementor-element-c7ff67b e-flex e-con-boxed e-con e-parent\" data-id=\"c7ff67b\" data-element_type=\"container\" data-settings=\"{&quot;background_background&quot;:&quot;classic&quot;}\">\n\t\t\t\t\t<div class=\"e-con-inner\">\n\t\t\t\t<div class=\"elementor-element elementor-element-e99cf4a elementor-widget elementor-widget-wd_text_block\" data-id=\"e99cf4a\" data-element_type=\"widget\" data-widget_type=\"wd_text_block.default\">\n\t\t\t\t<div class=\"elementor-widget-container\">\n\t\t\t\t\t\t\t<div class=\"wd-text-block reset-last-child text-left\">\n\t\t\t\n\t\t\t<p>1. The buyer can pay the price of the goods and any costs associated with the delivery of the goods under the purchase contract in the following ways: by bank transfer to the seller&#039;s bank account VUB Banka, IBAN: SK55 0200 0000 0048 3724 3651, SWIFT\/BIC: SUBASKBX<\/p><ul class=\"wp-block-list\"><li>cashless payment card,<\/li><li>by cashless transfer to the seller&#039;s account via the GLOBAL PAYMENTS payment gateway,<\/li><li>cash on delivery or by credit card upon delivery of the goods,<\/li><li>in cash or by credit card when collecting in person at the store,<\/li><li>in cash or by credit card upon personal collection at the Slovak Post office<\/li><\/ul><p>2. Together with the purchase price, the buyer is obliged to pay the seller the costs associated with packaging and delivery of the goods in the agreed amount. Unless otherwise expressly stated below, the purchase price also includes the costs associated with delivery of the goods.<\/p><p>3. In the case of cash payment, the purchase price is payable upon receipt of the goods. In the case of non-cash payment, the purchase price is payable within 1-3 days of concluding the purchase contract.<\/p><p>4. In the case of payment via a payment gateway, the buyer shall follow the instructions of the relevant electronic payment provider.<\/p><p>5. In the case of cashless payment, the buyer&#039;s obligation to pay the purchase price is fulfilled at the moment the relevant amount is credited to the seller&#039;s bank account.<\/p><p>6. The Seller does not require any advance payment or other similar payment from the Buyer. Payment of the purchase price before shipping the goods is not a deposit.<\/p><p>7. According to the Sales Registration Act, the seller is obliged to issue a receipt to the buyer. At the same time, he is obliged to register the received sales with the tax administrator online, in the event of a technical failure, then no later than within 48 hours.<\/p><p>8. The goods are delivered to the buyer:<\/p><ul class=\"wp-block-list\"><li>to the address specified by the buyer in the order, via the delivery office to the delivery office address specified by the buyer,<\/li><li>by personal collection at the seller&#039;s premises<\/li><\/ul><p>9. The choice of delivery method is made when ordering goods.<\/p><p>10. The costs of delivering the goods, depending on the method of sending and receiving the goods, are stated in the buyer&#039;s order and in the seller&#039;s order confirmation. In the event that the method of transport is agreed upon based on the buyer&#039;s special request, the buyer bears the risk and any additional costs associated with this method of transport (e.g. change of fee for overweight goods)<\/p><p>11. If the seller is obliged to deliver the goods to the place specified by the buyer in the order, the buyer is obliged to take over the goods upon delivery. If, for reasons on the buyer&#039;s part, it is necessary to deliver the goods repeatedly or in a different way than specified in the order, the buyer is obliged to pay the costs associated with the repeated delivery of the goods, or the costs associated with a different method of delivery.<\/p><p>12. When accepting the goods from the carrier, the buyer is obliged to check the integrity of the packaging of the goods and in case of any defects, immediately notify the carrier. If the packaging is damaged indicating unauthorized entry into the shipment, the buyer does not have to accept the shipment from the carrier.\u00a0<\/p><p>13. The seller will issue a tax document - invoice to the buyer. The tax document is sent to the buyer&#039;s email address, or the tax document is attached to the delivered goods.<\/p><p>14. The buyer acquires ownership of the goods by paying the full purchase price for the goods, including delivery costs, but first by taking over the goods. Responsibility for accidental destruction, damage or loss of the goods passes to the buyer at the moment of taking over the goods or at the moment when the buyer was obliged to take over the goods, but did not do so in violation of the purchase contract.<\/p>\n\t\t\t\t\t<\/div>\n\t\t\t\t\t\t<\/div>\n\t\t\t\t<\/div>\n\t\t\t\t\t<\/div>\n\t\t\t\t<\/div>\n\t\t\t\t<\/div>","protected":false},"excerpt":{"rendered":"<p>Dod\u00e1vka bet\u00f3nov\u00fdch v\u00fdrobkov Dostupn\u00e9 mo\u017enosti doru\u010denia: 1 Vozidlo s hydraulick\u00fdm manipul\u00e1torom Cena:1,70 \u20ac\/km (plat\u00ed sa za obe cesty) Vykl\u00e1dka: 10<\/p>","protected":false},"author":1,"featured_media":0,"parent":0,"menu_order":0,"comment_status":"closed","ping_status":"closed","template":"","meta":{"footnotes":""},"class_list":["post-35038","page","type-page","status-publish","hentry"],"yoast_head":"<!-- This site is optimized with the Yoast SEO plugin v25.6 - https:\/\/yoast.com\/wordpress\/plugins\/seo\/ -->\n<title>Doru\u010denie a platba - Betonov\u00e9 v\u00fdrobky<\/title>\n<meta name=\"robots\" content=\"index, follow, max-snippet:-1, max-image-preview:large, max-video-preview:-1\" \/>\n<link rel=\"canonical\" href=\"https:\/\/rockside.sk\/en\/dorucenie-a-platba\/\" \/>\n<meta property=\"og:locale\" content=\"en_GB\" \/>\n<meta property=\"og:type\" content=\"article\" \/>\n<meta property=\"og:title\" content=\"Doru\u010denie a platba - Betonov\u00e9 v\u00fdrobky\" \/>\n<meta property=\"og:description\" content=\"Dod\u00e1vka bet\u00f3nov\u00fdch v\u00fdrobkov Dostupn\u00e9 mo\u017enosti doru\u010denia: 1 Vozidlo s hydraulick\u00fdm manipul\u00e1torom Cena:1,70 \u20ac\/km (plat\u00ed sa za obe cesty) Vykl\u00e1dka: 10\" \/>\n<meta property=\"og:url\" content=\"https:\/\/rockside.sk\/en\/dorucenie-a-platba\/\" \/>\n<meta property=\"og:site_name\" content=\"Betonov\u00e9 v\u00fdrobky\" \/>\n<meta property=\"article:modified_time\" content=\"2026-01-15T08:08:16+00:00\" \/>\n<meta property=\"og:image\" content=\"https:\/\/rockside.sk\/wp-content\/uploads\/2025\/08\/Rockside.png\" \/>\n\t<meta property=\"og:image:width\" content=\"1920\" \/>\n\t<meta property=\"og:image:height\" content=\"1080\" \/>\n\t<meta property=\"og:image:type\" content=\"image\/png\" \/>\n<meta name=\"twitter:card\" content=\"summary_large_image\" \/>\n<meta name=\"twitter:label1\" content=\"Estimated reading time\" \/>\n\t<meta name=\"twitter:data1\" content=\"4 minutes\" \/>\n<script type=\"application\/ld+json\" class=\"yoast-schema-graph\">{\"@context\":\"https:\/\/schema.org\",\"@graph\":[{\"@type\":\"WebPage\",\"@id\":\"https:\/\/rockside.sk\/dorucenie-a-platba\/\",\"url\":\"https:\/\/rockside.sk\/dorucenie-a-platba\/\",\"name\":\"Doru\u010denie a platba - Betonov\u00e9 v\u00fdrobky\",\"isPartOf\":{\"@id\":\"https:\/\/rockside.sk\/#website\"},\"datePublished\":\"2026-01-14T13:22:47+00:00\",\"dateModified\":\"2026-01-15T08:08:16+00:00\",\"breadcrumb\":{\"@id\":\"https:\/\/rockside.sk\/dorucenie-a-platba\/#breadcrumb\"},\"inLanguage\":\"en-GB\",\"potentialAction\":[{\"@type\":\"ReadAction\",\"target\":[\"https:\/\/rockside.sk\/dorucenie-a-platba\/\"]}]},{\"@type\":\"BreadcrumbList\",\"@id\":\"https:\/\/rockside.sk\/dorucenie-a-platba\/#breadcrumb\",\"itemListElement\":[{\"@type\":\"ListItem\",\"position\":1,\"name\":\"\u0413\u043b\u0430\u0432\u043d\u0430\u044f \u0441\u0442\u0440\u0430\u043d\u0438\u0446\u0430\",\"item\":\"https:\/\/rockside.sk\/\"},{\"@type\":\"ListItem\",\"position\":2,\"name\":\"Doru\u010denie a platba\"}]},{\"@type\":\"WebSite\",\"@id\":\"https:\/\/rockside.sk\/#website\",\"url\":\"https:\/\/rockside.sk\/\",\"name\":\"Rockside Slovensko\",\"description\":\"vonkaj\u0161ie kvetin\u00e1\u010de, z\u00e1hradn\u00e9 font\u00e1ny, lavi\u010dky od v\u00fdrobcu Rockside\",\"publisher\":{\"@id\":\"https:\/\/rockside.sk\/#organization\"},\"alternateName\":\"Rockside\",\"potentialAction\":[{\"@type\":\"SearchAction\",\"target\":{\"@type\":\"EntryPoint\",\"urlTemplate\":\"https:\/\/rockside.sk\/?s={search_term_string}\"},\"query-input\":{\"@type\":\"PropertyValueSpecification\",\"valueRequired\":true,\"valueName\":\"search_term_string\"}}],\"inLanguage\":\"en-GB\"},{\"@type\":\"Organization\",\"@id\":\"https:\/\/rockside.sk\/#organization\",\"name\":\"Betonov\u00e9 v\u00fdrobky\",\"url\":\"https:\/\/rockside.sk\/\",\"logo\":{\"@type\":\"ImageObject\",\"inLanguage\":\"en-GB\",\"@id\":\"https:\/\/rockside.sk\/#\/schema\/logo\/image\/\",\"url\":\"https:\/\/rockside.sk\/wp-content\/uploads\/2025\/08\/Rockside.png\",\"contentUrl\":\"https:\/\/rockside.sk\/wp-content\/uploads\/2025\/08\/Rockside.png\",\"width\":1920,\"height\":1080,\"caption\":\"Betonov\u00e9 v\u00fdrobky\"},\"image\":{\"@id\":\"https:\/\/rockside.sk\/#\/schema\/logo\/image\/\"}}]}<\/script>\n<!-- \/ Yoast SEO plugin. -->","yoast_head_json":{"title":"Doru\u010denie a platba - Betonov\u00e9 v\u00fdrobky","robots":{"index":"index","follow":"follow","max-snippet":"max-snippet:-1","max-image-preview":"max-image-preview:large","max-video-preview":"max-video-preview:-1"},"canonical":"https:\/\/rockside.sk\/en\/dorucenie-a-platba\/","og_locale":"en_GB","og_type":"article","og_title":"Doru\u010denie a platba - Betonov\u00e9 v\u00fdrobky","og_description":"Dod\u00e1vka bet\u00f3nov\u00fdch v\u00fdrobkov Dostupn\u00e9 mo\u017enosti doru\u010denia: 1 Vozidlo s hydraulick\u00fdm manipul\u00e1torom Cena:1,70 \u20ac\/km (plat\u00ed sa za obe cesty) Vykl\u00e1dka: 10","og_url":"https:\/\/rockside.sk\/en\/dorucenie-a-platba\/","og_site_name":"Betonov\u00e9 v\u00fdrobky","article_modified_time":"2026-01-15T08:08:16+00:00","og_image":[{"width":1920,"height":1080,"url":"https:\/\/rockside.sk\/wp-content\/uploads\/2025\/08\/Rockside.png","type":"image\/png"}],"twitter_card":"summary_large_image","twitter_misc":{"Estimated reading time":"4 minutes"},"schema":{"@context":"https:\/\/schema.org","@graph":[{"@type":"WebPage","@id":"https:\/\/rockside.sk\/dorucenie-a-platba\/","url":"https:\/\/rockside.sk\/dorucenie-a-platba\/","name":"Doru\u010denie a platba - Betonov\u00e9 v\u00fdrobky","isPartOf":{"@id":"https:\/\/rockside.sk\/#website"},"datePublished":"2026-01-14T13:22:47+00:00","dateModified":"2026-01-15T08:08:16+00:00","breadcrumb":{"@id":"https:\/\/rockside.sk\/dorucenie-a-platba\/#breadcrumb"},"inLanguage":"en-GB","potentialAction":[{"@type":"ReadAction","target":["https:\/\/rockside.sk\/dorucenie-a-platba\/"]}]},{"@type":"BreadcrumbList","@id":"https:\/\/rockside.sk\/dorucenie-a-platba\/#breadcrumb","itemListElement":[{"@type":"ListItem","position":1,"name":"\u0413\u043b\u0430\u0432\u043d\u0430\u044f \u0441\u0442\u0440\u0430\u043d\u0438\u0446\u0430","item":"https:\/\/rockside.sk\/"},{"@type":"ListItem","position":2,"name":"Doru\u010denie a platba"}]},{"@type":"WebSite","@id":"https:\/\/rockside.sk\/#website","url":"https:\/\/rockside.sk\/","name":"Rockside Slovensko","description":"vonkaj\u0161ie kvetin\u00e1\u010de, z\u00e1hradn\u00e9 font\u00e1ny, lavi\u010dky od v\u00fdrobcu Rockside","publisher":{"@id":"https:\/\/rockside.sk\/#organization"},"alternateName":"Rockside","potentialAction":[{"@type":"SearchAction","target":{"@type":"EntryPoint","urlTemplate":"https:\/\/rockside.sk\/?s={search_term_string}"},"query-input":{"@type":"PropertyValueSpecification","valueRequired":true,"valueName":"search_term_string"}}],"inLanguage":"en-GB"},{"@type":"Organization","@id":"https:\/\/rockside.sk\/#organization","name":"Concrete products","url":"https:\/\/rockside.sk\/","logo":{"@type":"ImageObject","inLanguage":"en-GB","@id":"https:\/\/rockside.sk\/#\/schema\/logo\/image\/","url":"https:\/\/rockside.sk\/wp-content\/uploads\/2025\/08\/Rockside.png","contentUrl":"https:\/\/rockside.sk\/wp-content\/uploads\/2025\/08\/Rockside.png","width":1920,"height":1080,"caption":"Betonov\u00e9 v\u00fdrobky"},"image":{"@id":"https:\/\/rockside.sk\/#\/schema\/logo\/image\/"}}]}},"jetpack_sharing_enabled":true,"_links":{"self":[{"href":"https:\/\/rockside.sk\/en\/wp-json\/wp\/v2\/pages\/35038","targetHints":{"allow":["GET"]}}],"collection":[{"href":"https:\/\/rockside.sk\/en\/wp-json\/wp\/v2\/pages"}],"about":[{"href":"https:\/\/rockside.sk\/en\/wp-json\/wp\/v2\/types\/page"}],"author":[{"embeddable":true,"href":"https:\/\/rockside.sk\/en\/wp-json\/wp\/v2\/users\/1"}],"replies":[{"embeddable":true,"href":"https:\/\/rockside.sk\/en\/wp-json\/wp\/v2\/comments?post=35038"}],"version-history":[{"count":22,"href":"https:\/\/rockside.sk\/en\/wp-json\/wp\/v2\/pages\/35038\/revisions"}],"predecessor-version":[{"id":35067,"href":"https:\/\/rockside.sk\/en\/wp-json\/wp\/v2\/pages\/35038\/revisions\/35067"}],"wp:attachment":[{"href":"https:\/\/rockside.sk\/en\/wp-json\/wp\/v2\/media?parent=35038"}],"curies":[{"name":"wp","href":"https:\/\/api.w.org\/{rel}","templated":true}]}}