{"id":34407,"date":"2025-08-31T17:27:53","date_gmt":"2025-08-31T14:27:53","guid":{"rendered":"https:\/\/rockside.sk\/?page_id=34407"},"modified":"2025-08-31T17:35:45","modified_gmt":"2025-08-31T14:35:45","slug":"subory-cookies","status":"publish","type":"page","link":"https:\/\/rockside.sk\/en\/subory-cookies\/","title":{"rendered":"Cookies"},"content":{"rendered":"<div data-elementor-type=\"wp-page\" data-elementor-id=\"34407\" class=\"elementor elementor-34407\">\n\t\t\t\t<div class=\"wd-negative-gap elementor-element elementor-element-3130808 e-flex e-con-boxed e-con e-parent\" data-id=\"3130808\" data-element_type=\"container\">\n\t\t\t\t\t<div class=\"e-con-inner\">\n\t\t\t\t<div class=\"elementor-element elementor-element-13893b3 elementor-widget elementor-widget-wd_text_block\" data-id=\"13893b3\" data-element_type=\"widget\" data-widget_type=\"wd_text_block.default\">\n\t\t\t\t<div class=\"elementor-widget-container\">\n\t\t\t\t\t\t\t<div class=\"wd-text-block reset-last-child text-left\">\n\t\t\t\n\t\t\t<h1 style=\"text-align: center;\">Cookies<\/h1>\n\t\t\t\t\t<\/div>\n\t\t\t\t\t\t<\/div>\n\t\t\t\t<\/div>\n\t\t\t\t\t<\/div>\n\t\t\t\t<\/div>\n\t\t<div class=\"wd-negative-gap elementor-element elementor-element-f8eb5aa e-flex e-con-boxed e-con e-parent\" data-id=\"f8eb5aa\" data-element_type=\"container\">\n\t\t\t\t\t<div class=\"e-con-inner\">\n\t\t\t\t<div class=\"elementor-element elementor-element-1aa1056 elementor-widget elementor-widget-wd_text_block\" data-id=\"1aa1056\" data-element_type=\"widget\" data-widget_type=\"wd_text_block.default\">\n\t\t\t\t<div class=\"elementor-widget-container\">\n\t\t\t\t\t\t\t<div class=\"wd-text-block reset-last-child text-left\">\n\t\t\t\n\t\t\t<p>Our website uses cookies. <strong data-start=\"282\" data-end=\"293\">cookies<\/strong>, so that we can provide you with better service, smoother website operation, and more convenient shopping.<\/p>\n\t\t\t\t\t<\/div>\n\t\t\t\t\t\t<\/div>\n\t\t\t\t<\/div>\n\t\t\t\t<div class=\"elementor-element elementor-element-22880c0 elementor-widget elementor-widget-wd_text_block\" data-id=\"22880c0\" data-element_type=\"widget\" data-widget_type=\"wd_text_block.default\">\n\t\t\t\t<div class=\"elementor-widget-container\">\n\t\t\t\t\t\t\t<div class=\"wd-text-block reset-last-child text-left\">\n\t\t\t\n\t\t\t<h2>What are cookies?<\/h2>\n\t\t\t\t\t<\/div>\n\t\t\t\t\t\t<\/div>\n\t\t\t\t<\/div>\n\t\t\t\t<div class=\"elementor-element elementor-element-ce1d83d elementor-widget elementor-widget-wd_text_block\" data-id=\"ce1d83d\" data-element_type=\"widget\" data-widget_type=\"wd_text_block.default\">\n\t\t\t\t<div class=\"elementor-widget-container\">\n\t\t\t\t\t\t\t<div class=\"wd-text-block reset-last-child text-left\">\n\t\t\t\n\t\t\t<p>Cookies are small text files that are stored in your browser when you visit a website. They help recognize your device, remember your settings, and make the site easier to use.<\/p>\n\t\t\t\t\t<\/div>\n\t\t\t\t\t\t<\/div>\n\t\t\t\t<\/div>\n\t\t\t\t<div class=\"elementor-element elementor-element-02a6250 elementor-widget elementor-widget-wd_text_block\" data-id=\"02a6250\" data-element_type=\"widget\" data-widget_type=\"wd_text_block.default\">\n\t\t\t\t<div class=\"elementor-widget-container\">\n\t\t\t\t\t\t\t<div class=\"wd-text-block reset-last-child text-left\">\n\t\t\t\n\t\t\t<h2>What types of cookies do we use?<\/h2>\n\t\t\t\t\t<\/div>\n\t\t\t\t\t\t<\/div>\n\t\t\t\t<\/div>\n\t\t\t\t<div class=\"elementor-element elementor-element-e382c24 elementor-widget elementor-widget-wd_text_block\" data-id=\"e382c24\" data-element_type=\"widget\" data-widget_type=\"wd_text_block.default\">\n\t\t\t\t<div class=\"elementor-widget-container\">\n\t\t\t\t\t\t\t<div class=\"wd-text-block reset-last-child text-left\">\n\t\t\t\n\t\t\t<ul><li data-start=\"648\" data-end=\"874\"><p data-start=\"650\" data-end=\"874\"><strong data-start=\"650\" data-end=\"684\">Necessary (technical) cookies<\/strong><br data-start=\"684\" data-end=\"687\" \/>These cookies are necessary for the proper functioning of the site - for example, for account login, shopping cart functionality or live chat support. The site cannot function without them.<\/p><\/li><li data-start=\"876\" data-end=\"1107\"><p data-start=\"878\" data-end=\"1107\"><strong data-start=\"878\" data-end=\"900\">Analytical cookies<\/strong><br data-start=\"900\" data-end=\"903\" \/>They help us understand how visitors use the site (e.g. Google Analytics). Thanks to them, we can improve our services and fix errors faster. These cookies are only stored with your consent.<\/p><\/li><li data-start=\"1109\" data-end=\"1314\"><p data-start=\"1111\" data-end=\"1314\"><strong data-start=\"1111\" data-end=\"1164\">Marketing cookies (if used in the future)<\/strong><br data-start=\"1164\" data-end=\"1167\" \/>They allow us to show you relevant advertising based on your interests. We do not currently use them, but they may be added later - always with your consent.<\/p><\/li><\/ul>\n\t\t\t\t\t<\/div>\n\t\t\t\t\t\t<\/div>\n\t\t\t\t<\/div>\n\t\t\t\t<div class=\"elementor-element elementor-element-2e39f30 elementor-widget elementor-widget-wd_text_block\" data-id=\"2e39f30\" data-element_type=\"widget\" data-widget_type=\"wd_text_block.default\">\n\t\t\t\t<div class=\"elementor-widget-container\">\n\t\t\t\t\t\t\t<div class=\"wd-text-block reset-last-child text-left\">\n\t\t\t\n\t\t\t<h2>How to manage cookies?<\/h2>\n\t\t\t\t\t<\/div>\n\t\t\t\t\t\t<\/div>\n\t\t\t\t<\/div>\n\t\t\t\t<div class=\"elementor-element elementor-element-60251c9 elementor-widget elementor-widget-wd_text_block\" data-id=\"60251c9\" data-element_type=\"widget\" data-widget_type=\"wd_text_block.default\">\n\t\t\t\t<div class=\"elementor-widget-container\">\n\t\t\t\t\t\t\t<div class=\"wd-text-block reset-last-child text-left\">\n\t\t\t\n\t\t\t<p>You can set the use of cookies in your internet browser. Most browsers accept them by default, but you can refuse or delete them at any time.<br data-start=\"1516\" data-end=\"1519\" \/>If you refuse analytical cookies, the basic functions of the site will remain fully functional.<\/p>\n\t\t\t\t\t<\/div>\n\t\t\t\t\t\t<\/div>\n\t\t\t\t<\/div>\n\t\t\t\t<div class=\"elementor-element elementor-element-eca135a elementor-widget elementor-widget-wd_text_block\" data-id=\"eca135a\" data-element_type=\"widget\" data-widget_type=\"wd_text_block.default\">\n\t\t\t\t<div class=\"elementor-widget-container\">\n\t\t\t\t\t\t\t<div class=\"wd-text-block reset-last-child text-left\">\n\t\t\t\n\t\t\t<h2>Personal data protection<\/h2>\n\t\t\t\t\t<\/div>\n\t\t\t\t\t\t<\/div>\n\t\t\t\t<\/div>\n\t\t\t\t<div class=\"elementor-element elementor-element-772f854 elementor-widget elementor-widget-wd_text_block\" data-id=\"772f854\" data-element_type=\"widget\" data-widget_type=\"wd_text_block.default\">\n\t\t\t\t<div class=\"elementor-widget-container\">\n\t\t\t\t\t\t\t<div class=\"wd-text-block reset-last-child text-left\">\n\t\t\t\n\t\t\t<p data-start=\"1631\" data-end=\"1734\">You can find more information about the processing of your data in our section. <a href=\"https:\/\/rockside.sk\/en\/privacy-policy\/\"><strong data-start=\"1697\" data-end=\"1731\">Personal data protection\u00a0<\/strong><\/a><\/p>\n\t\t\t\t\t<\/div>\n\t\t\t\t\t\t<\/div>\n\t\t\t\t<\/div>\n\t\t\t\t\t<\/div>\n\t\t\t\t<\/div>\n\t\t\t\t<\/div>","protected":false},"excerpt":{"rendered":"<p>S\u00fabory cookies Na\u0161a webov\u00e1 str\u00e1nka pou\u017e\u00edva s\u00fabory cookies, aby sme v\u00e1m vedeli poskytn\u00fa\u0165 lep\u0161ie slu\u017eby, plynulej\u0161ie fungovanie str\u00e1nky a pohodlnej\u0161\u00ed<\/p>","protected":false},"author":1,"featured_media":0,"parent":0,"menu_order":0,"comment_status":"closed","ping_status":"closed","template":"","meta":{"footnotes":""},"class_list":["post-34407","page","type-page","status-publish","hentry"],"yoast_head":"<!-- This site is optimized with the Yoast SEO plugin v25.6 - https:\/\/yoast.com\/wordpress\/plugins\/seo\/ -->\n<title>S\u00fabory cookies - Betonov\u00e9 v\u00fdrobky<\/title>\n<meta name=\"robots\" content=\"index, follow, max-snippet:-1, max-image-preview:large, max-video-preview:-1\" \/>\n<link rel=\"canonical\" href=\"https:\/\/rockside.sk\/en\/subory-cookies\/\" \/>\n<meta property=\"og:locale\" content=\"en_GB\" \/>\n<meta property=\"og:type\" content=\"article\" \/>\n<meta property=\"og:title\" content=\"S\u00fabory cookies - Betonov\u00e9 v\u00fdrobky\" \/>\n<meta property=\"og:description\" content=\"S\u00fabory cookies Na\u0161a webov\u00e1 str\u00e1nka pou\u017e\u00edva s\u00fabory cookies, aby sme v\u00e1m vedeli poskytn\u00fa\u0165 lep\u0161ie slu\u017eby, plynulej\u0161ie fungovanie str\u00e1nky a pohodlnej\u0161\u00ed\" \/>\n<meta property=\"og:url\" content=\"https:\/\/rockside.sk\/en\/subory-cookies\/\" \/>\n<meta property=\"og:site_name\" content=\"Betonov\u00e9 v\u00fdrobky\" \/>\n<meta property=\"article:modified_time\" content=\"2025-08-31T14:35:45+00:00\" \/>\n<meta property=\"og:image\" content=\"https:\/\/rockside.sk\/wp-content\/uploads\/2025\/08\/Rockside.png\" \/>\n\t<meta property=\"og:image:width\" content=\"1920\" \/>\n\t<meta property=\"og:image:height\" content=\"1080\" \/>\n\t<meta property=\"og:image:type\" content=\"image\/png\" \/>\n<meta name=\"twitter:card\" content=\"summary_large_image\" \/>\n<meta name=\"twitter:label1\" content=\"Estimated reading time\" \/>\n\t<meta name=\"twitter:data1\" content=\"1 minute\" \/>\n<script type=\"application\/ld+json\" class=\"yoast-schema-graph\">{\"@context\":\"https:\/\/schema.org\",\"@graph\":[{\"@type\":\"WebPage\",\"@id\":\"https:\/\/rockside.sk\/subory-cookies\/\",\"url\":\"https:\/\/rockside.sk\/subory-cookies\/\",\"name\":\"S\u00fabory cookies - Betonov\u00e9 v\u00fdrobky\",\"isPartOf\":{\"@id\":\"https:\/\/rockside.sk\/#website\"},\"datePublished\":\"2025-08-31T14:27:53+00:00\",\"dateModified\":\"2025-08-31T14:35:45+00:00\",\"breadcrumb\":{\"@id\":\"https:\/\/rockside.sk\/subory-cookies\/#breadcrumb\"},\"inLanguage\":\"en-GB\",\"potentialAction\":[{\"@type\":\"ReadAction\",\"target\":[\"https:\/\/rockside.sk\/subory-cookies\/\"]}]},{\"@type\":\"BreadcrumbList\",\"@id\":\"https:\/\/rockside.sk\/subory-cookies\/#breadcrumb\",\"itemListElement\":[{\"@type\":\"ListItem\",\"position\":1,\"name\":\"\u0413\u043b\u0430\u0432\u043d\u0430\u044f \u0441\u0442\u0440\u0430\u043d\u0438\u0446\u0430\",\"item\":\"https:\/\/rockside.sk\/\"},{\"@type\":\"ListItem\",\"position\":2,\"name\":\"S\u00fabory cookies\"}]},{\"@type\":\"WebSite\",\"@id\":\"https:\/\/rockside.sk\/#website\",\"url\":\"https:\/\/rockside.sk\/\",\"name\":\"Rockside Slovensko\",\"description\":\"vonkaj\u0161ie kvetin\u00e1\u010de, z\u00e1hradn\u00e9 font\u00e1ny, lavi\u010dky od v\u00fdrobcu Rockside\",\"publisher\":{\"@id\":\"https:\/\/rockside.sk\/#organization\"},\"alternateName\":\"Rockside\",\"potentialAction\":[{\"@type\":\"SearchAction\",\"target\":{\"@type\":\"EntryPoint\",\"urlTemplate\":\"https:\/\/rockside.sk\/?s={search_term_string}\"},\"query-input\":{\"@type\":\"PropertyValueSpecification\",\"valueRequired\":true,\"valueName\":\"search_term_string\"}}],\"inLanguage\":\"en-GB\"},{\"@type\":\"Organization\",\"@id\":\"https:\/\/rockside.sk\/#organization\",\"name\":\"Betonov\u00e9 v\u00fdrobky\",\"url\":\"https:\/\/rockside.sk\/\",\"logo\":{\"@type\":\"ImageObject\",\"inLanguage\":\"en-GB\",\"@id\":\"https:\/\/rockside.sk\/#\/schema\/logo\/image\/\",\"url\":\"https:\/\/rockside.sk\/wp-content\/uploads\/2025\/08\/Rockside.png\",\"contentUrl\":\"https:\/\/rockside.sk\/wp-content\/uploads\/2025\/08\/Rockside.png\",\"width\":1920,\"height\":1080,\"caption\":\"Betonov\u00e9 v\u00fdrobky\"},\"image\":{\"@id\":\"https:\/\/rockside.sk\/#\/schema\/logo\/image\/\"}}]}<\/script>\n<!-- \/ Yoast SEO plugin. -->","yoast_head_json":{"title":"S\u00fabory cookies - Betonov\u00e9 v\u00fdrobky","robots":{"index":"index","follow":"follow","max-snippet":"max-snippet:-1","max-image-preview":"max-image-preview:large","max-video-preview":"max-video-preview:-1"},"canonical":"https:\/\/rockside.sk\/en\/subory-cookies\/","og_locale":"en_GB","og_type":"article","og_title":"S\u00fabory cookies - Betonov\u00e9 v\u00fdrobky","og_description":"S\u00fabory cookies Na\u0161a webov\u00e1 str\u00e1nka pou\u017e\u00edva s\u00fabory cookies, aby sme v\u00e1m vedeli poskytn\u00fa\u0165 lep\u0161ie slu\u017eby, plynulej\u0161ie fungovanie str\u00e1nky a pohodlnej\u0161\u00ed","og_url":"https:\/\/rockside.sk\/en\/subory-cookies\/","og_site_name":"Betonov\u00e9 v\u00fdrobky","article_modified_time":"2025-08-31T14:35:45+00:00","og_image":[{"width":1920,"height":1080,"url":"https:\/\/rockside.sk\/wp-content\/uploads\/2025\/08\/Rockside.png","type":"image\/png"}],"twitter_card":"summary_large_image","twitter_misc":{"Estimated reading time":"1 minute"},"schema":{"@context":"https:\/\/schema.org","@graph":[{"@type":"WebPage","@id":"https:\/\/rockside.sk\/subory-cookies\/","url":"https:\/\/rockside.sk\/subory-cookies\/","name":"S\u00fabory cookies - Betonov\u00e9 v\u00fdrobky","isPartOf":{"@id":"https:\/\/rockside.sk\/#website"},"datePublished":"2025-08-31T14:27:53+00:00","dateModified":"2025-08-31T14:35:45+00:00","breadcrumb":{"@id":"https:\/\/rockside.sk\/subory-cookies\/#breadcrumb"},"inLanguage":"en-GB","potentialAction":[{"@type":"ReadAction","target":["https:\/\/rockside.sk\/subory-cookies\/"]}]},{"@type":"BreadcrumbList","@id":"https:\/\/rockside.sk\/subory-cookies\/#breadcrumb","itemListElement":[{"@type":"ListItem","position":1,"name":"\u0413\u043b\u0430\u0432\u043d\u0430\u044f \u0441\u0442\u0440\u0430\u043d\u0438\u0446\u0430","item":"https:\/\/rockside.sk\/"},{"@type":"ListItem","position":2,"name":"S\u00fabory cookies"}]},{"@type":"WebSite","@id":"https:\/\/rockside.sk\/#website","url":"https:\/\/rockside.sk\/","name":"Rockside Slovensko","description":"vonkaj\u0161ie kvetin\u00e1\u010de, z\u00e1hradn\u00e9 font\u00e1ny, lavi\u010dky od v\u00fdrobcu Rockside","publisher":{"@id":"https:\/\/rockside.sk\/#organization"},"alternateName":"Rockside","potentialAction":[{"@type":"SearchAction","target":{"@type":"EntryPoint","urlTemplate":"https:\/\/rockside.sk\/?s={search_term_string}"},"query-input":{"@type":"PropertyValueSpecification","valueRequired":true,"valueName":"search_term_string"}}],"inLanguage":"en-GB"},{"@type":"Organization","@id":"https:\/\/rockside.sk\/#organization","name":"Concrete products","url":"https:\/\/rockside.sk\/","logo":{"@type":"ImageObject","inLanguage":"en-GB","@id":"https:\/\/rockside.sk\/#\/schema\/logo\/image\/","url":"https:\/\/rockside.sk\/wp-content\/uploads\/2025\/08\/Rockside.png","contentUrl":"https:\/\/rockside.sk\/wp-content\/uploads\/2025\/08\/Rockside.png","width":1920,"height":1080,"caption":"Betonov\u00e9 v\u00fdrobky"},"image":{"@id":"https:\/\/rockside.sk\/#\/schema\/logo\/image\/"}}]}},"jetpack_sharing_enabled":true,"_links":{"self":[{"href":"https:\/\/rockside.sk\/en\/wp-json\/wp\/v2\/pages\/34407","targetHints":{"allow":["GET"]}}],"collection":[{"href":"https:\/\/rockside.sk\/en\/wp-json\/wp\/v2\/pages"}],"about":[{"href":"https:\/\/rockside.sk\/en\/wp-json\/wp\/v2\/types\/page"}],"author":[{"embeddable":true,"href":"https:\/\/rockside.sk\/en\/wp-json\/wp\/v2\/users\/1"}],"replies":[{"embeddable":true,"href":"https:\/\/rockside.sk\/en\/wp-json\/wp\/v2\/comments?post=34407"}],"version-history":[{"count":7,"href":"https:\/\/rockside.sk\/en\/wp-json\/wp\/v2\/pages\/34407\/revisions"}],"predecessor-version":[{"id":34415,"href":"https:\/\/rockside.sk\/en\/wp-json\/wp\/v2\/pages\/34407\/revisions\/34415"}],"wp:attachment":[{"href":"https:\/\/rockside.sk\/en\/wp-json\/wp\/v2\/media?parent=34407"}],"curies":[{"name":"wp","href":"https:\/\/api.w.org\/{rel}","templated":true}]}}