{"id":3,"date":"2025-08-04T14:54:41","date_gmt":"2025-08-04T11:54:41","guid":{"rendered":"http:\/\/rockside.sk\/?page_id=3"},"modified":"2026-01-15T11:20:08","modified_gmt":"2026-01-15T08:20:08","slug":"privacy-policy","status":"publish","type":"page","link":"https:\/\/rockside.sk\/en\/privacy-policy\/","title":{"rendered":"Privacy Policy"},"content":{"rendered":"<div data-elementor-type=\"wp-page\" data-elementor-id=\"3\" class=\"elementor elementor-3\">\n\t\t\t\t<div class=\"wd-negative-gap elementor-element elementor-element-275ab11 e-flex e-con-boxed e-con e-parent\" data-id=\"275ab11\" data-element_type=\"container\">\n\t\t\t\t\t<div class=\"e-con-inner\">\n\t\t\t\t<div class=\"elementor-element elementor-element-c6278f9 elementor-widget elementor-widget-heading\" data-id=\"c6278f9\" data-element_type=\"widget\" data-widget_type=\"heading.default\">\n\t\t\t\t\t<h1 class=\"elementor-heading-title elementor-size-default\">Privacy Policy<\/h1>\t\t\t\t<\/div>\n\t\t\t\t\t<\/div>\n\t\t\t\t<\/div>\n\t\t<div class=\"wd-negative-gap elementor-element elementor-element-2617679 e-flex e-con-boxed e-con e-parent\" data-id=\"2617679\" data-element_type=\"container\">\n\t\t\t\t\t<div class=\"e-con-inner\">\n\t\t\t\t<div class=\"elementor-element elementor-element-756d535 elementor-widget elementor-widget-wd_text_block\" data-id=\"756d535\" data-element_type=\"widget\" data-widget_type=\"wd_text_block.default\">\n\t\t\t\t<div class=\"elementor-widget-container\">\n\t\t\t\t\t\t\t<div class=\"wd-text-block reset-last-child text-left\">\n\t\t\t\n\t\t\t<h2 class=\"wp-block-heading\">OPERATOR&#039;S INFORMATION OBLIGATION\u00a0<\/h2><p>PURSUANT TO ARTICLE 13 OF REGULATION (EU) 2016\/679 OF THE EUROPEAN PARLIAMENT AND OF THE COUNCIL ON THE PROTECTION OF NATURAL PERSONS WITH REGARD TO THE PROCESSING OF PERSONAL DATA<br \/>ON THE FREE MOVEMENT OF SUCH DATA (HEREIN: &quot;THE REGULATION&quot;)<br \/>IN ACCORDANCE WITH SECTION 19 OF ACT NO. 18\/2018 COLL. ON THE PROTECTION OF PERSONAL DATA (HEREIN: &quot;THE ACT&quot;).<\/p><h2 class=\"wp-block-heading\">1. OPERATOR OF THE ROCKSIDE.SK ONLINE STORE<\/h2><p>Company name: GHR sro.<br \/>Registered office: Komarnick\u00e1 28, 821 03 Bratislava, Slovakia<br \/>Company ID: 55 660 495<br \/>Tax ID: 2122056134<br \/>VAT ID: SK2122056134<\/p><p>Commercial Register of the Municipal Court Bratislava III<br \/>Section: Sro, File No.: 171780\/B<\/p><p>website: www.rockside.sk\u00a0<\/p><h2 class=\"wp-block-heading\">2. PURPOSE OF PROCESSING PERSONAL DATA<\/h2><ul class=\"wp-block-list\"><li>Conclusion of a distance purchase contract through the operator&#039;s online store.<\/li><li>Delivery of goods and customer identification before handing over prepaid goods.<\/li><li>Order confirmation, payment for goods, delivery of ordered goods - by phone and via e-mail.<\/li><li>Records of customer orders for resolving any complaints.<\/li><\/ul><h2 class=\"wp-block-heading\">3. NECESSITY TO PROVIDE PERSONAL DATA<\/h2><p>The data subject provides the operator with personal data for the purpose of concluding a contract, which is necessary for us to conclude a contract with him\/her.<br \/>and in the event that the operator does not provide the customer with personal data, the operator cannot conclude a contract with him. The operator only obtains the personal data that are necessary to fulfill the obligations that the customer expects from it by ordering goods. Without this data, it will not be possible to process the received order.<\/p><h2 class=\"wp-block-heading\">4. LIST OF PROCESSED PERSONAL DATA<\/h2><ul class=\"wp-block-list\"><li>Billing details \u2013 name and surname, permanent address, and when registering companies, also company ID, VAT number, VAT number<\/li><li>Delivery details \u2013 recipient&#039;s name and surname, delivery address<\/li><li>Contact details:<\/li><\/ul><p>Telephone number \u2013 for the purposes of order confirmation, communication with the customer, and delivery of goods by courier service.<\/p><p>Email address (e-mail) \u2013 for the purpose of sending order confirmation and for further communication with the customer.<\/p><p>\u2022 Order data \u2013 for the purposes of processing orders and resolving any complaints.<\/p><h2 class=\"wp-block-heading\">5. THIRD PARTIES TO WHOM THE DATA WILL BE PROVIDED<\/h2><p>We do not provide personal data to any companies managing personal data databases, or to any other third parties, except to the extent necessary for the actual delivery of goods by courier service.<\/p><h2 class=\"wp-block-heading\">6. DISCLOSURE OF DATA<\/h2><p>Our company does not publish the obtained data under any circumstances.<\/p><h2 class=\"wp-block-heading\">7. PERIOD OF PROCESSING PERSONAL DATA<\/h2><p>The period of processing personal data for individual purposes is determined within 5 years from the date of conclusion of the purchase contract.<\/p><h2 class=\"wp-block-heading\">8. RIGHTS AND OBLIGATIONS OF THE DATA SUBJECT<\/h2><ul class=\"wp-block-list\"><li>The data subject has the right to access his or her data. Upon request from the data subject, the controller shall issue a confirmation as to whether personal data concerning the data subject are being processed. If the controller processes such data, it shall issue a copy of such personal data to the data subject upon request.<\/li><li>The provision of a copy of personal data is free of charge. For any additional copies requested by the person, the controller will charge a fee corresponding to the administrative costs incurred in providing the copy. If the person requests information by electronic means, it will be provided to him in a commonly used electronic form, namely by e-mail, unless he requests another method.<\/li><li>The data subject has the right to have personal data corrected if the controller records incorrect personal data about him\/her. At the same time, the data subject has the right to have incomplete personal data completed. The controller shall correct or complete the personal data without undue delay after the data subject requests it.<\/li><li>The data subject has the right to have personal data concerning him or her erased, provided that:<\/li><\/ul><ol class=\"wp-block-list\"><li>the personal data are no longer necessary for the purposes for which they were collected or otherwise processed;<\/li><li>the data subject withdraws the consent on the basis of which the processing is carried out,<\/li><li>the data subject objects to the processing of personal data,<\/li><li>personal data was processed unlawfully,<\/li><li>the reason for deletion is the fulfillment of an obligation under a law, special regulation or international treaty by which the Slovak Republic is bound, or<\/li><li>personal data were collected in connection with the offer of information society services<\/li><\/ol><p>a person under 16 years of age.<\/p><p>\u2022 The data subject will not have the right to erasure of personal data provided that their processing is necessary:<\/p><ol class=\"wp-block-list\"><li>to exercise the right to freedom of expression and information;<\/li><li>to fulfill an obligation under a law, special regulation or international treaty by which the Slovak Republic is bound, or to fulfill a task carried out in the public interest or in the exercise of public authority entrusted to the controller,<\/li><li>for reasons of public interest in the field of public health,<\/li><li>for archiving purposes in the public interest, scientific or historical research purposes or statistical purposes, where the right to erasure is likely to render impossible or seriously impair the achievement of the objectives of such processing, or for the establishment, exercise or defence of legal claims.<\/li><\/ol><ul class=\"wp-block-list\"><li>The operator will delete the personal data of the data subjects upon request, without undue delay after assessing that the data subject&#039;s request is justified.<\/li><li>The data subject has the right to restrict the processing of personal data where:<\/li><\/ul><ol class=\"wp-block-list\"><li>challenges the accuracy of the personal data by means of an objection, within a period allowing the controller to verify the accuracy of the personal data;<\/li><li>the processing is unlawful and the data subject requests the restriction of the use of the personal data instead of erasure;<\/li><li>the controller no longer needs the personal data for the purposes of the processing, but the data subject needs them for the establishment, exercise or defence of legal claims;<\/li><li>the data subject has objected to the processing of personal data on the basis of a legitimate claim of the controller, pending verification of whether the legitimate reasons on the part of the controller outweigh those of the data subject.<\/li><\/ol><ul class=\"wp-block-list\"><li>If the data subject requests restriction of the processing of their personal data, the controller will not perform any processing operations with the data concerned, except for storage, without the consent of the data subject.<\/li><li>The data subject will be informed by the controller if the restriction on the processing of this data is lifted.<\/li><li>The data subject has the right to data portability, which means obtaining the personal data that he or she has provided to the controller, and having the right to transmit these data to another controller in a commonly used and machine-readable format, provided that the personal data were obtained with the consent of the data subject or on the basis of a contract and their processing is carried out by automated means.<\/li><\/ul><p>\u2022 The data subject has the right to object at any time to the processing of his or her personal data on grounds relating to his or her particular situation. The data subject may object to the processing of his or her personal data on the following grounds:<\/p><ol class=\"wp-block-list\"><li>the legal title of the performance of tasks carried out in the public interest or in the exercise of public authority, or on a legally authorized basis<br \/>the operator&#039;s interest,<\/li><li>processing of personal data for direct marketing purposes,<\/li><li>processing for scientific or historical research purposes or for statistical purposes.<\/li><\/ol><ul class=\"wp-block-list\"><li>The operator shall assess the received objection within a reasonable time. The operator may not further process personal data unless it can demonstrate compelling legitimate interests in the processing of personal data that override the rights or interests of the data subject or grounds for exercising a legal claim.<\/li><li>The data subject has the right to withdraw his or her consent to the processing of personal data at any time, if the processing of personal data was based on this legal basis.<\/li><li>The data subject may withdraw their consent by contacting the operator with their request in any chosen manner.<\/li><li>However, the lawfulness of the processing of personal data based on the consent granted is not affected by its withdrawal.<\/li><li>The data subject has the right to file a petition to initiate proceedings with the Personal Data Protection Office of the Slovak Republic if he or she believes that his or her rights in the area of personal data protection have been violated.<\/li><\/ul>\n\t\t\t\t\t<\/div>\n\t\t\t\t\t\t<\/div>\n\t\t\t\t<\/div>\n\t\t\t\t\t<\/div>\n\t\t\t\t<\/div>\n\t\t\t\t<\/div>","protected":false},"excerpt":{"rendered":"<p>Z\u00e1sady ochrany osobn\u00fdch \u00fadajov INFORMA\u010cN\u00c1 POVINNOS\u0164 PREV\u00c1DZKOVATE\u013dA\u00a0 POD\u013dA \u010cL. 13. NARIADENIA EUR\u00d3PSKEHO PARLAMENTU A RADY (E\u00da) 2016\/679 O OCHRANE FYZICK\u00ddCH<\/p>","protected":false},"author":1,"featured_media":0,"parent":0,"menu_order":0,"comment_status":"closed","ping_status":"closed","template":"","meta":{"footnotes":""},"class_list":["post-3","page","type-page","status-publish","hentry"],"yoast_head":"<!-- This site is optimized with the Yoast SEO plugin v25.6 - https:\/\/yoast.com\/wordpress\/plugins\/seo\/ -->\n<title>Z\u00e1sady ochrany osobn\u00fdch \u00fadajov - Betonov\u00e9 v\u00fdrobky<\/title>\n<meta name=\"robots\" content=\"index, follow, max-snippet:-1, max-image-preview:large, max-video-preview:-1\" \/>\n<link rel=\"canonical\" href=\"https:\/\/rockside.sk\/en\/privacy-policy\/\" \/>\n<meta property=\"og:locale\" content=\"en_GB\" \/>\n<meta property=\"og:type\" content=\"article\" \/>\n<meta property=\"og:title\" content=\"Z\u00e1sady ochrany osobn\u00fdch \u00fadajov - Betonov\u00e9 v\u00fdrobky\" \/>\n<meta property=\"og:description\" content=\"Z\u00e1sady ochrany osobn\u00fdch \u00fadajov INFORMA\u010cN\u00c1 POVINNOS\u0164 PREV\u00c1DZKOVATE\u013dA\u00a0 POD\u013dA \u010cL. 13. NARIADENIA EUR\u00d3PSKEHO PARLAMENTU A RADY (E\u00da) 2016\/679 O OCHRANE FYZICK\u00ddCH\" \/>\n<meta property=\"og:url\" content=\"https:\/\/rockside.sk\/en\/privacy-policy\/\" \/>\n<meta property=\"og:site_name\" content=\"Betonov\u00e9 v\u00fdrobky\" \/>\n<meta property=\"article:modified_time\" content=\"2026-01-15T08:20:08+00:00\" \/>\n<meta property=\"og:image\" content=\"https:\/\/rockside.sk\/wp-content\/uploads\/2025\/08\/Rockside.png\" \/>\n\t<meta property=\"og:image:width\" content=\"1920\" \/>\n\t<meta property=\"og:image:height\" content=\"1080\" \/>\n\t<meta property=\"og:image:type\" content=\"image\/png\" \/>\n<meta name=\"twitter:card\" content=\"summary_large_image\" \/>\n<meta name=\"twitter:label1\" content=\"Estimated reading time\" \/>\n\t<meta name=\"twitter:data1\" content=\"6 minutes\" \/>\n<script type=\"application\/ld+json\" class=\"yoast-schema-graph\">{\"@context\":\"https:\/\/schema.org\",\"@graph\":[{\"@type\":\"WebPage\",\"@id\":\"https:\/\/rockside.sk\/privacy-policy\/\",\"url\":\"https:\/\/rockside.sk\/privacy-policy\/\",\"name\":\"Z\u00e1sady ochrany osobn\u00fdch \u00fadajov - Betonov\u00e9 v\u00fdrobky\",\"isPartOf\":{\"@id\":\"https:\/\/rockside.sk\/#website\"},\"datePublished\":\"2025-08-04T11:54:41+00:00\",\"dateModified\":\"2026-01-15T08:20:08+00:00\",\"breadcrumb\":{\"@id\":\"https:\/\/rockside.sk\/privacy-policy\/#breadcrumb\"},\"inLanguage\":\"en-GB\",\"potentialAction\":[{\"@type\":\"ReadAction\",\"target\":[\"https:\/\/rockside.sk\/privacy-policy\/\"]}]},{\"@type\":\"BreadcrumbList\",\"@id\":\"https:\/\/rockside.sk\/privacy-policy\/#breadcrumb\",\"itemListElement\":[{\"@type\":\"ListItem\",\"position\":1,\"name\":\"\u0413\u043b\u0430\u0432\u043d\u0430\u044f \u0441\u0442\u0440\u0430\u043d\u0438\u0446\u0430\",\"item\":\"https:\/\/rockside.sk\/\"},{\"@type\":\"ListItem\",\"position\":2,\"name\":\"Z\u00e1sady ochrany osobn\u00fdch \u00fadajov\"}]},{\"@type\":\"WebSite\",\"@id\":\"https:\/\/rockside.sk\/#website\",\"url\":\"https:\/\/rockside.sk\/\",\"name\":\"Rockside Slovensko\",\"description\":\"vonkaj\u0161ie kvetin\u00e1\u010de, z\u00e1hradn\u00e9 font\u00e1ny, lavi\u010dky od v\u00fdrobcu Rockside\",\"publisher\":{\"@id\":\"https:\/\/rockside.sk\/#organization\"},\"alternateName\":\"Rockside\",\"potentialAction\":[{\"@type\":\"SearchAction\",\"target\":{\"@type\":\"EntryPoint\",\"urlTemplate\":\"https:\/\/rockside.sk\/?s={search_term_string}\"},\"query-input\":{\"@type\":\"PropertyValueSpecification\",\"valueRequired\":true,\"valueName\":\"search_term_string\"}}],\"inLanguage\":\"en-GB\"},{\"@type\":\"Organization\",\"@id\":\"https:\/\/rockside.sk\/#organization\",\"name\":\"Betonov\u00e9 v\u00fdrobky\",\"url\":\"https:\/\/rockside.sk\/\",\"logo\":{\"@type\":\"ImageObject\",\"inLanguage\":\"en-GB\",\"@id\":\"https:\/\/rockside.sk\/#\/schema\/logo\/image\/\",\"url\":\"https:\/\/rockside.sk\/wp-content\/uploads\/2025\/08\/Rockside.png\",\"contentUrl\":\"https:\/\/rockside.sk\/wp-content\/uploads\/2025\/08\/Rockside.png\",\"width\":1920,\"height\":1080,\"caption\":\"Betonov\u00e9 v\u00fdrobky\"},\"image\":{\"@id\":\"https:\/\/rockside.sk\/#\/schema\/logo\/image\/\"}}]}<\/script>\n<!-- \/ Yoast SEO plugin. -->","yoast_head_json":{"title":"Z\u00e1sady ochrany osobn\u00fdch \u00fadajov - Betonov\u00e9 v\u00fdrobky","robots":{"index":"index","follow":"follow","max-snippet":"max-snippet:-1","max-image-preview":"max-image-preview:large","max-video-preview":"max-video-preview:-1"},"canonical":"https:\/\/rockside.sk\/en\/privacy-policy\/","og_locale":"en_GB","og_type":"article","og_title":"Z\u00e1sady ochrany osobn\u00fdch \u00fadajov - Betonov\u00e9 v\u00fdrobky","og_description":"Z\u00e1sady ochrany osobn\u00fdch \u00fadajov INFORMA\u010cN\u00c1 POVINNOS\u0164 PREV\u00c1DZKOVATE\u013dA\u00a0 POD\u013dA \u010cL. 13. NARIADENIA EUR\u00d3PSKEHO PARLAMENTU A RADY (E\u00da) 2016\/679 O OCHRANE FYZICK\u00ddCH","og_url":"https:\/\/rockside.sk\/en\/privacy-policy\/","og_site_name":"Betonov\u00e9 v\u00fdrobky","article_modified_time":"2026-01-15T08:20:08+00:00","og_image":[{"width":1920,"height":1080,"url":"https:\/\/rockside.sk\/wp-content\/uploads\/2025\/08\/Rockside.png","type":"image\/png"}],"twitter_card":"summary_large_image","twitter_misc":{"Estimated reading time":"6 minutes"},"schema":{"@context":"https:\/\/schema.org","@graph":[{"@type":"WebPage","@id":"https:\/\/rockside.sk\/privacy-policy\/","url":"https:\/\/rockside.sk\/privacy-policy\/","name":"Z\u00e1sady ochrany osobn\u00fdch \u00fadajov - Betonov\u00e9 v\u00fdrobky","isPartOf":{"@id":"https:\/\/rockside.sk\/#website"},"datePublished":"2025-08-04T11:54:41+00:00","dateModified":"2026-01-15T08:20:08+00:00","breadcrumb":{"@id":"https:\/\/rockside.sk\/privacy-policy\/#breadcrumb"},"inLanguage":"en-GB","potentialAction":[{"@type":"ReadAction","target":["https:\/\/rockside.sk\/privacy-policy\/"]}]},{"@type":"BreadcrumbList","@id":"https:\/\/rockside.sk\/privacy-policy\/#breadcrumb","itemListElement":[{"@type":"ListItem","position":1,"name":"\u0413\u043b\u0430\u0432\u043d\u0430\u044f \u0441\u0442\u0440\u0430\u043d\u0438\u0446\u0430","item":"https:\/\/rockside.sk\/"},{"@type":"ListItem","position":2,"name":"Z\u00e1sady ochrany osobn\u00fdch \u00fadajov"}]},{"@type":"WebSite","@id":"https:\/\/rockside.sk\/#website","url":"https:\/\/rockside.sk\/","name":"Rockside Slovensko","description":"vonkaj\u0161ie kvetin\u00e1\u010de, z\u00e1hradn\u00e9 font\u00e1ny, lavi\u010dky od v\u00fdrobcu Rockside","publisher":{"@id":"https:\/\/rockside.sk\/#organization"},"alternateName":"Rockside","potentialAction":[{"@type":"SearchAction","target":{"@type":"EntryPoint","urlTemplate":"https:\/\/rockside.sk\/?s={search_term_string}"},"query-input":{"@type":"PropertyValueSpecification","valueRequired":true,"valueName":"search_term_string"}}],"inLanguage":"en-GB"},{"@type":"Organization","@id":"https:\/\/rockside.sk\/#organization","name":"Concrete products","url":"https:\/\/rockside.sk\/","logo":{"@type":"ImageObject","inLanguage":"en-GB","@id":"https:\/\/rockside.sk\/#\/schema\/logo\/image\/","url":"https:\/\/rockside.sk\/wp-content\/uploads\/2025\/08\/Rockside.png","contentUrl":"https:\/\/rockside.sk\/wp-content\/uploads\/2025\/08\/Rockside.png","width":1920,"height":1080,"caption":"Betonov\u00e9 v\u00fdrobky"},"image":{"@id":"https:\/\/rockside.sk\/#\/schema\/logo\/image\/"}}]}},"jetpack_sharing_enabled":true,"_links":{"self":[{"href":"https:\/\/rockside.sk\/en\/wp-json\/wp\/v2\/pages\/3","targetHints":{"allow":["GET"]}}],"collection":[{"href":"https:\/\/rockside.sk\/en\/wp-json\/wp\/v2\/pages"}],"about":[{"href":"https:\/\/rockside.sk\/en\/wp-json\/wp\/v2\/types\/page"}],"author":[{"embeddable":true,"href":"https:\/\/rockside.sk\/en\/wp-json\/wp\/v2\/users\/1"}],"replies":[{"embeddable":true,"href":"https:\/\/rockside.sk\/en\/wp-json\/wp\/v2\/comments?post=3"}],"version-history":[{"count":17,"href":"https:\/\/rockside.sk\/en\/wp-json\/wp\/v2\/pages\/3\/revisions"}],"predecessor-version":[{"id":35077,"href":"https:\/\/rockside.sk\/en\/wp-json\/wp\/v2\/pages\/3\/revisions\/35077"}],"wp:attachment":[{"href":"https:\/\/rockside.sk\/en\/wp-json\/wp\/v2\/media?parent=3"}],"curies":[{"name":"wp","href":"https:\/\/api.w.org\/{rel}","templated":true}]}}