{"id":33885,"date":"2025-08-28T17:57:45","date_gmt":"2025-08-28T14:57:45","guid":{"rendered":"https:\/\/rockside.sk\/?post_type=product&#038;p=33885"},"modified":"2026-03-13T15:32:23","modified_gmt":"2026-03-13T12:32:23","slug":"dlazobna-doska-drevena-struktura-600-x-600-mm-2","status":"publish","type":"product","link":"https:\/\/rockside.sk\/de\/product\/dlazobna-doska-drevena-struktura-600-x-600-mm-2\/","title":{"rendered":"Dla\u017eobn\u00e1 doska Dreven\u00e1 \u0161trukt\u00fara 600 x 600 mm"},"content":{"rendered":"<div data-elementor-type=\"wp-post\" data-elementor-id=\"33885\" class=\"elementor elementor-33885\">\n\t\t\t\t<div class=\"wd-negative-gap elementor-element elementor-element-383f47a e-flex e-con-boxed e-con e-parent\" data-id=\"383f47a\" data-element_type=\"container\">\n\t\t\t\t\t<div class=\"e-con-inner\">\n\t\t\t\t<div class=\"elementor-element elementor-element-e53c2ff wd-width-100 elementor-widget elementor-widget-wd_title\" data-id=\"e53c2ff\" data-element_type=\"widget\" data-widget_type=\"wd_title.default\">\n\t\t\t\t<div class=\"elementor-widget-container\">\n\t\t\t\t\t\t\t<div class=\"title-wrapper wd-set-mb reset-last-child wd-title-color-default wd-title-style-default wd-title-size-default text-center\">\n\n\t\t\t\n\t\t\t<div class=\"liner-continer\">\n\t\t\t\t<h4 class=\"woodmart-title-container title wd-fontsize-l\">Farebn\u00e1 paleta<\/h4> \n\t\t\t\t\t\t\t<\/div>\n\n\t\t\t\t\t<\/div>\n\t\t\t\t\t\t<\/div>\n\t\t\t\t<\/div>\n\t\t\t\t\t<\/div>\n\t\t\t\t<\/div>\n\t\t<div class=\"wd-negative-gap elementor-element elementor-element-2f6d924 e-flex e-con-boxed e-con e-parent\" data-id=\"2f6d924\" data-element_type=\"container\">\n\t\t\t\t\t<div class=\"e-con-inner\">\n\t\t<div class=\"elementor-element elementor-element-61296b4 e-con-full e-flex e-con e-child\" data-id=\"61296b4\" data-element_type=\"container\">\n\t\t\t\t<div class=\"elementor-element elementor-element-745e1e7 elementor-widget elementor-widget-wd_image_or_svg\" data-id=\"745e1e7\" data-element_type=\"widget\" data-widget_type=\"wd_image_or_svg.default\">\n\t\t\t\t<div class=\"elementor-widget-container\">\n\t\t\t\t\t\n\t\t<div class=\"wd-image text-center photoswipe-images\">\n\t\t\t\t\t\t\t<a  href=\"https:\/\/rockside.sk\/wp-content\/uploads\/2025\/08\/Seda.jpg\"data-width=\"1080\" data-height=\"1080\" data-elementor-open-lightbox=\"no\" aria-label=\"Image link\">\n\t\t\t\t\t\t\t\t<img fetchpriority=\"high\" decoding=\"async\" width=\"1080\" height=\"1080\" src=\"https:\/\/rockside.sk\/wp-content\/uploads\/2025\/08\/Seda.jpg\" class=\"attachment-full size-full\" alt=\"\" srcset=\"https:\/\/rockside.sk\/wp-content\/uploads\/2025\/08\/Seda.jpg 1080w, https:\/\/rockside.sk\/wp-content\/uploads\/2025\/08\/Seda-300x300.jpg 300w, https:\/\/rockside.sk\/wp-content\/uploads\/2025\/08\/Seda-800x800.jpg 800w, https:\/\/rockside.sk\/wp-content\/uploads\/2025\/08\/Seda-150x150.jpg 150w, https:\/\/rockside.sk\/wp-content\/uploads\/2025\/08\/Seda-768x768.jpg 768w, https:\/\/rockside.sk\/wp-content\/uploads\/2025\/08\/Seda-430x430.jpg 430w, https:\/\/rockside.sk\/wp-content\/uploads\/2025\/08\/Seda-700x700.jpg 700w\" sizes=\"(max-width: 1080px) 100vw, 1080px\" \/>\t\t\t\t\t\t\t<\/a>\n\t\t\t\t\t<\/div>\n\n\t\t\t\t\t\t<\/div>\n\t\t\t\t<\/div>\n\t\t\t\t<div class=\"elementor-element elementor-element-b33be34 elementor-widget elementor-widget-wd_text_block\" data-id=\"b33be34\" data-element_type=\"widget\" data-widget_type=\"wd_text_block.default\">\n\t\t\t\t<div class=\"elementor-widget-container\">\n\t\t\t\t\t\t\t<div class=\"wd-text-block reset-last-child text-left\">\n\t\t\t\n\t\t\t<p style=\"text-align: center;\"><strong>Grau<\/strong><\/p>\n\t\t\t\t\t<\/div>\n\t\t\t\t\t\t<\/div>\n\t\t\t\t<\/div>\n\t\t\t\t<\/div>\n\t\t<div class=\"elementor-element elementor-element-3b9f17f e-con-full e-flex e-con e-child\" data-id=\"3b9f17f\" data-element_type=\"container\">\n\t\t\t\t<div class=\"elementor-element elementor-element-7bd7fde elementor-widget elementor-widget-wd_image_or_svg\" data-id=\"7bd7fde\" data-element_type=\"widget\" data-widget_type=\"wd_image_or_svg.default\">\n\t\t\t\t<div class=\"elementor-widget-container\">\n\t\t\t\t\t\n\t\t<div class=\"wd-image text-center photoswipe-images\">\n\t\t\t\t\t\t\t<a  href=\"https:\/\/rockside.sk\/wp-content\/uploads\/2025\/08\/plitka-tabak.jpg\"data-width=\"1080\" data-height=\"1080\" data-elementor-open-lightbox=\"no\" aria-label=\"Image link\">\n\t\t\t\t\t\t\t\t<img decoding=\"async\" width=\"1080\" height=\"1080\" src=\"https:\/\/rockside.sk\/wp-content\/uploads\/2025\/08\/plitka-tabak.jpg\" class=\"attachment-full size-full\" alt=\"\" srcset=\"https:\/\/rockside.sk\/wp-content\/uploads\/2025\/08\/plitka-tabak.jpg 1080w, https:\/\/rockside.sk\/wp-content\/uploads\/2025\/08\/plitka-tabak-300x300.jpg 300w, https:\/\/rockside.sk\/wp-content\/uploads\/2025\/08\/plitka-tabak-800x800.jpg 800w, https:\/\/rockside.sk\/wp-content\/uploads\/2025\/08\/plitka-tabak-150x150.jpg 150w, https:\/\/rockside.sk\/wp-content\/uploads\/2025\/08\/plitka-tabak-768x768.jpg 768w, https:\/\/rockside.sk\/wp-content\/uploads\/2025\/08\/plitka-tabak-430x430.jpg 430w, https:\/\/rockside.sk\/wp-content\/uploads\/2025\/08\/plitka-tabak-700x700.jpg 700w\" sizes=\"(max-width: 1080px) 100vw, 1080px\" \/>\t\t\t\t\t\t\t<\/a>\n\t\t\t\t\t<\/div>\n\n\t\t\t\t\t\t<\/div>\n\t\t\t\t<\/div>\n\t\t\t\t<div class=\"elementor-element elementor-element-14bd38a elementor-widget elementor-widget-wd_text_block\" data-id=\"14bd38a\" data-element_type=\"widget\" data-widget_type=\"wd_text_block.default\">\n\t\t\t\t<div class=\"elementor-widget-container\">\n\t\t\t\t\t\t\t<div class=\"wd-text-block reset-last-child text-left\">\n\t\t\t\n\t\t\t<p style=\"text-align: center;\"><strong>Tabak<\/strong><\/p>\n\t\t\t\t\t<\/div>\n\t\t\t\t\t\t<\/div>\n\t\t\t\t<\/div>\n\t\t\t\t<\/div>\n\t\t<div class=\"elementor-element elementor-element-b09ed5b e-con-full e-flex e-con e-child\" data-id=\"b09ed5b\" data-element_type=\"container\">\n\t\t\t\t<div class=\"elementor-element elementor-element-f33c7aa elementor-widget elementor-widget-wd_image_or_svg\" data-id=\"f33c7aa\" data-element_type=\"widget\" data-widget_type=\"wd_image_or_svg.default\">\n\t\t\t\t<div class=\"elementor-widget-container\">\n\t\t\t\t\t\n\t\t<div class=\"wd-image text-center photoswipe-images\">\n\t\t\t\t\t\t\t<a  href=\"https:\/\/rockside.sk\/wp-content\/uploads\/2025\/08\/Mokra-kamen.jpg\"data-width=\"1080\" data-height=\"1080\" data-elementor-open-lightbox=\"no\" aria-label=\"Image link\">\n\t\t\t\t\t\t\t\t<img decoding=\"async\" width=\"1080\" height=\"1080\" src=\"https:\/\/rockside.sk\/wp-content\/uploads\/2025\/08\/Mokra-kamen.jpg\" class=\"attachment-full size-full\" alt=\"\" srcset=\"https:\/\/rockside.sk\/wp-content\/uploads\/2025\/08\/Mokra-kamen.jpg 1080w, https:\/\/rockside.sk\/wp-content\/uploads\/2025\/08\/Mokra-kamen-300x300.jpg 300w, https:\/\/rockside.sk\/wp-content\/uploads\/2025\/08\/Mokra-kamen-800x800.jpg 800w, https:\/\/rockside.sk\/wp-content\/uploads\/2025\/08\/Mokra-kamen-150x150.jpg 150w, https:\/\/rockside.sk\/wp-content\/uploads\/2025\/08\/Mokra-kamen-768x768.jpg 768w, https:\/\/rockside.sk\/wp-content\/uploads\/2025\/08\/Mokra-kamen-430x430.jpg 430w, https:\/\/rockside.sk\/wp-content\/uploads\/2025\/08\/Mokra-kamen-700x700.jpg 700w\" sizes=\"(max-width: 1080px) 100vw, 1080px\" \/>\t\t\t\t\t\t\t<\/a>\n\t\t\t\t\t<\/div>\n\n\t\t\t\t\t\t<\/div>\n\t\t\t\t<\/div>\n\t\t\t\t<div class=\"elementor-element elementor-element-7e219c7 elementor-widget elementor-widget-wd_text_block\" data-id=\"7e219c7\" data-element_type=\"widget\" data-widget_type=\"wd_text_block.default\">\n\t\t\t\t<div class=\"elementor-widget-container\">\n\t\t\t\t\t\t\t<div class=\"wd-text-block reset-last-child text-left\">\n\t\t\t\n\t\t\t<p style=\"text-align: center;\"><strong>Mokr\u00e1 kame\u0148<\/strong><\/p>\n\t\t\t\t\t<\/div>\n\t\t\t\t\t\t<\/div>\n\t\t\t\t<\/div>\n\t\t\t\t<\/div>\n\t\t<div class=\"elementor-element elementor-element-65ee95d e-con-full e-flex e-con e-child\" data-id=\"65ee95d\" data-element_type=\"container\">\n\t\t\t\t<div class=\"elementor-element elementor-element-668aa4f elementor-widget elementor-widget-wd_image_or_svg\" data-id=\"668aa4f\" data-element_type=\"widget\" data-widget_type=\"wd_image_or_svg.default\">\n\t\t\t\t<div class=\"elementor-widget-container\">\n\t\t\t\t\t\n\t\t<div class=\"wd-image text-center photoswipe-images\">\n\t\t\t\t\t\t\t<a  href=\"https:\/\/rockside.sk\/wp-content\/uploads\/2025\/08\/Pepel12.jpg\"data-width=\"1080\" data-height=\"1080\" data-elementor-open-lightbox=\"no\" aria-label=\"Image link\">\n\t\t\t\t\t\t\t\t<img loading=\"lazy\" decoding=\"async\" width=\"1080\" height=\"1080\" src=\"https:\/\/rockside.sk\/wp-content\/uploads\/2025\/08\/Pepel12.jpg\" class=\"attachment-full size-full\" alt=\"\" srcset=\"https:\/\/rockside.sk\/wp-content\/uploads\/2025\/08\/Pepel12.jpg 1080w, https:\/\/rockside.sk\/wp-content\/uploads\/2025\/08\/Pepel12-300x300.jpg 300w, https:\/\/rockside.sk\/wp-content\/uploads\/2025\/08\/Pepel12-800x800.jpg 800w, https:\/\/rockside.sk\/wp-content\/uploads\/2025\/08\/Pepel12-150x150.jpg 150w, https:\/\/rockside.sk\/wp-content\/uploads\/2025\/08\/Pepel12-768x768.jpg 768w, https:\/\/rockside.sk\/wp-content\/uploads\/2025\/08\/Pepel12-430x430.jpg 430w, https:\/\/rockside.sk\/wp-content\/uploads\/2025\/08\/Pepel12-700x700.jpg 700w\" sizes=\"(max-width: 1080px) 100vw, 1080px\" \/>\t\t\t\t\t\t\t<\/a>\n\t\t\t\t\t<\/div>\n\n\t\t\t\t\t\t<\/div>\n\t\t\t\t<\/div>\n\t\t\t\t<div class=\"elementor-element elementor-element-8bd5911 elementor-widget elementor-widget-wd_text_block\" data-id=\"8bd5911\" data-element_type=\"widget\" data-widget_type=\"wd_text_block.default\">\n\t\t\t\t<div class=\"elementor-widget-container\">\n\t\t\t\t\t\t\t<div class=\"wd-text-block reset-last-child text-left\">\n\t\t\t\n\t\t\t<p style=\"text-align: center;\"><strong>Pepel<\/strong><\/p>\n\t\t\t\t\t<\/div>\n\t\t\t\t\t\t<\/div>\n\t\t\t\t<\/div>\n\t\t\t\t<\/div>\n\t\t\t\t\t<\/div>\n\t\t\t\t<\/div>\n\t\t<div class=\"wd-negative-gap elementor-element elementor-element-e38708d e-flex e-con-boxed e-con e-parent\" data-id=\"e38708d\" data-element_type=\"container\">\n\t\t\t\t\t<div class=\"e-con-inner\">\n\t\t\t\t<div class=\"elementor-element elementor-element-728eb12 elementor-widget elementor-widget-wd_text_block\" data-id=\"728eb12\" data-element_type=\"widget\" data-widget_type=\"wd_text_block.default\">\n\t\t\t\t<div class=\"elementor-widget-container\">\n\t\t\t\t\t\t\t<div class=\"wd-text-block reset-last-child text-left\">\n\t\t\t\n\t\t\t<p data-start=\"50\" data-end=\"169\"><strong data-start=\"50\" data-end=\"70\">Pr\u00edrodn\u00fd vzh\u013ead.<\/strong> Dla\u017eba verne napodob\u0148uje text\u00faru drevenej dosky a vytv\u00e1ra harmonick\u00fd akcent v \u00faprave prostredia.<\/p><p data-start=\"171\" data-end=\"296\"><strong data-start=\"171\" data-end=\"188\">Ekologickos\u0165.<\/strong> Vyroben\u00e1 z bezpe\u010dn\u00e9ho materi\u00e1lu, dla\u017eba je vhodn\u00e1 pre ak\u00fdko\u013evek priestor a neza\u0165a\u017euje \u017eivotn\u00e9 prostredie.<\/p><p data-start=\"298\" data-end=\"556\"><strong data-start=\"298\" data-end=\"325\">Bet\u00f3nov\u00e1 dla\u017eba \u201eDrevo\u201c<\/strong> je praktick\u00fdm rie\u0161en\u00edm pre pe\u0161ie chodn\u00edky, plochy a vn\u00fatorn\u00e9 dvory. Odol\u00e1va teplotn\u00fdm v\u00fdkyvom aj zr\u00e1\u017ekam, dlhodobo si zachov\u00e1va tvar a vzh\u013ead. Povrch p\u00f4sob\u00ed upravene a prirodzene, pri\u010dom pevnos\u0165 bet\u00f3nu zaru\u010duje trv\u00e1cnos\u0165 dla\u017eby.<\/p>\n\t\t\t\t\t<\/div>\n\t\t\t\t\t\t<\/div>\n\t\t\t\t<\/div>\n\t\t\t\t\t<\/div>\n\t\t\t\t<\/div>\n\t\t\t\t<\/div>","protected":false},"excerpt":{"rendered":"<p>Farebn\u00e1 paleta \u0160ed\u00e1 Tabak Mokr\u00e1 kame\u0148 Pepel Pr\u00edrodn\u00fd vzh\u013ead. Dla\u017eba verne napodob\u0148uje text\u00faru drevenej dosky a vytv\u00e1ra harmonick\u00fd akcent v<\/p>","protected":false},"featured_media":33866,"comment_status":"open","ping_status":"closed","template":"","meta":[],"product_brand":[],"product_cat":[72],"product_tag":[],"class_list":{"0":"post-33885","1":"product","2":"type-product","3":"status-publish","4":"has-post-thumbnail","6":"product_cat-zahradne-dlazdice","8":"first","9":"instock","10":"taxable","11":"shipping-taxable","12":"purchasable","13":"product-type-variable","14":"has-default-attributes"},"yoast_head":"<!-- This site is optimized with the Yoast SEO plugin v25.6 - https:\/\/yoast.com\/wordpress\/plugins\/seo\/ -->\n<title>Dla\u017eobn\u00e1 doska Dreven\u00e1 \u0161trukt\u00fara 600 x 600 mm - Betonov\u00e9 v\u00fdrobky<\/title>\n<meta name=\"robots\" content=\"index, follow, max-snippet:-1, max-image-preview:large, max-video-preview:-1\" \/>\n<link rel=\"canonical\" href=\"https:\/\/rockside.sk\/de\/product\/dlazobna-doska-drevena-struktura-600-x-600-mm-2\/\" \/>\n<meta property=\"og:locale\" content=\"de_DE\" \/>\n<meta property=\"og:type\" content=\"article\" \/>\n<meta property=\"og:title\" content=\"Dla\u017eobn\u00e1 doska Dreven\u00e1 \u0161trukt\u00fara 600 x 600 mm - Betonov\u00e9 v\u00fdrobky\" \/>\n<meta property=\"og:description\" content=\"Farebn\u00e1 paleta \u0160ed\u00e1 Tabak Mokr\u00e1 kame\u0148 Pepel Pr\u00edrodn\u00fd vzh\u013ead. Dla\u017eba verne napodob\u0148uje text\u00faru drevenej dosky a vytv\u00e1ra harmonick\u00fd akcent v\" \/>\n<meta property=\"og:url\" content=\"https:\/\/rockside.sk\/de\/product\/dlazobna-doska-drevena-struktura-600-x-600-mm-2\/\" \/>\n<meta property=\"og:site_name\" content=\"Betonov\u00e9 v\u00fdrobky\" \/>\n<meta property=\"article:modified_time\" content=\"2026-03-13T12:32:23+00:00\" \/>\n<meta property=\"og:image\" content=\"https:\/\/rockside.sk\/wp-content\/uploads\/2025\/08\/plitka-60.jpg\" \/>\n\t<meta property=\"og:image:width\" content=\"1080\" \/>\n\t<meta property=\"og:image:height\" content=\"1080\" \/>\n\t<meta property=\"og:image:type\" content=\"image\/jpeg\" \/>\n<meta name=\"twitter:card\" content=\"summary_large_image\" \/>\n<meta name=\"twitter:label1\" content=\"Gesch\u00e4tzte Lesezeit\" \/>\n\t<meta name=\"twitter:data1\" content=\"1\u00a0Minute\" \/>\n<script type=\"application\/ld+json\" class=\"yoast-schema-graph\">{\"@context\":\"https:\/\/schema.org\",\"@graph\":[{\"@type\":\"WebPage\",\"@id\":\"https:\/\/rockside.sk\/product\/dlazobna-doska-drevena-struktura-600-x-600-mm-2\/\",\"url\":\"https:\/\/rockside.sk\/product\/dlazobna-doska-drevena-struktura-600-x-600-mm-2\/\",\"name\":\"Dla\u017eobn\u00e1 doska Dreven\u00e1 \u0161trukt\u00fara 600 x 600 mm - Betonov\u00e9 v\u00fdrobky\",\"isPartOf\":{\"@id\":\"https:\/\/rockside.sk\/#website\"},\"primaryImageOfPage\":{\"@id\":\"https:\/\/rockside.sk\/product\/dlazobna-doska-drevena-struktura-600-x-600-mm-2\/#primaryimage\"},\"image\":{\"@id\":\"https:\/\/rockside.sk\/product\/dlazobna-doska-drevena-struktura-600-x-600-mm-2\/#primaryimage\"},\"thumbnailUrl\":\"https:\/\/rockside.sk\/wp-content\/uploads\/2025\/08\/plitka-60.jpg\",\"datePublished\":\"2025-08-28T14:57:45+00:00\",\"dateModified\":\"2026-03-13T12:32:23+00:00\",\"breadcrumb\":{\"@id\":\"https:\/\/rockside.sk\/product\/dlazobna-doska-drevena-struktura-600-x-600-mm-2\/#breadcrumb\"},\"inLanguage\":\"de\",\"potentialAction\":[{\"@type\":\"ReadAction\",\"target\":[\"https:\/\/rockside.sk\/product\/dlazobna-doska-drevena-struktura-600-x-600-mm-2\/\"]}]},{\"@type\":\"ImageObject\",\"inLanguage\":\"de\",\"@id\":\"https:\/\/rockside.sk\/product\/dlazobna-doska-drevena-struktura-600-x-600-mm-2\/#primaryimage\",\"url\":\"https:\/\/rockside.sk\/wp-content\/uploads\/2025\/08\/plitka-60.jpg\",\"contentUrl\":\"https:\/\/rockside.sk\/wp-content\/uploads\/2025\/08\/plitka-60.jpg\",\"width\":1080,\"height\":1080},{\"@type\":\"BreadcrumbList\",\"@id\":\"https:\/\/rockside.sk\/product\/dlazobna-doska-drevena-struktura-600-x-600-mm-2\/#breadcrumb\",\"itemListElement\":[{\"@type\":\"ListItem\",\"position\":1,\"name\":\"\u0413\u043b\u0430\u0432\u043d\u0430\u044f \u0441\u0442\u0440\u0430\u043d\u0438\u0446\u0430\",\"item\":\"https:\/\/rockside.sk\/\"},{\"@type\":\"ListItem\",\"position\":2,\"name\":\"Obchod\",\"item\":\"https:\/\/rockside.sk\/shop\/\"},{\"@type\":\"ListItem\",\"position\":3,\"name\":\"Dla\u017eobn\u00e1 doska Dreven\u00e1 \u0161trukt\u00fara 600 x 600 mm\"}]},{\"@type\":\"WebSite\",\"@id\":\"https:\/\/rockside.sk\/#website\",\"url\":\"https:\/\/rockside.sk\/\",\"name\":\"Rockside Slovensko\",\"description\":\"vonkaj\u0161ie kvetin\u00e1\u010de, z\u00e1hradn\u00e9 font\u00e1ny, lavi\u010dky od v\u00fdrobcu Rockside\",\"publisher\":{\"@id\":\"https:\/\/rockside.sk\/#organization\"},\"alternateName\":\"Rockside\",\"potentialAction\":[{\"@type\":\"SearchAction\",\"target\":{\"@type\":\"EntryPoint\",\"urlTemplate\":\"https:\/\/rockside.sk\/?s={search_term_string}\"},\"query-input\":{\"@type\":\"PropertyValueSpecification\",\"valueRequired\":true,\"valueName\":\"search_term_string\"}}],\"inLanguage\":\"de\"},{\"@type\":\"Organization\",\"@id\":\"https:\/\/rockside.sk\/#organization\",\"name\":\"Betonov\u00e9 v\u00fdrobky\",\"url\":\"https:\/\/rockside.sk\/\",\"logo\":{\"@type\":\"ImageObject\",\"inLanguage\":\"de\",\"@id\":\"https:\/\/rockside.sk\/#\/schema\/logo\/image\/\",\"url\":\"https:\/\/rockside.sk\/wp-content\/uploads\/2025\/08\/Rockside.png\",\"contentUrl\":\"https:\/\/rockside.sk\/wp-content\/uploads\/2025\/08\/Rockside.png\",\"width\":1920,\"height\":1080,\"caption\":\"Betonov\u00e9 v\u00fdrobky\"},\"image\":{\"@id\":\"https:\/\/rockside.sk\/#\/schema\/logo\/image\/\"}}]}<\/script>\n<!-- \/ Yoast SEO plugin. -->","yoast_head_json":{"title":"Dla\u017eobn\u00e1 doska Dreven\u00e1 \u0161trukt\u00fara 600 x 600 mm - Betonov\u00e9 v\u00fdrobky","robots":{"index":"index","follow":"follow","max-snippet":"max-snippet:-1","max-image-preview":"max-image-preview:large","max-video-preview":"max-video-preview:-1"},"canonical":"https:\/\/rockside.sk\/de\/product\/dlazobna-doska-drevena-struktura-600-x-600-mm-2\/","og_locale":"de_DE","og_type":"article","og_title":"Dla\u017eobn\u00e1 doska Dreven\u00e1 \u0161trukt\u00fara 600 x 600 mm - Betonov\u00e9 v\u00fdrobky","og_description":"Farebn\u00e1 paleta \u0160ed\u00e1 Tabak Mokr\u00e1 kame\u0148 Pepel Pr\u00edrodn\u00fd vzh\u013ead. Dla\u017eba verne napodob\u0148uje text\u00faru drevenej dosky a vytv\u00e1ra harmonick\u00fd akcent v","og_url":"https:\/\/rockside.sk\/de\/product\/dlazobna-doska-drevena-struktura-600-x-600-mm-2\/","og_site_name":"Betonov\u00e9 v\u00fdrobky","article_modified_time":"2026-03-13T12:32:23+00:00","og_image":[{"width":1080,"height":1080,"url":"https:\/\/rockside.sk\/wp-content\/uploads\/2025\/08\/plitka-60.jpg","type":"image\/jpeg"}],"twitter_card":"summary_large_image","twitter_misc":{"Gesch\u00e4tzte Lesezeit":"1\u00a0Minute"},"schema":{"@context":"https:\/\/schema.org","@graph":[{"@type":"WebPage","@id":"https:\/\/rockside.sk\/product\/dlazobna-doska-drevena-struktura-600-x-600-mm-2\/","url":"https:\/\/rockside.sk\/product\/dlazobna-doska-drevena-struktura-600-x-600-mm-2\/","name":"Dla\u017eobn\u00e1 doska Dreven\u00e1 \u0161trukt\u00fara 600 x 600 mm - Betonov\u00e9 v\u00fdrobky","isPartOf":{"@id":"https:\/\/rockside.sk\/#website"},"primaryImageOfPage":{"@id":"https:\/\/rockside.sk\/product\/dlazobna-doska-drevena-struktura-600-x-600-mm-2\/#primaryimage"},"image":{"@id":"https:\/\/rockside.sk\/product\/dlazobna-doska-drevena-struktura-600-x-600-mm-2\/#primaryimage"},"thumbnailUrl":"https:\/\/rockside.sk\/wp-content\/uploads\/2025\/08\/plitka-60.jpg","datePublished":"2025-08-28T14:57:45+00:00","dateModified":"2026-03-13T12:32:23+00:00","breadcrumb":{"@id":"https:\/\/rockside.sk\/product\/dlazobna-doska-drevena-struktura-600-x-600-mm-2\/#breadcrumb"},"inLanguage":"de","potentialAction":[{"@type":"ReadAction","target":["https:\/\/rockside.sk\/product\/dlazobna-doska-drevena-struktura-600-x-600-mm-2\/"]}]},{"@type":"ImageObject","inLanguage":"de","@id":"https:\/\/rockside.sk\/product\/dlazobna-doska-drevena-struktura-600-x-600-mm-2\/#primaryimage","url":"https:\/\/rockside.sk\/wp-content\/uploads\/2025\/08\/plitka-60.jpg","contentUrl":"https:\/\/rockside.sk\/wp-content\/uploads\/2025\/08\/plitka-60.jpg","width":1080,"height":1080},{"@type":"BreadcrumbList","@id":"https:\/\/rockside.sk\/product\/dlazobna-doska-drevena-struktura-600-x-600-mm-2\/#breadcrumb","itemListElement":[{"@type":"ListItem","position":1,"name":"\u0413\u043b\u0430\u0432\u043d\u0430\u044f \u0441\u0442\u0440\u0430\u043d\u0438\u0446\u0430","item":"https:\/\/rockside.sk\/"},{"@type":"ListItem","position":2,"name":"Obchod","item":"https:\/\/rockside.sk\/shop\/"},{"@type":"ListItem","position":3,"name":"Dla\u017eobn\u00e1 doska Dreven\u00e1 \u0161trukt\u00fara 600 x 600 mm"}]},{"@type":"WebSite","@id":"https:\/\/rockside.sk\/#website","url":"https:\/\/rockside.sk\/","name":"Rockside Slovensko","description":"vonkaj\u0161ie kvetin\u00e1\u010de, z\u00e1hradn\u00e9 font\u00e1ny, lavi\u010dky od v\u00fdrobcu Rockside","publisher":{"@id":"https:\/\/rockside.sk\/#organization"},"alternateName":"Rockside","potentialAction":[{"@type":"SearchAction","target":{"@type":"EntryPoint","urlTemplate":"https:\/\/rockside.sk\/?s={search_term_string}"},"query-input":{"@type":"PropertyValueSpecification","valueRequired":true,"valueName":"search_term_string"}}],"inLanguage":"de"},{"@type":"Organization","@id":"https:\/\/rockside.sk\/#organization","name":"Betonov\u00e9 v\u00fdrobky","url":"https:\/\/rockside.sk\/","logo":{"@type":"ImageObject","inLanguage":"de","@id":"https:\/\/rockside.sk\/#\/schema\/logo\/image\/","url":"https:\/\/rockside.sk\/wp-content\/uploads\/2025\/08\/Rockside.png","contentUrl":"https:\/\/rockside.sk\/wp-content\/uploads\/2025\/08\/Rockside.png","width":1920,"height":1080,"caption":"Betonov\u00e9 v\u00fdrobky"},"image":{"@id":"https:\/\/rockside.sk\/#\/schema\/logo\/image\/"}}]}},"jetpack_sharing_enabled":true,"_links":{"self":[{"href":"https:\/\/rockside.sk\/de\/wp-json\/wp\/v2\/product\/33885","targetHints":{"allow":["GET"]}}],"collection":[{"href":"https:\/\/rockside.sk\/de\/wp-json\/wp\/v2\/product"}],"about":[{"href":"https:\/\/rockside.sk\/de\/wp-json\/wp\/v2\/types\/product"}],"replies":[{"embeddable":true,"href":"https:\/\/rockside.sk\/de\/wp-json\/wp\/v2\/comments?post=33885"}],"version-history":[{"count":4,"href":"https:\/\/rockside.sk\/de\/wp-json\/wp\/v2\/product\/33885\/revisions"}],"predecessor-version":[{"id":33958,"href":"https:\/\/rockside.sk\/de\/wp-json\/wp\/v2\/product\/33885\/revisions\/33958"}],"wp:featuredmedia":[{"embeddable":true,"href":"https:\/\/rockside.sk\/de\/wp-json\/wp\/v2\/media\/33866"}],"wp:attachment":[{"href":"https:\/\/rockside.sk\/de\/wp-json\/wp\/v2\/media?parent=33885"}],"wp:term":[{"taxonomy":"product_brand","embeddable":true,"href":"https:\/\/rockside.sk\/de\/wp-json\/wp\/v2\/product_brand?post=33885"},{"taxonomy":"product_cat","embeddable":true,"href":"https:\/\/rockside.sk\/de\/wp-json\/wp\/v2\/product_cat?post=33885"},{"taxonomy":"product_tag","embeddable":true,"href":"https:\/\/rockside.sk\/de\/wp-json\/wp\/v2\/product_tag?post=33885"}],"curies":[{"name":"wp","href":"https:\/\/api.w.org\/{rel}","templated":true}]}}