{"id":33776,"date":"2025-08-28T12:32:14","date_gmt":"2025-08-28T09:32:14","guid":{"rendered":"https:\/\/rockside.sk\/?post_type=product&#038;p=33776"},"modified":"2026-03-13T15:36:52","modified_gmt":"2026-03-13T12:36:52","slug":"betonovy-fontana-art-10-pre-zahradu","status":"publish","type":"product","link":"https:\/\/rockside.sk\/de\/product\/betonovy-fontana-art-10-pre-zahradu\/","title":{"rendered":"Bet\u00f3nov\u00fd font\u00e1na Art.10 pre z\u00e1hradu"},"content":{"rendered":"<div data-elementor-type=\"wp-post\" data-elementor-id=\"33776\" class=\"elementor elementor-33776\">\n\t\t\t\t<div class=\"wd-negative-gap elementor-element elementor-element-e5ef767 e-flex e-con-boxed e-con e-parent\" data-id=\"e5ef767\" data-element_type=\"container\">\n\t\t\t\t\t<div class=\"e-con-inner\">\n\t\t<div class=\"elementor-element elementor-element-4dbd9ce e-con-full e-flex e-con e-child\" data-id=\"4dbd9ce\" data-element_type=\"container\">\n\t\t\t\t<div class=\"elementor-element elementor-element-977ce6e elementor-widget elementor-widget-wd_text_block\" data-id=\"977ce6e\" data-element_type=\"widget\" data-widget_type=\"wd_text_block.default\">\n\t\t\t\t<div class=\"elementor-widget-container\">\n\t\t\t\t\t\t\t<div class=\"wd-text-block reset-last-child text-left\">\n\t\t\t\n\t\t\t<p data-start=\"39\" data-end=\"230\">Sn\u00edvate o priestore, v ktorom je ka\u017ed\u00fd detail premyslen\u00fd a vytv\u00e1ra pocit harm\u00f3nie? Klasick\u00e1 font\u00e1na je ten akcent, ktor\u00fd dod\u00e1va \u00fazemiu \u00faplnos\u0165, formuje atmosf\u00e9ru oddychu a pod\u010diarkuje \u0161t\u00fdl.<\/p><p data-start=\"232\" data-end=\"530\">Font\u00e1na art.10 funguje na princ\u00edpe uzavret\u00e9ho okruhu \u2013 voda neust\u00e1le cirkuluje v\u010faka \u010derpadlu, preto je pohodln\u00e1 a \u00fasporn\u00e1 na pou\u017e\u00edvanie. Kon\u0161trukcia sa sklad\u00e1 z viacer\u00fdch \u010dast\u00ed, ktor\u00e9 sa jednoducho montuj\u00fa. Materi\u00e1lom je vysokokvalitn\u00fd bet\u00f3n, ktor\u00fd zabezpe\u010duje odolnos\u0165 a dlh\u00fa \u017eivotnos\u0165 v\u00fdrobku.<\/p><p data-start=\"532\" data-end=\"725\">Klasick\u00e9 ma\u013eovanie v odtieni siv\u00e1 patina rob\u00ed font\u00e1nu v\u00fdraznou a zv\u00fdraz\u0148uje architektonick\u00e9 l\u00ednie. Na \u017eelanie ju m\u00f4\u017eeme natrie\u0165 aj inou farbou, aby dokonale ladila s dizajnom v\u00e1\u0161ho exteri\u00e9ru.<\/p><p data-start=\"727\" data-end=\"808\">Font\u00e1na p\u00f4sob\u00ed bezchybne ako v s\u00fakromnej z\u00e1hrade, tak aj vo verejnom priestore.<\/p>\n\t\t\t\t\t<\/div>\n\t\t\t\t\t\t<\/div>\n\t\t\t\t<\/div>\n\t\t\t\t<\/div>\n\t\t<div class=\"elementor-element elementor-element-4382ffd e-con-full e-flex e-con e-child\" data-id=\"4382ffd\" data-element_type=\"container\">\n\t\t\t\t<div class=\"elementor-element elementor-element-3b8c276 wd-width-100 elementor-widget elementor-widget-wd_video\" data-id=\"3b8c276\" data-element_type=\"widget\" data-widget_type=\"wd_video.default\">\n\t\t\t\t<div class=\"elementor-widget-container\">\n\t\t\t\t\t\n\t\t<div class=\"wd-el-video wd-action-without wd-video-hosted wd-with-aspect-ratio\">\n\t\t\t\t\t\t\t<video src=\"https:\/\/rockside.sk\/wp-content\/uploads\/2025\/08\/\u0414\u0435\u0432\u0443\u0448\u043a\u0430-\u0441-\u043a\u0443\u0432\u0448\u0438\u043d\u043e\u043c.mp4\" playsinline controls preload=\"metadata\"><\/video>\t\t\t\n\t\t\t\n\t\t\t\n\t\t\t\t\t<\/div>\n\t\t\t\t\t\t<\/div>\n\t\t\t\t<\/div>\n\t\t\t\t<\/div>\n\t\t\t\t\t<\/div>\n\t\t\t\t<\/div>\n\t\t\t\t<\/div>","protected":false},"excerpt":{"rendered":"<p>Sn\u00edvate o priestore, v ktorom je ka\u017ed\u00fd detail premyslen\u00fd a vytv\u00e1ra pocit harm\u00f3nie? Klasick\u00e1 font\u00e1na je ten akcent, ktor\u00fd dod\u00e1va<\/p>","protected":false},"featured_media":33780,"comment_status":"open","ping_status":"closed","template":"","meta":[],"product_brand":[],"product_cat":[76],"product_tag":[],"class_list":{"0":"post-33776","1":"product","2":"type-product","3":"status-publish","4":"has-post-thumbnail","6":"product_cat-klasicke-fontany","8":"first","9":"instock","10":"taxable","11":"shipping-taxable","12":"purchasable","13":"product-type-variable","14":"has-default-attributes"},"yoast_head":"<!-- This site is optimized with the Yoast SEO plugin v25.6 - https:\/\/yoast.com\/wordpress\/plugins\/seo\/ -->\n<title>Bet\u00f3nov\u00fd font\u00e1na Art.10 pre z\u00e1hradu - Betonov\u00e9 v\u00fdrobky<\/title>\n<meta name=\"robots\" content=\"index, follow, max-snippet:-1, max-image-preview:large, max-video-preview:-1\" \/>\n<link rel=\"canonical\" href=\"https:\/\/rockside.sk\/de\/product\/betonovy-fontana-art-10-pre-zahradu\/\" \/>\n<meta property=\"og:locale\" content=\"de_DE\" \/>\n<meta property=\"og:type\" content=\"article\" \/>\n<meta property=\"og:title\" content=\"Bet\u00f3nov\u00fd font\u00e1na Art.10 pre z\u00e1hradu - Betonov\u00e9 v\u00fdrobky\" \/>\n<meta property=\"og:description\" content=\"Sn\u00edvate o priestore, v ktorom je ka\u017ed\u00fd detail premyslen\u00fd a vytv\u00e1ra pocit harm\u00f3nie? Klasick\u00e1 font\u00e1na je ten akcent, ktor\u00fd dod\u00e1va\" \/>\n<meta property=\"og:url\" content=\"https:\/\/rockside.sk\/de\/product\/betonovy-fontana-art-10-pre-zahradu\/\" \/>\n<meta property=\"og:site_name\" content=\"Betonov\u00e9 v\u00fdrobky\" \/>\n<meta property=\"article:modified_time\" content=\"2026-03-13T12:36:52+00:00\" \/>\n<meta property=\"og:image\" content=\"https:\/\/rockside.sk\/wp-content\/uploads\/2025\/08\/art-10.jpg\" \/>\n\t<meta property=\"og:image:width\" content=\"1080\" \/>\n\t<meta property=\"og:image:height\" content=\"1080\" \/>\n\t<meta property=\"og:image:type\" content=\"image\/jpeg\" \/>\n<meta name=\"twitter:card\" content=\"summary_large_image\" \/>\n<meta name=\"twitter:label1\" content=\"Gesch\u00e4tzte Lesezeit\" \/>\n\t<meta name=\"twitter:data1\" content=\"1\u00a0Minute\" \/>\n<script type=\"application\/ld+json\" class=\"yoast-schema-graph\">{\"@context\":\"https:\/\/schema.org\",\"@graph\":[{\"@type\":\"WebPage\",\"@id\":\"https:\/\/rockside.sk\/product\/betonovy-fontana-art-10-pre-zahradu\/\",\"url\":\"https:\/\/rockside.sk\/product\/betonovy-fontana-art-10-pre-zahradu\/\",\"name\":\"Bet\u00f3nov\u00fd font\u00e1na Art.10 pre z\u00e1hradu - Betonov\u00e9 v\u00fdrobky\",\"isPartOf\":{\"@id\":\"https:\/\/rockside.sk\/#website\"},\"primaryImageOfPage\":{\"@id\":\"https:\/\/rockside.sk\/product\/betonovy-fontana-art-10-pre-zahradu\/#primaryimage\"},\"image\":{\"@id\":\"https:\/\/rockside.sk\/product\/betonovy-fontana-art-10-pre-zahradu\/#primaryimage\"},\"thumbnailUrl\":\"https:\/\/rockside.sk\/wp-content\/uploads\/2025\/08\/art-10.jpg\",\"datePublished\":\"2025-08-28T09:32:14+00:00\",\"dateModified\":\"2026-03-13T12:36:52+00:00\",\"breadcrumb\":{\"@id\":\"https:\/\/rockside.sk\/product\/betonovy-fontana-art-10-pre-zahradu\/#breadcrumb\"},\"inLanguage\":\"de\",\"potentialAction\":[{\"@type\":\"ReadAction\",\"target\":[\"https:\/\/rockside.sk\/product\/betonovy-fontana-art-10-pre-zahradu\/\"]}]},{\"@type\":\"ImageObject\",\"inLanguage\":\"de\",\"@id\":\"https:\/\/rockside.sk\/product\/betonovy-fontana-art-10-pre-zahradu\/#primaryimage\",\"url\":\"https:\/\/rockside.sk\/wp-content\/uploads\/2025\/08\/art-10.jpg\",\"contentUrl\":\"https:\/\/rockside.sk\/wp-content\/uploads\/2025\/08\/art-10.jpg\",\"width\":1080,\"height\":1080},{\"@type\":\"BreadcrumbList\",\"@id\":\"https:\/\/rockside.sk\/product\/betonovy-fontana-art-10-pre-zahradu\/#breadcrumb\",\"itemListElement\":[{\"@type\":\"ListItem\",\"position\":1,\"name\":\"\u0413\u043b\u0430\u0432\u043d\u0430\u044f \u0441\u0442\u0440\u0430\u043d\u0438\u0446\u0430\",\"item\":\"https:\/\/rockside.sk\/\"},{\"@type\":\"ListItem\",\"position\":2,\"name\":\"Obchod\",\"item\":\"https:\/\/rockside.sk\/shop\/\"},{\"@type\":\"ListItem\",\"position\":3,\"name\":\"Bet\u00f3nov\u00fd font\u00e1na Art.10 pre z\u00e1hradu\"}]},{\"@type\":\"WebSite\",\"@id\":\"https:\/\/rockside.sk\/#website\",\"url\":\"https:\/\/rockside.sk\/\",\"name\":\"Rockside Slovensko\",\"description\":\"vonkaj\u0161ie kvetin\u00e1\u010de, z\u00e1hradn\u00e9 font\u00e1ny, lavi\u010dky od v\u00fdrobcu Rockside\",\"publisher\":{\"@id\":\"https:\/\/rockside.sk\/#organization\"},\"alternateName\":\"Rockside\",\"potentialAction\":[{\"@type\":\"SearchAction\",\"target\":{\"@type\":\"EntryPoint\",\"urlTemplate\":\"https:\/\/rockside.sk\/?s={search_term_string}\"},\"query-input\":{\"@type\":\"PropertyValueSpecification\",\"valueRequired\":true,\"valueName\":\"search_term_string\"}}],\"inLanguage\":\"de\"},{\"@type\":\"Organization\",\"@id\":\"https:\/\/rockside.sk\/#organization\",\"name\":\"Betonov\u00e9 v\u00fdrobky\",\"url\":\"https:\/\/rockside.sk\/\",\"logo\":{\"@type\":\"ImageObject\",\"inLanguage\":\"de\",\"@id\":\"https:\/\/rockside.sk\/#\/schema\/logo\/image\/\",\"url\":\"https:\/\/rockside.sk\/wp-content\/uploads\/2025\/08\/Rockside.png\",\"contentUrl\":\"https:\/\/rockside.sk\/wp-content\/uploads\/2025\/08\/Rockside.png\",\"width\":1920,\"height\":1080,\"caption\":\"Betonov\u00e9 v\u00fdrobky\"},\"image\":{\"@id\":\"https:\/\/rockside.sk\/#\/schema\/logo\/image\/\"}}]}<\/script>\n<!-- \/ Yoast SEO plugin. -->","yoast_head_json":{"title":"Bet\u00f3nov\u00fd font\u00e1na Art.10 pre z\u00e1hradu - Betonov\u00e9 v\u00fdrobky","robots":{"index":"index","follow":"follow","max-snippet":"max-snippet:-1","max-image-preview":"max-image-preview:large","max-video-preview":"max-video-preview:-1"},"canonical":"https:\/\/rockside.sk\/de\/product\/betonovy-fontana-art-10-pre-zahradu\/","og_locale":"de_DE","og_type":"article","og_title":"Bet\u00f3nov\u00fd font\u00e1na Art.10 pre z\u00e1hradu - Betonov\u00e9 v\u00fdrobky","og_description":"Sn\u00edvate o priestore, v ktorom je ka\u017ed\u00fd detail premyslen\u00fd a vytv\u00e1ra pocit harm\u00f3nie? Klasick\u00e1 font\u00e1na je ten akcent, ktor\u00fd dod\u00e1va","og_url":"https:\/\/rockside.sk\/de\/product\/betonovy-fontana-art-10-pre-zahradu\/","og_site_name":"Betonov\u00e9 v\u00fdrobky","article_modified_time":"2026-03-13T12:36:52+00:00","og_image":[{"width":1080,"height":1080,"url":"https:\/\/rockside.sk\/wp-content\/uploads\/2025\/08\/art-10.jpg","type":"image\/jpeg"}],"twitter_card":"summary_large_image","twitter_misc":{"Gesch\u00e4tzte Lesezeit":"1\u00a0Minute"},"schema":{"@context":"https:\/\/schema.org","@graph":[{"@type":"WebPage","@id":"https:\/\/rockside.sk\/product\/betonovy-fontana-art-10-pre-zahradu\/","url":"https:\/\/rockside.sk\/product\/betonovy-fontana-art-10-pre-zahradu\/","name":"Bet\u00f3nov\u00fd font\u00e1na Art.10 pre z\u00e1hradu - Betonov\u00e9 v\u00fdrobky","isPartOf":{"@id":"https:\/\/rockside.sk\/#website"},"primaryImageOfPage":{"@id":"https:\/\/rockside.sk\/product\/betonovy-fontana-art-10-pre-zahradu\/#primaryimage"},"image":{"@id":"https:\/\/rockside.sk\/product\/betonovy-fontana-art-10-pre-zahradu\/#primaryimage"},"thumbnailUrl":"https:\/\/rockside.sk\/wp-content\/uploads\/2025\/08\/art-10.jpg","datePublished":"2025-08-28T09:32:14+00:00","dateModified":"2026-03-13T12:36:52+00:00","breadcrumb":{"@id":"https:\/\/rockside.sk\/product\/betonovy-fontana-art-10-pre-zahradu\/#breadcrumb"},"inLanguage":"de","potentialAction":[{"@type":"ReadAction","target":["https:\/\/rockside.sk\/product\/betonovy-fontana-art-10-pre-zahradu\/"]}]},{"@type":"ImageObject","inLanguage":"de","@id":"https:\/\/rockside.sk\/product\/betonovy-fontana-art-10-pre-zahradu\/#primaryimage","url":"https:\/\/rockside.sk\/wp-content\/uploads\/2025\/08\/art-10.jpg","contentUrl":"https:\/\/rockside.sk\/wp-content\/uploads\/2025\/08\/art-10.jpg","width":1080,"height":1080},{"@type":"BreadcrumbList","@id":"https:\/\/rockside.sk\/product\/betonovy-fontana-art-10-pre-zahradu\/#breadcrumb","itemListElement":[{"@type":"ListItem","position":1,"name":"\u0413\u043b\u0430\u0432\u043d\u0430\u044f \u0441\u0442\u0440\u0430\u043d\u0438\u0446\u0430","item":"https:\/\/rockside.sk\/"},{"@type":"ListItem","position":2,"name":"Obchod","item":"https:\/\/rockside.sk\/shop\/"},{"@type":"ListItem","position":3,"name":"Bet\u00f3nov\u00fd font\u00e1na Art.10 pre z\u00e1hradu"}]},{"@type":"WebSite","@id":"https:\/\/rockside.sk\/#website","url":"https:\/\/rockside.sk\/","name":"Rockside Slovensko","description":"vonkaj\u0161ie kvetin\u00e1\u010de, z\u00e1hradn\u00e9 font\u00e1ny, lavi\u010dky od v\u00fdrobcu Rockside","publisher":{"@id":"https:\/\/rockside.sk\/#organization"},"alternateName":"Rockside","potentialAction":[{"@type":"SearchAction","target":{"@type":"EntryPoint","urlTemplate":"https:\/\/rockside.sk\/?s={search_term_string}"},"query-input":{"@type":"PropertyValueSpecification","valueRequired":true,"valueName":"search_term_string"}}],"inLanguage":"de"},{"@type":"Organization","@id":"https:\/\/rockside.sk\/#organization","name":"Betonov\u00e9 v\u00fdrobky","url":"https:\/\/rockside.sk\/","logo":{"@type":"ImageObject","inLanguage":"de","@id":"https:\/\/rockside.sk\/#\/schema\/logo\/image\/","url":"https:\/\/rockside.sk\/wp-content\/uploads\/2025\/08\/Rockside.png","contentUrl":"https:\/\/rockside.sk\/wp-content\/uploads\/2025\/08\/Rockside.png","width":1920,"height":1080,"caption":"Betonov\u00e9 v\u00fdrobky"},"image":{"@id":"https:\/\/rockside.sk\/#\/schema\/logo\/image\/"}}]}},"jetpack_sharing_enabled":true,"_links":{"self":[{"href":"https:\/\/rockside.sk\/de\/wp-json\/wp\/v2\/product\/33776","targetHints":{"allow":["GET"]}}],"collection":[{"href":"https:\/\/rockside.sk\/de\/wp-json\/wp\/v2\/product"}],"about":[{"href":"https:\/\/rockside.sk\/de\/wp-json\/wp\/v2\/types\/product"}],"replies":[{"embeddable":true,"href":"https:\/\/rockside.sk\/de\/wp-json\/wp\/v2\/comments?post=33776"}],"version-history":[{"count":5,"href":"https:\/\/rockside.sk\/de\/wp-json\/wp\/v2\/product\/33776\/revisions"}],"predecessor-version":[{"id":34197,"href":"https:\/\/rockside.sk\/de\/wp-json\/wp\/v2\/product\/33776\/revisions\/34197"}],"wp:featuredmedia":[{"embeddable":true,"href":"https:\/\/rockside.sk\/de\/wp-json\/wp\/v2\/media\/33780"}],"wp:attachment":[{"href":"https:\/\/rockside.sk\/de\/wp-json\/wp\/v2\/media?parent=33776"}],"wp:term":[{"taxonomy":"product_brand","embeddable":true,"href":"https:\/\/rockside.sk\/de\/wp-json\/wp\/v2\/product_brand?post=33776"},{"taxonomy":"product_cat","embeddable":true,"href":"https:\/\/rockside.sk\/de\/wp-json\/wp\/v2\/product_cat?post=33776"},{"taxonomy":"product_tag","embeddable":true,"href":"https:\/\/rockside.sk\/de\/wp-json\/wp\/v2\/product_tag?post=33776"}],"curies":[{"name":"wp","href":"https:\/\/api.w.org\/{rel}","templated":true}]}}