{"id":32328,"date":"2025-08-18T10:50:45","date_gmt":"2025-08-18T07:50:45","guid":{"rendered":"https:\/\/rockside.sk\/?post_type=product&#038;p=32328"},"modified":"2026-03-13T12:09:06","modified_gmt":"2026-03-13T09:09:06","slug":"betonovy-kvetinac-mint","status":"publish","type":"product","link":"https:\/\/rockside.sk\/de\/product\/betonovy-kvetinac-mint\/","title":{"rendered":"Betonpflanzgef\u00e4\u00df Minze"},"content":{"rendered":"<div data-elementor-type=\"wp-post\" data-elementor-id=\"32328\" class=\"elementor elementor-32328\">\n\t\t\t\t<div class=\"wd-negative-gap elementor-element elementor-element-9f9c53a e-flex e-con-boxed e-con e-parent\" data-id=\"9f9c53a\" data-element_type=\"container\">\n\t\t\t\t\t<div class=\"e-con-inner\">\n\t\t<div class=\"elementor-element elementor-element-4def864 e-con-full e-flex e-con e-child\" data-id=\"4def864\" data-element_type=\"container\">\n\t\t\t\t<div class=\"elementor-element elementor-element-df5c4b9 elementor-widget elementor-widget-wd_text_block\" data-id=\"df5c4b9\" data-element_type=\"widget\" data-widget_type=\"wd_text_block.default\">\n\t\t\t\t<div class=\"elementor-widget-container\">\n\t\t\t\t\t\t\t<div class=\"wd-text-block reset-last-child text-left\">\n\t\t\t\n\t\t\t<p data-start=\"0\" data-end=\"321\">Model Mint je vyroben\u00fd z pevn\u00e9ho bet\u00f3nu a neboj\u00ed sa vonkaj\u0161\u00edch poveternostn\u00fdch vplyvov. Ka\u017ed\u00fd v\u00fdrobok prech\u00e1dza testovan\u00edm v na\u0161om vlastnom laborat\u00f3riu: kontrolujeme pevnos\u0165 bet\u00f3nu, mrazuvzdornos\u0165, krehkos\u0165 a \u010fal\u0161ie d\u00f4le\u017eit\u00e9 vlastnosti. Kvetin\u00e1\u010d je ekologicky nez\u00e1vadn\u00fd a bezpe\u010dn\u00fd pre rastliny aj \u017eivotn\u00e9 prostredie.<\/p><p data-start=\"323\" data-end=\"481\">Sie k\u00f6nnen jede Farbvariante aus der RAL K7 Classic Farbkarte ausw\u00e4hlen. Die Farbe ist umweltfreundlich und Ihre Pflanzen werden sich im Topf wohlf\u00fchlen.<\/p><p data-start=\"483\" data-end=\"679\" data-is-last-node=\"\" data-is-only-node=\"\">\u201eGrauer Granit\u201c und \u201eSchwarzer Granit\u201c \u2013 einzigartige Oberfl\u00e4chenvarianten, die luxuri\u00f6s wirken und dem Produkt die \u00c4sthetik eines nat\u00fcrlichen Materials verleihen, das sich perfekt in jede Landschaftsgestaltung einf\u00fcgt.<\/p><p data-start=\"0\" data-end=\"191\">Kvetin\u00e1\u010de sa vyr\u00e1baj\u00fa s pou\u017eit\u00edm modernej technol\u00f3gie vystu\u017eovania pomocou vl\u00e1kennej v\u00fdstu\u017ee. T\u00e1to v\u00fdstu\u017e je rovnomerne rozpt\u00fdlen\u00e1 v celom objeme bet\u00f3nu a vytv\u00e1ra mikro\u0161trukt\u00farnu sie\u0165, ktor\u00e1:<\/p><ul data-start=\"193\" data-end=\"390\"><li data-start=\"193\" data-end=\"253\"><p data-start=\"195\" data-end=\"253\">minimiert die Bildung von Mikrorissen w\u00e4hrend der Betonschrumpfung,<\/p><\/li><li data-start=\"254\" data-end=\"321\"><p data-start=\"256\" data-end=\"321\">erh\u00f6ht die Widerstandsf\u00e4higkeit des Produkts gegen Belastungen, St\u00f6\u00dfe und Verformungen.,<\/p><\/li><li data-start=\"322\" data-end=\"390\"><p data-start=\"324\" data-end=\"390\">gew\u00e4hrleistet eine lange Lebensdauer und Best\u00e4ndigkeit gegen\u00fcber aggressiven Umgebungsbedingungen.<\/p><\/li><\/ul><p data-start=\"392\" data-end=\"595\" data-is-last-node=\"\" data-is-only-node=\"\">Vl\u00e1kenn\u00e1 v\u00fdstu\u017e nepodlieha kor\u00f3zii, preto aj po mnoh\u00fdch rokoch pou\u017e\u00edvania vo vlhk\u00fdch podmienkach alebo pri v\u00fdrazn\u00fdch teplotn\u00fdch v\u00fdkyvoch zost\u00e1va kvetin\u00e1\u010d neporu\u0161en\u00fd a zachov\u00e1va si svoj atrakt\u00edvny vzh\u013ead.<\/p><p data-start=\"392\" data-end=\"595\" data-is-last-node=\"\" data-is-only-node=\"\">Kvetin\u00e1\u010d je navrhnut\u00fd s oh\u013eadom na potreby rastl\u00edn a je vybaven\u00fd dren\u00e1\u017enym otvorom. Ten zabezpe\u010duje efekt\u00edvny odtok prebyto\u010dnej vody, \u010d\u00edm sa predch\u00e1dza jej hromadeniu, \u010do je d\u00f4le\u017eit\u00e9 pre kore\u0148ov\u00fd syst\u00e9m rastl\u00edn.<\/p>\n\t\t\t\t\t<\/div>\n\t\t\t\t\t\t<\/div>\n\t\t\t\t<\/div>\n\t\t\t\t<\/div>\n\t\t<div class=\"elementor-element elementor-element-94c79c8 e-con-full e-flex e-con e-child\" data-id=\"94c79c8\" data-element_type=\"container\">\n\t\t\t\t<div class=\"elementor-element elementor-element-666e21f elementor-widget elementor-widget-wd_image_or_svg\" data-id=\"666e21f\" data-element_type=\"widget\" data-widget_type=\"wd_image_or_svg.default\">\n\t\t\t\t<div class=\"elementor-widget-container\">\n\t\t\t\t\t\n\t\t<div class=\"wd-image text-left photoswipe-images\">\n\t\t\t\t\t\t\t<a  href=\"http:\/\/rockside.sk\/wp-content\/uploads\/2025\/08\/kreslennya-vasonu-mint.jpg\"data-width=\"856\" data-height=\"1024\" data-elementor-open-lightbox=\"no\" aria-label=\"Image link\">\n\t\t\t\t\t\t\t\t<img fetchpriority=\"high\" decoding=\"async\" width=\"856\" height=\"1024\" src=\"https:\/\/rockside.sk\/wp-content\/uploads\/2025\/08\/kreslennya-vasonu-mint.jpg\" class=\"attachment-full size-full\" alt=\"\" srcset=\"https:\/\/rockside.sk\/wp-content\/uploads\/2025\/08\/kreslennya-vasonu-mint.jpg 856w, https:\/\/rockside.sk\/wp-content\/uploads\/2025\/08\/kreslennya-vasonu-mint-150x179.jpg 150w, https:\/\/rockside.sk\/wp-content\/uploads\/2025\/08\/kreslennya-vasonu-mint-700x837.jpg 700w, https:\/\/rockside.sk\/wp-content\/uploads\/2025\/08\/kreslennya-vasonu-mint-251x300.jpg 251w, https:\/\/rockside.sk\/wp-content\/uploads\/2025\/08\/kreslennya-vasonu-mint-669x800.jpg 669w, https:\/\/rockside.sk\/wp-content\/uploads\/2025\/08\/kreslennya-vasonu-mint-768x919.jpg 768w\" sizes=\"(max-width: 856px) 100vw, 856px\" \/>\t\t\t\t\t\t\t<\/a>\n\t\t\t\t\t<\/div>\n\n\t\t\t\t\t\t<\/div>\n\t\t\t\t<\/div>\n\t\t\t\t<\/div>\n\t\t\t\t\t<\/div>\n\t\t\t\t<\/div>\n\t\t<div class=\"wd-negative-gap elementor-element elementor-element-14c3e4c e-flex e-con-boxed e-con e-parent\" data-id=\"14c3e4c\" data-element_type=\"container\">\n\t\t\t\t\t<div class=\"e-con-inner\">\n\t\t\t\t<div class=\"elementor-element elementor-element-7dac662 wd-width-100 elementor-widget elementor-widget-wd_images_gallery\" data-id=\"7dac662\" data-element_type=\"widget\" data-widget_type=\"wd_images_gallery.default\">\n\t\t\t\t<div class=\"elementor-widget-container\">\n\t\t\t\t\t\t\t<div class=\"wd-images-gallery photoswipe-images\" style=\"--wd-align-items:center; --wd-justify-content:center;\">\n\t\t\t\t\t\t<div class=\"wd-grid-g\" style=\"--wd-col-lg:1;--wd-col-md:1;--wd-col-sm:1;--wd-gap-lg:0px;\" >\n\t\t\t\t\t\t\t\t\t\t\t\t\t\t\t\t\t\t<div class=\"wd-gallery-item wd-col\">\n\t\t\t\t\t\t\t\t\t\t\t\t\t<a  href=\"https:\/\/rockside.sk\/wp-content\/uploads\/2025\/08\/mint-rockside.jpg\" data-width=\"1920\" data-height=\"1080\" data-index=\"1\" data-elementor-open-lightbox=\"no\">\n\t\t\t\t\t\t\n\t\t\t\t\t\t<img decoding=\"async\" width=\"1300\" height=\"731\" src=\"https:\/\/rockside.sk\/wp-content\/uploads\/2025\/08\/mint-rockside-1300x731.jpg\" class=\"attachment-large size-large\" alt=\"mint-rockside\" srcset=\"https:\/\/rockside.sk\/wp-content\/uploads\/2025\/08\/mint-rockside-1300x731.jpg 1300w, https:\/\/rockside.sk\/wp-content\/uploads\/2025\/08\/mint-rockside-150x84.jpg 150w, https:\/\/rockside.sk\/wp-content\/uploads\/2025\/08\/mint-rockside-700x394.jpg 700w, https:\/\/rockside.sk\/wp-content\/uploads\/2025\/08\/mint-rockside-400x225.jpg 400w, https:\/\/rockside.sk\/wp-content\/uploads\/2025\/08\/mint-rockside-768x432.jpg 768w, https:\/\/rockside.sk\/wp-content\/uploads\/2025\/08\/mint-rockside-1536x864.jpg 1536w, https:\/\/rockside.sk\/wp-content\/uploads\/2025\/08\/mint-rockside.jpg 1920w\" sizes=\"(max-width: 1300px) 100vw, 1300px\" \/>\n\t\t\t\t\t\t\t\t\t\t\t\t\t<\/a>\n\t\t\t\t\t\t\t\t\t\t\t<\/div>\n\t\t\t\t\t\t\t\t\t\t\t\t\t<\/div>\n\t\t\t\t\t<\/div>\n\t\t\t\t\t\t<\/div>\n\t\t\t\t<\/div>\n\t\t\t\t\t<\/div>\n\t\t\t\t<\/div>\n\t\t\t\t<\/div>","protected":false},"excerpt":{"rendered":"<p>Model Mint je vyroben\u00fd z pevn\u00e9ho bet\u00f3nu a neboj\u00ed sa vonkaj\u0161\u00edch poveternostn\u00fdch vplyvov. Ka\u017ed\u00fd v\u00fdrobok prech\u00e1dza testovan\u00edm v na\u0161om vlastnom<\/p>","protected":false},"featured_media":32338,"comment_status":"open","ping_status":"closed","template":"","meta":[],"product_brand":[],"product_cat":[20],"product_tag":[],"class_list":{"0":"post-32328","1":"product","2":"type-product","3":"status-publish","4":"has-post-thumbnail","6":"product_cat-kvetinace","8":"first","9":"instock","10":"taxable","11":"shipping-taxable","12":"purchasable","13":"product-type-variable","14":"has-default-attributes"},"yoast_head":"<!-- This site is optimized with the Yoast SEO plugin v25.6 - https:\/\/yoast.com\/wordpress\/plugins\/seo\/ -->\n<title>Bet\u00f3nov\u00fd kvetin\u00e1\u010d Mint - Betonov\u00e9 v\u00fdrobky<\/title>\n<meta name=\"robots\" content=\"index, follow, max-snippet:-1, max-image-preview:large, max-video-preview:-1\" \/>\n<link rel=\"canonical\" href=\"https:\/\/rockside.sk\/de\/product\/betonovy-kvetinac-mint\/\" \/>\n<meta property=\"og:locale\" content=\"de_DE\" \/>\n<meta property=\"og:type\" content=\"article\" \/>\n<meta property=\"og:title\" content=\"Bet\u00f3nov\u00fd kvetin\u00e1\u010d Mint - Betonov\u00e9 v\u00fdrobky\" \/>\n<meta property=\"og:description\" content=\"Model Mint je vyroben\u00fd z pevn\u00e9ho bet\u00f3nu a neboj\u00ed sa vonkaj\u0161\u00edch poveternostn\u00fdch vplyvov. Ka\u017ed\u00fd v\u00fdrobok prech\u00e1dza testovan\u00edm v na\u0161om vlastnom\" \/>\n<meta property=\"og:url\" content=\"https:\/\/rockside.sk\/de\/product\/betonovy-kvetinac-mint\/\" \/>\n<meta property=\"og:site_name\" content=\"Betonov\u00e9 v\u00fdrobky\" \/>\n<meta property=\"article:modified_time\" content=\"2026-03-13T09:09:06+00:00\" \/>\n<meta property=\"og:image\" content=\"https:\/\/rockside.sk\/wp-content\/uploads\/2025\/08\/Mint-flower.jpg\" \/>\n\t<meta property=\"og:image:width\" content=\"1080\" \/>\n\t<meta property=\"og:image:height\" content=\"1080\" \/>\n\t<meta property=\"og:image:type\" content=\"image\/jpeg\" \/>\n<meta name=\"twitter:card\" content=\"summary_large_image\" \/>\n<meta name=\"twitter:label1\" content=\"Gesch\u00e4tzte Lesezeit\" \/>\n\t<meta name=\"twitter:data1\" content=\"1\u00a0Minute\" \/>\n<script type=\"application\/ld+json\" class=\"yoast-schema-graph\">{\"@context\":\"https:\/\/schema.org\",\"@graph\":[{\"@type\":\"WebPage\",\"@id\":\"https:\/\/rockside.sk\/product\/betonovy-kvetinac-mint\/\",\"url\":\"https:\/\/rockside.sk\/product\/betonovy-kvetinac-mint\/\",\"name\":\"Bet\u00f3nov\u00fd kvetin\u00e1\u010d Mint - Betonov\u00e9 v\u00fdrobky\",\"isPartOf\":{\"@id\":\"https:\/\/rockside.sk\/#website\"},\"primaryImageOfPage\":{\"@id\":\"https:\/\/rockside.sk\/product\/betonovy-kvetinac-mint\/#primaryimage\"},\"image\":{\"@id\":\"https:\/\/rockside.sk\/product\/betonovy-kvetinac-mint\/#primaryimage\"},\"thumbnailUrl\":\"https:\/\/rockside.sk\/wp-content\/uploads\/2025\/08\/Mint-flower.jpg\",\"datePublished\":\"2025-08-18T07:50:45+00:00\",\"dateModified\":\"2026-03-13T09:09:06+00:00\",\"breadcrumb\":{\"@id\":\"https:\/\/rockside.sk\/product\/betonovy-kvetinac-mint\/#breadcrumb\"},\"inLanguage\":\"de\",\"potentialAction\":[{\"@type\":\"ReadAction\",\"target\":[\"https:\/\/rockside.sk\/product\/betonovy-kvetinac-mint\/\"]}]},{\"@type\":\"ImageObject\",\"inLanguage\":\"de\",\"@id\":\"https:\/\/rockside.sk\/product\/betonovy-kvetinac-mint\/#primaryimage\",\"url\":\"https:\/\/rockside.sk\/wp-content\/uploads\/2025\/08\/Mint-flower.jpg\",\"contentUrl\":\"https:\/\/rockside.sk\/wp-content\/uploads\/2025\/08\/Mint-flower.jpg\",\"width\":1080,\"height\":1080},{\"@type\":\"BreadcrumbList\",\"@id\":\"https:\/\/rockside.sk\/product\/betonovy-kvetinac-mint\/#breadcrumb\",\"itemListElement\":[{\"@type\":\"ListItem\",\"position\":1,\"name\":\"\u0413\u043b\u0430\u0432\u043d\u0430\u044f \u0441\u0442\u0440\u0430\u043d\u0438\u0446\u0430\",\"item\":\"https:\/\/rockside.sk\/\"},{\"@type\":\"ListItem\",\"position\":2,\"name\":\"Obchod\",\"item\":\"https:\/\/rockside.sk\/shop\/\"},{\"@type\":\"ListItem\",\"position\":3,\"name\":\"Bet\u00f3nov\u00fd kvetin\u00e1\u010d Mint\"}]},{\"@type\":\"WebSite\",\"@id\":\"https:\/\/rockside.sk\/#website\",\"url\":\"https:\/\/rockside.sk\/\",\"name\":\"Rockside Slovensko\",\"description\":\"vonkaj\u0161ie kvetin\u00e1\u010de, z\u00e1hradn\u00e9 font\u00e1ny, lavi\u010dky od v\u00fdrobcu Rockside\",\"publisher\":{\"@id\":\"https:\/\/rockside.sk\/#organization\"},\"alternateName\":\"Rockside\",\"potentialAction\":[{\"@type\":\"SearchAction\",\"target\":{\"@type\":\"EntryPoint\",\"urlTemplate\":\"https:\/\/rockside.sk\/?s={search_term_string}\"},\"query-input\":{\"@type\":\"PropertyValueSpecification\",\"valueRequired\":true,\"valueName\":\"search_term_string\"}}],\"inLanguage\":\"de\"},{\"@type\":\"Organization\",\"@id\":\"https:\/\/rockside.sk\/#organization\",\"name\":\"Betonov\u00e9 v\u00fdrobky\",\"url\":\"https:\/\/rockside.sk\/\",\"logo\":{\"@type\":\"ImageObject\",\"inLanguage\":\"de\",\"@id\":\"https:\/\/rockside.sk\/#\/schema\/logo\/image\/\",\"url\":\"https:\/\/rockside.sk\/wp-content\/uploads\/2025\/08\/Rockside.png\",\"contentUrl\":\"https:\/\/rockside.sk\/wp-content\/uploads\/2025\/08\/Rockside.png\",\"width\":1920,\"height\":1080,\"caption\":\"Betonov\u00e9 v\u00fdrobky\"},\"image\":{\"@id\":\"https:\/\/rockside.sk\/#\/schema\/logo\/image\/\"}}]}<\/script>\n<!-- \/ Yoast SEO plugin. -->","yoast_head_json":{"title":"Bet\u00f3nov\u00fd kvetin\u00e1\u010d Mint - Betonov\u00e9 v\u00fdrobky","robots":{"index":"index","follow":"follow","max-snippet":"max-snippet:-1","max-image-preview":"max-image-preview:large","max-video-preview":"max-video-preview:-1"},"canonical":"https:\/\/rockside.sk\/de\/product\/betonovy-kvetinac-mint\/","og_locale":"de_DE","og_type":"article","og_title":"Bet\u00f3nov\u00fd kvetin\u00e1\u010d Mint - Betonov\u00e9 v\u00fdrobky","og_description":"Model Mint je vyroben\u00fd z pevn\u00e9ho bet\u00f3nu a neboj\u00ed sa vonkaj\u0161\u00edch poveternostn\u00fdch vplyvov. Ka\u017ed\u00fd v\u00fdrobok prech\u00e1dza testovan\u00edm v na\u0161om vlastnom","og_url":"https:\/\/rockside.sk\/de\/product\/betonovy-kvetinac-mint\/","og_site_name":"Betonov\u00e9 v\u00fdrobky","article_modified_time":"2026-03-13T09:09:06+00:00","og_image":[{"width":1080,"height":1080,"url":"https:\/\/rockside.sk\/wp-content\/uploads\/2025\/08\/Mint-flower.jpg","type":"image\/jpeg"}],"twitter_card":"summary_large_image","twitter_misc":{"Gesch\u00e4tzte Lesezeit":"1\u00a0Minute"},"schema":{"@context":"https:\/\/schema.org","@graph":[{"@type":"WebPage","@id":"https:\/\/rockside.sk\/product\/betonovy-kvetinac-mint\/","url":"https:\/\/rockside.sk\/product\/betonovy-kvetinac-mint\/","name":"Bet\u00f3nov\u00fd kvetin\u00e1\u010d Mint - Betonov\u00e9 v\u00fdrobky","isPartOf":{"@id":"https:\/\/rockside.sk\/#website"},"primaryImageOfPage":{"@id":"https:\/\/rockside.sk\/product\/betonovy-kvetinac-mint\/#primaryimage"},"image":{"@id":"https:\/\/rockside.sk\/product\/betonovy-kvetinac-mint\/#primaryimage"},"thumbnailUrl":"https:\/\/rockside.sk\/wp-content\/uploads\/2025\/08\/Mint-flower.jpg","datePublished":"2025-08-18T07:50:45+00:00","dateModified":"2026-03-13T09:09:06+00:00","breadcrumb":{"@id":"https:\/\/rockside.sk\/product\/betonovy-kvetinac-mint\/#breadcrumb"},"inLanguage":"de","potentialAction":[{"@type":"ReadAction","target":["https:\/\/rockside.sk\/product\/betonovy-kvetinac-mint\/"]}]},{"@type":"ImageObject","inLanguage":"de","@id":"https:\/\/rockside.sk\/product\/betonovy-kvetinac-mint\/#primaryimage","url":"https:\/\/rockside.sk\/wp-content\/uploads\/2025\/08\/Mint-flower.jpg","contentUrl":"https:\/\/rockside.sk\/wp-content\/uploads\/2025\/08\/Mint-flower.jpg","width":1080,"height":1080},{"@type":"BreadcrumbList","@id":"https:\/\/rockside.sk\/product\/betonovy-kvetinac-mint\/#breadcrumb","itemListElement":[{"@type":"ListItem","position":1,"name":"\u0413\u043b\u0430\u0432\u043d\u0430\u044f \u0441\u0442\u0440\u0430\u043d\u0438\u0446\u0430","item":"https:\/\/rockside.sk\/"},{"@type":"ListItem","position":2,"name":"Obchod","item":"https:\/\/rockside.sk\/shop\/"},{"@type":"ListItem","position":3,"name":"Bet\u00f3nov\u00fd kvetin\u00e1\u010d Mint"}]},{"@type":"WebSite","@id":"https:\/\/rockside.sk\/#website","url":"https:\/\/rockside.sk\/","name":"Rockside Slovensko","description":"vonkaj\u0161ie kvetin\u00e1\u010de, z\u00e1hradn\u00e9 font\u00e1ny, lavi\u010dky od v\u00fdrobcu Rockside","publisher":{"@id":"https:\/\/rockside.sk\/#organization"},"alternateName":"Rockside","potentialAction":[{"@type":"SearchAction","target":{"@type":"EntryPoint","urlTemplate":"https:\/\/rockside.sk\/?s={search_term_string}"},"query-input":{"@type":"PropertyValueSpecification","valueRequired":true,"valueName":"search_term_string"}}],"inLanguage":"de"},{"@type":"Organization","@id":"https:\/\/rockside.sk\/#organization","name":"Betonov\u00e9 v\u00fdrobky","url":"https:\/\/rockside.sk\/","logo":{"@type":"ImageObject","inLanguage":"de","@id":"https:\/\/rockside.sk\/#\/schema\/logo\/image\/","url":"https:\/\/rockside.sk\/wp-content\/uploads\/2025\/08\/Rockside.png","contentUrl":"https:\/\/rockside.sk\/wp-content\/uploads\/2025\/08\/Rockside.png","width":1920,"height":1080,"caption":"Betonov\u00e9 v\u00fdrobky"},"image":{"@id":"https:\/\/rockside.sk\/#\/schema\/logo\/image\/"}}]}},"jetpack_sharing_enabled":true,"_links":{"self":[{"href":"https:\/\/rockside.sk\/de\/wp-json\/wp\/v2\/product\/32328","targetHints":{"allow":["GET"]}}],"collection":[{"href":"https:\/\/rockside.sk\/de\/wp-json\/wp\/v2\/product"}],"about":[{"href":"https:\/\/rockside.sk\/de\/wp-json\/wp\/v2\/types\/product"}],"replies":[{"embeddable":true,"href":"https:\/\/rockside.sk\/de\/wp-json\/wp\/v2\/comments?post=32328"}],"version-history":[{"count":11,"href":"https:\/\/rockside.sk\/de\/wp-json\/wp\/v2\/product\/32328\/revisions"}],"predecessor-version":[{"id":33192,"href":"https:\/\/rockside.sk\/de\/wp-json\/wp\/v2\/product\/32328\/revisions\/33192"}],"wp:featuredmedia":[{"embeddable":true,"href":"https:\/\/rockside.sk\/de\/wp-json\/wp\/v2\/media\/32338"}],"wp:attachment":[{"href":"https:\/\/rockside.sk\/de\/wp-json\/wp\/v2\/media?parent=32328"}],"wp:term":[{"taxonomy":"product_brand","embeddable":true,"href":"https:\/\/rockside.sk\/de\/wp-json\/wp\/v2\/product_brand?post=32328"},{"taxonomy":"product_cat","embeddable":true,"href":"https:\/\/rockside.sk\/de\/wp-json\/wp\/v2\/product_cat?post=32328"},{"taxonomy":"product_tag","embeddable":true,"href":"https:\/\/rockside.sk\/de\/wp-json\/wp\/v2\/product_tag?post=32328"}],"curies":[{"name":"wp","href":"https:\/\/api.w.org\/{rel}","templated":true}]}}