{"id":32009,"date":"2025-08-15T15:57:41","date_gmt":"2025-08-15T12:57:41","guid":{"rendered":"https:\/\/rockside.sk\/?post_type=product&#038;p=32009"},"modified":"2026-03-13T12:53:54","modified_gmt":"2026-03-13T09:53:54","slug":"vonkajsi-betonovy-kvetinac-mediator-l","status":"publish","type":"product","link":"https:\/\/rockside.sk\/de\/product\/vonkajsi-betonovy-kvetinac-mediator-l\/","title":{"rendered":"Vonkaj\u0161\u00ed bet\u00f3nov\u00fd kvetin\u00e1\u010d Medi\u00e1tor L"},"content":{"rendered":"<div data-elementor-type=\"wp-post\" data-elementor-id=\"32009\" class=\"elementor elementor-32009\">\n\t\t\t\t<div class=\"wd-negative-gap elementor-element elementor-element-9f9c53a e-flex e-con-boxed e-con e-parent\" data-id=\"9f9c53a\" data-element_type=\"container\">\n\t\t\t\t\t<div class=\"e-con-inner\">\n\t\t<div class=\"elementor-element elementor-element-4def864 e-con-full e-flex e-con e-child\" data-id=\"4def864\" data-element_type=\"container\">\n\t\t\t\t<div class=\"elementor-element elementor-element-df5c4b9 elementor-widget elementor-widget-wd_text_block\" data-id=\"df5c4b9\" data-element_type=\"widget\" data-widget_type=\"wd_text_block.default\">\n\t\t\t\t<div class=\"elementor-widget-container\">\n\t\t\t\t\t\t\t<div class=\"wd-text-block reset-last-child text-left\">\n\t\t\t\n\t\t\t<p data-start=\"0\" data-end=\"275\">Univerz\u00e1lny tvar kvetin\u00e1\u010da Medi\u00e1tor umo\u017e\u0148uje vytv\u00e1ra\u0165 ako individu\u00e1lne kompoz\u00edcie, tak aj origin\u00e1lne viac\u00farov\u0148ov\u00e9 kon\u0161trukcie jednoduch\u00fdm umiestnen\u00edm jedn\u00e9ho kvetin\u00e1\u010da na druh\u00fd. Tak\u00e1to flexibilita pou\u017eitia otv\u00e1ra mno\u017estvo mo\u017enost\u00ed na \u00fapravu v\u00e1\u0161ho exteri\u00e9ru alebo interi\u00e9ru.<\/p><p data-start=\"277\" data-end=\"437\">Sie k\u00f6nnen jede Farbvariante aus der RAL K7 Classic Farbkarte ausw\u00e4hlen. Die Farbe ist umweltfreundlich und Ihre Pflanzen werden sich im Topf wohlf\u00fchlen.<\/p><p data-start=\"439\" data-end=\"637\">\u201eGrauer Granit\u201c und \u201eSchwarzer Granit\u201c \u2013 einzigartige Oberfl\u00e4chenvarianten, die luxuri\u00f6s wirken und dem Produkt die \u00c4sthetik eines nat\u00fcrlichen Materials verleihen, das sich perfekt in jede Landschaftsgestaltung einf\u00fcgt.<\/p><p data-start=\"639\" data-end=\"813\">Die Blument\u00f6pfe werden mithilfe moderner Faserverst\u00e4rkungstechnologie hergestellt. Das Material ist gleichm\u00e4\u00dfig in der Betonmasse verteilt und bildet so ein mikrostrukturiertes Netzwerk, das:<\/p><ul data-start=\"815\" data-end=\"1014\"><li data-start=\"815\" data-end=\"875\"><p data-start=\"817\" data-end=\"875\">minimiert die Bildung von Mikrorissen w\u00e4hrend der Betonschrumpfung,<\/p><\/li><li data-start=\"876\" data-end=\"943\"><p data-start=\"878\" data-end=\"943\">erh\u00f6ht die Widerstandsf\u00e4higkeit des Produkts gegen Belastungen, St\u00f6\u00dfe und Verformungen.,<\/p><\/li><li data-start=\"944\" data-end=\"1014\"><p data-start=\"946\" data-end=\"1014\">gew\u00e4hrleistet eine lange Lebensdauer und Best\u00e4ndigkeit gegen\u00fcber aggressiven Umgebungsbedingungen.<\/p><\/li><\/ul><p data-start=\"1016\" data-end=\"1210\" data-is-last-node=\"\" data-is-only-node=\"\">Da die Faser nicht korrodiert, bleibt der Blumentopf auch nach jahrelangem Einsatz unter feuchten Bedingungen oder bei starken Temperaturschwankungen intakt und beh\u00e4lt sein attraktives Aussehen.<\/p>\n\t\t\t\t\t<\/div>\n\t\t\t\t\t\t<\/div>\n\t\t\t\t<\/div>\n\t\t\t\t<\/div>\n\t\t<div class=\"elementor-element elementor-element-94c79c8 e-con-full e-flex e-con e-child\" data-id=\"94c79c8\" data-element_type=\"container\">\n\t\t\t\t<div class=\"elementor-element elementor-element-666e21f elementor-widget elementor-widget-wd_image_or_svg\" data-id=\"666e21f\" data-element_type=\"widget\" data-widget_type=\"wd_image_or_svg.default\">\n\t\t\t\t<div class=\"elementor-widget-container\">\n\t\t\t\t\t\n\t\t<div class=\"wd-image text-left photoswipe-images\">\n\t\t\t\t\t\t\t<a  href=\"http:\/\/rockside.sk\/wp-content\/uploads\/2025\/08\/kreslennuya-vasonu-vena-m-2.jpg\"data-width=\"856\" data-height=\"1024\" data-elementor-open-lightbox=\"no\" aria-label=\"Image link\">\n\t\t\t\t\t\t\t\t<img fetchpriority=\"high\" decoding=\"async\" width=\"856\" height=\"1024\" src=\"https:\/\/rockside.sk\/wp-content\/uploads\/2025\/08\/kreslennuya-vasonu-vena-m-2.jpg\" class=\"attachment-full size-full\" alt=\"\" srcset=\"https:\/\/rockside.sk\/wp-content\/uploads\/2025\/08\/kreslennuya-vasonu-vena-m-2.jpg 856w, https:\/\/rockside.sk\/wp-content\/uploads\/2025\/08\/kreslennuya-vasonu-vena-m-2-150x179.jpg 150w, https:\/\/rockside.sk\/wp-content\/uploads\/2025\/08\/kreslennuya-vasonu-vena-m-2-700x837.jpg 700w, https:\/\/rockside.sk\/wp-content\/uploads\/2025\/08\/kreslennuya-vasonu-vena-m-2-251x300.jpg 251w, https:\/\/rockside.sk\/wp-content\/uploads\/2025\/08\/kreslennuya-vasonu-vena-m-2-669x800.jpg 669w, https:\/\/rockside.sk\/wp-content\/uploads\/2025\/08\/kreslennuya-vasonu-vena-m-2-768x919.jpg 768w\" sizes=\"(max-width: 856px) 100vw, 856px\" \/>\t\t\t\t\t\t\t<\/a>\n\t\t\t\t\t<\/div>\n\n\t\t\t\t\t\t<\/div>\n\t\t\t\t<\/div>\n\t\t\t\t<\/div>\n\t\t\t\t\t<\/div>\n\t\t\t\t<\/div>\n\t\t<div class=\"wd-negative-gap elementor-element elementor-element-6b7fec1 e-flex e-con-boxed e-con e-parent\" data-id=\"6b7fec1\" data-element_type=\"container\">\n\t\t\t\t\t<div class=\"e-con-inner\">\n\t\t\t\t<div class=\"elementor-element elementor-element-ee5a6a9 wd-width-100 elementor-widget elementor-widget-wd_images_gallery\" data-id=\"ee5a6a9\" data-element_type=\"widget\" data-widget_type=\"wd_images_gallery.default\">\n\t\t\t\t<div class=\"elementor-widget-container\">\n\t\t\t\t\t\t\t<div class=\"wd-images-gallery photoswipe-images wd-carousel-container\" style=\"--wd-align-items:center; --wd-justify-content:center;\">\n\t\t\t\t\t\t\t<div class=\"wd-carousel-inner\">\n\t\t\t\t\t\t<div class=\"wd-carousel wd-grid\" data-scroll_per_page=\"yes\" style=\"--wd-col-lg:1;--wd-col-md:1;--wd-col-sm:1;--wd-gap-lg:0px;\">\n\t\t\t\t\t\t\t\t\t<div class=\"wd-carousel-wrap\">\n\t\t\t\t\t\t\t\t\t\t\t\t\t\t\t\t\t\t<div class=\"wd-gallery-item wd-carousel-item\">\n\t\t\t\t\t\t\t\t\t\t\t\t\t<a  href=\"https:\/\/rockside.sk\/wp-content\/uploads\/2025\/08\/mediator-3.jpg\" data-width=\"1920\" data-height=\"1080\" data-index=\"1\" data-elementor-open-lightbox=\"no\">\n\t\t\t\t\t\t\n\t\t\t\t\t\t<img decoding=\"async\" width=\"1300\" height=\"731\" src=\"https:\/\/rockside.sk\/wp-content\/uploads\/2025\/08\/mediator-3-1300x731.jpg\" class=\"attachment-large size-large\" alt=\"mediator-3\" srcset=\"https:\/\/rockside.sk\/wp-content\/uploads\/2025\/08\/mediator-3-1300x731.jpg 1300w, https:\/\/rockside.sk\/wp-content\/uploads\/2025\/08\/mediator-3-150x84.jpg 150w, https:\/\/rockside.sk\/wp-content\/uploads\/2025\/08\/mediator-3-700x394.jpg 700w, https:\/\/rockside.sk\/wp-content\/uploads\/2025\/08\/mediator-3-400x225.jpg 400w, https:\/\/rockside.sk\/wp-content\/uploads\/2025\/08\/mediator-3-768x432.jpg 768w, https:\/\/rockside.sk\/wp-content\/uploads\/2025\/08\/mediator-3-1536x864.jpg 1536w, https:\/\/rockside.sk\/wp-content\/uploads\/2025\/08\/mediator-3.jpg 1920w\" sizes=\"(max-width: 1300px) 100vw, 1300px\" \/>\n\t\t\t\t\t\t\t\t\t\t\t\t\t<\/a>\n\t\t\t\t\t\t\t\t\t\t\t<\/div>\n\t\t\t\t\t\t\t\t\t\t\t\t\t\t\t\t<\/div>\n\t\t\t\t\t\t\t\t<\/div>\n\t\t\t\t\t\t\t\t\t\t\t\t\t\t<div class=\"wd-nav-arrows wd-pos-sep wd-hover-1 wd-icon-1\">\n\t\t\t<div class=\"wd-btn-arrow wd-prev wd-disabled\">\n\t\t\t\t<div class=\"wd-arrow-inner\"><\/div>\n\t\t\t<\/div>\n\t\t\t<div class=\"wd-btn-arrow wd-next\">\n\t\t\t\t<div class=\"wd-arrow-inner\"><\/div>\n\t\t\t<\/div>\n\t\t<\/div>\n\t\t\t\t\t\t\n\t\t\t\t<\/div>\n\n\t\t\t\t\t\t<div class=\"wd-nav-pagin-wrap text-center wd-style-shape wd-hide-md-sm wd-hide-sm\">\n\t\t\t<ul class=\"wd-nav-pagin\"><\/ul>\n\t\t<\/div>\n\t\t\t\t\t\t\t\t\t\t\t<\/div>\n\t\t\t\t\t\t<\/div>\n\t\t\t\t<\/div>\n\t\t\t\t\t<\/div>\n\t\t\t\t<\/div>\n\t\t\t\t<\/div>","protected":false},"excerpt":{"rendered":"<p>Univerz\u00e1lny tvar kvetin\u00e1\u010da Medi\u00e1tor umo\u017e\u0148uje vytv\u00e1ra\u0165 ako individu\u00e1lne kompoz\u00edcie, tak aj origin\u00e1lne viac\u00farov\u0148ov\u00e9 kon\u0161trukcie jednoduch\u00fdm umiestnen\u00edm jedn\u00e9ho kvetin\u00e1\u010da na druh\u00fd.<\/p>","protected":false},"featured_media":32017,"comment_status":"open","ping_status":"closed","template":"","meta":[],"product_brand":[],"product_cat":[20],"product_tag":[],"class_list":{"0":"post-32009","1":"product","2":"type-product","3":"status-publish","4":"has-post-thumbnail","6":"product_cat-kvetinace","8":"first","9":"instock","10":"taxable","11":"shipping-taxable","12":"purchasable","13":"product-type-variable","14":"has-default-attributes"},"yoast_head":"<!-- This site is optimized with the Yoast SEO plugin v25.6 - https:\/\/yoast.com\/wordpress\/plugins\/seo\/ -->\n<title>Vonkaj\u0161\u00ed bet\u00f3nov\u00fd kvetin\u00e1\u010d Medi\u00e1tor L - Betonov\u00e9 v\u00fdrobky<\/title>\n<meta name=\"robots\" content=\"index, follow, max-snippet:-1, max-image-preview:large, max-video-preview:-1\" \/>\n<link rel=\"canonical\" href=\"https:\/\/rockside.sk\/de\/product\/vonkajsi-betonovy-kvetinac-mediator-l\/\" \/>\n<meta property=\"og:locale\" content=\"de_DE\" \/>\n<meta property=\"og:type\" content=\"article\" \/>\n<meta property=\"og:title\" content=\"Vonkaj\u0161\u00ed bet\u00f3nov\u00fd kvetin\u00e1\u010d Medi\u00e1tor L - Betonov\u00e9 v\u00fdrobky\" \/>\n<meta property=\"og:description\" content=\"Univerz\u00e1lny tvar kvetin\u00e1\u010da Medi\u00e1tor umo\u017e\u0148uje vytv\u00e1ra\u0165 ako individu\u00e1lne kompoz\u00edcie, tak aj origin\u00e1lne viac\u00farov\u0148ov\u00e9 kon\u0161trukcie jednoduch\u00fdm umiestnen\u00edm jedn\u00e9ho kvetin\u00e1\u010da na druh\u00fd.\" \/>\n<meta property=\"og:url\" content=\"https:\/\/rockside.sk\/de\/product\/vonkajsi-betonovy-kvetinac-mediator-l\/\" \/>\n<meta property=\"og:site_name\" content=\"Betonov\u00e9 v\u00fdrobky\" \/>\n<meta property=\"article:modified_time\" content=\"2026-03-13T09:53:54+00:00\" \/>\n<meta property=\"og:image\" content=\"https:\/\/rockside.sk\/wp-content\/uploads\/2025\/08\/Mediator-L.jpg\" \/>\n\t<meta property=\"og:image:width\" content=\"1080\" \/>\n\t<meta property=\"og:image:height\" content=\"1080\" \/>\n\t<meta property=\"og:image:type\" content=\"image\/jpeg\" \/>\n<meta name=\"twitter:card\" content=\"summary_large_image\" \/>\n<meta name=\"twitter:label1\" content=\"Gesch\u00e4tzte Lesezeit\" \/>\n\t<meta name=\"twitter:data1\" content=\"1\u00a0Minute\" \/>\n<script type=\"application\/ld+json\" class=\"yoast-schema-graph\">{\"@context\":\"https:\/\/schema.org\",\"@graph\":[{\"@type\":\"WebPage\",\"@id\":\"https:\/\/rockside.sk\/product\/vonkajsi-betonovy-kvetinac-mediator-l\/\",\"url\":\"https:\/\/rockside.sk\/product\/vonkajsi-betonovy-kvetinac-mediator-l\/\",\"name\":\"Vonkaj\u0161\u00ed bet\u00f3nov\u00fd kvetin\u00e1\u010d Medi\u00e1tor L - Betonov\u00e9 v\u00fdrobky\",\"isPartOf\":{\"@id\":\"https:\/\/rockside.sk\/#website\"},\"primaryImageOfPage\":{\"@id\":\"https:\/\/rockside.sk\/product\/vonkajsi-betonovy-kvetinac-mediator-l\/#primaryimage\"},\"image\":{\"@id\":\"https:\/\/rockside.sk\/product\/vonkajsi-betonovy-kvetinac-mediator-l\/#primaryimage\"},\"thumbnailUrl\":\"https:\/\/rockside.sk\/wp-content\/uploads\/2025\/08\/Mediator-L.jpg\",\"datePublished\":\"2025-08-15T12:57:41+00:00\",\"dateModified\":\"2026-03-13T09:53:54+00:00\",\"breadcrumb\":{\"@id\":\"https:\/\/rockside.sk\/product\/vonkajsi-betonovy-kvetinac-mediator-l\/#breadcrumb\"},\"inLanguage\":\"de\",\"potentialAction\":[{\"@type\":\"ReadAction\",\"target\":[\"https:\/\/rockside.sk\/product\/vonkajsi-betonovy-kvetinac-mediator-l\/\"]}]},{\"@type\":\"ImageObject\",\"inLanguage\":\"de\",\"@id\":\"https:\/\/rockside.sk\/product\/vonkajsi-betonovy-kvetinac-mediator-l\/#primaryimage\",\"url\":\"https:\/\/rockside.sk\/wp-content\/uploads\/2025\/08\/Mediator-L.jpg\",\"contentUrl\":\"https:\/\/rockside.sk\/wp-content\/uploads\/2025\/08\/Mediator-L.jpg\",\"width\":1080,\"height\":1080},{\"@type\":\"BreadcrumbList\",\"@id\":\"https:\/\/rockside.sk\/product\/vonkajsi-betonovy-kvetinac-mediator-l\/#breadcrumb\",\"itemListElement\":[{\"@type\":\"ListItem\",\"position\":1,\"name\":\"\u0413\u043b\u0430\u0432\u043d\u0430\u044f \u0441\u0442\u0440\u0430\u043d\u0438\u0446\u0430\",\"item\":\"https:\/\/rockside.sk\/\"},{\"@type\":\"ListItem\",\"position\":2,\"name\":\"Obchod\",\"item\":\"https:\/\/rockside.sk\/shop\/\"},{\"@type\":\"ListItem\",\"position\":3,\"name\":\"Vonkaj\u0161\u00ed bet\u00f3nov\u00fd kvetin\u00e1\u010d Medi\u00e1tor L\"}]},{\"@type\":\"WebSite\",\"@id\":\"https:\/\/rockside.sk\/#website\",\"url\":\"https:\/\/rockside.sk\/\",\"name\":\"Rockside Slovensko\",\"description\":\"vonkaj\u0161ie kvetin\u00e1\u010de, z\u00e1hradn\u00e9 font\u00e1ny, lavi\u010dky od v\u00fdrobcu Rockside\",\"publisher\":{\"@id\":\"https:\/\/rockside.sk\/#organization\"},\"alternateName\":\"Rockside\",\"potentialAction\":[{\"@type\":\"SearchAction\",\"target\":{\"@type\":\"EntryPoint\",\"urlTemplate\":\"https:\/\/rockside.sk\/?s={search_term_string}\"},\"query-input\":{\"@type\":\"PropertyValueSpecification\",\"valueRequired\":true,\"valueName\":\"search_term_string\"}}],\"inLanguage\":\"de\"},{\"@type\":\"Organization\",\"@id\":\"https:\/\/rockside.sk\/#organization\",\"name\":\"Betonov\u00e9 v\u00fdrobky\",\"url\":\"https:\/\/rockside.sk\/\",\"logo\":{\"@type\":\"ImageObject\",\"inLanguage\":\"de\",\"@id\":\"https:\/\/rockside.sk\/#\/schema\/logo\/image\/\",\"url\":\"https:\/\/rockside.sk\/wp-content\/uploads\/2025\/08\/Rockside.png\",\"contentUrl\":\"https:\/\/rockside.sk\/wp-content\/uploads\/2025\/08\/Rockside.png\",\"width\":1920,\"height\":1080,\"caption\":\"Betonov\u00e9 v\u00fdrobky\"},\"image\":{\"@id\":\"https:\/\/rockside.sk\/#\/schema\/logo\/image\/\"}}]}<\/script>\n<!-- \/ Yoast SEO plugin. -->","yoast_head_json":{"title":"Vonkaj\u0161\u00ed bet\u00f3nov\u00fd kvetin\u00e1\u010d Medi\u00e1tor L - Betonov\u00e9 v\u00fdrobky","robots":{"index":"index","follow":"follow","max-snippet":"max-snippet:-1","max-image-preview":"max-image-preview:large","max-video-preview":"max-video-preview:-1"},"canonical":"https:\/\/rockside.sk\/de\/product\/vonkajsi-betonovy-kvetinac-mediator-l\/","og_locale":"de_DE","og_type":"article","og_title":"Vonkaj\u0161\u00ed bet\u00f3nov\u00fd kvetin\u00e1\u010d Medi\u00e1tor L - Betonov\u00e9 v\u00fdrobky","og_description":"Univerz\u00e1lny tvar kvetin\u00e1\u010da Medi\u00e1tor umo\u017e\u0148uje vytv\u00e1ra\u0165 ako individu\u00e1lne kompoz\u00edcie, tak aj origin\u00e1lne viac\u00farov\u0148ov\u00e9 kon\u0161trukcie jednoduch\u00fdm umiestnen\u00edm jedn\u00e9ho kvetin\u00e1\u010da na druh\u00fd.","og_url":"https:\/\/rockside.sk\/de\/product\/vonkajsi-betonovy-kvetinac-mediator-l\/","og_site_name":"Betonov\u00e9 v\u00fdrobky","article_modified_time":"2026-03-13T09:53:54+00:00","og_image":[{"width":1080,"height":1080,"url":"https:\/\/rockside.sk\/wp-content\/uploads\/2025\/08\/Mediator-L.jpg","type":"image\/jpeg"}],"twitter_card":"summary_large_image","twitter_misc":{"Gesch\u00e4tzte Lesezeit":"1\u00a0Minute"},"schema":{"@context":"https:\/\/schema.org","@graph":[{"@type":"WebPage","@id":"https:\/\/rockside.sk\/product\/vonkajsi-betonovy-kvetinac-mediator-l\/","url":"https:\/\/rockside.sk\/product\/vonkajsi-betonovy-kvetinac-mediator-l\/","name":"Vonkaj\u0161\u00ed bet\u00f3nov\u00fd kvetin\u00e1\u010d Medi\u00e1tor L - Betonov\u00e9 v\u00fdrobky","isPartOf":{"@id":"https:\/\/rockside.sk\/#website"},"primaryImageOfPage":{"@id":"https:\/\/rockside.sk\/product\/vonkajsi-betonovy-kvetinac-mediator-l\/#primaryimage"},"image":{"@id":"https:\/\/rockside.sk\/product\/vonkajsi-betonovy-kvetinac-mediator-l\/#primaryimage"},"thumbnailUrl":"https:\/\/rockside.sk\/wp-content\/uploads\/2025\/08\/Mediator-L.jpg","datePublished":"2025-08-15T12:57:41+00:00","dateModified":"2026-03-13T09:53:54+00:00","breadcrumb":{"@id":"https:\/\/rockside.sk\/product\/vonkajsi-betonovy-kvetinac-mediator-l\/#breadcrumb"},"inLanguage":"de","potentialAction":[{"@type":"ReadAction","target":["https:\/\/rockside.sk\/product\/vonkajsi-betonovy-kvetinac-mediator-l\/"]}]},{"@type":"ImageObject","inLanguage":"de","@id":"https:\/\/rockside.sk\/product\/vonkajsi-betonovy-kvetinac-mediator-l\/#primaryimage","url":"https:\/\/rockside.sk\/wp-content\/uploads\/2025\/08\/Mediator-L.jpg","contentUrl":"https:\/\/rockside.sk\/wp-content\/uploads\/2025\/08\/Mediator-L.jpg","width":1080,"height":1080},{"@type":"BreadcrumbList","@id":"https:\/\/rockside.sk\/product\/vonkajsi-betonovy-kvetinac-mediator-l\/#breadcrumb","itemListElement":[{"@type":"ListItem","position":1,"name":"\u0413\u043b\u0430\u0432\u043d\u0430\u044f \u0441\u0442\u0440\u0430\u043d\u0438\u0446\u0430","item":"https:\/\/rockside.sk\/"},{"@type":"ListItem","position":2,"name":"Obchod","item":"https:\/\/rockside.sk\/shop\/"},{"@type":"ListItem","position":3,"name":"Vonkaj\u0161\u00ed bet\u00f3nov\u00fd kvetin\u00e1\u010d Medi\u00e1tor L"}]},{"@type":"WebSite","@id":"https:\/\/rockside.sk\/#website","url":"https:\/\/rockside.sk\/","name":"Rockside Slovensko","description":"vonkaj\u0161ie kvetin\u00e1\u010de, z\u00e1hradn\u00e9 font\u00e1ny, lavi\u010dky od v\u00fdrobcu Rockside","publisher":{"@id":"https:\/\/rockside.sk\/#organization"},"alternateName":"Rockside","potentialAction":[{"@type":"SearchAction","target":{"@type":"EntryPoint","urlTemplate":"https:\/\/rockside.sk\/?s={search_term_string}"},"query-input":{"@type":"PropertyValueSpecification","valueRequired":true,"valueName":"search_term_string"}}],"inLanguage":"de"},{"@type":"Organization","@id":"https:\/\/rockside.sk\/#organization","name":"Betonov\u00e9 v\u00fdrobky","url":"https:\/\/rockside.sk\/","logo":{"@type":"ImageObject","inLanguage":"de","@id":"https:\/\/rockside.sk\/#\/schema\/logo\/image\/","url":"https:\/\/rockside.sk\/wp-content\/uploads\/2025\/08\/Rockside.png","contentUrl":"https:\/\/rockside.sk\/wp-content\/uploads\/2025\/08\/Rockside.png","width":1920,"height":1080,"caption":"Betonov\u00e9 v\u00fdrobky"},"image":{"@id":"https:\/\/rockside.sk\/#\/schema\/logo\/image\/"}}]}},"jetpack_sharing_enabled":true,"_links":{"self":[{"href":"https:\/\/rockside.sk\/de\/wp-json\/wp\/v2\/product\/32009","targetHints":{"allow":["GET"]}}],"collection":[{"href":"https:\/\/rockside.sk\/de\/wp-json\/wp\/v2\/product"}],"about":[{"href":"https:\/\/rockside.sk\/de\/wp-json\/wp\/v2\/types\/product"}],"replies":[{"embeddable":true,"href":"https:\/\/rockside.sk\/de\/wp-json\/wp\/v2\/comments?post=32009"}],"version-history":[{"count":1,"href":"https:\/\/rockside.sk\/de\/wp-json\/wp\/v2\/product\/32009\/revisions"}],"predecessor-version":[{"id":32021,"href":"https:\/\/rockside.sk\/de\/wp-json\/wp\/v2\/product\/32009\/revisions\/32021"}],"wp:featuredmedia":[{"embeddable":true,"href":"https:\/\/rockside.sk\/de\/wp-json\/wp\/v2\/media\/32017"}],"wp:attachment":[{"href":"https:\/\/rockside.sk\/de\/wp-json\/wp\/v2\/media?parent=32009"}],"wp:term":[{"taxonomy":"product_brand","embeddable":true,"href":"https:\/\/rockside.sk\/de\/wp-json\/wp\/v2\/product_brand?post=32009"},{"taxonomy":"product_cat","embeddable":true,"href":"https:\/\/rockside.sk\/de\/wp-json\/wp\/v2\/product_cat?post=32009"},{"taxonomy":"product_tag","embeddable":true,"href":"https:\/\/rockside.sk\/de\/wp-json\/wp\/v2\/product_tag?post=32009"}],"curies":[{"name":"wp","href":"https:\/\/api.w.org\/{rel}","templated":true}]}}