{"id":30490,"date":"2025-08-11T16:09:53","date_gmt":"2025-08-11T13:09:53","guid":{"rendered":"https:\/\/rockside.sk\/?post_type=product&#038;p=30490"},"modified":"2026-03-13T16:05:03","modified_gmt":"2026-03-13T13:05:03","slug":"zahradna-fontana-c-88","status":"publish","type":"product","link":"https:\/\/rockside.sk\/de\/product\/zahradna-fontana-c-88\/","title":{"rendered":"Z\u00e1hradn\u00e1 font\u00e1na \u2116 88"},"content":{"rendered":"<div data-elementor-type=\"wp-post\" data-elementor-id=\"30490\" class=\"elementor elementor-30490\">\n\t\t\t\t<div class=\"wd-negative-gap elementor-element elementor-element-87e8c7d e-flex e-con-boxed e-con e-parent\" data-id=\"87e8c7d\" data-element_type=\"container\">\n\t\t\t\t\t<div class=\"e-con-inner\">\n\t\t\t\t<div class=\"elementor-element elementor-element-361823d elementor-widget elementor-widget-wd_text_block\" data-id=\"361823d\" data-element_type=\"widget\" data-widget_type=\"wd_text_block.default\">\n\t\t\t\t<div class=\"elementor-widget-container\">\n\t\t\t\t\t\t\t<div class=\"wd-text-block reset-last-child text-left\">\n\t\t\t\n\t\t\t<ul><li>Jednoduch\u00e1 \u00fadr\u017eba a mont\u00e1\u017e: Font\u00e1na nevy\u017eaduje zlo\u017eit\u00e9 servisn\u00e9 postupy a d\u00e1 sa nain\u0161talova\u0165 na ak\u00fdko\u013evek povrch.<\/li><li>Vhodn\u00e1 na \u00fapravu men\u0161\u00edch priestorov: Jej kompaktn\u00e9 rozmery robia z v\u00fdrobku ide\u00e1lnu vo\u013ebu pre mal\u00e9 z\u00e1hrady, terasy alebo vn\u00fatorn\u00e9 dvory.<\/li><li>\u013dubovo\u013en\u00e1 farba: M\u00f4\u017eete si vybra\u0165 font\u00e1nu v bet\u00f3novom vyhotoven\u00ed alebo si ju objedna\u0165 v odtieni, ktor\u00fd sa bude hodi\u0165 pr\u00e1ve k v\u00e1\u0161mu dizajnu.<\/li><\/ul>\n\t\t\t\t\t<\/div>\n\t\t\t\t\t\t<\/div>\n\t\t\t\t<\/div>\n\t\t\t\t\t<\/div>\n\t\t\t\t<\/div>\n\t\t\t\t<\/div>","protected":false},"excerpt":{"rendered":"<p>Jednoduch\u00e1 \u00fadr\u017eba a mont\u00e1\u017e: Font\u00e1na nevy\u017eaduje zlo\u017eit\u00e9 servisn\u00e9 postupy a d\u00e1 sa nain\u0161talova\u0165 na ak\u00fdko\u013evek povrch. Vhodn\u00e1 na \u00fapravu men\u0161\u00edch<\/p>","protected":false},"featured_media":30496,"comment_status":"open","ping_status":"closed","template":"","meta":[],"product_brand":[],"product_cat":[75],"product_tag":[],"class_list":{"0":"post-30490","1":"product","2":"type-product","3":"status-publish","4":"has-post-thumbnail","6":"product_cat-fontany-moderne","8":"first","9":"instock","10":"taxable","11":"shipping-taxable","12":"purchasable","13":"product-type-variable","14":"has-default-attributes"},"yoast_head":"<!-- This site is optimized with the Yoast SEO plugin v25.6 - https:\/\/yoast.com\/wordpress\/plugins\/seo\/ -->\n<title>Z\u00e1hradn\u00e1 font\u00e1na \u2116 88 - Betonov\u00e9 v\u00fdrobky<\/title>\n<meta name=\"robots\" content=\"index, follow, max-snippet:-1, max-image-preview:large, max-video-preview:-1\" \/>\n<link rel=\"canonical\" href=\"https:\/\/rockside.sk\/de\/product\/zahradna-fontana-c-88\/\" \/>\n<meta property=\"og:locale\" content=\"de_DE\" \/>\n<meta property=\"og:type\" content=\"article\" \/>\n<meta property=\"og:title\" content=\"Z\u00e1hradn\u00e1 font\u00e1na \u2116 88 - Betonov\u00e9 v\u00fdrobky\" \/>\n<meta property=\"og:description\" content=\"Jednoduch\u00e1 \u00fadr\u017eba a mont\u00e1\u017e: Font\u00e1na nevy\u017eaduje zlo\u017eit\u00e9 servisn\u00e9 postupy a d\u00e1 sa nain\u0161talova\u0165 na ak\u00fdko\u013evek povrch. Vhodn\u00e1 na \u00fapravu men\u0161\u00edch\" \/>\n<meta property=\"og:url\" content=\"https:\/\/rockside.sk\/de\/product\/zahradna-fontana-c-88\/\" \/>\n<meta property=\"og:site_name\" content=\"Betonov\u00e9 v\u00fdrobky\" \/>\n<meta property=\"article:modified_time\" content=\"2026-03-13T13:05:03+00:00\" \/>\n<meta property=\"og:image\" content=\"https:\/\/rockside.sk\/wp-content\/uploads\/2025\/08\/fontain88.jpg\" \/>\n\t<meta property=\"og:image:width\" content=\"1080\" \/>\n\t<meta property=\"og:image:height\" content=\"1080\" \/>\n\t<meta property=\"og:image:type\" content=\"image\/jpeg\" \/>\n<meta name=\"twitter:card\" content=\"summary_large_image\" \/>\n<script type=\"application\/ld+json\" class=\"yoast-schema-graph\">{\"@context\":\"https:\/\/schema.org\",\"@graph\":[{\"@type\":\"WebPage\",\"@id\":\"https:\/\/rockside.sk\/product\/zahradna-fontana-c-88\/\",\"url\":\"https:\/\/rockside.sk\/product\/zahradna-fontana-c-88\/\",\"name\":\"Z\u00e1hradn\u00e1 font\u00e1na \u2116 88 - Betonov\u00e9 v\u00fdrobky\",\"isPartOf\":{\"@id\":\"https:\/\/rockside.sk\/#website\"},\"primaryImageOfPage\":{\"@id\":\"https:\/\/rockside.sk\/product\/zahradna-fontana-c-88\/#primaryimage\"},\"image\":{\"@id\":\"https:\/\/rockside.sk\/product\/zahradna-fontana-c-88\/#primaryimage\"},\"thumbnailUrl\":\"https:\/\/rockside.sk\/wp-content\/uploads\/2025\/08\/fontain88.jpg\",\"datePublished\":\"2025-08-11T13:09:53+00:00\",\"dateModified\":\"2026-03-13T13:05:03+00:00\",\"breadcrumb\":{\"@id\":\"https:\/\/rockside.sk\/product\/zahradna-fontana-c-88\/#breadcrumb\"},\"inLanguage\":\"de\",\"potentialAction\":[{\"@type\":\"ReadAction\",\"target\":[\"https:\/\/rockside.sk\/product\/zahradna-fontana-c-88\/\"]}]},{\"@type\":\"ImageObject\",\"inLanguage\":\"de\",\"@id\":\"https:\/\/rockside.sk\/product\/zahradna-fontana-c-88\/#primaryimage\",\"url\":\"https:\/\/rockside.sk\/wp-content\/uploads\/2025\/08\/fontain88.jpg\",\"contentUrl\":\"https:\/\/rockside.sk\/wp-content\/uploads\/2025\/08\/fontain88.jpg\",\"width\":1080,\"height\":1080},{\"@type\":\"BreadcrumbList\",\"@id\":\"https:\/\/rockside.sk\/product\/zahradna-fontana-c-88\/#breadcrumb\",\"itemListElement\":[{\"@type\":\"ListItem\",\"position\":1,\"name\":\"\u0413\u043b\u0430\u0432\u043d\u0430\u044f \u0441\u0442\u0440\u0430\u043d\u0438\u0446\u0430\",\"item\":\"https:\/\/rockside.sk\/\"},{\"@type\":\"ListItem\",\"position\":2,\"name\":\"Obchod\",\"item\":\"https:\/\/rockside.sk\/shop\/\"},{\"@type\":\"ListItem\",\"position\":3,\"name\":\"Z\u00e1hradn\u00e1 font\u00e1na \u2116 88\"}]},{\"@type\":\"WebSite\",\"@id\":\"https:\/\/rockside.sk\/#website\",\"url\":\"https:\/\/rockside.sk\/\",\"name\":\"Rockside Slovensko\",\"description\":\"vonkaj\u0161ie kvetin\u00e1\u010de, z\u00e1hradn\u00e9 font\u00e1ny, lavi\u010dky od v\u00fdrobcu Rockside\",\"publisher\":{\"@id\":\"https:\/\/rockside.sk\/#organization\"},\"alternateName\":\"Rockside\",\"potentialAction\":[{\"@type\":\"SearchAction\",\"target\":{\"@type\":\"EntryPoint\",\"urlTemplate\":\"https:\/\/rockside.sk\/?s={search_term_string}\"},\"query-input\":{\"@type\":\"PropertyValueSpecification\",\"valueRequired\":true,\"valueName\":\"search_term_string\"}}],\"inLanguage\":\"de\"},{\"@type\":\"Organization\",\"@id\":\"https:\/\/rockside.sk\/#organization\",\"name\":\"Betonov\u00e9 v\u00fdrobky\",\"url\":\"https:\/\/rockside.sk\/\",\"logo\":{\"@type\":\"ImageObject\",\"inLanguage\":\"de\",\"@id\":\"https:\/\/rockside.sk\/#\/schema\/logo\/image\/\",\"url\":\"https:\/\/rockside.sk\/wp-content\/uploads\/2025\/08\/Rockside.png\",\"contentUrl\":\"https:\/\/rockside.sk\/wp-content\/uploads\/2025\/08\/Rockside.png\",\"width\":1920,\"height\":1080,\"caption\":\"Betonov\u00e9 v\u00fdrobky\"},\"image\":{\"@id\":\"https:\/\/rockside.sk\/#\/schema\/logo\/image\/\"}}]}<\/script>\n<!-- \/ Yoast SEO plugin. -->","yoast_head_json":{"title":"Z\u00e1hradn\u00e1 font\u00e1na \u2116 88 - Betonov\u00e9 v\u00fdrobky","robots":{"index":"index","follow":"follow","max-snippet":"max-snippet:-1","max-image-preview":"max-image-preview:large","max-video-preview":"max-video-preview:-1"},"canonical":"https:\/\/rockside.sk\/de\/product\/zahradna-fontana-c-88\/","og_locale":"de_DE","og_type":"article","og_title":"Z\u00e1hradn\u00e1 font\u00e1na \u2116 88 - Betonov\u00e9 v\u00fdrobky","og_description":"Jednoduch\u00e1 \u00fadr\u017eba a mont\u00e1\u017e: Font\u00e1na nevy\u017eaduje zlo\u017eit\u00e9 servisn\u00e9 postupy a d\u00e1 sa nain\u0161talova\u0165 na ak\u00fdko\u013evek povrch. Vhodn\u00e1 na \u00fapravu men\u0161\u00edch","og_url":"https:\/\/rockside.sk\/de\/product\/zahradna-fontana-c-88\/","og_site_name":"Betonov\u00e9 v\u00fdrobky","article_modified_time":"2026-03-13T13:05:03+00:00","og_image":[{"width":1080,"height":1080,"url":"https:\/\/rockside.sk\/wp-content\/uploads\/2025\/08\/fontain88.jpg","type":"image\/jpeg"}],"twitter_card":"summary_large_image","schema":{"@context":"https:\/\/schema.org","@graph":[{"@type":"WebPage","@id":"https:\/\/rockside.sk\/product\/zahradna-fontana-c-88\/","url":"https:\/\/rockside.sk\/product\/zahradna-fontana-c-88\/","name":"Z\u00e1hradn\u00e1 font\u00e1na \u2116 88 - Betonov\u00e9 v\u00fdrobky","isPartOf":{"@id":"https:\/\/rockside.sk\/#website"},"primaryImageOfPage":{"@id":"https:\/\/rockside.sk\/product\/zahradna-fontana-c-88\/#primaryimage"},"image":{"@id":"https:\/\/rockside.sk\/product\/zahradna-fontana-c-88\/#primaryimage"},"thumbnailUrl":"https:\/\/rockside.sk\/wp-content\/uploads\/2025\/08\/fontain88.jpg","datePublished":"2025-08-11T13:09:53+00:00","dateModified":"2026-03-13T13:05:03+00:00","breadcrumb":{"@id":"https:\/\/rockside.sk\/product\/zahradna-fontana-c-88\/#breadcrumb"},"inLanguage":"de","potentialAction":[{"@type":"ReadAction","target":["https:\/\/rockside.sk\/product\/zahradna-fontana-c-88\/"]}]},{"@type":"ImageObject","inLanguage":"de","@id":"https:\/\/rockside.sk\/product\/zahradna-fontana-c-88\/#primaryimage","url":"https:\/\/rockside.sk\/wp-content\/uploads\/2025\/08\/fontain88.jpg","contentUrl":"https:\/\/rockside.sk\/wp-content\/uploads\/2025\/08\/fontain88.jpg","width":1080,"height":1080},{"@type":"BreadcrumbList","@id":"https:\/\/rockside.sk\/product\/zahradna-fontana-c-88\/#breadcrumb","itemListElement":[{"@type":"ListItem","position":1,"name":"\u0413\u043b\u0430\u0432\u043d\u0430\u044f \u0441\u0442\u0440\u0430\u043d\u0438\u0446\u0430","item":"https:\/\/rockside.sk\/"},{"@type":"ListItem","position":2,"name":"Obchod","item":"https:\/\/rockside.sk\/shop\/"},{"@type":"ListItem","position":3,"name":"Z\u00e1hradn\u00e1 font\u00e1na \u2116 88"}]},{"@type":"WebSite","@id":"https:\/\/rockside.sk\/#website","url":"https:\/\/rockside.sk\/","name":"Rockside Slovensko","description":"vonkaj\u0161ie kvetin\u00e1\u010de, z\u00e1hradn\u00e9 font\u00e1ny, lavi\u010dky od v\u00fdrobcu Rockside","publisher":{"@id":"https:\/\/rockside.sk\/#organization"},"alternateName":"Rockside","potentialAction":[{"@type":"SearchAction","target":{"@type":"EntryPoint","urlTemplate":"https:\/\/rockside.sk\/?s={search_term_string}"},"query-input":{"@type":"PropertyValueSpecification","valueRequired":true,"valueName":"search_term_string"}}],"inLanguage":"de"},{"@type":"Organization","@id":"https:\/\/rockside.sk\/#organization","name":"Betonov\u00e9 v\u00fdrobky","url":"https:\/\/rockside.sk\/","logo":{"@type":"ImageObject","inLanguage":"de","@id":"https:\/\/rockside.sk\/#\/schema\/logo\/image\/","url":"https:\/\/rockside.sk\/wp-content\/uploads\/2025\/08\/Rockside.png","contentUrl":"https:\/\/rockside.sk\/wp-content\/uploads\/2025\/08\/Rockside.png","width":1920,"height":1080,"caption":"Betonov\u00e9 v\u00fdrobky"},"image":{"@id":"https:\/\/rockside.sk\/#\/schema\/logo\/image\/"}}]}},"jetpack_sharing_enabled":true,"_links":{"self":[{"href":"https:\/\/rockside.sk\/de\/wp-json\/wp\/v2\/product\/30490","targetHints":{"allow":["GET"]}}],"collection":[{"href":"https:\/\/rockside.sk\/de\/wp-json\/wp\/v2\/product"}],"about":[{"href":"https:\/\/rockside.sk\/de\/wp-json\/wp\/v2\/types\/product"}],"replies":[{"embeddable":true,"href":"https:\/\/rockside.sk\/de\/wp-json\/wp\/v2\/comments?post=30490"}],"version-history":[{"count":6,"href":"https:\/\/rockside.sk\/de\/wp-json\/wp\/v2\/product\/30490\/revisions"}],"predecessor-version":[{"id":34353,"href":"https:\/\/rockside.sk\/de\/wp-json\/wp\/v2\/product\/30490\/revisions\/34353"}],"wp:featuredmedia":[{"embeddable":true,"href":"https:\/\/rockside.sk\/de\/wp-json\/wp\/v2\/media\/30496"}],"wp:attachment":[{"href":"https:\/\/rockside.sk\/de\/wp-json\/wp\/v2\/media?parent=30490"}],"wp:term":[{"taxonomy":"product_brand","embeddable":true,"href":"https:\/\/rockside.sk\/de\/wp-json\/wp\/v2\/product_brand?post=30490"},{"taxonomy":"product_cat","embeddable":true,"href":"https:\/\/rockside.sk\/de\/wp-json\/wp\/v2\/product_cat?post=30490"},{"taxonomy":"product_tag","embeddable":true,"href":"https:\/\/rockside.sk\/de\/wp-json\/wp\/v2\/product_tag?post=30490"}],"curies":[{"name":"wp","href":"https:\/\/api.w.org\/{rel}","templated":true}]}}