{"id":29905,"date":"2025-08-11T14:12:48","date_gmt":"2025-08-11T11:12:48","guid":{"rendered":"https:\/\/rockside.sk\/?post_type=product&#038;p=29905"},"modified":"2026-03-13T16:18:18","modified_gmt":"2026-03-13T13:18:18","slug":"betonova-ulicna-lavicka-rotterdam-d8","status":"publish","type":"product","link":"https:\/\/rockside.sk\/de\/product\/betonova-ulicna-lavicka-rotterdam-d8\/","title":{"rendered":"Betonov\u00e1 uli\u010dn\u00e1 lavi\u010dka Rotterdam D8"},"content":{"rendered":"<p>Lavi\u010dka Rotterdam \u2013 jeden z prvkov s\u00e9rie \u201eRotterdam D\u201c. M\u00f4\u017ee sa pou\u017e\u00edva\u0165 samostatne alebo ako s\u00fa\u010das\u0165 modul\u00e1rnej kon\u0161trukcie. V\u010faka rozmanitosti prvkov s\u00e9ria umo\u017e\u0148uje vytvori\u0165 kvetinov\u00fd z\u00e1hon ak\u00fdchko\u013evek rozmerov. Spojen\u00edm lavi\u010diek s kvetin\u00e1\u010dmi mo\u017eno vytvori\u0165 jedine\u010dn\u00fa kompoz\u00edciu pre ak\u00fdko\u013evek \u0161t\u00fdl exteri\u00e9ru.<\/p>","protected":false},"excerpt":{"rendered":"<p>Lavi\u010dka Rotterdam \u2013 jeden z prvkov s\u00e9rie \u201eRotterdam D\u201c. M\u00f4\u017ee sa pou\u017e\u00edva\u0165 samostatne alebo ako s\u00fa\u010das\u0165 modul\u00e1rnej kon\u0161trukcie. V\u010faka rozmanitosti<\/p>","protected":false},"featured_media":30064,"comment_status":"open","ping_status":"closed","template":"","meta":[],"product_brand":[],"product_cat":[27],"product_tag":[],"class_list":{"0":"post-29905","1":"product","2":"type-product","3":"status-publish","4":"has-post-thumbnail","6":"product_cat-lavice","8":"first","9":"instock","10":"taxable","11":"shipping-taxable","12":"purchasable","13":"product-type-variable","14":"has-default-attributes"},"yoast_head":"<!-- This site is optimized with the Yoast SEO plugin v25.6 - https:\/\/yoast.com\/wordpress\/plugins\/seo\/ -->\n<title>Betonov\u00e1 uli\u010dn\u00e1 lavi\u010dka Rotterdam D8 - Betonov\u00e9 v\u00fdrobky<\/title>\n<meta name=\"robots\" content=\"index, follow, max-snippet:-1, max-image-preview:large, max-video-preview:-1\" \/>\n<link rel=\"canonical\" href=\"https:\/\/rockside.sk\/de\/product\/betonova-ulicna-lavicka-rotterdam-d8\/\" \/>\n<meta property=\"og:locale\" content=\"de_DE\" \/>\n<meta property=\"og:type\" content=\"article\" \/>\n<meta property=\"og:title\" content=\"Betonov\u00e1 uli\u010dn\u00e1 lavi\u010dka Rotterdam D8 - Betonov\u00e9 v\u00fdrobky\" \/>\n<meta property=\"og:description\" content=\"Lavi\u010dka Rotterdam \u2013 jeden z prvkov s\u00e9rie \u201eRotterdam D\u201c. M\u00f4\u017ee sa pou\u017e\u00edva\u0165 samostatne alebo ako s\u00fa\u010das\u0165 modul\u00e1rnej kon\u0161trukcie. V\u010faka rozmanitosti\" \/>\n<meta property=\"og:url\" content=\"https:\/\/rockside.sk\/de\/product\/betonova-ulicna-lavicka-rotterdam-d8\/\" \/>\n<meta property=\"og:site_name\" content=\"Betonov\u00e9 v\u00fdrobky\" \/>\n<meta property=\"article:modified_time\" content=\"2026-03-13T13:18:18+00:00\" \/>\n<meta property=\"og:image\" content=\"https:\/\/rockside.sk\/wp-content\/uploads\/2025\/08\/lava-30.jpg\" \/>\n\t<meta property=\"og:image:width\" content=\"1080\" \/>\n\t<meta property=\"og:image:height\" content=\"1080\" \/>\n\t<meta property=\"og:image:type\" content=\"image\/jpeg\" \/>\n<meta name=\"twitter:card\" content=\"summary_large_image\" \/>\n<script type=\"application\/ld+json\" class=\"yoast-schema-graph\">{\"@context\":\"https:\/\/schema.org\",\"@graph\":[{\"@type\":\"WebPage\",\"@id\":\"https:\/\/rockside.sk\/product\/betonova-ulicna-lavicka-rotterdam-d8\/\",\"url\":\"https:\/\/rockside.sk\/product\/betonova-ulicna-lavicka-rotterdam-d8\/\",\"name\":\"Betonov\u00e1 uli\u010dn\u00e1 lavi\u010dka Rotterdam D8 - Betonov\u00e9 v\u00fdrobky\",\"isPartOf\":{\"@id\":\"https:\/\/rockside.sk\/#website\"},\"primaryImageOfPage\":{\"@id\":\"https:\/\/rockside.sk\/product\/betonova-ulicna-lavicka-rotterdam-d8\/#primaryimage\"},\"image\":{\"@id\":\"https:\/\/rockside.sk\/product\/betonova-ulicna-lavicka-rotterdam-d8\/#primaryimage\"},\"thumbnailUrl\":\"https:\/\/rockside.sk\/wp-content\/uploads\/2025\/08\/lava-30.jpg\",\"datePublished\":\"2025-08-11T11:12:48+00:00\",\"dateModified\":\"2026-03-13T13:18:18+00:00\",\"breadcrumb\":{\"@id\":\"https:\/\/rockside.sk\/product\/betonova-ulicna-lavicka-rotterdam-d8\/#breadcrumb\"},\"inLanguage\":\"de\",\"potentialAction\":[{\"@type\":\"ReadAction\",\"target\":[\"https:\/\/rockside.sk\/product\/betonova-ulicna-lavicka-rotterdam-d8\/\"]}]},{\"@type\":\"ImageObject\",\"inLanguage\":\"de\",\"@id\":\"https:\/\/rockside.sk\/product\/betonova-ulicna-lavicka-rotterdam-d8\/#primaryimage\",\"url\":\"https:\/\/rockside.sk\/wp-content\/uploads\/2025\/08\/lava-30.jpg\",\"contentUrl\":\"https:\/\/rockside.sk\/wp-content\/uploads\/2025\/08\/lava-30.jpg\",\"width\":1080,\"height\":1080},{\"@type\":\"BreadcrumbList\",\"@id\":\"https:\/\/rockside.sk\/product\/betonova-ulicna-lavicka-rotterdam-d8\/#breadcrumb\",\"itemListElement\":[{\"@type\":\"ListItem\",\"position\":1,\"name\":\"\u0413\u043b\u0430\u0432\u043d\u0430\u044f \u0441\u0442\u0440\u0430\u043d\u0438\u0446\u0430\",\"item\":\"https:\/\/rockside.sk\/\"},{\"@type\":\"ListItem\",\"position\":2,\"name\":\"Obchod\",\"item\":\"https:\/\/rockside.sk\/shop\/\"},{\"@type\":\"ListItem\",\"position\":3,\"name\":\"Betonov\u00e1 uli\u010dn\u00e1 lavi\u010dka Rotterdam D8\"}]},{\"@type\":\"WebSite\",\"@id\":\"https:\/\/rockside.sk\/#website\",\"url\":\"https:\/\/rockside.sk\/\",\"name\":\"Rockside Slovensko\",\"description\":\"vonkaj\u0161ie kvetin\u00e1\u010de, z\u00e1hradn\u00e9 font\u00e1ny, lavi\u010dky od v\u00fdrobcu Rockside\",\"publisher\":{\"@id\":\"https:\/\/rockside.sk\/#organization\"},\"alternateName\":\"Rockside\",\"potentialAction\":[{\"@type\":\"SearchAction\",\"target\":{\"@type\":\"EntryPoint\",\"urlTemplate\":\"https:\/\/rockside.sk\/?s={search_term_string}\"},\"query-input\":{\"@type\":\"PropertyValueSpecification\",\"valueRequired\":true,\"valueName\":\"search_term_string\"}}],\"inLanguage\":\"de\"},{\"@type\":\"Organization\",\"@id\":\"https:\/\/rockside.sk\/#organization\",\"name\":\"Betonov\u00e9 v\u00fdrobky\",\"url\":\"https:\/\/rockside.sk\/\",\"logo\":{\"@type\":\"ImageObject\",\"inLanguage\":\"de\",\"@id\":\"https:\/\/rockside.sk\/#\/schema\/logo\/image\/\",\"url\":\"https:\/\/rockside.sk\/wp-content\/uploads\/2025\/08\/Rockside.png\",\"contentUrl\":\"https:\/\/rockside.sk\/wp-content\/uploads\/2025\/08\/Rockside.png\",\"width\":1920,\"height\":1080,\"caption\":\"Betonov\u00e9 v\u00fdrobky\"},\"image\":{\"@id\":\"https:\/\/rockside.sk\/#\/schema\/logo\/image\/\"}}]}<\/script>\n<!-- \/ Yoast SEO plugin. -->","yoast_head_json":{"title":"Betonov\u00e1 uli\u010dn\u00e1 lavi\u010dka Rotterdam D8 - Betonov\u00e9 v\u00fdrobky","robots":{"index":"index","follow":"follow","max-snippet":"max-snippet:-1","max-image-preview":"max-image-preview:large","max-video-preview":"max-video-preview:-1"},"canonical":"https:\/\/rockside.sk\/de\/product\/betonova-ulicna-lavicka-rotterdam-d8\/","og_locale":"de_DE","og_type":"article","og_title":"Betonov\u00e1 uli\u010dn\u00e1 lavi\u010dka Rotterdam D8 - Betonov\u00e9 v\u00fdrobky","og_description":"Lavi\u010dka Rotterdam \u2013 jeden z prvkov s\u00e9rie \u201eRotterdam D\u201c. M\u00f4\u017ee sa pou\u017e\u00edva\u0165 samostatne alebo ako s\u00fa\u010das\u0165 modul\u00e1rnej kon\u0161trukcie. V\u010faka rozmanitosti","og_url":"https:\/\/rockside.sk\/de\/product\/betonova-ulicna-lavicka-rotterdam-d8\/","og_site_name":"Betonov\u00e9 v\u00fdrobky","article_modified_time":"2026-03-13T13:18:18+00:00","og_image":[{"width":1080,"height":1080,"url":"https:\/\/rockside.sk\/wp-content\/uploads\/2025\/08\/lava-30.jpg","type":"image\/jpeg"}],"twitter_card":"summary_large_image","schema":{"@context":"https:\/\/schema.org","@graph":[{"@type":"WebPage","@id":"https:\/\/rockside.sk\/product\/betonova-ulicna-lavicka-rotterdam-d8\/","url":"https:\/\/rockside.sk\/product\/betonova-ulicna-lavicka-rotterdam-d8\/","name":"Betonov\u00e1 uli\u010dn\u00e1 lavi\u010dka Rotterdam D8 - Betonov\u00e9 v\u00fdrobky","isPartOf":{"@id":"https:\/\/rockside.sk\/#website"},"primaryImageOfPage":{"@id":"https:\/\/rockside.sk\/product\/betonova-ulicna-lavicka-rotterdam-d8\/#primaryimage"},"image":{"@id":"https:\/\/rockside.sk\/product\/betonova-ulicna-lavicka-rotterdam-d8\/#primaryimage"},"thumbnailUrl":"https:\/\/rockside.sk\/wp-content\/uploads\/2025\/08\/lava-30.jpg","datePublished":"2025-08-11T11:12:48+00:00","dateModified":"2026-03-13T13:18:18+00:00","breadcrumb":{"@id":"https:\/\/rockside.sk\/product\/betonova-ulicna-lavicka-rotterdam-d8\/#breadcrumb"},"inLanguage":"de","potentialAction":[{"@type":"ReadAction","target":["https:\/\/rockside.sk\/product\/betonova-ulicna-lavicka-rotterdam-d8\/"]}]},{"@type":"ImageObject","inLanguage":"de","@id":"https:\/\/rockside.sk\/product\/betonova-ulicna-lavicka-rotterdam-d8\/#primaryimage","url":"https:\/\/rockside.sk\/wp-content\/uploads\/2025\/08\/lava-30.jpg","contentUrl":"https:\/\/rockside.sk\/wp-content\/uploads\/2025\/08\/lava-30.jpg","width":1080,"height":1080},{"@type":"BreadcrumbList","@id":"https:\/\/rockside.sk\/product\/betonova-ulicna-lavicka-rotterdam-d8\/#breadcrumb","itemListElement":[{"@type":"ListItem","position":1,"name":"\u0413\u043b\u0430\u0432\u043d\u0430\u044f \u0441\u0442\u0440\u0430\u043d\u0438\u0446\u0430","item":"https:\/\/rockside.sk\/"},{"@type":"ListItem","position":2,"name":"Obchod","item":"https:\/\/rockside.sk\/shop\/"},{"@type":"ListItem","position":3,"name":"Betonov\u00e1 uli\u010dn\u00e1 lavi\u010dka Rotterdam D8"}]},{"@type":"WebSite","@id":"https:\/\/rockside.sk\/#website","url":"https:\/\/rockside.sk\/","name":"Rockside Slovensko","description":"vonkaj\u0161ie kvetin\u00e1\u010de, z\u00e1hradn\u00e9 font\u00e1ny, lavi\u010dky od v\u00fdrobcu Rockside","publisher":{"@id":"https:\/\/rockside.sk\/#organization"},"alternateName":"Rockside","potentialAction":[{"@type":"SearchAction","target":{"@type":"EntryPoint","urlTemplate":"https:\/\/rockside.sk\/?s={search_term_string}"},"query-input":{"@type":"PropertyValueSpecification","valueRequired":true,"valueName":"search_term_string"}}],"inLanguage":"de"},{"@type":"Organization","@id":"https:\/\/rockside.sk\/#organization","name":"Betonov\u00e9 v\u00fdrobky","url":"https:\/\/rockside.sk\/","logo":{"@type":"ImageObject","inLanguage":"de","@id":"https:\/\/rockside.sk\/#\/schema\/logo\/image\/","url":"https:\/\/rockside.sk\/wp-content\/uploads\/2025\/08\/Rockside.png","contentUrl":"https:\/\/rockside.sk\/wp-content\/uploads\/2025\/08\/Rockside.png","width":1920,"height":1080,"caption":"Betonov\u00e9 v\u00fdrobky"},"image":{"@id":"https:\/\/rockside.sk\/#\/schema\/logo\/image\/"}}]}},"jetpack_sharing_enabled":true,"_links":{"self":[{"href":"https:\/\/rockside.sk\/de\/wp-json\/wp\/v2\/product\/29905","targetHints":{"allow":["GET"]}}],"collection":[{"href":"https:\/\/rockside.sk\/de\/wp-json\/wp\/v2\/product"}],"about":[{"href":"https:\/\/rockside.sk\/de\/wp-json\/wp\/v2\/types\/product"}],"replies":[{"embeddable":true,"href":"https:\/\/rockside.sk\/de\/wp-json\/wp\/v2\/comments?post=29905"}],"version-history":[{"count":4,"href":"https:\/\/rockside.sk\/de\/wp-json\/wp\/v2\/product\/29905\/revisions"}],"predecessor-version":[{"id":32780,"href":"https:\/\/rockside.sk\/de\/wp-json\/wp\/v2\/product\/29905\/revisions\/32780"}],"wp:featuredmedia":[{"embeddable":true,"href":"https:\/\/rockside.sk\/de\/wp-json\/wp\/v2\/media\/30064"}],"wp:attachment":[{"href":"https:\/\/rockside.sk\/de\/wp-json\/wp\/v2\/media?parent=29905"}],"wp:term":[{"taxonomy":"product_brand","embeddable":true,"href":"https:\/\/rockside.sk\/de\/wp-json\/wp\/v2\/product_brand?post=29905"},{"taxonomy":"product_cat","embeddable":true,"href":"https:\/\/rockside.sk\/de\/wp-json\/wp\/v2\/product_cat?post=29905"},{"taxonomy":"product_tag","embeddable":true,"href":"https:\/\/rockside.sk\/de\/wp-json\/wp\/v2\/product_tag?post=29905"}],"curies":[{"name":"wp","href":"https:\/\/api.w.org\/{rel}","templated":true}]}}