{"id":29845,"date":"2025-08-11T14:12:24","date_gmt":"2025-08-11T11:12:24","guid":{"rendered":"https:\/\/rockside.sk\/?post_type=product&#038;p=29845"},"modified":"2026-03-13T17:09:47","modified_gmt":"2026-03-13T14:09:47","slug":"betonova-ulicna-lavicka-marrakech-a","status":"publish","type":"product","link":"https:\/\/rockside.sk\/de\/product\/betonova-ulicna-lavicka-marrakech-a\/","title":{"rendered":"Betonov\u00e1 uli\u010dn\u00e1 lavi\u010dka Marrakech A"},"content":{"rendered":"<div data-elementor-type=\"wp-post\" data-elementor-id=\"29845\" class=\"elementor elementor-29845\">\n\t\t\t\t<div class=\"wd-negative-gap elementor-element elementor-element-00c06f8 e-flex e-con-boxed e-con e-parent\" data-id=\"00c06f8\" data-element_type=\"container\">\n\t\t\t\t\t<div class=\"e-con-inner\">\n\t\t\t\t<div class=\"elementor-element elementor-element-b5862cd elementor-widget elementor-widget-wd_text_block\" data-id=\"b5862cd\" data-element_type=\"widget\" data-widget_type=\"wd_text_block.default\">\n\t\t\t\t<div class=\"elementor-widget-container\">\n\t\t\t\t\t\t\t<div class=\"wd-text-block reset-last-child text-left\">\n\t\t\t\n\t\t\t<p data-start=\"0\" data-end=\"324\">Bet\u00f3nov\u00e1 lavi\u010dka m\u00e1 nielen reprezentat\u00edvny vzh\u013ead, ale vyzna\u010duje sa aj praktickos\u0165ou a pohodlnos\u0165ou. Mas\u00edvny z\u00e1klad lavi\u010dky m\u00e1 z jednej strany zaoblen\u00fd tvar a z druhej rovn\u00fd okraj. Vyroben\u00e1 z vysokokvalitn\u00e9ho bet\u00f3nu je odoln\u00e1 vo\u010di nepriazniv\u00fdm poveternostn\u00fdm podmienkam. Aj po dlhom \u010dase si zachov\u00e1 svoj atrakt\u00edvny vzh\u013ead.<\/p><p data-start=\"326\" data-end=\"566\" data-is-last-node=\"\" data-is-only-node=\"\">Na latky bolo zvolen\u00e9 drevo s peknou text\u00farou. Povrch lamiel je opracovan\u00fd do dokonalej hladkosti. Dreven\u00e9 hranoly s\u00fa ulo\u017een\u00e9 na bet\u00f3nov\u00fd z\u00e1klad. Lavi\u010dka nem\u00e1 operadlo, no napriek tomu je dostato\u010dne pohodln\u00e1 a poskytuje komfortn\u00fd odpo\u010dinok.<\/p>\n\t\t\t\t\t<\/div>\n\t\t\t\t\t\t<\/div>\n\t\t\t\t<\/div>\n\t\t\t\t\t<\/div>\n\t\t\t\t<\/div>\n\t\t\t\t<\/div>","protected":false},"excerpt":{"rendered":"<p>Bet\u00f3nov\u00e1 lavi\u010dka m\u00e1 nielen reprezentat\u00edvny vzh\u013ead, ale vyzna\u010duje sa aj praktickos\u0165ou a pohodlnos\u0165ou. Mas\u00edvny z\u00e1klad lavi\u010dky m\u00e1 z jednej strany<\/p>","protected":false},"featured_media":29968,"comment_status":"open","ping_status":"closed","template":"","meta":[],"product_brand":[],"product_cat":[27],"product_tag":[],"class_list":{"0":"post-29845","1":"product","2":"type-product","3":"status-publish","4":"has-post-thumbnail","6":"product_cat-lavice","8":"first","9":"instock","10":"taxable","11":"shipping-taxable","12":"purchasable","13":"product-type-variable","14":"has-default-attributes"},"yoast_head":"<!-- This site is optimized with the Yoast SEO plugin v25.6 - https:\/\/yoast.com\/wordpress\/plugins\/seo\/ -->\n<title>Betonov\u00e1 uli\u010dn\u00e1 lavi\u010dka Marrakech A - Betonov\u00e9 v\u00fdrobky<\/title>\n<meta name=\"robots\" content=\"index, follow, max-snippet:-1, max-image-preview:large, max-video-preview:-1\" \/>\n<link rel=\"canonical\" href=\"https:\/\/rockside.sk\/de\/product\/betonova-ulicna-lavicka-marrakech-a\/\" \/>\n<meta property=\"og:locale\" content=\"de_DE\" \/>\n<meta property=\"og:type\" content=\"article\" \/>\n<meta property=\"og:title\" content=\"Betonov\u00e1 uli\u010dn\u00e1 lavi\u010dka Marrakech A - Betonov\u00e9 v\u00fdrobky\" \/>\n<meta property=\"og:description\" content=\"Bet\u00f3nov\u00e1 lavi\u010dka m\u00e1 nielen reprezentat\u00edvny vzh\u013ead, ale vyzna\u010duje sa aj praktickos\u0165ou a pohodlnos\u0165ou. Mas\u00edvny z\u00e1klad lavi\u010dky m\u00e1 z jednej strany\" \/>\n<meta property=\"og:url\" content=\"https:\/\/rockside.sk\/de\/product\/betonova-ulicna-lavicka-marrakech-a\/\" \/>\n<meta property=\"og:site_name\" content=\"Betonov\u00e9 v\u00fdrobky\" \/>\n<meta property=\"article:modified_time\" content=\"2026-03-13T14:09:47+00:00\" \/>\n<meta property=\"og:image\" content=\"https:\/\/rockside.sk\/wp-content\/uploads\/2025\/08\/marakesh.jpg\" \/>\n\t<meta property=\"og:image:width\" content=\"1080\" \/>\n\t<meta property=\"og:image:height\" content=\"1080\" \/>\n\t<meta property=\"og:image:type\" content=\"image\/jpeg\" \/>\n<meta name=\"twitter:card\" content=\"summary_large_image\" \/>\n<meta name=\"twitter:label1\" content=\"Gesch\u00e4tzte Lesezeit\" \/>\n\t<meta name=\"twitter:data1\" content=\"1\u00a0Minute\" \/>\n<script type=\"application\/ld+json\" class=\"yoast-schema-graph\">{\"@context\":\"https:\/\/schema.org\",\"@graph\":[{\"@type\":\"WebPage\",\"@id\":\"https:\/\/rockside.sk\/product\/betonova-ulicna-lavicka-marrakech-a\/\",\"url\":\"https:\/\/rockside.sk\/product\/betonova-ulicna-lavicka-marrakech-a\/\",\"name\":\"Betonov\u00e1 uli\u010dn\u00e1 lavi\u010dka Marrakech A - Betonov\u00e9 v\u00fdrobky\",\"isPartOf\":{\"@id\":\"https:\/\/rockside.sk\/#website\"},\"primaryImageOfPage\":{\"@id\":\"https:\/\/rockside.sk\/product\/betonova-ulicna-lavicka-marrakech-a\/#primaryimage\"},\"image\":{\"@id\":\"https:\/\/rockside.sk\/product\/betonova-ulicna-lavicka-marrakech-a\/#primaryimage\"},\"thumbnailUrl\":\"https:\/\/rockside.sk\/wp-content\/uploads\/2025\/08\/marakesh.jpg\",\"datePublished\":\"2025-08-11T11:12:24+00:00\",\"dateModified\":\"2026-03-13T14:09:47+00:00\",\"breadcrumb\":{\"@id\":\"https:\/\/rockside.sk\/product\/betonova-ulicna-lavicka-marrakech-a\/#breadcrumb\"},\"inLanguage\":\"de\",\"potentialAction\":[{\"@type\":\"ReadAction\",\"target\":[\"https:\/\/rockside.sk\/product\/betonova-ulicna-lavicka-marrakech-a\/\"]}]},{\"@type\":\"ImageObject\",\"inLanguage\":\"de\",\"@id\":\"https:\/\/rockside.sk\/product\/betonova-ulicna-lavicka-marrakech-a\/#primaryimage\",\"url\":\"https:\/\/rockside.sk\/wp-content\/uploads\/2025\/08\/marakesh.jpg\",\"contentUrl\":\"https:\/\/rockside.sk\/wp-content\/uploads\/2025\/08\/marakesh.jpg\",\"width\":1080,\"height\":1080},{\"@type\":\"BreadcrumbList\",\"@id\":\"https:\/\/rockside.sk\/product\/betonova-ulicna-lavicka-marrakech-a\/#breadcrumb\",\"itemListElement\":[{\"@type\":\"ListItem\",\"position\":1,\"name\":\"\u0413\u043b\u0430\u0432\u043d\u0430\u044f \u0441\u0442\u0440\u0430\u043d\u0438\u0446\u0430\",\"item\":\"https:\/\/rockside.sk\/\"},{\"@type\":\"ListItem\",\"position\":2,\"name\":\"Obchod\",\"item\":\"https:\/\/rockside.sk\/shop\/\"},{\"@type\":\"ListItem\",\"position\":3,\"name\":\"Betonov\u00e1 uli\u010dn\u00e1 lavi\u010dka Marrakech A\"}]},{\"@type\":\"WebSite\",\"@id\":\"https:\/\/rockside.sk\/#website\",\"url\":\"https:\/\/rockside.sk\/\",\"name\":\"Rockside Slovensko\",\"description\":\"vonkaj\u0161ie kvetin\u00e1\u010de, z\u00e1hradn\u00e9 font\u00e1ny, lavi\u010dky od v\u00fdrobcu Rockside\",\"publisher\":{\"@id\":\"https:\/\/rockside.sk\/#organization\"},\"alternateName\":\"Rockside\",\"potentialAction\":[{\"@type\":\"SearchAction\",\"target\":{\"@type\":\"EntryPoint\",\"urlTemplate\":\"https:\/\/rockside.sk\/?s={search_term_string}\"},\"query-input\":{\"@type\":\"PropertyValueSpecification\",\"valueRequired\":true,\"valueName\":\"search_term_string\"}}],\"inLanguage\":\"de\"},{\"@type\":\"Organization\",\"@id\":\"https:\/\/rockside.sk\/#organization\",\"name\":\"Betonov\u00e9 v\u00fdrobky\",\"url\":\"https:\/\/rockside.sk\/\",\"logo\":{\"@type\":\"ImageObject\",\"inLanguage\":\"de\",\"@id\":\"https:\/\/rockside.sk\/#\/schema\/logo\/image\/\",\"url\":\"https:\/\/rockside.sk\/wp-content\/uploads\/2025\/08\/Rockside.png\",\"contentUrl\":\"https:\/\/rockside.sk\/wp-content\/uploads\/2025\/08\/Rockside.png\",\"width\":1920,\"height\":1080,\"caption\":\"Betonov\u00e9 v\u00fdrobky\"},\"image\":{\"@id\":\"https:\/\/rockside.sk\/#\/schema\/logo\/image\/\"}}]}<\/script>\n<!-- \/ Yoast SEO plugin. -->","yoast_head_json":{"title":"Betonov\u00e1 uli\u010dn\u00e1 lavi\u010dka Marrakech A - Betonov\u00e9 v\u00fdrobky","robots":{"index":"index","follow":"follow","max-snippet":"max-snippet:-1","max-image-preview":"max-image-preview:large","max-video-preview":"max-video-preview:-1"},"canonical":"https:\/\/rockside.sk\/de\/product\/betonova-ulicna-lavicka-marrakech-a\/","og_locale":"de_DE","og_type":"article","og_title":"Betonov\u00e1 uli\u010dn\u00e1 lavi\u010dka Marrakech A - Betonov\u00e9 v\u00fdrobky","og_description":"Bet\u00f3nov\u00e1 lavi\u010dka m\u00e1 nielen reprezentat\u00edvny vzh\u013ead, ale vyzna\u010duje sa aj praktickos\u0165ou a pohodlnos\u0165ou. Mas\u00edvny z\u00e1klad lavi\u010dky m\u00e1 z jednej strany","og_url":"https:\/\/rockside.sk\/de\/product\/betonova-ulicna-lavicka-marrakech-a\/","og_site_name":"Betonov\u00e9 v\u00fdrobky","article_modified_time":"2026-03-13T14:09:47+00:00","og_image":[{"width":1080,"height":1080,"url":"https:\/\/rockside.sk\/wp-content\/uploads\/2025\/08\/marakesh.jpg","type":"image\/jpeg"}],"twitter_card":"summary_large_image","twitter_misc":{"Gesch\u00e4tzte Lesezeit":"1\u00a0Minute"},"schema":{"@context":"https:\/\/schema.org","@graph":[{"@type":"WebPage","@id":"https:\/\/rockside.sk\/product\/betonova-ulicna-lavicka-marrakech-a\/","url":"https:\/\/rockside.sk\/product\/betonova-ulicna-lavicka-marrakech-a\/","name":"Betonov\u00e1 uli\u010dn\u00e1 lavi\u010dka Marrakech A - Betonov\u00e9 v\u00fdrobky","isPartOf":{"@id":"https:\/\/rockside.sk\/#website"},"primaryImageOfPage":{"@id":"https:\/\/rockside.sk\/product\/betonova-ulicna-lavicka-marrakech-a\/#primaryimage"},"image":{"@id":"https:\/\/rockside.sk\/product\/betonova-ulicna-lavicka-marrakech-a\/#primaryimage"},"thumbnailUrl":"https:\/\/rockside.sk\/wp-content\/uploads\/2025\/08\/marakesh.jpg","datePublished":"2025-08-11T11:12:24+00:00","dateModified":"2026-03-13T14:09:47+00:00","breadcrumb":{"@id":"https:\/\/rockside.sk\/product\/betonova-ulicna-lavicka-marrakech-a\/#breadcrumb"},"inLanguage":"de","potentialAction":[{"@type":"ReadAction","target":["https:\/\/rockside.sk\/product\/betonova-ulicna-lavicka-marrakech-a\/"]}]},{"@type":"ImageObject","inLanguage":"de","@id":"https:\/\/rockside.sk\/product\/betonova-ulicna-lavicka-marrakech-a\/#primaryimage","url":"https:\/\/rockside.sk\/wp-content\/uploads\/2025\/08\/marakesh.jpg","contentUrl":"https:\/\/rockside.sk\/wp-content\/uploads\/2025\/08\/marakesh.jpg","width":1080,"height":1080},{"@type":"BreadcrumbList","@id":"https:\/\/rockside.sk\/product\/betonova-ulicna-lavicka-marrakech-a\/#breadcrumb","itemListElement":[{"@type":"ListItem","position":1,"name":"\u0413\u043b\u0430\u0432\u043d\u0430\u044f \u0441\u0442\u0440\u0430\u043d\u0438\u0446\u0430","item":"https:\/\/rockside.sk\/"},{"@type":"ListItem","position":2,"name":"Obchod","item":"https:\/\/rockside.sk\/shop\/"},{"@type":"ListItem","position":3,"name":"Betonov\u00e1 uli\u010dn\u00e1 lavi\u010dka Marrakech A"}]},{"@type":"WebSite","@id":"https:\/\/rockside.sk\/#website","url":"https:\/\/rockside.sk\/","name":"Rockside Slovensko","description":"vonkaj\u0161ie kvetin\u00e1\u010de, z\u00e1hradn\u00e9 font\u00e1ny, lavi\u010dky od v\u00fdrobcu Rockside","publisher":{"@id":"https:\/\/rockside.sk\/#organization"},"alternateName":"Rockside","potentialAction":[{"@type":"SearchAction","target":{"@type":"EntryPoint","urlTemplate":"https:\/\/rockside.sk\/?s={search_term_string}"},"query-input":{"@type":"PropertyValueSpecification","valueRequired":true,"valueName":"search_term_string"}}],"inLanguage":"de"},{"@type":"Organization","@id":"https:\/\/rockside.sk\/#organization","name":"Betonov\u00e9 v\u00fdrobky","url":"https:\/\/rockside.sk\/","logo":{"@type":"ImageObject","inLanguage":"de","@id":"https:\/\/rockside.sk\/#\/schema\/logo\/image\/","url":"https:\/\/rockside.sk\/wp-content\/uploads\/2025\/08\/Rockside.png","contentUrl":"https:\/\/rockside.sk\/wp-content\/uploads\/2025\/08\/Rockside.png","width":1920,"height":1080,"caption":"Betonov\u00e9 v\u00fdrobky"},"image":{"@id":"https:\/\/rockside.sk\/#\/schema\/logo\/image\/"}}]}},"jetpack_sharing_enabled":true,"_links":{"self":[{"href":"https:\/\/rockside.sk\/de\/wp-json\/wp\/v2\/product\/29845","targetHints":{"allow":["GET"]}}],"collection":[{"href":"https:\/\/rockside.sk\/de\/wp-json\/wp\/v2\/product"}],"about":[{"href":"https:\/\/rockside.sk\/de\/wp-json\/wp\/v2\/types\/product"}],"replies":[{"embeddable":true,"href":"https:\/\/rockside.sk\/de\/wp-json\/wp\/v2\/comments?post=29845"}],"version-history":[{"count":7,"href":"https:\/\/rockside.sk\/de\/wp-json\/wp\/v2\/product\/29845\/revisions"}],"predecessor-version":[{"id":34330,"href":"https:\/\/rockside.sk\/de\/wp-json\/wp\/v2\/product\/29845\/revisions\/34330"}],"wp:featuredmedia":[{"embeddable":true,"href":"https:\/\/rockside.sk\/de\/wp-json\/wp\/v2\/media\/29968"}],"wp:attachment":[{"href":"https:\/\/rockside.sk\/de\/wp-json\/wp\/v2\/media?parent=29845"}],"wp:term":[{"taxonomy":"product_brand","embeddable":true,"href":"https:\/\/rockside.sk\/de\/wp-json\/wp\/v2\/product_brand?post=29845"},{"taxonomy":"product_cat","embeddable":true,"href":"https:\/\/rockside.sk\/de\/wp-json\/wp\/v2\/product_cat?post=29845"},{"taxonomy":"product_tag","embeddable":true,"href":"https:\/\/rockside.sk\/de\/wp-json\/wp\/v2\/product_tag?post=29845"}],"curies":[{"name":"wp","href":"https:\/\/api.w.org\/{rel}","templated":true}]}}