{"id":29836,"date":"2025-08-11T14:12:23","date_gmt":"2025-08-11T11:12:23","guid":{"rendered":"https:\/\/rockside.sk\/?post_type=product&#038;p=29836"},"modified":"2026-03-13T14:28:42","modified_gmt":"2026-03-13T11:28:42","slug":"betonna-vulychna-lava-klumba-modul","status":"publish","type":"product","link":"https:\/\/rockside.sk\/de\/product\/betonna-vulychna-lava-klumba-modul\/","title":{"rendered":"Beton-Stra\u00dfenbank\/Blumentopf-Modul"},"content":{"rendered":"<div data-elementor-type=\"wp-post\" data-elementor-id=\"29836\" class=\"elementor elementor-29836\">\n\t\t\t\t<div class=\"wd-negative-gap elementor-element elementor-element-31f4d8eb e-flex e-con-boxed e-con e-parent\" data-id=\"31f4d8eb\" data-element_type=\"container\">\n\t\t\t\t\t<div class=\"e-con-inner\">\n\t\t\t\t<div class=\"elementor-element elementor-element-21b5eb2d color-scheme-inherit text-left elementor-widget elementor-widget-text-editor\" data-id=\"21b5eb2d\" data-element_type=\"widget\" data-widget_type=\"text-editor.default\">\n\t\t\t\t\t\t\t\t\t<p data-start=\"0\" data-end=\"406\">Vytvori\u0165 jedine\u010dn\u00fd dizajn pre z\u00e1hradn\u00fd pozemok, letn\u00fa terasu kaviarne alebo ozdobi\u0165 kancel\u00e1riu pom\u00f4\u017ee zauj\u00edmav\u00fd dekorat\u00edvny prvok \u2013 vonkaj\u0161\u00ed kvetinov\u00fd z\u00e1hon. Ide o exkluz\u00edvnu kon\u0161trukciu okr\u00fahleho tvaru vyroben\u00fa z vysokokvalitn\u00e9ho bet\u00f3nu M500. Tak\u00fdto v\u00fdrobok nepodlieha po\u0161kodeniu \u010dasom, teplotn\u00fdmi v\u00fdkyvmi ani zv\u00fd\u0161enou vlhkos\u0165ou. Vonkaj\u0161\u00ed z\u00e1hon je funk\u010dn\u00e1 a nen\u00e1ro\u010dn\u00e1 alternat\u00edva k tradi\u010dn\u00fdm kvetin\u00e1\u010dom.<\/p>\r\n<p data-start=\"408\" data-end=\"772\" data-is-last-node=\"\" data-is-only-node=\"\">Origin\u00e1lny dekorat\u00edvny prvok v pr\u00edrodnej farbe vytvor\u00ed ide\u00e1lny p\u00e1r s predmetmi vyroben\u00fdmi z podobn\u00fdch materi\u00e1lov alebo sa stane \u0161t\u00fdlov\u00fdm akcentom na pozad\u00ed kovu, skla \u010di plastu. Segmentovan\u00e9 polkruhov\u00e9 \u010dasti z\u00e1honu pohodlne umiestnia pr\u00edrodn\u00e9 alebo umel\u00e9 rastliny a plnia dekorat\u00edvnu funkciu. Z\u00e1hon tohto tvaru z\u00e1rove\u0148 zjem\u0148uje nadmern\u00fa strohos\u0165 pravouhl\u00fdch l\u00edni\u00ed.<\/p>\t\t\t\t\t\t\t\t<\/div>\n\t\t\t\t\t<\/div>\n\t\t\t\t<\/div>\n\t\t<div class=\"wd-negative-gap elementor-element elementor-element-109115e e-flex e-con-boxed e-con e-parent\" data-id=\"109115e\" data-element_type=\"container\">\n\t\t\t\t\t<div class=\"e-con-inner\">\n\t\t\t\t<div class=\"elementor-element elementor-element-8ec75f0 wd-width-100 elementor-widget elementor-widget-wd_images_gallery\" data-id=\"8ec75f0\" data-element_type=\"widget\" data-widget_type=\"wd_images_gallery.default\">\n\t\t\t\t<div class=\"elementor-widget-container\">\n\t\t\t\t\t\t\t<div class=\"wd-images-gallery photoswipe-images wd-carousel-container\" style=\"--wd-align-items:center; --wd-justify-content:center;\">\n\t\t\t\t\t\t\t<div class=\"wd-carousel-inner\">\n\t\t\t\t\t\t<div class=\"wd-carousel wd-grid\" data-scroll_per_page=\"yes\" style=\"--wd-col-lg:1;--wd-col-md:1;--wd-col-sm:1;--wd-gap-lg:0px;\">\n\t\t\t\t\t\t\t\t\t<div class=\"wd-carousel-wrap\">\n\t\t\t\t\t\t\t\t\t\t\t\t\t\t\t\t\t\t<div class=\"wd-gallery-item wd-carousel-item\">\n\t\t\t\t\t\t\t\t\t\t\t\t\t<a  href=\"https:\/\/rockside.sk\/wp-content\/uploads\/2025\/08\/modul-rockside-1.jpg\" data-width=\"1920\" data-height=\"1080\" data-index=\"1\" data-elementor-open-lightbox=\"no\">\n\t\t\t\t\t\t\n\t\t\t\t\t\t<img fetchpriority=\"high\" decoding=\"async\" width=\"1300\" height=\"731\" src=\"https:\/\/rockside.sk\/wp-content\/uploads\/2025\/08\/modul-rockside-1-1300x731.jpg\" class=\"attachment-large size-large\" alt=\"modul-rockside-1\" srcset=\"https:\/\/rockside.sk\/wp-content\/uploads\/2025\/08\/modul-rockside-1-1300x731.jpg 1300w, https:\/\/rockside.sk\/wp-content\/uploads\/2025\/08\/modul-rockside-1-150x84.jpg 150w, https:\/\/rockside.sk\/wp-content\/uploads\/2025\/08\/modul-rockside-1-700x394.jpg 700w, https:\/\/rockside.sk\/wp-content\/uploads\/2025\/08\/modul-rockside-1-400x225.jpg 400w, https:\/\/rockside.sk\/wp-content\/uploads\/2025\/08\/modul-rockside-1-768x432.jpg 768w, https:\/\/rockside.sk\/wp-content\/uploads\/2025\/08\/modul-rockside-1-1536x864.jpg 1536w, https:\/\/rockside.sk\/wp-content\/uploads\/2025\/08\/modul-rockside-1.jpg 1920w\" sizes=\"(max-width: 1300px) 100vw, 1300px\" \/>\n\t\t\t\t\t\t\t\t\t\t\t\t\t<\/a>\n\t\t\t\t\t\t\t\t\t\t\t<\/div>\n\t\t\t\t\t\t\t\t\t\t\t\t\t\t\t<div class=\"wd-gallery-item wd-carousel-item\">\n\t\t\t\t\t\t\t\t\t\t\t\t\t<a  href=\"https:\/\/rockside.sk\/wp-content\/uploads\/2025\/08\/modul-rockside-2.jpg\" data-width=\"1920\" data-height=\"1080\" data-index=\"2\" data-elementor-open-lightbox=\"no\">\n\t\t\t\t\t\t\n\t\t\t\t\t\t<img decoding=\"async\" width=\"1300\" height=\"731\" src=\"https:\/\/rockside.sk\/wp-content\/uploads\/2025\/08\/modul-rockside-2-1300x731.jpg\" class=\"attachment-large size-large\" alt=\"modul-rockside-2\" srcset=\"https:\/\/rockside.sk\/wp-content\/uploads\/2025\/08\/modul-rockside-2-1300x731.jpg 1300w, https:\/\/rockside.sk\/wp-content\/uploads\/2025\/08\/modul-rockside-2-150x84.jpg 150w, https:\/\/rockside.sk\/wp-content\/uploads\/2025\/08\/modul-rockside-2-700x394.jpg 700w, https:\/\/rockside.sk\/wp-content\/uploads\/2025\/08\/modul-rockside-2-400x225.jpg 400w, https:\/\/rockside.sk\/wp-content\/uploads\/2025\/08\/modul-rockside-2-768x432.jpg 768w, https:\/\/rockside.sk\/wp-content\/uploads\/2025\/08\/modul-rockside-2-1536x864.jpg 1536w, https:\/\/rockside.sk\/wp-content\/uploads\/2025\/08\/modul-rockside-2.jpg 1920w\" sizes=\"(max-width: 1300px) 100vw, 1300px\" \/>\n\t\t\t\t\t\t\t\t\t\t\t\t\t<\/a>\n\t\t\t\t\t\t\t\t\t\t\t<\/div>\n\t\t\t\t\t\t\t\t\t\t\t\t\t\t\t<div class=\"wd-gallery-item wd-carousel-item\">\n\t\t\t\t\t\t\t\t\t\t\t\t\t<a  href=\"https:\/\/rockside.sk\/wp-content\/uploads\/2025\/08\/modul-rockside-3.jpg\" data-width=\"1920\" data-height=\"1080\" data-index=\"3\" data-elementor-open-lightbox=\"no\">\n\t\t\t\t\t\t\n\t\t\t\t\t\t<img decoding=\"async\" width=\"1300\" height=\"731\" src=\"https:\/\/rockside.sk\/wp-content\/uploads\/2025\/08\/modul-rockside-3-1300x731.jpg\" class=\"attachment-large size-large\" alt=\"modul-rockside-3\" srcset=\"https:\/\/rockside.sk\/wp-content\/uploads\/2025\/08\/modul-rockside-3-1300x731.jpg 1300w, https:\/\/rockside.sk\/wp-content\/uploads\/2025\/08\/modul-rockside-3-150x84.jpg 150w, https:\/\/rockside.sk\/wp-content\/uploads\/2025\/08\/modul-rockside-3-700x394.jpg 700w, https:\/\/rockside.sk\/wp-content\/uploads\/2025\/08\/modul-rockside-3-400x225.jpg 400w, https:\/\/rockside.sk\/wp-content\/uploads\/2025\/08\/modul-rockside-3-768x432.jpg 768w, https:\/\/rockside.sk\/wp-content\/uploads\/2025\/08\/modul-rockside-3-1536x864.jpg 1536w, https:\/\/rockside.sk\/wp-content\/uploads\/2025\/08\/modul-rockside-3.jpg 1920w\" sizes=\"(max-width: 1300px) 100vw, 1300px\" \/>\n\t\t\t\t\t\t\t\t\t\t\t\t\t<\/a>\n\t\t\t\t\t\t\t\t\t\t\t<\/div>\n\t\t\t\t\t\t\t\t\t\t\t\t\t\t\t\t<\/div>\n\t\t\t\t\t\t\t\t<\/div>\n\t\t\t\t\t\t\t\t\t\t\t\t\t\t<div class=\"wd-nav-arrows wd-pos-sep wd-hover-1 wd-icon-1\">\n\t\t\t<div class=\"wd-btn-arrow wd-prev wd-disabled\">\n\t\t\t\t<div class=\"wd-arrow-inner\"><\/div>\n\t\t\t<\/div>\n\t\t\t<div class=\"wd-btn-arrow wd-next\">\n\t\t\t\t<div class=\"wd-arrow-inner\"><\/div>\n\t\t\t<\/div>\n\t\t<\/div>\n\t\t\t\t\t\t\n\t\t\t\t<\/div>\n\n\t\t\t\t\t\t<div class=\"wd-nav-pagin-wrap text-center wd-style-shape wd-hide-md-sm wd-hide-sm\">\n\t\t\t<ul class=\"wd-nav-pagin\"><\/ul>\n\t\t<\/div>\n\t\t\t\t\t\t\t\t\t\t\t<\/div>\n\t\t\t\t\t\t<\/div>\n\t\t\t\t<\/div>\n\t\t\t\t\t<\/div>\n\t\t\t\t<\/div>\n\t\t\t\t<\/div>","protected":false},"excerpt":{"rendered":"<p>Vytvori\u0165 jedine\u010dn\u00fd dizajn pre z\u00e1hradn\u00fd pozemok, letn\u00fa terasu kaviarne alebo ozdobi\u0165 kancel\u00e1riu pom\u00f4\u017ee zauj\u00edmav\u00fd dekorat\u00edvny prvok \u2013 vonkaj\u0161\u00ed kvetinov\u00fd z\u00e1hon.<\/p>","protected":false},"featured_media":29880,"comment_status":"open","ping_status":"closed","template":"","meta":[],"product_brand":[],"product_cat":[20,27],"product_tag":[],"class_list":{"0":"post-29836","1":"product","2":"type-product","3":"status-publish","4":"has-post-thumbnail","6":"product_cat-kvetinace","7":"product_cat-lavice","9":"first","10":"instock","11":"taxable","12":"shipping-taxable","13":"purchasable","14":"product-type-variable","15":"has-default-attributes"},"yoast_head":"<!-- This site is optimized with the Yoast SEO plugin v25.6 - https:\/\/yoast.com\/wordpress\/plugins\/seo\/ -->\n<title>Betonov\u00e1 uli\u010dn\u00e1 lavi\u010dka\/kvetin\u00e1\u010d Modul - Betonov\u00e9 v\u00fdrobky<\/title>\n<meta name=\"robots\" content=\"index, follow, max-snippet:-1, max-image-preview:large, max-video-preview:-1\" \/>\n<link rel=\"canonical\" href=\"https:\/\/rockside.sk\/de\/product\/betonna-vulychna-lava-klumba-modul\/\" \/>\n<meta property=\"og:locale\" content=\"de_DE\" \/>\n<meta property=\"og:type\" content=\"article\" \/>\n<meta property=\"og:title\" content=\"Betonov\u00e1 uli\u010dn\u00e1 lavi\u010dka\/kvetin\u00e1\u010d Modul - Betonov\u00e9 v\u00fdrobky\" \/>\n<meta property=\"og:description\" content=\"Vytvori\u0165 jedine\u010dn\u00fd dizajn pre z\u00e1hradn\u00fd pozemok, letn\u00fa terasu kaviarne alebo ozdobi\u0165 kancel\u00e1riu pom\u00f4\u017ee zauj\u00edmav\u00fd dekorat\u00edvny prvok \u2013 vonkaj\u0161\u00ed kvetinov\u00fd z\u00e1hon.\" \/>\n<meta property=\"og:url\" content=\"https:\/\/rockside.sk\/de\/product\/betonna-vulychna-lava-klumba-modul\/\" \/>\n<meta property=\"og:site_name\" content=\"Betonov\u00e9 v\u00fdrobky\" \/>\n<meta property=\"article:modified_time\" content=\"2026-03-13T11:28:42+00:00\" \/>\n<meta property=\"og:image\" content=\"https:\/\/rockside.sk\/wp-content\/uploads\/2025\/08\/Modul-Vazon-Flowers.jpg\" \/>\n\t<meta property=\"og:image:width\" content=\"1080\" \/>\n\t<meta property=\"og:image:height\" content=\"1080\" \/>\n\t<meta property=\"og:image:type\" content=\"image\/jpeg\" \/>\n<meta name=\"twitter:card\" content=\"summary_large_image\" \/>\n<meta name=\"twitter:label1\" content=\"Gesch\u00e4tzte Lesezeit\" \/>\n\t<meta name=\"twitter:data1\" content=\"1\u00a0Minute\" \/>\n<script type=\"application\/ld+json\" class=\"yoast-schema-graph\">{\"@context\":\"https:\/\/schema.org\",\"@graph\":[{\"@type\":\"WebPage\",\"@id\":\"https:\/\/rockside.sk\/product\/betonna-vulychna-lava-klumba-modul\/\",\"url\":\"https:\/\/rockside.sk\/product\/betonna-vulychna-lava-klumba-modul\/\",\"name\":\"Betonov\u00e1 uli\u010dn\u00e1 lavi\u010dka\/kvetin\u00e1\u010d Modul - Betonov\u00e9 v\u00fdrobky\",\"isPartOf\":{\"@id\":\"https:\/\/rockside.sk\/#website\"},\"primaryImageOfPage\":{\"@id\":\"https:\/\/rockside.sk\/product\/betonna-vulychna-lava-klumba-modul\/#primaryimage\"},\"image\":{\"@id\":\"https:\/\/rockside.sk\/product\/betonna-vulychna-lava-klumba-modul\/#primaryimage\"},\"thumbnailUrl\":\"https:\/\/rockside.sk\/wp-content\/uploads\/2025\/08\/Modul-Vazon-Flowers.jpg\",\"datePublished\":\"2025-08-11T11:12:23+00:00\",\"dateModified\":\"2026-03-13T11:28:42+00:00\",\"breadcrumb\":{\"@id\":\"https:\/\/rockside.sk\/product\/betonna-vulychna-lava-klumba-modul\/#breadcrumb\"},\"inLanguage\":\"de\",\"potentialAction\":[{\"@type\":\"ReadAction\",\"target\":[\"https:\/\/rockside.sk\/product\/betonna-vulychna-lava-klumba-modul\/\"]}]},{\"@type\":\"ImageObject\",\"inLanguage\":\"de\",\"@id\":\"https:\/\/rockside.sk\/product\/betonna-vulychna-lava-klumba-modul\/#primaryimage\",\"url\":\"https:\/\/rockside.sk\/wp-content\/uploads\/2025\/08\/Modul-Vazon-Flowers.jpg\",\"contentUrl\":\"https:\/\/rockside.sk\/wp-content\/uploads\/2025\/08\/Modul-Vazon-Flowers.jpg\",\"width\":1080,\"height\":1080},{\"@type\":\"BreadcrumbList\",\"@id\":\"https:\/\/rockside.sk\/product\/betonna-vulychna-lava-klumba-modul\/#breadcrumb\",\"itemListElement\":[{\"@type\":\"ListItem\",\"position\":1,\"name\":\"\u0413\u043b\u0430\u0432\u043d\u0430\u044f \u0441\u0442\u0440\u0430\u043d\u0438\u0446\u0430\",\"item\":\"https:\/\/rockside.sk\/\"},{\"@type\":\"ListItem\",\"position\":2,\"name\":\"Obchod\",\"item\":\"https:\/\/rockside.sk\/shop\/\"},{\"@type\":\"ListItem\",\"position\":3,\"name\":\"Betonov\u00e1 uli\u010dn\u00e1 lavi\u010dka\/kvetin\u00e1\u010d Modul\"}]},{\"@type\":\"WebSite\",\"@id\":\"https:\/\/rockside.sk\/#website\",\"url\":\"https:\/\/rockside.sk\/\",\"name\":\"Rockside Slovensko\",\"description\":\"vonkaj\u0161ie kvetin\u00e1\u010de, z\u00e1hradn\u00e9 font\u00e1ny, lavi\u010dky od v\u00fdrobcu Rockside\",\"publisher\":{\"@id\":\"https:\/\/rockside.sk\/#organization\"},\"alternateName\":\"Rockside\",\"potentialAction\":[{\"@type\":\"SearchAction\",\"target\":{\"@type\":\"EntryPoint\",\"urlTemplate\":\"https:\/\/rockside.sk\/?s={search_term_string}\"},\"query-input\":{\"@type\":\"PropertyValueSpecification\",\"valueRequired\":true,\"valueName\":\"search_term_string\"}}],\"inLanguage\":\"de\"},{\"@type\":\"Organization\",\"@id\":\"https:\/\/rockside.sk\/#organization\",\"name\":\"Betonov\u00e9 v\u00fdrobky\",\"url\":\"https:\/\/rockside.sk\/\",\"logo\":{\"@type\":\"ImageObject\",\"inLanguage\":\"de\",\"@id\":\"https:\/\/rockside.sk\/#\/schema\/logo\/image\/\",\"url\":\"https:\/\/rockside.sk\/wp-content\/uploads\/2025\/08\/Rockside.png\",\"contentUrl\":\"https:\/\/rockside.sk\/wp-content\/uploads\/2025\/08\/Rockside.png\",\"width\":1920,\"height\":1080,\"caption\":\"Betonov\u00e9 v\u00fdrobky\"},\"image\":{\"@id\":\"https:\/\/rockside.sk\/#\/schema\/logo\/image\/\"}}]}<\/script>\n<!-- \/ Yoast SEO plugin. -->","yoast_head_json":{"title":"Betonov\u00e1 uli\u010dn\u00e1 lavi\u010dka\/kvetin\u00e1\u010d Modul - Betonov\u00e9 v\u00fdrobky","robots":{"index":"index","follow":"follow","max-snippet":"max-snippet:-1","max-image-preview":"max-image-preview:large","max-video-preview":"max-video-preview:-1"},"canonical":"https:\/\/rockside.sk\/de\/product\/betonna-vulychna-lava-klumba-modul\/","og_locale":"de_DE","og_type":"article","og_title":"Betonov\u00e1 uli\u010dn\u00e1 lavi\u010dka\/kvetin\u00e1\u010d Modul - Betonov\u00e9 v\u00fdrobky","og_description":"Vytvori\u0165 jedine\u010dn\u00fd dizajn pre z\u00e1hradn\u00fd pozemok, letn\u00fa terasu kaviarne alebo ozdobi\u0165 kancel\u00e1riu pom\u00f4\u017ee zauj\u00edmav\u00fd dekorat\u00edvny prvok \u2013 vonkaj\u0161\u00ed kvetinov\u00fd z\u00e1hon.","og_url":"https:\/\/rockside.sk\/de\/product\/betonna-vulychna-lava-klumba-modul\/","og_site_name":"Betonov\u00e9 v\u00fdrobky","article_modified_time":"2026-03-13T11:28:42+00:00","og_image":[{"width":1080,"height":1080,"url":"https:\/\/rockside.sk\/wp-content\/uploads\/2025\/08\/Modul-Vazon-Flowers.jpg","type":"image\/jpeg"}],"twitter_card":"summary_large_image","twitter_misc":{"Gesch\u00e4tzte Lesezeit":"1\u00a0Minute"},"schema":{"@context":"https:\/\/schema.org","@graph":[{"@type":"WebPage","@id":"https:\/\/rockside.sk\/product\/betonna-vulychna-lava-klumba-modul\/","url":"https:\/\/rockside.sk\/product\/betonna-vulychna-lava-klumba-modul\/","name":"Betonov\u00e1 uli\u010dn\u00e1 lavi\u010dka\/kvetin\u00e1\u010d Modul - Betonov\u00e9 v\u00fdrobky","isPartOf":{"@id":"https:\/\/rockside.sk\/#website"},"primaryImageOfPage":{"@id":"https:\/\/rockside.sk\/product\/betonna-vulychna-lava-klumba-modul\/#primaryimage"},"image":{"@id":"https:\/\/rockside.sk\/product\/betonna-vulychna-lava-klumba-modul\/#primaryimage"},"thumbnailUrl":"https:\/\/rockside.sk\/wp-content\/uploads\/2025\/08\/Modul-Vazon-Flowers.jpg","datePublished":"2025-08-11T11:12:23+00:00","dateModified":"2026-03-13T11:28:42+00:00","breadcrumb":{"@id":"https:\/\/rockside.sk\/product\/betonna-vulychna-lava-klumba-modul\/#breadcrumb"},"inLanguage":"de","potentialAction":[{"@type":"ReadAction","target":["https:\/\/rockside.sk\/product\/betonna-vulychna-lava-klumba-modul\/"]}]},{"@type":"ImageObject","inLanguage":"de","@id":"https:\/\/rockside.sk\/product\/betonna-vulychna-lava-klumba-modul\/#primaryimage","url":"https:\/\/rockside.sk\/wp-content\/uploads\/2025\/08\/Modul-Vazon-Flowers.jpg","contentUrl":"https:\/\/rockside.sk\/wp-content\/uploads\/2025\/08\/Modul-Vazon-Flowers.jpg","width":1080,"height":1080},{"@type":"BreadcrumbList","@id":"https:\/\/rockside.sk\/product\/betonna-vulychna-lava-klumba-modul\/#breadcrumb","itemListElement":[{"@type":"ListItem","position":1,"name":"\u0413\u043b\u0430\u0432\u043d\u0430\u044f \u0441\u0442\u0440\u0430\u043d\u0438\u0446\u0430","item":"https:\/\/rockside.sk\/"},{"@type":"ListItem","position":2,"name":"Obchod","item":"https:\/\/rockside.sk\/shop\/"},{"@type":"ListItem","position":3,"name":"Betonov\u00e1 uli\u010dn\u00e1 lavi\u010dka\/kvetin\u00e1\u010d Modul"}]},{"@type":"WebSite","@id":"https:\/\/rockside.sk\/#website","url":"https:\/\/rockside.sk\/","name":"Rockside Slovensko","description":"vonkaj\u0161ie kvetin\u00e1\u010de, z\u00e1hradn\u00e9 font\u00e1ny, lavi\u010dky od v\u00fdrobcu Rockside","publisher":{"@id":"https:\/\/rockside.sk\/#organization"},"alternateName":"Rockside","potentialAction":[{"@type":"SearchAction","target":{"@type":"EntryPoint","urlTemplate":"https:\/\/rockside.sk\/?s={search_term_string}"},"query-input":{"@type":"PropertyValueSpecification","valueRequired":true,"valueName":"search_term_string"}}],"inLanguage":"de"},{"@type":"Organization","@id":"https:\/\/rockside.sk\/#organization","name":"Betonov\u00e9 v\u00fdrobky","url":"https:\/\/rockside.sk\/","logo":{"@type":"ImageObject","inLanguage":"de","@id":"https:\/\/rockside.sk\/#\/schema\/logo\/image\/","url":"https:\/\/rockside.sk\/wp-content\/uploads\/2025\/08\/Rockside.png","contentUrl":"https:\/\/rockside.sk\/wp-content\/uploads\/2025\/08\/Rockside.png","width":1920,"height":1080,"caption":"Betonov\u00e9 v\u00fdrobky"},"image":{"@id":"https:\/\/rockside.sk\/#\/schema\/logo\/image\/"}}]}},"jetpack_sharing_enabled":true,"_links":{"self":[{"href":"https:\/\/rockside.sk\/de\/wp-json\/wp\/v2\/product\/29836","targetHints":{"allow":["GET"]}}],"collection":[{"href":"https:\/\/rockside.sk\/de\/wp-json\/wp\/v2\/product"}],"about":[{"href":"https:\/\/rockside.sk\/de\/wp-json\/wp\/v2\/types\/product"}],"replies":[{"embeddable":true,"href":"https:\/\/rockside.sk\/de\/wp-json\/wp\/v2\/comments?post=29836"}],"version-history":[{"count":7,"href":"https:\/\/rockside.sk\/de\/wp-json\/wp\/v2\/product\/29836\/revisions"}],"predecessor-version":[{"id":32679,"href":"https:\/\/rockside.sk\/de\/wp-json\/wp\/v2\/product\/29836\/revisions\/32679"}],"wp:featuredmedia":[{"embeddable":true,"href":"https:\/\/rockside.sk\/de\/wp-json\/wp\/v2\/media\/29880"}],"wp:attachment":[{"href":"https:\/\/rockside.sk\/de\/wp-json\/wp\/v2\/media?parent=29836"}],"wp:term":[{"taxonomy":"product_brand","embeddable":true,"href":"https:\/\/rockside.sk\/de\/wp-json\/wp\/v2\/product_brand?post=29836"},{"taxonomy":"product_cat","embeddable":true,"href":"https:\/\/rockside.sk\/de\/wp-json\/wp\/v2\/product_cat?post=29836"},{"taxonomy":"product_tag","embeddable":true,"href":"https:\/\/rockside.sk\/de\/wp-json\/wp\/v2\/product_tag?post=29836"}],"curies":[{"name":"wp","href":"https:\/\/api.w.org\/{rel}","templated":true}]}}