{"id":29234,"date":"2025-08-07T13:43:07","date_gmt":"2025-08-07T10:43:07","guid":{"rendered":"https:\/\/rockside.sk\/?post_type=product&#038;p=29234"},"modified":"2026-03-13T16:08:10","modified_gmt":"2026-03-13T13:08:10","slug":"fontana-barcelona","status":"publish","type":"product","link":"https:\/\/rockside.sk\/de\/product\/fontana-barcelona\/","title":{"rendered":"Font\u00e1na Barcelona \u2116109"},"content":{"rendered":"<div data-elementor-type=\"wp-post\" data-elementor-id=\"29234\" class=\"elementor elementor-29234\">\n\t\t\t\t<div class=\"wd-negative-gap elementor-element elementor-element-87e8c7d e-flex e-con-boxed e-con e-parent\" data-id=\"87e8c7d\" data-element_type=\"container\">\n\t\t\t\t\t<div class=\"e-con-inner\">\n\t\t\t\t<div class=\"elementor-element elementor-element-361823d elementor-widget elementor-widget-wd_text_block\" data-id=\"361823d\" data-element_type=\"widget\" data-widget_type=\"wd_text_block.default\">\n\t\t\t\t<div class=\"elementor-widget-container\">\n\t\t\t\t\t\t\t<div class=\"wd-text-block reset-last-child text-left\">\n\t\t\t\n\t\t\t<ul><li>Uzavret\u00fd cyklus obehu vody: nevy\u017eaduje pripojenie na vodovod, voda cirkuluje vo vn\u00fatri kon\u0161trukcie.<\/li><li>Funguje zo \u0161tandardnej elektrickej siete 220 V \u2013 sta\u010d\u00ed ho zapoji\u0165 do z\u00e1suvky.<\/li><li>Jednoduch\u00e1 \u00fadr\u017eba a mont\u00e1\u017e: Font\u00e1na Barcelona nevy\u017eaduje zlo\u017eit\u00e9 servisn\u00e9 z\u00e1sahy a jednoducho sa in\u0161taluje na ak\u00fdko\u013evek povrch.<\/li><li>Vhodn\u00e1 pre men\u0161ie priestory: Jej kompaktn\u00e9 rozmery z nej robia ide\u00e1lnu vo\u013ebu pre terasy, vn\u00fatorn\u00e9 dvory alebo kancel\u00e1rske priestory.<\/li><li>\u013dubovo\u013en\u00e1 farba: M\u00f4\u017eete si vybra\u0165 font\u00e1nu v bet\u00f3novom vyhotoven\u00ed alebo si ju objedna\u0165 v odtieni, ktor\u00fd sa bude hodi\u0165 pr\u00e1ve k v\u00e1\u0161mu dizajnu.<\/li><\/ul>\n\t\t\t\t\t<\/div>\n\t\t\t\t\t\t<\/div>\n\t\t\t\t<\/div>\n\t\t\t\t\t<\/div>\n\t\t\t\t<\/div>\n\t\t\t\t<\/div>","protected":false},"excerpt":{"rendered":"<p>Uzavret\u00fd cyklus obehu vody: nevy\u017eaduje pripojenie na vodovod, voda cirkuluje vo vn\u00fatri kon\u0161trukcie. Funguje zo \u0161tandardnej elektrickej siete 220 V<\/p>","protected":false},"featured_media":29238,"comment_status":"open","ping_status":"closed","template":"","meta":[],"product_brand":[],"product_cat":[75],"product_tag":[],"class_list":{"0":"post-29234","1":"product","2":"type-product","3":"status-publish","4":"has-post-thumbnail","6":"product_cat-fontany-moderne","8":"first","9":"instock","10":"taxable","11":"shipping-taxable","12":"purchasable","13":"product-type-variable","14":"has-default-attributes"},"yoast_head":"<!-- This site is optimized with the Yoast SEO plugin v25.6 - https:\/\/yoast.com\/wordpress\/plugins\/seo\/ -->\n<title>Font\u00e1na Barcelona \u2116109 - Betonov\u00e9 v\u00fdrobky<\/title>\n<meta name=\"robots\" content=\"index, follow, max-snippet:-1, max-image-preview:large, max-video-preview:-1\" \/>\n<link rel=\"canonical\" href=\"https:\/\/rockside.sk\/de\/product\/fontana-barcelona\/\" \/>\n<meta property=\"og:locale\" content=\"de_DE\" \/>\n<meta property=\"og:type\" content=\"article\" \/>\n<meta property=\"og:title\" content=\"Font\u00e1na Barcelona \u2116109 - Betonov\u00e9 v\u00fdrobky\" \/>\n<meta property=\"og:description\" content=\"Uzavret\u00fd cyklus obehu vody: nevy\u017eaduje pripojenie na vodovod, voda cirkuluje vo vn\u00fatri kon\u0161trukcie. Funguje zo \u0161tandardnej elektrickej siete 220 V\" \/>\n<meta property=\"og:url\" content=\"https:\/\/rockside.sk\/de\/product\/fontana-barcelona\/\" \/>\n<meta property=\"og:site_name\" content=\"Betonov\u00e9 v\u00fdrobky\" \/>\n<meta property=\"article:modified_time\" content=\"2026-03-13T13:08:10+00:00\" \/>\n<meta property=\"og:image\" content=\"https:\/\/rockside.sk\/wp-content\/uploads\/2025\/08\/barselona-grey.jpg\" \/>\n\t<meta property=\"og:image:width\" content=\"1080\" \/>\n\t<meta property=\"og:image:height\" content=\"1080\" \/>\n\t<meta property=\"og:image:type\" content=\"image\/jpeg\" \/>\n<meta name=\"twitter:card\" content=\"summary_large_image\" \/>\n<meta name=\"twitter:label1\" content=\"Gesch\u00e4tzte Lesezeit\" \/>\n\t<meta name=\"twitter:data1\" content=\"1\u00a0Minute\" \/>\n<script type=\"application\/ld+json\" class=\"yoast-schema-graph\">{\"@context\":\"https:\/\/schema.org\",\"@graph\":[{\"@type\":\"WebPage\",\"@id\":\"https:\/\/rockside.sk\/product\/fontana-barcelona\/\",\"url\":\"https:\/\/rockside.sk\/product\/fontana-barcelona\/\",\"name\":\"Font\u00e1na Barcelona \u2116109 - Betonov\u00e9 v\u00fdrobky\",\"isPartOf\":{\"@id\":\"https:\/\/rockside.sk\/#website\"},\"primaryImageOfPage\":{\"@id\":\"https:\/\/rockside.sk\/product\/fontana-barcelona\/#primaryimage\"},\"image\":{\"@id\":\"https:\/\/rockside.sk\/product\/fontana-barcelona\/#primaryimage\"},\"thumbnailUrl\":\"https:\/\/rockside.sk\/wp-content\/uploads\/2025\/08\/barselona-grey.jpg\",\"datePublished\":\"2025-08-07T10:43:07+00:00\",\"dateModified\":\"2026-03-13T13:08:10+00:00\",\"breadcrumb\":{\"@id\":\"https:\/\/rockside.sk\/product\/fontana-barcelona\/#breadcrumb\"},\"inLanguage\":\"de\",\"potentialAction\":[{\"@type\":\"ReadAction\",\"target\":[\"https:\/\/rockside.sk\/product\/fontana-barcelona\/\"]}]},{\"@type\":\"ImageObject\",\"inLanguage\":\"de\",\"@id\":\"https:\/\/rockside.sk\/product\/fontana-barcelona\/#primaryimage\",\"url\":\"https:\/\/rockside.sk\/wp-content\/uploads\/2025\/08\/barselona-grey.jpg\",\"contentUrl\":\"https:\/\/rockside.sk\/wp-content\/uploads\/2025\/08\/barselona-grey.jpg\",\"width\":1080,\"height\":1080},{\"@type\":\"BreadcrumbList\",\"@id\":\"https:\/\/rockside.sk\/product\/fontana-barcelona\/#breadcrumb\",\"itemListElement\":[{\"@type\":\"ListItem\",\"position\":1,\"name\":\"\u0413\u043b\u0430\u0432\u043d\u0430\u044f \u0441\u0442\u0440\u0430\u043d\u0438\u0446\u0430\",\"item\":\"https:\/\/rockside.sk\/\"},{\"@type\":\"ListItem\",\"position\":2,\"name\":\"Obchod\",\"item\":\"https:\/\/rockside.sk\/shop\/\"},{\"@type\":\"ListItem\",\"position\":3,\"name\":\"Font\u00e1na Barcelona \u2116109\"}]},{\"@type\":\"WebSite\",\"@id\":\"https:\/\/rockside.sk\/#website\",\"url\":\"https:\/\/rockside.sk\/\",\"name\":\"Rockside Slovensko\",\"description\":\"vonkaj\u0161ie kvetin\u00e1\u010de, z\u00e1hradn\u00e9 font\u00e1ny, lavi\u010dky od v\u00fdrobcu Rockside\",\"publisher\":{\"@id\":\"https:\/\/rockside.sk\/#organization\"},\"alternateName\":\"Rockside\",\"potentialAction\":[{\"@type\":\"SearchAction\",\"target\":{\"@type\":\"EntryPoint\",\"urlTemplate\":\"https:\/\/rockside.sk\/?s={search_term_string}\"},\"query-input\":{\"@type\":\"PropertyValueSpecification\",\"valueRequired\":true,\"valueName\":\"search_term_string\"}}],\"inLanguage\":\"de\"},{\"@type\":\"Organization\",\"@id\":\"https:\/\/rockside.sk\/#organization\",\"name\":\"Betonov\u00e9 v\u00fdrobky\",\"url\":\"https:\/\/rockside.sk\/\",\"logo\":{\"@type\":\"ImageObject\",\"inLanguage\":\"de\",\"@id\":\"https:\/\/rockside.sk\/#\/schema\/logo\/image\/\",\"url\":\"https:\/\/rockside.sk\/wp-content\/uploads\/2025\/08\/Rockside.png\",\"contentUrl\":\"https:\/\/rockside.sk\/wp-content\/uploads\/2025\/08\/Rockside.png\",\"width\":1920,\"height\":1080,\"caption\":\"Betonov\u00e9 v\u00fdrobky\"},\"image\":{\"@id\":\"https:\/\/rockside.sk\/#\/schema\/logo\/image\/\"}}]}<\/script>\n<!-- \/ Yoast SEO plugin. -->","yoast_head_json":{"title":"Font\u00e1na Barcelona \u2116109 - Betonov\u00e9 v\u00fdrobky","robots":{"index":"index","follow":"follow","max-snippet":"max-snippet:-1","max-image-preview":"max-image-preview:large","max-video-preview":"max-video-preview:-1"},"canonical":"https:\/\/rockside.sk\/de\/product\/fontana-barcelona\/","og_locale":"de_DE","og_type":"article","og_title":"Font\u00e1na Barcelona \u2116109 - Betonov\u00e9 v\u00fdrobky","og_description":"Uzavret\u00fd cyklus obehu vody: nevy\u017eaduje pripojenie na vodovod, voda cirkuluje vo vn\u00fatri kon\u0161trukcie. Funguje zo \u0161tandardnej elektrickej siete 220 V","og_url":"https:\/\/rockside.sk\/de\/product\/fontana-barcelona\/","og_site_name":"Betonov\u00e9 v\u00fdrobky","article_modified_time":"2026-03-13T13:08:10+00:00","og_image":[{"width":1080,"height":1080,"url":"https:\/\/rockside.sk\/wp-content\/uploads\/2025\/08\/barselona-grey.jpg","type":"image\/jpeg"}],"twitter_card":"summary_large_image","twitter_misc":{"Gesch\u00e4tzte Lesezeit":"1\u00a0Minute"},"schema":{"@context":"https:\/\/schema.org","@graph":[{"@type":"WebPage","@id":"https:\/\/rockside.sk\/product\/fontana-barcelona\/","url":"https:\/\/rockside.sk\/product\/fontana-barcelona\/","name":"Font\u00e1na Barcelona \u2116109 - Betonov\u00e9 v\u00fdrobky","isPartOf":{"@id":"https:\/\/rockside.sk\/#website"},"primaryImageOfPage":{"@id":"https:\/\/rockside.sk\/product\/fontana-barcelona\/#primaryimage"},"image":{"@id":"https:\/\/rockside.sk\/product\/fontana-barcelona\/#primaryimage"},"thumbnailUrl":"https:\/\/rockside.sk\/wp-content\/uploads\/2025\/08\/barselona-grey.jpg","datePublished":"2025-08-07T10:43:07+00:00","dateModified":"2026-03-13T13:08:10+00:00","breadcrumb":{"@id":"https:\/\/rockside.sk\/product\/fontana-barcelona\/#breadcrumb"},"inLanguage":"de","potentialAction":[{"@type":"ReadAction","target":["https:\/\/rockside.sk\/product\/fontana-barcelona\/"]}]},{"@type":"ImageObject","inLanguage":"de","@id":"https:\/\/rockside.sk\/product\/fontana-barcelona\/#primaryimage","url":"https:\/\/rockside.sk\/wp-content\/uploads\/2025\/08\/barselona-grey.jpg","contentUrl":"https:\/\/rockside.sk\/wp-content\/uploads\/2025\/08\/barselona-grey.jpg","width":1080,"height":1080},{"@type":"BreadcrumbList","@id":"https:\/\/rockside.sk\/product\/fontana-barcelona\/#breadcrumb","itemListElement":[{"@type":"ListItem","position":1,"name":"\u0413\u043b\u0430\u0432\u043d\u0430\u044f \u0441\u0442\u0440\u0430\u043d\u0438\u0446\u0430","item":"https:\/\/rockside.sk\/"},{"@type":"ListItem","position":2,"name":"Obchod","item":"https:\/\/rockside.sk\/shop\/"},{"@type":"ListItem","position":3,"name":"Font\u00e1na Barcelona \u2116109"}]},{"@type":"WebSite","@id":"https:\/\/rockside.sk\/#website","url":"https:\/\/rockside.sk\/","name":"Rockside Slovensko","description":"vonkaj\u0161ie kvetin\u00e1\u010de, z\u00e1hradn\u00e9 font\u00e1ny, lavi\u010dky od v\u00fdrobcu Rockside","publisher":{"@id":"https:\/\/rockside.sk\/#organization"},"alternateName":"Rockside","potentialAction":[{"@type":"SearchAction","target":{"@type":"EntryPoint","urlTemplate":"https:\/\/rockside.sk\/?s={search_term_string}"},"query-input":{"@type":"PropertyValueSpecification","valueRequired":true,"valueName":"search_term_string"}}],"inLanguage":"de"},{"@type":"Organization","@id":"https:\/\/rockside.sk\/#organization","name":"Betonov\u00e9 v\u00fdrobky","url":"https:\/\/rockside.sk\/","logo":{"@type":"ImageObject","inLanguage":"de","@id":"https:\/\/rockside.sk\/#\/schema\/logo\/image\/","url":"https:\/\/rockside.sk\/wp-content\/uploads\/2025\/08\/Rockside.png","contentUrl":"https:\/\/rockside.sk\/wp-content\/uploads\/2025\/08\/Rockside.png","width":1920,"height":1080,"caption":"Betonov\u00e9 v\u00fdrobky"},"image":{"@id":"https:\/\/rockside.sk\/#\/schema\/logo\/image\/"}}]}},"jetpack_sharing_enabled":true,"_links":{"self":[{"href":"https:\/\/rockside.sk\/de\/wp-json\/wp\/v2\/product\/29234","targetHints":{"allow":["GET"]}}],"collection":[{"href":"https:\/\/rockside.sk\/de\/wp-json\/wp\/v2\/product"}],"about":[{"href":"https:\/\/rockside.sk\/de\/wp-json\/wp\/v2\/types\/product"}],"replies":[{"embeddable":true,"href":"https:\/\/rockside.sk\/de\/wp-json\/wp\/v2\/comments?post=29234"}],"version-history":[{"count":6,"href":"https:\/\/rockside.sk\/de\/wp-json\/wp\/v2\/product\/29234\/revisions"}],"predecessor-version":[{"id":34350,"href":"https:\/\/rockside.sk\/de\/wp-json\/wp\/v2\/product\/29234\/revisions\/34350"}],"wp:featuredmedia":[{"embeddable":true,"href":"https:\/\/rockside.sk\/de\/wp-json\/wp\/v2\/media\/29238"}],"wp:attachment":[{"href":"https:\/\/rockside.sk\/de\/wp-json\/wp\/v2\/media?parent=29234"}],"wp:term":[{"taxonomy":"product_brand","embeddable":true,"href":"https:\/\/rockside.sk\/de\/wp-json\/wp\/v2\/product_brand?post=29234"},{"taxonomy":"product_cat","embeddable":true,"href":"https:\/\/rockside.sk\/de\/wp-json\/wp\/v2\/product_cat?post=29234"},{"taxonomy":"product_tag","embeddable":true,"href":"https:\/\/rockside.sk\/de\/wp-json\/wp\/v2\/product_tag?post=29234"}],"curies":[{"name":"wp","href":"https:\/\/api.w.org\/{rel}","templated":true}]}}