{"id":35389,"date":"2026-05-04T17:14:30","date_gmt":"2026-05-04T14:14:30","guid":{"rendered":"https:\/\/rockside.sk\/?page_id=35389"},"modified":"2026-05-05T11:07:26","modified_gmt":"2026-05-05T08:07:26","slug":"novinky","status":"publish","type":"page","link":"https:\/\/rockside.sk\/de\/novinky\/","title":{"rendered":"Nachricht"},"content":{"rendered":"<div data-elementor-type=\"wp-page\" data-elementor-id=\"35389\" class=\"elementor elementor-35389\">\n\t\t\t\t<div class=\"wd-negative-gap elementor-element elementor-element-3a785fb e-flex e-con-boxed e-con e-parent\" data-id=\"3a785fb\" data-element_type=\"container\">\n\t\t\t\t\t<div class=\"e-con-inner\">\n\t\t\t\t<div class=\"elementor-element elementor-element-a85bfc9 wd-width-100 elementor-widget elementor-widget-wd_blog\" data-id=\"a85bfc9\" data-element_type=\"widget\" data-widget_type=\"wd_blog.default\">\n\t\t\t\t<div class=\"elementor-widget-container\">\n\t\t\t\t\t\t\t\t\t\t\t\t<div class=\"wd-blog-element\">\n\t\t\t\t\t\t\t\t\t\t\t\n\t\t\t\t\t<div class=\"wd-posts wd-blog-holder wd-grid-g\" id=\"69f9d8ffa42c9\" data-paged=\"1\" data-atts=\"{&quot;post_type&quot;:&quot;post&quot;,&quot;items_per_page&quot;:12,&quot;include&quot;:null,&quot;taxonomies&quot;:[&quot;177&quot;],&quot;offset&quot;:&quot;&quot;,&quot;orderby&quot;:&quot;&quot;,&quot;order&quot;:&quot;DESC&quot;,&quot;meta_key&quot;:null,&quot;exclude&quot;:&quot;&quot;,&quot;element_title&quot;:&quot;&quot;,&quot;element_title_tag&quot;:&quot;h2&quot;,&quot;parts_media&quot;:true,&quot;parts_title&quot;:&quot;1&quot;,&quot;parts_meta&quot;:&quot;&quot;,&quot;parts_text&quot;:&quot;1&quot;,&quot;parts_btn&quot;:&quot;1&quot;,&quot;parts_published_date&quot;:&quot;1&quot;,&quot;img_size&quot;:&quot;large&quot;,&quot;blog_design&quot;:&quot;masonry&quot;,&quot;blog_carousel_design&quot;:null,&quot;blog_masonry&quot;:&quot;&quot;,&quot;blog_columns&quot;:{&quot;unit&quot;:&quot;px&quot;,&quot;size&quot;:2,&quot;sizes&quot;:[]},&quot;blog_columns_tablet&quot;:{&quot;size&quot;:&quot;&quot;},&quot;blog_columns_mobile&quot;:{&quot;size&quot;:&quot;&quot;},&quot;blog_spacing&quot;:&quot;&quot;,&quot;blog_spacing_tablet&quot;:&quot;&quot;,&quot;blog_spacing_mobile&quot;:&quot;&quot;,&quot;pagination&quot;:&quot;&quot;,&quot;speed&quot;:null,&quot;slides_per_view&quot;:null,&quot;slides_per_view_tablet&quot;:{&quot;size&quot;:&quot;&quot;},&quot;slides_per_view_mobile&quot;:{&quot;size&quot;:&quot;&quot;},&quot;wrap&quot;:null,&quot;autoplay&quot;:null,&quot;hide_pagination_control&quot;:null,&quot;hide_prev_next_buttons&quot;:null,&quot;scroll_per_page&quot;:null,&quot;lazy_loading&quot;:&quot;no&quot;,&quot;scroll_carousel_init&quot;:null,&quot;ajax_page&quot;:&quot;&quot;,&quot;custom_sizes&quot;:false,&quot;elementor&quot;:true}\" data-source=\"shortcode\" style=\"--wd-col-lg:2;--wd-col-md:2;--wd-col-sm:1;--wd-gap-lg:20px;--wd-gap-sm:10px;\">\n\t\t\t\n\t\t\t\t\t\t\t\t\t\t\t\t\t\t\n<article id=\"post-35398\" class=\"wd-post blog-design-masonry blog-post-loop blog-style-bg wd-add-shadow wd-col post-35398 post type-post status-publish format-standard has-post-thumbnail hentry category-novinky\">\n\t<div class=\"wd-post-inner article-inner\">\n\t\t\t\t\t<div class=\"wd-post-thumb entry-header\">\n\t\t\t\t\t\t\t\t\t<div class=\"wd-post-img post-img-wrapp\">\n\t\t\t\t\t\t<img fetchpriority=\"high\" decoding=\"async\" width=\"803\" height=\"800\" src=\"https:\/\/rockside.sk\/wp-content\/uploads\/2026\/05\/fon-roockside-novinka1-803x800.jpg\" class=\"attachment-large size-large\" alt=\"\" srcset=\"https:\/\/rockside.sk\/wp-content\/uploads\/2026\/05\/fon-roockside-novinka1-803x800.jpg 803w, https:\/\/rockside.sk\/wp-content\/uploads\/2026\/05\/fon-roockside-novinka1-301x300.jpg 301w, https:\/\/rockside.sk\/wp-content\/uploads\/2026\/05\/fon-roockside-novinka1-150x149.jpg 150w, https:\/\/rockside.sk\/wp-content\/uploads\/2026\/05\/fon-roockside-novinka1-768x765.jpg 768w, https:\/\/rockside.sk\/wp-content\/uploads\/2026\/05\/fon-roockside-novinka1-12x12.jpg 12w, https:\/\/rockside.sk\/wp-content\/uploads\/2026\/05\/fon-roockside-novinka1-700x697.jpg 700w, https:\/\/rockside.sk\/wp-content\/uploads\/2026\/05\/fon-roockside-novinka1.jpg 1084w\" sizes=\"(max-width: 803px) 100vw, 803px\" \/>\t\t\t\t\t<\/div>\n\t\t\t\t\t<a class=\"wd-fill\" href=\"https:\/\/rockside.sk\/de\/2026\/05\/04\/novinky-v-ponuke\/\"><\/a>\n\t\t\t\t\n\t\t\t\t\t\t\t\t\t\t\t\t<div class=\"wd-post-date wd-style-with-bg\">\n\t\t\t\t<span class=\"post-date-day\">\n\t\t\t\t\t04\t\t\t\t<\/span>\n\t\t\t\t<span class=\"post-date-month\">\n\t\t\t\t\tMai\t\t\t\t<\/span>\n\t\t\t<\/div>\n\t\t\t\t\t\t\t\t\t<\/div>\n\t\t\n\t\t<div class=\"wd-post-content article-body-container\">\n\t\t\t\n\t\t\t\t\t\t\t<h3 class=\"wd-post-title wd-entities-title title post-title\">\n\t\t\t\t\t<a href=\"https:\/\/rockside.sk\/de\/2026\/05\/04\/novinky-v-ponuke\/\" rel=\"bookmark\">Novinky v ponuke<\/a>\n\t\t\t\t<\/h3>\n\t\t\t\n\t\t\t\n\t\t\t\t\t\t\t\t\t\t\t\t<div class=\"wd-post-excerpt entry-content\">\n\t\t\t\t\t\tNovinky v ponuke \n\t\t\t\t\t\t\t\t\t\t\t\t\t\n\t\t\t\t\t\t\n\t\t\t\t\t\t\t\t\t\t\t\t\t\n\t\t\t\t\t\t\t\t\t\t\t\t\t\n\t\t\t\t\t\t\n\t\t\t\t\t\t\t\t\t\t\t\t\t\n\t\t\t\t\t\t\t\t\t\t\t\t\t\n\t\t\t\t\t\t\n\t\t\t\t\t\t\t\t\t\t\t\t\t\n\t\t\t\t\t\t\t\t\t\t\t\t...\t\t\t\t\t<\/div>\n\t\t\t\t\n\t\t\t\t\t\t\t\t\t\t\t\t\t\t<div class=\"wd-post-read-more wd-style-link read-more-section\">\n\t\t\t\t\t\t<a class=\"\" href=\"https:\/\/rockside.sk\/de\/2026\/05\/04\/novinky-v-ponuke\/\">Continue reading<\/a>\t\t\t\t\t<\/div>\n\t\t\t\t\t\t\t\t\t\t\t\t\t<\/div>\n\t<\/div>\n<\/article>\n\n\t\t\t\t\n\t\t\t\t\t\t\t\t<\/div>\n\t\t\t\n\t\t\t\t\t\t\t\t\t\t<\/div>\n\t\t\t\t\t\t\t\t\t\t<\/div>\n\t\t\t\t<\/div>\n\t\t\t\t\t<\/div>\n\t\t\t\t<\/div>\n\t\t\t\t<\/div>","protected":false},"excerpt":{"rendered":"<p>04 \u041c\u0430\u0439 Novinky v ponuke Novinky v ponuke &#8230; Continue reading<\/p>","protected":false},"author":1,"featured_media":0,"parent":0,"menu_order":0,"comment_status":"closed","ping_status":"closed","template":"","meta":{"footnotes":""},"class_list":["post-35389","page","type-page","status-publish","hentry"],"yoast_head":"<!-- This site is optimized with the Yoast SEO plugin v25.6 - https:\/\/yoast.com\/wordpress\/plugins\/seo\/ -->\n<title>Novinky spolo\u010dnosti Rockside. Roz\u0161\u00edrenie sortimentu, akcie<\/title>\n<meta name=\"description\" content=\"Prihl\u00e1ste sa k odberu noviniek spolo\u010dnosti, aby ste sa ako prv\u00ed dozvedeli o novink\u00e1ch a jedine\u010dn\u00fdch ponuk\u00e1ch\" \/>\n<meta name=\"robots\" content=\"index, follow, max-snippet:-1, max-image-preview:large, max-video-preview:-1\" \/>\n<link rel=\"canonical\" href=\"https:\/\/rockside.sk\/de\/novinky\/\" \/>\n<meta property=\"og:locale\" content=\"de_DE\" \/>\n<meta property=\"og:type\" content=\"article\" \/>\n<meta property=\"og:title\" content=\"Novinky spolo\u010dnosti Rockside. Roz\u0161\u00edrenie sortimentu, akcie\" \/>\n<meta property=\"og:description\" content=\"Prihl\u00e1ste sa k odberu noviniek spolo\u010dnosti, aby ste sa ako prv\u00ed dozvedeli o novink\u00e1ch a jedine\u010dn\u00fdch ponuk\u00e1ch\" \/>\n<meta property=\"og:url\" content=\"https:\/\/rockside.sk\/de\/novinky\/\" \/>\n<meta property=\"og:site_name\" content=\"Betonov\u00e9 v\u00fdrobky\" \/>\n<meta property=\"article:modified_time\" content=\"2026-05-05T08:07:26+00:00\" \/>\n<meta property=\"og:image\" content=\"https:\/\/rockside.sk\/wp-content\/uploads\/2026\/05\/fon-roockside-novinka1-803x800.jpg\" \/>\n<meta name=\"twitter:card\" content=\"summary_large_image\" \/>\n<meta name=\"twitter:label1\" content=\"Gesch\u00e4tzte Lesezeit\" \/>\n\t<meta name=\"twitter:data1\" content=\"1\u00a0Minute\" \/>\n<script type=\"application\/ld+json\" class=\"yoast-schema-graph\">{\"@context\":\"https:\/\/schema.org\",\"@graph\":[{\"@type\":\"WebPage\",\"@id\":\"https:\/\/rockside.sk\/novinky\/\",\"url\":\"https:\/\/rockside.sk\/novinky\/\",\"name\":\"Novinky spolo\u010dnosti Rockside. Roz\u0161\u00edrenie sortimentu, akcie\",\"isPartOf\":{\"@id\":\"https:\/\/rockside.sk\/#website\"},\"primaryImageOfPage\":{\"@id\":\"https:\/\/rockside.sk\/novinky\/#primaryimage\"},\"image\":{\"@id\":\"https:\/\/rockside.sk\/novinky\/#primaryimage\"},\"thumbnailUrl\":\"https:\/\/rockside.sk\/wp-content\/uploads\/2026\/05\/fon-roockside-novinka1-803x800.jpg\",\"datePublished\":\"2026-05-04T14:14:30+00:00\",\"dateModified\":\"2026-05-05T08:07:26+00:00\",\"description\":\"Prihl\u00e1ste sa k odberu noviniek spolo\u010dnosti, aby ste sa ako prv\u00ed dozvedeli o novink\u00e1ch a jedine\u010dn\u00fdch ponuk\u00e1ch\",\"breadcrumb\":{\"@id\":\"https:\/\/rockside.sk\/novinky\/#breadcrumb\"},\"inLanguage\":\"de\",\"potentialAction\":[{\"@type\":\"ReadAction\",\"target\":[\"https:\/\/rockside.sk\/novinky\/\"]}]},{\"@type\":\"ImageObject\",\"inLanguage\":\"de\",\"@id\":\"https:\/\/rockside.sk\/novinky\/#primaryimage\",\"url\":\"https:\/\/rockside.sk\/wp-content\/uploads\/2026\/05\/fon-roockside-novinka1-803x800.jpg\",\"contentUrl\":\"https:\/\/rockside.sk\/wp-content\/uploads\/2026\/05\/fon-roockside-novinka1-803x800.jpg\"},{\"@type\":\"BreadcrumbList\",\"@id\":\"https:\/\/rockside.sk\/novinky\/#breadcrumb\",\"itemListElement\":[{\"@type\":\"ListItem\",\"position\":1,\"name\":\"\u0413\u043b\u0430\u0432\u043d\u0430\u044f \u0441\u0442\u0440\u0430\u043d\u0438\u0446\u0430\",\"item\":\"https:\/\/rockside.sk\/\"},{\"@type\":\"ListItem\",\"position\":2,\"name\":\"Novinky\"}]},{\"@type\":\"WebSite\",\"@id\":\"https:\/\/rockside.sk\/#website\",\"url\":\"https:\/\/rockside.sk\/\",\"name\":\"Rockside Slovensko\",\"description\":\"vonkaj\u0161ie kvetin\u00e1\u010de, z\u00e1hradn\u00e9 font\u00e1ny, lavi\u010dky od v\u00fdrobcu Rockside\",\"publisher\":{\"@id\":\"https:\/\/rockside.sk\/#organization\"},\"alternateName\":\"Rockside\",\"potentialAction\":[{\"@type\":\"SearchAction\",\"target\":{\"@type\":\"EntryPoint\",\"urlTemplate\":\"https:\/\/rockside.sk\/?s={search_term_string}\"},\"query-input\":{\"@type\":\"PropertyValueSpecification\",\"valueRequired\":true,\"valueName\":\"search_term_string\"}}],\"inLanguage\":\"de\"},{\"@type\":\"Organization\",\"@id\":\"https:\/\/rockside.sk\/#organization\",\"name\":\"Betonov\u00e9 v\u00fdrobky\",\"url\":\"https:\/\/rockside.sk\/\",\"logo\":{\"@type\":\"ImageObject\",\"inLanguage\":\"de\",\"@id\":\"https:\/\/rockside.sk\/#\/schema\/logo\/image\/\",\"url\":\"https:\/\/rockside.sk\/wp-content\/uploads\/2025\/08\/Rockside.png\",\"contentUrl\":\"https:\/\/rockside.sk\/wp-content\/uploads\/2025\/08\/Rockside.png\",\"width\":1920,\"height\":1080,\"caption\":\"Betonov\u00e9 v\u00fdrobky\"},\"image\":{\"@id\":\"https:\/\/rockside.sk\/#\/schema\/logo\/image\/\"}}]}<\/script>\n<!-- \/ Yoast SEO plugin. -->","yoast_head_json":{"title":"Novinky spolo\u010dnosti Rockside. Roz\u0161\u00edrenie sortimentu, akcie","description":"Prihl\u00e1ste sa k odberu noviniek spolo\u010dnosti, aby ste sa ako prv\u00ed dozvedeli o novink\u00e1ch a jedine\u010dn\u00fdch ponuk\u00e1ch","robots":{"index":"index","follow":"follow","max-snippet":"max-snippet:-1","max-image-preview":"max-image-preview:large","max-video-preview":"max-video-preview:-1"},"canonical":"https:\/\/rockside.sk\/de\/novinky\/","og_locale":"de_DE","og_type":"article","og_title":"Novinky spolo\u010dnosti Rockside. Roz\u0161\u00edrenie sortimentu, akcie","og_description":"Prihl\u00e1ste sa k odberu noviniek spolo\u010dnosti, aby ste sa ako prv\u00ed dozvedeli o novink\u00e1ch a jedine\u010dn\u00fdch ponuk\u00e1ch","og_url":"https:\/\/rockside.sk\/de\/novinky\/","og_site_name":"Betonov\u00e9 v\u00fdrobky","article_modified_time":"2026-05-05T08:07:26+00:00","og_image":[{"url":"https:\/\/rockside.sk\/wp-content\/uploads\/2026\/05\/fon-roockside-novinka1-803x800.jpg","type":"","width":"","height":""}],"twitter_card":"summary_large_image","twitter_misc":{"Gesch\u00e4tzte Lesezeit":"1\u00a0Minute"},"schema":{"@context":"https:\/\/schema.org","@graph":[{"@type":"WebPage","@id":"https:\/\/rockside.sk\/novinky\/","url":"https:\/\/rockside.sk\/novinky\/","name":"Novinky spolo\u010dnosti Rockside. Roz\u0161\u00edrenie sortimentu, akcie","isPartOf":{"@id":"https:\/\/rockside.sk\/#website"},"primaryImageOfPage":{"@id":"https:\/\/rockside.sk\/novinky\/#primaryimage"},"image":{"@id":"https:\/\/rockside.sk\/novinky\/#primaryimage"},"thumbnailUrl":"https:\/\/rockside.sk\/wp-content\/uploads\/2026\/05\/fon-roockside-novinka1-803x800.jpg","datePublished":"2026-05-04T14:14:30+00:00","dateModified":"2026-05-05T08:07:26+00:00","description":"Prihl\u00e1ste sa k odberu noviniek spolo\u010dnosti, aby ste sa ako prv\u00ed dozvedeli o novink\u00e1ch a jedine\u010dn\u00fdch ponuk\u00e1ch","breadcrumb":{"@id":"https:\/\/rockside.sk\/novinky\/#breadcrumb"},"inLanguage":"de","potentialAction":[{"@type":"ReadAction","target":["https:\/\/rockside.sk\/novinky\/"]}]},{"@type":"ImageObject","inLanguage":"de","@id":"https:\/\/rockside.sk\/novinky\/#primaryimage","url":"https:\/\/rockside.sk\/wp-content\/uploads\/2026\/05\/fon-roockside-novinka1-803x800.jpg","contentUrl":"https:\/\/rockside.sk\/wp-content\/uploads\/2026\/05\/fon-roockside-novinka1-803x800.jpg"},{"@type":"BreadcrumbList","@id":"https:\/\/rockside.sk\/novinky\/#breadcrumb","itemListElement":[{"@type":"ListItem","position":1,"name":"\u0413\u043b\u0430\u0432\u043d\u0430\u044f \u0441\u0442\u0440\u0430\u043d\u0438\u0446\u0430","item":"https:\/\/rockside.sk\/"},{"@type":"ListItem","position":2,"name":"Novinky"}]},{"@type":"WebSite","@id":"https:\/\/rockside.sk\/#website","url":"https:\/\/rockside.sk\/","name":"Rockside Slovensko","description":"vonkaj\u0161ie kvetin\u00e1\u010de, z\u00e1hradn\u00e9 font\u00e1ny, lavi\u010dky od v\u00fdrobcu Rockside","publisher":{"@id":"https:\/\/rockside.sk\/#organization"},"alternateName":"Rockside","potentialAction":[{"@type":"SearchAction","target":{"@type":"EntryPoint","urlTemplate":"https:\/\/rockside.sk\/?s={search_term_string}"},"query-input":{"@type":"PropertyValueSpecification","valueRequired":true,"valueName":"search_term_string"}}],"inLanguage":"de"},{"@type":"Organization","@id":"https:\/\/rockside.sk\/#organization","name":"Betonov\u00e9 v\u00fdrobky","url":"https:\/\/rockside.sk\/","logo":{"@type":"ImageObject","inLanguage":"de","@id":"https:\/\/rockside.sk\/#\/schema\/logo\/image\/","url":"https:\/\/rockside.sk\/wp-content\/uploads\/2025\/08\/Rockside.png","contentUrl":"https:\/\/rockside.sk\/wp-content\/uploads\/2025\/08\/Rockside.png","width":1920,"height":1080,"caption":"Betonov\u00e9 v\u00fdrobky"},"image":{"@id":"https:\/\/rockside.sk\/#\/schema\/logo\/image\/"}}]}},"jetpack_sharing_enabled":true,"_links":{"self":[{"href":"https:\/\/rockside.sk\/de\/wp-json\/wp\/v2\/pages\/35389","targetHints":{"allow":["GET"]}}],"collection":[{"href":"https:\/\/rockside.sk\/de\/wp-json\/wp\/v2\/pages"}],"about":[{"href":"https:\/\/rockside.sk\/de\/wp-json\/wp\/v2\/types\/page"}],"author":[{"embeddable":true,"href":"https:\/\/rockside.sk\/de\/wp-json\/wp\/v2\/users\/1"}],"replies":[{"embeddable":true,"href":"https:\/\/rockside.sk\/de\/wp-json\/wp\/v2\/comments?post=35389"}],"version-history":[{"count":10,"href":"https:\/\/rockside.sk\/de\/wp-json\/wp\/v2\/pages\/35389\/revisions"}],"predecessor-version":[{"id":35420,"href":"https:\/\/rockside.sk\/de\/wp-json\/wp\/v2\/pages\/35389\/revisions\/35420"}],"wp:attachment":[{"href":"https:\/\/rockside.sk\/de\/wp-json\/wp\/v2\/media?parent=35389"}],"curies":[{"name":"wp","href":"https:\/\/api.w.org\/{rel}","templated":true}]}}