{"id":35038,"date":"2026-01-14T16:22:47","date_gmt":"2026-01-14T13:22:47","guid":{"rendered":"https:\/\/rockside.sk\/?page_id=35038"},"modified":"2026-01-15T11:08:16","modified_gmt":"2026-01-15T08:08:16","slug":"dorucenie-a-platba","status":"publish","type":"page","link":"https:\/\/rockside.sk\/de\/dorucenie-a-platba\/","title":{"rendered":"Lieferung und Zahlung"},"content":{"rendered":"<div data-elementor-type=\"wp-page\" data-elementor-id=\"35038\" class=\"elementor elementor-35038\">\n\t\t\t\t<div class=\"wd-negative-gap elementor-element elementor-element-7b6d90a e-flex e-con-boxed e-con e-parent\" data-id=\"7b6d90a\" data-element_type=\"container\">\n\t\t\t\t\t<div class=\"e-con-inner\">\n\t\t\t\t<div class=\"elementor-element elementor-element-bd3f78f elementor-widget elementor-widget-wd_text_block\" data-id=\"bd3f78f\" data-element_type=\"widget\" data-widget_type=\"wd_text_block.default\">\n\t\t\t\t<div class=\"elementor-widget-container\">\n\t\t\t\t\t\t\t<div class=\"wd-text-block reset-last-child text-left\">\n\t\t\t\n\t\t\t<h2 style=\"text-align: center;\">Dod\u00e1vka bet\u00f3nov\u00fdch v\u00fdrobkov<\/h2><p style=\"text-align: center;\">Dostupn\u00e9 mo\u017enosti doru\u010denia:<\/p>\n\t\t\t\t\t<\/div>\n\t\t\t\t\t\t<\/div>\n\t\t\t\t<\/div>\n\t\t\t\t\t<\/div>\n\t\t\t\t<\/div>\n\t\t<div class=\"wd-negative-gap elementor-element elementor-element-1e595b9 e-flex e-con-boxed e-con e-parent\" data-id=\"1e595b9\" data-element_type=\"container\" data-settings=\"{&quot;background_background&quot;:&quot;classic&quot;}\">\n\t\t\t\t\t<div class=\"e-con-inner\">\n\t\t<div class=\"elementor-element elementor-element-31247d9 e-con-full e-flex e-con e-child\" data-id=\"31247d9\" data-element_type=\"container\">\n\t\t\t\t<div class=\"elementor-element elementor-element-3be36f1 elementor-widget__width-initial elementor-widget elementor-widget-wd_infobox\" data-id=\"3be36f1\" data-element_type=\"widget\" data-widget_type=\"wd_infobox.default\">\n\t\t\t\t<div class=\"elementor-widget-container\">\n\t\t\t\t\t\t\t<div class=\"info-box-wrapper\">\n\t\t\t<div class=\"wd-info-box text-center box-icon-align-top box-style-base color-scheme-\">\n\t\t\t\t\t\t\t\t\t<div class=\"box-icon-wrapper  box-with-text text-size-default box-icon-with-bg\">\n\t\t\t\t\t\t<div class=\"info-box-icon\">\n\t\t\t\t\t\t\t\t\t\t\t\t\t\t\t1\t\t\t\t\t\t\t\t\t\t\t\t\t<\/div>\n\t\t\t\t\t<\/div>\n\t\t\t\t\n\t\t\t\t<div class=\"info-box-content\">\n\t\t\t\t\t\n\t\t\t\t\t\n\t\t\t\t\t<div class=\"info-box-inner reset-last-child\"data-elementor-setting-key=\"content\"><p>Vozidlo s hydraulick\u00fdm manipul\u00e1torom<\/p>\n<\/div>\n\n\t\t\t\t\t\t\t\t\t<\/div>\n\n\t\t\t\t\t\t\t<\/div>\n\t\t<\/div>\n\t\t\t\t\t\t<\/div>\n\t\t\t\t<\/div>\n\t\t\t\t<\/div>\n\t\t<div class=\"elementor-element elementor-element-957d377 e-con-full e-flex e-con e-child\" data-id=\"957d377\" data-element_type=\"container\">\n\t\t\t\t<div class=\"elementor-element elementor-element-2a0b594 elementor-widget elementor-widget-wd_text_block\" data-id=\"2a0b594\" data-element_type=\"widget\" data-widget_type=\"wd_text_block.default\">\n\t\t\t\t<div class=\"elementor-widget-container\">\n\t\t\t\t\t\t\t<div class=\"wd-text-block reset-last-child text-left\">\n\t\t\t\n\t\t\t<p style=\"text-align: center;\">Cena:<br \/>1,70 \u20ac\/km (plat\u00ed sa za obe cesty)<\/p><p style=\"text-align: center;\">Vykl\u00e1dka: 10 \u20ac\/paleta (vykl\u00e1dka pomocou hydraulick\u00e9ho manipul\u00e1tora)<br \/>Rozmery vozidla: do 6,4 m \u00d7 2,5 m<\/p>\n\t\t\t\t\t<\/div>\n\t\t\t\t\t\t<\/div>\n\t\t\t\t<\/div>\n\t\t\t\t<\/div>\n\t\t\t\t\t<\/div>\n\t\t\t\t<\/div>\n\t\t<div class=\"wd-negative-gap elementor-element elementor-element-7c40008 e-flex e-con-boxed e-con e-parent\" data-id=\"7c40008\" data-element_type=\"container\" data-settings=\"{&quot;background_background&quot;:&quot;classic&quot;}\">\n\t\t\t\t\t<div class=\"e-con-inner\">\n\t\t<div class=\"elementor-element elementor-element-fdd1fbe e-con-full e-flex e-con e-child\" data-id=\"fdd1fbe\" data-element_type=\"container\">\n\t\t\t\t<div class=\"elementor-element elementor-element-79f46c87 elementor-widget__width-initial elementor-widget elementor-widget-wd_infobox\" data-id=\"79f46c87\" data-element_type=\"widget\" data-widget_type=\"wd_infobox.default\">\n\t\t\t\t<div class=\"elementor-widget-container\">\n\t\t\t\t\t\t\t<div class=\"info-box-wrapper\">\n\t\t\t<div class=\"wd-info-box text-center box-icon-align-top box-style-base color-scheme-\">\n\t\t\t\t\t\t\t\t\t<div class=\"box-icon-wrapper  box-with-text text-size-default box-icon-with-bg\">\n\t\t\t\t\t\t<div class=\"info-box-icon\">\n\t\t\t\t\t\t\t\t\t\t\t\t\t\t\t2\t\t\t\t\t\t\t\t\t\t\t\t\t<\/div>\n\t\t\t\t\t<\/div>\n\t\t\t\t\n\t\t\t\t<div class=\"info-box-content\">\n\t\t\t\t\t\n\t\t\t\t\t\n\t\t\t\t\t<div class=\"info-box-inner reset-last-child\"data-elementor-setting-key=\"content\"><p>Vozidlo s hydraulick\u00fdm manipul\u00e1torom a pr\u00edvesom<\/p>\n<\/div>\n\n\t\t\t\t\t\t\t\t\t<\/div>\n\n\t\t\t\t\t\t\t<\/div>\n\t\t<\/div>\n\t\t\t\t\t\t<\/div>\n\t\t\t\t<\/div>\n\t\t\t\t<\/div>\n\t\t<div class=\"elementor-element elementor-element-de13c16 e-con-full e-flex e-con e-child\" data-id=\"de13c16\" data-element_type=\"container\">\n\t\t\t\t<div class=\"elementor-element elementor-element-107128b elementor-widget elementor-widget-wd_text_block\" data-id=\"107128b\" data-element_type=\"widget\" data-widget_type=\"wd_text_block.default\">\n\t\t\t\t<div class=\"elementor-widget-container\">\n\t\t\t\t\t\t\t<div class=\"wd-text-block reset-last-child text-left\">\n\t\t\t\n\t\t\t<p style=\"text-align: center;\">Cena:<br \/>2,00 \u20ac\/km (plat\u00ed sa za obe cesty)<\/p><p style=\"text-align: center;\">Vykl\u00e1dka: 60 \u20ac\/hodina prev\u00e1dzky manipul\u00e1tora<\/p><p style=\"text-align: center;\">Rozmery vozidla:<br \/>osobn\u00e9 auto: do 6,4 m \u00d7 2,5 m<br \/>pr\u00edves: do 7,0 m \u00d7 2,5 m<\/p>\n\t\t\t\t\t<\/div>\n\t\t\t\t\t\t<\/div>\n\t\t\t\t<\/div>\n\t\t\t\t<\/div>\n\t\t\t\t\t<\/div>\n\t\t\t\t<\/div>\n\t\t<div class=\"wd-negative-gap elementor-element elementor-element-e7521f1 e-flex e-con-boxed e-con e-parent\" data-id=\"e7521f1\" data-element_type=\"container\" data-settings=\"{&quot;background_background&quot;:&quot;classic&quot;}\">\n\t\t\t\t\t<div class=\"e-con-inner\">\n\t\t<div class=\"elementor-element elementor-element-a95beac e-con-full e-flex e-con e-child\" data-id=\"a95beac\" data-element_type=\"container\">\n\t\t\t\t<div class=\"elementor-element elementor-element-192b21e2 elementor-widget__width-initial elementor-widget elementor-widget-wd_infobox\" data-id=\"192b21e2\" data-element_type=\"widget\" data-widget_type=\"wd_infobox.default\">\n\t\t\t\t<div class=\"elementor-widget-container\">\n\t\t\t\t\t\t\t<div class=\"info-box-wrapper\">\n\t\t\t<div class=\"wd-info-box text-center box-icon-align-top box-style-base color-scheme-\">\n\t\t\t\t\t\t\t\t\t<div class=\"box-icon-wrapper  box-with-text text-size-default box-icon-with-bg\">\n\t\t\t\t\t\t<div class=\"info-box-icon\">\n\t\t\t\t\t\t\t\t\t\t\t\t\t\t\t3\t\t\t\t\t\t\t\t\t\t\t\t\t<\/div>\n\t\t\t\t\t<\/div>\n\t\t\t\t\n\t\t\t\t<div class=\"info-box-content\">\n\t\t\t\t\t\n\t\t\t\t\t\n\t\t\t\t\t<div class=\"info-box-inner reset-last-child\"data-elementor-setting-key=\"content\"><p>N\u00e1kladn\u00e9 vozidlo bez manipul\u00e1tora<\/p>\n<\/div>\n\n\t\t\t\t\t\t\t\t\t<\/div>\n\n\t\t\t\t\t\t\t<\/div>\n\t\t<\/div>\n\t\t\t\t\t\t<\/div>\n\t\t\t\t<\/div>\n\t\t\t\t<\/div>\n\t\t<div class=\"elementor-element elementor-element-abb64bc e-con-full e-flex e-con e-child\" data-id=\"abb64bc\" data-element_type=\"container\">\n\t\t\t\t<div class=\"elementor-element elementor-element-4be8aa0 elementor-widget elementor-widget-wd_text_block\" data-id=\"4be8aa0\" data-element_type=\"widget\" data-widget_type=\"wd_text_block.default\">\n\t\t\t\t<div class=\"elementor-widget-container\">\n\t\t\t\t\t\t\t<div class=\"wd-text-block reset-last-child text-left\">\n\t\t\t\n\t\t\t<p style=\"text-align: center;\">Cena je dohodou a z\u00e1vis\u00ed od trasy a dostupnosti vo\u013en\u00e9ho priestoru v smere jazdy.<\/p><p style=\"text-align: center;\">Vykl\u00e1dku zabezpe\u010duje z\u00e1kazn\u00edk.<\/p><p style=\"text-align: center;\">Po\u017eiadavky:<br \/>Dostupnos\u0165 nakladacieho zariadenia.<br \/>Pripraven\u00e1, rovn\u00e1 a pr\u00edstupn\u00e1 plocha pre pr\u00edstup n\u00e1kladn\u00e9ho vozidla.<\/p>\n\t\t\t\t\t<\/div>\n\t\t\t\t\t\t<\/div>\n\t\t\t\t<\/div>\n\t\t\t\t<\/div>\n\t\t\t\t\t<\/div>\n\t\t\t\t<\/div>\n\t\t<div class=\"wd-negative-gap elementor-element elementor-element-dfaa6f6 e-flex e-con-boxed e-con e-parent\" data-id=\"dfaa6f6\" data-element_type=\"container\" data-settings=\"{&quot;background_background&quot;:&quot;classic&quot;}\">\n\t\t\t\t\t<div class=\"e-con-inner\">\n\t\t<div class=\"elementor-element elementor-element-80bc96e e-con-full e-flex e-con e-child\" data-id=\"80bc96e\" data-element_type=\"container\">\n\t\t\t\t<div class=\"elementor-element elementor-element-4a7a6591 elementor-widget__width-initial elementor-widget elementor-widget-wd_infobox\" data-id=\"4a7a6591\" data-element_type=\"widget\" data-widget_type=\"wd_infobox.default\">\n\t\t\t\t<div class=\"elementor-widget-container\">\n\t\t\t\t\t\t\t<div class=\"info-box-wrapper\">\n\t\t\t<div class=\"wd-info-box text-center box-icon-align-top box-style-base color-scheme-\">\n\t\t\t\t\t\t\t\t\t<div class=\"box-icon-wrapper  box-with-text text-size-default box-icon-with-bg\">\n\t\t\t\t\t\t<div class=\"info-box-icon\">\n\t\t\t\t\t\t\t\t\t\t\t\t\t\t\t4\t\t\t\t\t\t\t\t\t\t\t\t\t<\/div>\n\t\t\t\t\t<\/div>\n\t\t\t\t\n\t\t\t\t<div class=\"info-box-content\">\n\t\t\t\t\t\n\t\t\t\t\t\n\t\t\t\t\t<div class=\"info-box-inner reset-last-child\"data-elementor-setting-key=\"content\"><p>Produkty si m\u00f4\u017eete vyzdvihn\u00fa\u0165 osobne<\/p>\n<\/div>\n\n\t\t\t\t\t\t\t\t\t<\/div>\n\n\t\t\t\t\t\t\t<\/div>\n\t\t<\/div>\n\t\t\t\t\t\t<\/div>\n\t\t\t\t<\/div>\n\t\t\t\t<\/div>\n\t\t<div class=\"elementor-element elementor-element-7a51e92 e-con-full e-flex e-con e-child\" data-id=\"7a51e92\" data-element_type=\"container\">\n\t\t\t\t<div class=\"elementor-element elementor-element-47df72a elementor-widget elementor-widget-wd_text_block\" data-id=\"47df72a\" data-element_type=\"widget\" data-widget_type=\"wd_text_block.default\">\n\t\t\t\t<div class=\"elementor-widget-container\">\n\t\t\t\t\t\t\t<div class=\"wd-text-block reset-last-child text-left\">\n\t\t\t\n\t\t\t<p style=\"text-align: center;\">Osobn\u00fd odber na adrese:<\/p><p style=\"text-align: center;\">Pri starom letisku 4, 831 07 Bratislava, Slovensko<\/p>\n\t\t\t\t\t<\/div>\n\t\t\t\t\t\t<\/div>\n\t\t\t\t<\/div>\n\t\t\t\t<\/div>\n\t\t\t\t\t<\/div>\n\t\t\t\t<\/div>\n\t\t<div class=\"wd-negative-gap elementor-element elementor-element-5f4ceaf e-flex e-con-boxed e-con e-parent\" data-id=\"5f4ceaf\" data-element_type=\"container\">\n\t\t\t\t\t<div class=\"e-con-inner\">\n\t\t\t\t<div class=\"elementor-element elementor-element-46a5947 elementor-widget elementor-widget-wd_text_block\" data-id=\"46a5947\" data-element_type=\"widget\" data-widget_type=\"wd_text_block.default\">\n\t\t\t\t<div class=\"elementor-widget-container\">\n\t\t\t\t\t\t\t<div class=\"wd-text-block reset-last-child text-left\">\n\t\t\t\n\t\t\t<h2 style=\"text-align: center;\">Platba<\/h2>\n\t\t\t\t\t<\/div>\n\t\t\t\t\t\t<\/div>\n\t\t\t\t<\/div>\n\t\t\t\t\t<\/div>\n\t\t\t\t<\/div>\n\t\t<div class=\"wd-negative-gap elementor-element elementor-element-c7ff67b e-flex e-con-boxed e-con e-parent\" data-id=\"c7ff67b\" data-element_type=\"container\" data-settings=\"{&quot;background_background&quot;:&quot;classic&quot;}\">\n\t\t\t\t\t<div class=\"e-con-inner\">\n\t\t\t\t<div class=\"elementor-element elementor-element-e99cf4a elementor-widget elementor-widget-wd_text_block\" data-id=\"e99cf4a\" data-element_type=\"widget\" data-widget_type=\"wd_text_block.default\">\n\t\t\t\t<div class=\"elementor-widget-container\">\n\t\t\t\t\t\t\t<div class=\"wd-text-block reset-last-child text-left\">\n\t\t\t\n\t\t\t<p>1. Cenu tovaru a pr\u00edpadn\u00e9 n\u00e1klady spojen\u00e9 s dodan\u00edm tovaru pod\u013ea k\u00fapnej zmluvy m\u00f4\u017ee kupuj\u00faci uhradi\u0165 nasledovn\u00fdmi sp\u00f4sobmi:\u00a0 bezhotovostne prevodom na bankov\u00fd \u00fa\u010det pred\u00e1vaj\u00faceho V\u00daB Banka, IBAN: SK55 0200 0000 0048 3724 3651, SWIFT\/BIC: SUBASKBX<\/p><ul class=\"wp-block-list\"><li>bezhotovostne platobnou kartou,<\/li><li>bezhotovostne prevodom na \u00fa\u010det pred\u00e1vaj\u00faceho prostredn\u00edctvom platobnej br\u00e1ny GLOBAL PAYMENTS,<\/li><li>dobierkou v hotovosti alebo platobnou kartou pri odovzdan\u00ed tovaru,<\/li><li>v hotovosti alebo platobnou kartou pri osobnom odbere v prev\u00e1dzke,<\/li><li>v hotovosti alebo platobnou kartou pri osobnom odbere v\u00fddajni z\u00e1sielok Slovenskej po\u0161ty<\/li><\/ul><p>2. Spolo\u010dne s k\u00fapnou cenou je kupuj\u00faci povinn\u00fd uhradi\u0165 pred\u00e1vaj\u00facemu n\u00e1klady spojen\u00e9 s balen\u00edm a dodan\u00edm tovaru v dohodnutej v\u00fd\u0161ke. Ak nie je \u010falej uveden\u00e9 v\u00fdslovne inak, rozumie sa \u010falej k\u00fapnou cenou aj n\u00e1klady spojen\u00e9 s dodan\u00edm tovaru.<\/p><p>3. V pr\u00edpade platby v hotovosti je k\u00fapna cena splatn\u00e1 pri prevzat\u00ed tovaru. V pr\u00edpade bezhotovostnej platby je k\u00fapna cena splatn\u00e1 do 1-3 dn\u00ed od uzavretia k\u00fapnej zmluvy.<\/p><p>4. V pr\u00edpade platby prostredn\u00edctvom platobnej br\u00e1ny postupuje kupuj\u00faci pod\u013ea pokynov pr\u00edslu\u0161n\u00e9ho poskytovate\u013ea elektronick\u00fdch platieb.<\/p><p>5. V pr\u00edpade bezhotovostnej platby je z\u00e1v\u00e4zok kupuj\u00faceho uhradi\u0165 k\u00fapnu cenu splnen\u00fd okamihom prip\u00edsania pr\u00edslu\u0161nej \u010diastky na bankov\u00fd \u00fa\u010det pred\u00e1vaj\u00faceho.<\/p><p>6. Pred\u00e1vaj\u00faci nepo\u017eaduje od kupuj\u00faceho vopred \u017eiadnu z\u00e1lohu \u010di in\u00fa obdobn\u00fa platbu. \u00dahrada k\u00fapnej ceny pred odoslan\u00edm tovar nie je z\u00e1lohou.<\/p><p>7. Pod\u013ea z\u00e1kona o evidencii tr\u017eieb je pred\u00e1vaj\u00faci povinn\u00fd vystavi\u0165 kupuj\u00facemu \u00fa\u010dtenku. Z\u00e1rove\u0148 je povinn\u00fd zaevidova\u0165 prijat\u00fa tr\u017ebu u spr\u00e1vcu dane online, v pr\u00edpade technick\u00e9ho v\u00fdpadku potom najnesk\u00f4r do 48 hod\u00edn<\/p><p>8. Tovar je kupuj\u00facemu doru\u010den\u00fd:<\/p><ul class=\"wp-block-list\"><li>na adresu ur\u010den\u00fa kupuj\u00facim v objedn\u00e1vke, prostredn\u00edctvom v\u00fddajne z\u00e1sielok na adresu v\u00fddajne, ktor\u00fa kupuj\u00faci ur\u010dil,<\/li><li>osobn\u00fdm odberom v prev\u00e1dzke pred\u00e1vaj\u00faceho<\/li><\/ul><p>9. Vo\u013eba sp\u00f4sobu dodania sa vykon\u00e1va po\u010das objedn\u00e1vania tovaru.<\/p><p>10. N\u00e1klady na dodanie tovaru v z\u00e1vislosti na sp\u00f4sobe odoslania a prevzatia tovaru s\u00fa uveden\u00e9 v objedn\u00e1vke kupuj\u00faceho a v potvrden\u00ed objedn\u00e1vky pred\u00e1vaj\u00facim. V pr\u00edpade, \u017ee je sp\u00f4sob dopravy dohodnut\u00fd na z\u00e1klade osobitn\u00e9ho po\u017eiadavky kupuj\u00faceho, nesie kupuj\u00faci riziko a pr\u00edpadn\u00e9 dodato\u010dn\u00e9 n\u00e1klady spojen\u00e9 s t\u00fdmto sp\u00f4sobom dopravy (napr. zmena poplatku pri nadv\u00e1he tovaru)<\/p><p>11. Ak je pred\u00e1vaj\u00faci pod\u013ea k\u00fapnej zmluvy povinn\u00fd doda\u0165 tovar na miesto ur\u010den\u00e9 kupuj\u00facim v objedn\u00e1vke, je kupuj\u00faci povinn\u00fd prevzia\u0165 tovar pri dodan\u00ed. V pr\u00edpade, \u017ee je z d\u00f4vodov na strane kupuj\u00faceho nutn\u00e9 tovar doru\u010dova\u0165 opakovane alebo in\u00fdm sp\u00f4sobom, ne\u017e bolo uveden\u00e9 v objedn\u00e1vke, je kupuj\u00faci povinn\u00fd uhradi\u0165 n\u00e1klady spojen\u00e9 s opakovan\u00fdm doru\u010dovan\u00edm tovaru, resp. n\u00e1klady spojen\u00e9 s in\u00fdm sp\u00f4sobom doru\u010denia.<\/p><p>12. Pri prevzat\u00ed tovaru od prepravcu je kupuj\u00faci povinn\u00fd skontrolova\u0165 neporu\u0161enos\u0165 obalov tovaru a v pr\u00edpade ak\u00fdchko\u013evek z\u00e1vad toto bezodkladne ozn\u00e1mi\u0165 prepravcovi. V pr\u00edpade zistenia poru\u0161enia obalu sved\u010diaceho o neopr\u00e1vnenom vniknut\u00ed do z\u00e1sielky nemus\u00ed kupuj\u00faci z\u00e1sielku od prepravcu prevzia\u0165.\u00a0<\/p><p>13. Pred\u00e1vaj\u00faci vystav\u00ed kupuj\u00facemu da\u0148ov\u00fd doklad \u2013 fakt\u00faru. Da\u0148ov\u00fd doklad je odoslan\u00fd na emailov\u00fa adresu kupuj\u00faceho, alebo da\u0148ov\u00fd doklad je prilo\u017een\u00fd k dod\u00e1van\u00e9mu tovaru.<\/p><p>14. Kupuj\u00faci nadob\u00fada vlastn\u00edcke pr\u00e1vo k tovaru zaplaten\u00edm celej k\u00fapnej ceny za tovar, vr\u00e1tane n\u00e1kladov na dodanie, najsk\u00f4r v\u0161ak prevzat\u00edm tovaru. Zodpovednos\u0165 za n\u00e1hodnou skazu, po\u0161kodenie \u010di stratu tovaru prech\u00e1dza na kupuj\u00faceho okamihom prevzatia tovaru alebo okamihom, kedy mal kupuj\u00faci povinnos\u0165 tovar prevzia\u0165, ale v rozpore s k\u00fapnou zmluvou tak neurobil.<\/p>\n\t\t\t\t\t<\/div>\n\t\t\t\t\t\t<\/div>\n\t\t\t\t<\/div>\n\t\t\t\t\t<\/div>\n\t\t\t\t<\/div>\n\t\t\t\t<\/div>","protected":false},"excerpt":{"rendered":"<p>Dod\u00e1vka bet\u00f3nov\u00fdch v\u00fdrobkov Dostupn\u00e9 mo\u017enosti doru\u010denia: 1 Vozidlo s hydraulick\u00fdm manipul\u00e1torom Cena:1,70 \u20ac\/km (plat\u00ed sa za obe cesty) Vykl\u00e1dka: 10<\/p>","protected":false},"author":1,"featured_media":0,"parent":0,"menu_order":0,"comment_status":"closed","ping_status":"closed","template":"","meta":{"footnotes":""},"class_list":["post-35038","page","type-page","status-publish","hentry"],"yoast_head":"<!-- This site is optimized with the Yoast SEO plugin v25.6 - https:\/\/yoast.com\/wordpress\/plugins\/seo\/ -->\n<title>Doru\u010denie a platba - Betonov\u00e9 v\u00fdrobky<\/title>\n<meta name=\"robots\" content=\"index, follow, max-snippet:-1, max-image-preview:large, max-video-preview:-1\" \/>\n<link rel=\"canonical\" href=\"https:\/\/rockside.sk\/de\/dorucenie-a-platba\/\" \/>\n<meta property=\"og:locale\" content=\"de_DE\" \/>\n<meta property=\"og:type\" content=\"article\" \/>\n<meta property=\"og:title\" content=\"Doru\u010denie a platba - Betonov\u00e9 v\u00fdrobky\" \/>\n<meta property=\"og:description\" content=\"Dod\u00e1vka bet\u00f3nov\u00fdch v\u00fdrobkov Dostupn\u00e9 mo\u017enosti doru\u010denia: 1 Vozidlo s hydraulick\u00fdm manipul\u00e1torom Cena:1,70 \u20ac\/km (plat\u00ed sa za obe cesty) Vykl\u00e1dka: 10\" \/>\n<meta property=\"og:url\" content=\"https:\/\/rockside.sk\/de\/dorucenie-a-platba\/\" \/>\n<meta property=\"og:site_name\" content=\"Betonov\u00e9 v\u00fdrobky\" \/>\n<meta property=\"article:modified_time\" content=\"2026-01-15T08:08:16+00:00\" \/>\n<meta property=\"og:image\" content=\"https:\/\/rockside.sk\/wp-content\/uploads\/2025\/08\/Rockside.png\" \/>\n\t<meta property=\"og:image:width\" content=\"1920\" \/>\n\t<meta property=\"og:image:height\" content=\"1080\" \/>\n\t<meta property=\"og:image:type\" content=\"image\/png\" \/>\n<meta name=\"twitter:card\" content=\"summary_large_image\" \/>\n<meta name=\"twitter:label1\" content=\"Gesch\u00e4tzte Lesezeit\" \/>\n\t<meta name=\"twitter:data1\" content=\"4\u00a0Minuten\" \/>\n<script type=\"application\/ld+json\" class=\"yoast-schema-graph\">{\"@context\":\"https:\/\/schema.org\",\"@graph\":[{\"@type\":\"WebPage\",\"@id\":\"https:\/\/rockside.sk\/dorucenie-a-platba\/\",\"url\":\"https:\/\/rockside.sk\/dorucenie-a-platba\/\",\"name\":\"Doru\u010denie a platba - Betonov\u00e9 v\u00fdrobky\",\"isPartOf\":{\"@id\":\"https:\/\/rockside.sk\/#website\"},\"datePublished\":\"2026-01-14T13:22:47+00:00\",\"dateModified\":\"2026-01-15T08:08:16+00:00\",\"breadcrumb\":{\"@id\":\"https:\/\/rockside.sk\/dorucenie-a-platba\/#breadcrumb\"},\"inLanguage\":\"de\",\"potentialAction\":[{\"@type\":\"ReadAction\",\"target\":[\"https:\/\/rockside.sk\/dorucenie-a-platba\/\"]}]},{\"@type\":\"BreadcrumbList\",\"@id\":\"https:\/\/rockside.sk\/dorucenie-a-platba\/#breadcrumb\",\"itemListElement\":[{\"@type\":\"ListItem\",\"position\":1,\"name\":\"\u0413\u043b\u0430\u0432\u043d\u0430\u044f \u0441\u0442\u0440\u0430\u043d\u0438\u0446\u0430\",\"item\":\"https:\/\/rockside.sk\/\"},{\"@type\":\"ListItem\",\"position\":2,\"name\":\"Doru\u010denie a platba\"}]},{\"@type\":\"WebSite\",\"@id\":\"https:\/\/rockside.sk\/#website\",\"url\":\"https:\/\/rockside.sk\/\",\"name\":\"Rockside Slovensko\",\"description\":\"vonkaj\u0161ie kvetin\u00e1\u010de, z\u00e1hradn\u00e9 font\u00e1ny, lavi\u010dky od v\u00fdrobcu Rockside\",\"publisher\":{\"@id\":\"https:\/\/rockside.sk\/#organization\"},\"alternateName\":\"Rockside\",\"potentialAction\":[{\"@type\":\"SearchAction\",\"target\":{\"@type\":\"EntryPoint\",\"urlTemplate\":\"https:\/\/rockside.sk\/?s={search_term_string}\"},\"query-input\":{\"@type\":\"PropertyValueSpecification\",\"valueRequired\":true,\"valueName\":\"search_term_string\"}}],\"inLanguage\":\"de\"},{\"@type\":\"Organization\",\"@id\":\"https:\/\/rockside.sk\/#organization\",\"name\":\"Betonov\u00e9 v\u00fdrobky\",\"url\":\"https:\/\/rockside.sk\/\",\"logo\":{\"@type\":\"ImageObject\",\"inLanguage\":\"de\",\"@id\":\"https:\/\/rockside.sk\/#\/schema\/logo\/image\/\",\"url\":\"https:\/\/rockside.sk\/wp-content\/uploads\/2025\/08\/Rockside.png\",\"contentUrl\":\"https:\/\/rockside.sk\/wp-content\/uploads\/2025\/08\/Rockside.png\",\"width\":1920,\"height\":1080,\"caption\":\"Betonov\u00e9 v\u00fdrobky\"},\"image\":{\"@id\":\"https:\/\/rockside.sk\/#\/schema\/logo\/image\/\"}}]}<\/script>\n<!-- \/ Yoast SEO plugin. -->","yoast_head_json":{"title":"Doru\u010denie a platba - Betonov\u00e9 v\u00fdrobky","robots":{"index":"index","follow":"follow","max-snippet":"max-snippet:-1","max-image-preview":"max-image-preview:large","max-video-preview":"max-video-preview:-1"},"canonical":"https:\/\/rockside.sk\/de\/dorucenie-a-platba\/","og_locale":"de_DE","og_type":"article","og_title":"Doru\u010denie a platba - Betonov\u00e9 v\u00fdrobky","og_description":"Dod\u00e1vka bet\u00f3nov\u00fdch v\u00fdrobkov Dostupn\u00e9 mo\u017enosti doru\u010denia: 1 Vozidlo s hydraulick\u00fdm manipul\u00e1torom Cena:1,70 \u20ac\/km (plat\u00ed sa za obe cesty) Vykl\u00e1dka: 10","og_url":"https:\/\/rockside.sk\/de\/dorucenie-a-platba\/","og_site_name":"Betonov\u00e9 v\u00fdrobky","article_modified_time":"2026-01-15T08:08:16+00:00","og_image":[{"width":1920,"height":1080,"url":"https:\/\/rockside.sk\/wp-content\/uploads\/2025\/08\/Rockside.png","type":"image\/png"}],"twitter_card":"summary_large_image","twitter_misc":{"Gesch\u00e4tzte Lesezeit":"4\u00a0Minuten"},"schema":{"@context":"https:\/\/schema.org","@graph":[{"@type":"WebPage","@id":"https:\/\/rockside.sk\/dorucenie-a-platba\/","url":"https:\/\/rockside.sk\/dorucenie-a-platba\/","name":"Doru\u010denie a platba - Betonov\u00e9 v\u00fdrobky","isPartOf":{"@id":"https:\/\/rockside.sk\/#website"},"datePublished":"2026-01-14T13:22:47+00:00","dateModified":"2026-01-15T08:08:16+00:00","breadcrumb":{"@id":"https:\/\/rockside.sk\/dorucenie-a-platba\/#breadcrumb"},"inLanguage":"de","potentialAction":[{"@type":"ReadAction","target":["https:\/\/rockside.sk\/dorucenie-a-platba\/"]}]},{"@type":"BreadcrumbList","@id":"https:\/\/rockside.sk\/dorucenie-a-platba\/#breadcrumb","itemListElement":[{"@type":"ListItem","position":1,"name":"\u0413\u043b\u0430\u0432\u043d\u0430\u044f \u0441\u0442\u0440\u0430\u043d\u0438\u0446\u0430","item":"https:\/\/rockside.sk\/"},{"@type":"ListItem","position":2,"name":"Doru\u010denie a platba"}]},{"@type":"WebSite","@id":"https:\/\/rockside.sk\/#website","url":"https:\/\/rockside.sk\/","name":"Rockside Slovensko","description":"vonkaj\u0161ie kvetin\u00e1\u010de, z\u00e1hradn\u00e9 font\u00e1ny, lavi\u010dky od v\u00fdrobcu Rockside","publisher":{"@id":"https:\/\/rockside.sk\/#organization"},"alternateName":"Rockside","potentialAction":[{"@type":"SearchAction","target":{"@type":"EntryPoint","urlTemplate":"https:\/\/rockside.sk\/?s={search_term_string}"},"query-input":{"@type":"PropertyValueSpecification","valueRequired":true,"valueName":"search_term_string"}}],"inLanguage":"de"},{"@type":"Organization","@id":"https:\/\/rockside.sk\/#organization","name":"Betonov\u00e9 v\u00fdrobky","url":"https:\/\/rockside.sk\/","logo":{"@type":"ImageObject","inLanguage":"de","@id":"https:\/\/rockside.sk\/#\/schema\/logo\/image\/","url":"https:\/\/rockside.sk\/wp-content\/uploads\/2025\/08\/Rockside.png","contentUrl":"https:\/\/rockside.sk\/wp-content\/uploads\/2025\/08\/Rockside.png","width":1920,"height":1080,"caption":"Betonov\u00e9 v\u00fdrobky"},"image":{"@id":"https:\/\/rockside.sk\/#\/schema\/logo\/image\/"}}]}},"jetpack_sharing_enabled":true,"_links":{"self":[{"href":"https:\/\/rockside.sk\/de\/wp-json\/wp\/v2\/pages\/35038","targetHints":{"allow":["GET"]}}],"collection":[{"href":"https:\/\/rockside.sk\/de\/wp-json\/wp\/v2\/pages"}],"about":[{"href":"https:\/\/rockside.sk\/de\/wp-json\/wp\/v2\/types\/page"}],"author":[{"embeddable":true,"href":"https:\/\/rockside.sk\/de\/wp-json\/wp\/v2\/users\/1"}],"replies":[{"embeddable":true,"href":"https:\/\/rockside.sk\/de\/wp-json\/wp\/v2\/comments?post=35038"}],"version-history":[{"count":22,"href":"https:\/\/rockside.sk\/de\/wp-json\/wp\/v2\/pages\/35038\/revisions"}],"predecessor-version":[{"id":35067,"href":"https:\/\/rockside.sk\/de\/wp-json\/wp\/v2\/pages\/35038\/revisions\/35067"}],"wp:attachment":[{"href":"https:\/\/rockside.sk\/de\/wp-json\/wp\/v2\/media?parent=35038"}],"curies":[{"name":"wp","href":"https:\/\/api.w.org\/{rel}","templated":true}]}}