{"id":34407,"date":"2025-08-31T17:27:53","date_gmt":"2025-08-31T14:27:53","guid":{"rendered":"https:\/\/rockside.sk\/?page_id=34407"},"modified":"2025-08-31T17:35:45","modified_gmt":"2025-08-31T14:35:45","slug":"subory-cookies","status":"publish","type":"page","link":"https:\/\/rockside.sk\/de\/subory-cookies\/","title":{"rendered":"Cookies"},"content":{"rendered":"<div data-elementor-type=\"wp-page\" data-elementor-id=\"34407\" class=\"elementor elementor-34407\">\n\t\t\t\t<div class=\"wd-negative-gap elementor-element elementor-element-3130808 e-flex e-con-boxed e-con e-parent\" data-id=\"3130808\" data-element_type=\"container\">\n\t\t\t\t\t<div class=\"e-con-inner\">\n\t\t\t\t<div class=\"elementor-element elementor-element-13893b3 elementor-widget elementor-widget-wd_text_block\" data-id=\"13893b3\" data-element_type=\"widget\" data-widget_type=\"wd_text_block.default\">\n\t\t\t\t<div class=\"elementor-widget-container\">\n\t\t\t\t\t\t\t<div class=\"wd-text-block reset-last-child text-left\">\n\t\t\t\n\t\t\t<h1 style=\"text-align: center;\">Cookies<\/h1>\n\t\t\t\t\t<\/div>\n\t\t\t\t\t\t<\/div>\n\t\t\t\t<\/div>\n\t\t\t\t\t<\/div>\n\t\t\t\t<\/div>\n\t\t<div class=\"wd-negative-gap elementor-element elementor-element-f8eb5aa e-flex e-con-boxed e-con e-parent\" data-id=\"f8eb5aa\" data-element_type=\"container\">\n\t\t\t\t\t<div class=\"e-con-inner\">\n\t\t\t\t<div class=\"elementor-element elementor-element-1aa1056 elementor-widget elementor-widget-wd_text_block\" data-id=\"1aa1056\" data-element_type=\"widget\" data-widget_type=\"wd_text_block.default\">\n\t\t\t\t<div class=\"elementor-widget-container\">\n\t\t\t\t\t\t\t<div class=\"wd-text-block reset-last-child text-left\">\n\t\t\t\n\t\t\t<p>Na\u0161a webov\u00e1 str\u00e1nka pou\u017e\u00edva s\u00fabory <strong data-start=\"282\" data-end=\"293\">cookies<\/strong>, aby sme v\u00e1m vedeli poskytn\u00fa\u0165 lep\u0161ie slu\u017eby, plynulej\u0161ie fungovanie str\u00e1nky a pohodlnej\u0161\u00ed n\u00e1kup.<\/p>\n\t\t\t\t\t<\/div>\n\t\t\t\t\t\t<\/div>\n\t\t\t\t<\/div>\n\t\t\t\t<div class=\"elementor-element elementor-element-22880c0 elementor-widget elementor-widget-wd_text_block\" data-id=\"22880c0\" data-element_type=\"widget\" data-widget_type=\"wd_text_block.default\">\n\t\t\t\t<div class=\"elementor-widget-container\">\n\t\t\t\t\t\t\t<div class=\"wd-text-block reset-last-child text-left\">\n\t\t\t\n\t\t\t<h2>\u010co s\u00fa cookies?<\/h2>\n\t\t\t\t\t<\/div>\n\t\t\t\t\t\t<\/div>\n\t\t\t\t<\/div>\n\t\t\t\t<div class=\"elementor-element elementor-element-ce1d83d elementor-widget elementor-widget-wd_text_block\" data-id=\"ce1d83d\" data-element_type=\"widget\" data-widget_type=\"wd_text_block.default\">\n\t\t\t\t<div class=\"elementor-widget-container\">\n\t\t\t\t\t\t\t<div class=\"wd-text-block reset-last-child text-left\">\n\t\t\t\n\t\t\t<p>Cookies s\u00fa mal\u00e9 textov\u00e9 s\u00fabory, ktor\u00e9 sa ukladaj\u00fa vo va\u0161om prehliada\u010di pri n\u00e1v\u0161teve webovej str\u00e1nky. Pom\u00e1haj\u00fa rozpozna\u0165 va\u0161e zariadenie, zapam\u00e4ta\u0165 si va\u0161e nastavenia a u\u013eah\u010duj\u00fa pou\u017e\u00edvanie str\u00e1nky.<\/p>\n\t\t\t\t\t<\/div>\n\t\t\t\t\t\t<\/div>\n\t\t\t\t<\/div>\n\t\t\t\t<div class=\"elementor-element elementor-element-02a6250 elementor-widget elementor-widget-wd_text_block\" data-id=\"02a6250\" data-element_type=\"widget\" data-widget_type=\"wd_text_block.default\">\n\t\t\t\t<div class=\"elementor-widget-container\">\n\t\t\t\t\t\t\t<div class=\"wd-text-block reset-last-child text-left\">\n\t\t\t\n\t\t\t<h2>Ak\u00e9 typy cookies pou\u017e\u00edvame?<\/h2>\n\t\t\t\t\t<\/div>\n\t\t\t\t\t\t<\/div>\n\t\t\t\t<\/div>\n\t\t\t\t<div class=\"elementor-element elementor-element-e382c24 elementor-widget elementor-widget-wd_text_block\" data-id=\"e382c24\" data-element_type=\"widget\" data-widget_type=\"wd_text_block.default\">\n\t\t\t\t<div class=\"elementor-widget-container\">\n\t\t\t\t\t\t\t<div class=\"wd-text-block reset-last-child text-left\">\n\t\t\t\n\t\t\t<ul><li data-start=\"648\" data-end=\"874\"><p data-start=\"650\" data-end=\"874\"><strong data-start=\"650\" data-end=\"684\">Nevyhnutn\u00e9 (technick\u00e9) cookies<\/strong><br data-start=\"684\" data-end=\"687\" \/>Tieto cookies s\u00fa potrebn\u00e9 pre spr\u00e1vne fungovanie str\u00e1nky \u2013 napr\u00edklad pre prihl\u00e1senie do \u00fa\u010dtu, fungovanie n\u00e1kupn\u00e9ho ko\u0161\u00edka alebo podporu v live chate. Bez nich str\u00e1nka nem\u00f4\u017ee fungova\u0165.<\/p><\/li><li data-start=\"876\" data-end=\"1107\"><p data-start=\"878\" data-end=\"1107\"><strong data-start=\"878\" data-end=\"900\">Analytick\u00e9 cookies<\/strong><br data-start=\"900\" data-end=\"903\" \/>Pom\u00e1haj\u00fa n\u00e1m pochopi\u0165, ako n\u00e1v\u0161tevn\u00edci pou\u017e\u00edvaj\u00fa str\u00e1nku (napr. Google Analytics). V\u010faka nim vieme zlep\u0161ova\u0165 na\u0161e slu\u017eby a r\u00fdchlej\u0161ie odstra\u0148ova\u0165 chyby. Tieto cookies sa ukladaj\u00fa len s va\u0161\u00edm s\u00fahlasom.<\/p><\/li><li data-start=\"1109\" data-end=\"1314\"><p data-start=\"1111\" data-end=\"1314\"><strong data-start=\"1111\" data-end=\"1164\">Marketingov\u00e9 cookies (ak sa pou\u017eij\u00fa v bud\u00facnosti)<\/strong><br data-start=\"1164\" data-end=\"1167\" \/>Umo\u017e\u0148uj\u00fa zobrazova\u0165 relevantn\u00fa reklamu pod\u013ea va\u0161ich z\u00e1ujmov. Aktu\u00e1lne ich nepou\u017e\u00edvame, ale m\u00f4\u017eu by\u0165 pridan\u00e9 nesk\u00f4r \u2013 v\u017edy iba po va\u0161om s\u00fahlase.<\/p><\/li><\/ul>\n\t\t\t\t\t<\/div>\n\t\t\t\t\t\t<\/div>\n\t\t\t\t<\/div>\n\t\t\t\t<div class=\"elementor-element elementor-element-2e39f30 elementor-widget elementor-widget-wd_text_block\" data-id=\"2e39f30\" data-element_type=\"widget\" data-widget_type=\"wd_text_block.default\">\n\t\t\t\t<div class=\"elementor-widget-container\">\n\t\t\t\t\t\t\t<div class=\"wd-text-block reset-last-child text-left\">\n\t\t\t\n\t\t\t<h2>Ako spravova\u0165 cookies?<\/h2>\n\t\t\t\t\t<\/div>\n\t\t\t\t\t\t<\/div>\n\t\t\t\t<\/div>\n\t\t\t\t<div class=\"elementor-element elementor-element-60251c9 elementor-widget elementor-widget-wd_text_block\" data-id=\"60251c9\" data-element_type=\"widget\" data-widget_type=\"wd_text_block.default\">\n\t\t\t\t<div class=\"elementor-widget-container\">\n\t\t\t\t\t\t\t<div class=\"wd-text-block reset-last-child text-left\">\n\t\t\t\n\t\t\t<p>Pou\u017e\u00edvanie cookies si m\u00f4\u017eete nastavi\u0165 vo svojom internetovom prehliada\u010di. V\u00e4\u010d\u0161ina prehliada\u010dov ich \u0161tandardne prij\u00edma, ale vy ich m\u00f4\u017eete kedyko\u013evek odmietnu\u0165 alebo vymaza\u0165.<br data-start=\"1516\" data-end=\"1519\" \/>Ak odmietnete analytick\u00e9 cookies, z\u00e1kladn\u00e9 funkcie str\u00e1nky ostan\u00fa plne funk\u010dn\u00e9.<\/p>\n\t\t\t\t\t<\/div>\n\t\t\t\t\t\t<\/div>\n\t\t\t\t<\/div>\n\t\t\t\t<div class=\"elementor-element elementor-element-eca135a elementor-widget elementor-widget-wd_text_block\" data-id=\"eca135a\" data-element_type=\"widget\" data-widget_type=\"wd_text_block.default\">\n\t\t\t\t<div class=\"elementor-widget-container\">\n\t\t\t\t\t\t\t<div class=\"wd-text-block reset-last-child text-left\">\n\t\t\t\n\t\t\t<h2>Ochrana osobn\u00fdch \u00fadajov<\/h2>\n\t\t\t\t\t<\/div>\n\t\t\t\t\t\t<\/div>\n\t\t\t\t<\/div>\n\t\t\t\t<div class=\"elementor-element elementor-element-772f854 elementor-widget elementor-widget-wd_text_block\" data-id=\"772f854\" data-element_type=\"widget\" data-widget_type=\"wd_text_block.default\">\n\t\t\t\t<div class=\"elementor-widget-container\">\n\t\t\t\t\t\t\t<div class=\"wd-text-block reset-last-child text-left\">\n\t\t\t\n\t\t\t<p data-start=\"1631\" data-end=\"1734\">Viac inform\u00e1ci\u00ed o spracovan\u00ed va\u0161ich \u00fadajov n\u00e1jdete v na\u0161ej sekcii <a href=\"https:\/\/rockside.sk\/de\/privacy-policy\/\"><strong data-start=\"1697\" data-end=\"1731\">Ochrana osobn\u00fdch \u00fadajov\u00a0<\/strong><\/a><\/p>\n\t\t\t\t\t<\/div>\n\t\t\t\t\t\t<\/div>\n\t\t\t\t<\/div>\n\t\t\t\t\t<\/div>\n\t\t\t\t<\/div>\n\t\t\t\t<\/div>","protected":false},"excerpt":{"rendered":"<p>S\u00fabory cookies Na\u0161a webov\u00e1 str\u00e1nka pou\u017e\u00edva s\u00fabory cookies, aby sme v\u00e1m vedeli poskytn\u00fa\u0165 lep\u0161ie slu\u017eby, plynulej\u0161ie fungovanie str\u00e1nky a pohodlnej\u0161\u00ed<\/p>","protected":false},"author":1,"featured_media":0,"parent":0,"menu_order":0,"comment_status":"closed","ping_status":"closed","template":"","meta":{"footnotes":""},"class_list":["post-34407","page","type-page","status-publish","hentry"],"yoast_head":"<!-- This site is optimized with the Yoast SEO plugin v25.6 - https:\/\/yoast.com\/wordpress\/plugins\/seo\/ -->\n<title>S\u00fabory cookies - Betonov\u00e9 v\u00fdrobky<\/title>\n<meta name=\"robots\" content=\"index, follow, max-snippet:-1, max-image-preview:large, max-video-preview:-1\" \/>\n<link rel=\"canonical\" href=\"https:\/\/rockside.sk\/de\/subory-cookies\/\" \/>\n<meta property=\"og:locale\" content=\"de_DE\" \/>\n<meta property=\"og:type\" content=\"article\" \/>\n<meta property=\"og:title\" content=\"S\u00fabory cookies - Betonov\u00e9 v\u00fdrobky\" \/>\n<meta property=\"og:description\" content=\"S\u00fabory cookies Na\u0161a webov\u00e1 str\u00e1nka pou\u017e\u00edva s\u00fabory cookies, aby sme v\u00e1m vedeli poskytn\u00fa\u0165 lep\u0161ie slu\u017eby, plynulej\u0161ie fungovanie str\u00e1nky a pohodlnej\u0161\u00ed\" \/>\n<meta property=\"og:url\" content=\"https:\/\/rockside.sk\/de\/subory-cookies\/\" \/>\n<meta property=\"og:site_name\" content=\"Betonov\u00e9 v\u00fdrobky\" \/>\n<meta property=\"article:modified_time\" content=\"2025-08-31T14:35:45+00:00\" \/>\n<meta property=\"og:image\" content=\"https:\/\/rockside.sk\/wp-content\/uploads\/2025\/08\/Rockside.png\" \/>\n\t<meta property=\"og:image:width\" content=\"1920\" \/>\n\t<meta property=\"og:image:height\" content=\"1080\" \/>\n\t<meta property=\"og:image:type\" content=\"image\/png\" \/>\n<meta name=\"twitter:card\" content=\"summary_large_image\" \/>\n<meta name=\"twitter:label1\" content=\"Gesch\u00e4tzte Lesezeit\" \/>\n\t<meta name=\"twitter:data1\" content=\"1\u00a0Minute\" \/>\n<script type=\"application\/ld+json\" class=\"yoast-schema-graph\">{\"@context\":\"https:\/\/schema.org\",\"@graph\":[{\"@type\":\"WebPage\",\"@id\":\"https:\/\/rockside.sk\/subory-cookies\/\",\"url\":\"https:\/\/rockside.sk\/subory-cookies\/\",\"name\":\"S\u00fabory cookies - Betonov\u00e9 v\u00fdrobky\",\"isPartOf\":{\"@id\":\"https:\/\/rockside.sk\/#website\"},\"datePublished\":\"2025-08-31T14:27:53+00:00\",\"dateModified\":\"2025-08-31T14:35:45+00:00\",\"breadcrumb\":{\"@id\":\"https:\/\/rockside.sk\/subory-cookies\/#breadcrumb\"},\"inLanguage\":\"de\",\"potentialAction\":[{\"@type\":\"ReadAction\",\"target\":[\"https:\/\/rockside.sk\/subory-cookies\/\"]}]},{\"@type\":\"BreadcrumbList\",\"@id\":\"https:\/\/rockside.sk\/subory-cookies\/#breadcrumb\",\"itemListElement\":[{\"@type\":\"ListItem\",\"position\":1,\"name\":\"\u0413\u043b\u0430\u0432\u043d\u0430\u044f \u0441\u0442\u0440\u0430\u043d\u0438\u0446\u0430\",\"item\":\"https:\/\/rockside.sk\/\"},{\"@type\":\"ListItem\",\"position\":2,\"name\":\"S\u00fabory cookies\"}]},{\"@type\":\"WebSite\",\"@id\":\"https:\/\/rockside.sk\/#website\",\"url\":\"https:\/\/rockside.sk\/\",\"name\":\"Rockside Slovensko\",\"description\":\"vonkaj\u0161ie kvetin\u00e1\u010de, z\u00e1hradn\u00e9 font\u00e1ny, lavi\u010dky od v\u00fdrobcu Rockside\",\"publisher\":{\"@id\":\"https:\/\/rockside.sk\/#organization\"},\"alternateName\":\"Rockside\",\"potentialAction\":[{\"@type\":\"SearchAction\",\"target\":{\"@type\":\"EntryPoint\",\"urlTemplate\":\"https:\/\/rockside.sk\/?s={search_term_string}\"},\"query-input\":{\"@type\":\"PropertyValueSpecification\",\"valueRequired\":true,\"valueName\":\"search_term_string\"}}],\"inLanguage\":\"de\"},{\"@type\":\"Organization\",\"@id\":\"https:\/\/rockside.sk\/#organization\",\"name\":\"Betonov\u00e9 v\u00fdrobky\",\"url\":\"https:\/\/rockside.sk\/\",\"logo\":{\"@type\":\"ImageObject\",\"inLanguage\":\"de\",\"@id\":\"https:\/\/rockside.sk\/#\/schema\/logo\/image\/\",\"url\":\"https:\/\/rockside.sk\/wp-content\/uploads\/2025\/08\/Rockside.png\",\"contentUrl\":\"https:\/\/rockside.sk\/wp-content\/uploads\/2025\/08\/Rockside.png\",\"width\":1920,\"height\":1080,\"caption\":\"Betonov\u00e9 v\u00fdrobky\"},\"image\":{\"@id\":\"https:\/\/rockside.sk\/#\/schema\/logo\/image\/\"}}]}<\/script>\n<!-- \/ Yoast SEO plugin. -->","yoast_head_json":{"title":"S\u00fabory cookies - Betonov\u00e9 v\u00fdrobky","robots":{"index":"index","follow":"follow","max-snippet":"max-snippet:-1","max-image-preview":"max-image-preview:large","max-video-preview":"max-video-preview:-1"},"canonical":"https:\/\/rockside.sk\/de\/subory-cookies\/","og_locale":"de_DE","og_type":"article","og_title":"S\u00fabory cookies - Betonov\u00e9 v\u00fdrobky","og_description":"S\u00fabory cookies Na\u0161a webov\u00e1 str\u00e1nka pou\u017e\u00edva s\u00fabory cookies, aby sme v\u00e1m vedeli poskytn\u00fa\u0165 lep\u0161ie slu\u017eby, plynulej\u0161ie fungovanie str\u00e1nky a pohodlnej\u0161\u00ed","og_url":"https:\/\/rockside.sk\/de\/subory-cookies\/","og_site_name":"Betonov\u00e9 v\u00fdrobky","article_modified_time":"2025-08-31T14:35:45+00:00","og_image":[{"width":1920,"height":1080,"url":"https:\/\/rockside.sk\/wp-content\/uploads\/2025\/08\/Rockside.png","type":"image\/png"}],"twitter_card":"summary_large_image","twitter_misc":{"Gesch\u00e4tzte Lesezeit":"1\u00a0Minute"},"schema":{"@context":"https:\/\/schema.org","@graph":[{"@type":"WebPage","@id":"https:\/\/rockside.sk\/subory-cookies\/","url":"https:\/\/rockside.sk\/subory-cookies\/","name":"S\u00fabory cookies - Betonov\u00e9 v\u00fdrobky","isPartOf":{"@id":"https:\/\/rockside.sk\/#website"},"datePublished":"2025-08-31T14:27:53+00:00","dateModified":"2025-08-31T14:35:45+00:00","breadcrumb":{"@id":"https:\/\/rockside.sk\/subory-cookies\/#breadcrumb"},"inLanguage":"de","potentialAction":[{"@type":"ReadAction","target":["https:\/\/rockside.sk\/subory-cookies\/"]}]},{"@type":"BreadcrumbList","@id":"https:\/\/rockside.sk\/subory-cookies\/#breadcrumb","itemListElement":[{"@type":"ListItem","position":1,"name":"\u0413\u043b\u0430\u0432\u043d\u0430\u044f \u0441\u0442\u0440\u0430\u043d\u0438\u0446\u0430","item":"https:\/\/rockside.sk\/"},{"@type":"ListItem","position":2,"name":"S\u00fabory cookies"}]},{"@type":"WebSite","@id":"https:\/\/rockside.sk\/#website","url":"https:\/\/rockside.sk\/","name":"Rockside Slovensko","description":"vonkaj\u0161ie kvetin\u00e1\u010de, z\u00e1hradn\u00e9 font\u00e1ny, lavi\u010dky od v\u00fdrobcu Rockside","publisher":{"@id":"https:\/\/rockside.sk\/#organization"},"alternateName":"Rockside","potentialAction":[{"@type":"SearchAction","target":{"@type":"EntryPoint","urlTemplate":"https:\/\/rockside.sk\/?s={search_term_string}"},"query-input":{"@type":"PropertyValueSpecification","valueRequired":true,"valueName":"search_term_string"}}],"inLanguage":"de"},{"@type":"Organization","@id":"https:\/\/rockside.sk\/#organization","name":"Betonov\u00e9 v\u00fdrobky","url":"https:\/\/rockside.sk\/","logo":{"@type":"ImageObject","inLanguage":"de","@id":"https:\/\/rockside.sk\/#\/schema\/logo\/image\/","url":"https:\/\/rockside.sk\/wp-content\/uploads\/2025\/08\/Rockside.png","contentUrl":"https:\/\/rockside.sk\/wp-content\/uploads\/2025\/08\/Rockside.png","width":1920,"height":1080,"caption":"Betonov\u00e9 v\u00fdrobky"},"image":{"@id":"https:\/\/rockside.sk\/#\/schema\/logo\/image\/"}}]}},"jetpack_sharing_enabled":true,"_links":{"self":[{"href":"https:\/\/rockside.sk\/de\/wp-json\/wp\/v2\/pages\/34407","targetHints":{"allow":["GET"]}}],"collection":[{"href":"https:\/\/rockside.sk\/de\/wp-json\/wp\/v2\/pages"}],"about":[{"href":"https:\/\/rockside.sk\/de\/wp-json\/wp\/v2\/types\/page"}],"author":[{"embeddable":true,"href":"https:\/\/rockside.sk\/de\/wp-json\/wp\/v2\/users\/1"}],"replies":[{"embeddable":true,"href":"https:\/\/rockside.sk\/de\/wp-json\/wp\/v2\/comments?post=34407"}],"version-history":[{"count":7,"href":"https:\/\/rockside.sk\/de\/wp-json\/wp\/v2\/pages\/34407\/revisions"}],"predecessor-version":[{"id":34415,"href":"https:\/\/rockside.sk\/de\/wp-json\/wp\/v2\/pages\/34407\/revisions\/34415"}],"wp:attachment":[{"href":"https:\/\/rockside.sk\/de\/wp-json\/wp\/v2\/media?parent=34407"}],"curies":[{"name":"wp","href":"https:\/\/api.w.org\/{rel}","templated":true}]}}