{"id":3,"date":"2025-08-04T14:54:41","date_gmt":"2025-08-04T11:54:41","guid":{"rendered":"http:\/\/rockside.sk\/?page_id=3"},"modified":"2026-01-15T11:20:08","modified_gmt":"2026-01-15T08:20:08","slug":"privacy-policy","status":"publish","type":"page","link":"https:\/\/rockside.sk\/de\/privacy-policy\/","title":{"rendered":"Datenschutzrichtlinie"},"content":{"rendered":"<div data-elementor-type=\"wp-page\" data-elementor-id=\"3\" class=\"elementor elementor-3\">\n\t\t\t\t<div class=\"wd-negative-gap elementor-element elementor-element-275ab11 e-flex e-con-boxed e-con e-parent\" data-id=\"275ab11\" data-element_type=\"container\">\n\t\t\t\t\t<div class=\"e-con-inner\">\n\t\t\t\t<div class=\"elementor-element elementor-element-c6278f9 elementor-widget elementor-widget-heading\" data-id=\"c6278f9\" data-element_type=\"widget\" data-widget_type=\"heading.default\">\n\t\t\t\t\t<h1 class=\"elementor-heading-title elementor-size-default\">Datenschutzrichtlinie<\/h1>\t\t\t\t<\/div>\n\t\t\t\t\t<\/div>\n\t\t\t\t<\/div>\n\t\t<div class=\"wd-negative-gap elementor-element elementor-element-2617679 e-flex e-con-boxed e-con e-parent\" data-id=\"2617679\" data-element_type=\"container\">\n\t\t\t\t\t<div class=\"e-con-inner\">\n\t\t\t\t<div class=\"elementor-element elementor-element-756d535 elementor-widget elementor-widget-wd_text_block\" data-id=\"756d535\" data-element_type=\"widget\" data-widget_type=\"wd_text_block.default\">\n\t\t\t\t<div class=\"elementor-widget-container\">\n\t\t\t\t\t\t\t<div class=\"wd-text-block reset-last-child text-left\">\n\t\t\t\n\t\t\t<h2 class=\"wp-block-heading\">INFORMA\u010cN\u00c1 POVINNOS\u0164 PREV\u00c1DZKOVATE\u013dA\u00a0<\/h2><p>POD\u013dA \u010cL. 13. NARIADENIA EUR\u00d3PSKEHO PARLAMENTU A RADY (E\u00da) 2016\/679 O OCHRANE FYZICK\u00ddCH OS\u00d4B PRI SPRAC\u00daVAN\u00cd OSOBN\u00ddCH \u00daDAJOV<br \/>A O VO\u013dNOM POHYBE TAK\u00ddCHTO \u00daDAJOV (\u010eALEJ LEN \u201eNARIADENIE\u201c)<br \/>V S\u00daLADE S \u00a7 19 Z\u00c1KONA \u010c. 18\/2018 Z. Z. O OCHRANE OSOBN\u00ddCH \u00daDAJOV (\u010eALEJ LEN \u201eZ\u00c1KON\u201c).<\/p><h2 class=\"wp-block-heading\">1. PREV\u00c1DZKOVATE\u013d INTERNETOV\u00c9HO OBCHODU ROCKSIDE.SK<\/h2><p>Company name: GHR s.r.o.<br \/>Registered office: Komarnick\u00e1 28, 821 03 Bratislava, Slovakia<br \/>Company ID (I\u010cO): 55 660 495<br \/>Tax ID (DI\u010c): 2122056134<br \/>VAT ID: SK2122056134<\/p><p>Commercial Register of the Municipal Court Bratislava III<br \/>Section: Sro, File No.: 171780\/B<\/p><p>webov\u00e1 str\u00e1nka: www.rockside.sk\u00a0<\/p><h2 class=\"wp-block-heading\">2. \u00da\u010cEL SPRAC\u00daVANIA OSOBN\u00ddCH \u00daDAJOV<\/h2><ul class=\"wp-block-list\"><li>Uzatv\u00e1ranie k\u00fapnej zmluvy na dia\u013eku prostredn\u00edctvom internetov\u00e9ho obchodu prev\u00e1dzkovate\u013ea.<\/li><li>Doru\u010denie tovaru a identifik\u00e1cia z\u00e1kazn\u00edka pred odovzdan\u00edm vopred zaplaten\u00e9ho tovaru.<\/li><li>Potvrdenie objedn\u00e1vky, platby za tovar, dodanie objednan\u00e9ho tovaru \u2013 telefonicky a prostredn\u00edctvom elektronickej po\u0161ty.<\/li><li>Evidencia z\u00e1kazn\u00edckych objedn\u00e1vok pre rie\u0161enie pr\u00edpadn\u00fdch reklam\u00e1ci\u00ed.<\/li><\/ul><h2 class=\"wp-block-heading\">3. NUTNOS\u0164 POSKYTNUTIA OSOBN\u00ddCH \u00daDAJOV<\/h2><p>Prev\u00e1dzkovate\u013eovi poskytuje dotknut\u00e1 osoba osobn\u00e9 \u00fadaje z d\u00f4vodu uzatvorenia zmluvy pri\u010dom tieto s\u00fa nevyhnutn\u00e9 k tomu, aby sme s n\u00edm mohli uzavrie\u0165 zmluvu<br \/>a v pr\u00edpade, ak prev\u00e1dzkovate\u013eovi osobn\u00e9 \u00fadaje z\u00e1kazn\u00edkom poskytnut\u00e9 nebud\u00fa, prev\u00e1dzkovate\u013e s n\u00edm nem\u00f4\u017ee uzatvori\u0165 zmluvu. Prev\u00e1dzkovate\u013e z\u00edskava iba tie osobn\u00e9 \u00fadaje, ktor\u00e9 s\u00fa nevyhnutn\u00e9 na splnenie z\u00e1v\u00e4zkov, ktor\u00e9 od neho z\u00e1kazn\u00edk objednan\u00edm tovaru o\u010dak\u00e1va. Bez t\u00fdchto \u00fadajov nebude mo\u017en\u00e9 spracova\u0165 prijat\u00fa objedn\u00e1vku.<\/p><h2 class=\"wp-block-heading\">4. ZOZNAM SPRAC\u00daVAN\u00ddCH OSOBN\u00ddCH \u00daDAJOV<\/h2><ul class=\"wp-block-list\"><li>Faktura\u010dn\u00e9 \u00fadaje \u2013 meno a priezvisko, adresa trval\u00e9ho bydliska, pri registr\u00e1cii firiem aj I\u010cO, DI\u010c, I\u010cDPH<\/li><li>\u00dadaje pre doru\u010denie \u2013 meno a priezvisko pr\u00edjemcu, adresa doru\u010denia<\/li><li>Kontaktn\u00e9 \u00fadaje:<\/li><\/ul><p>Telef\u00f3nne \u010d\u00edslo \u2013 pre potreby potvrdenia objedn\u00e1vky, komunik\u00e1ciu so z\u00e1kazn\u00edkom, doru\u010denia tovaru kuri\u00e9rskou slu\u017ebou.<\/p><p>Adresa elektronickej po\u0161ty (e-mail) \u2013 pre potreby zaslania potvrdenia objedn\u00e1vky a na \u010fal\u0161iu komunik\u00e1ciu so z\u00e1kazn\u00edkom.<\/p><p>\u2022 \u00dadaje o objedn\u00e1vkach \u2013 pre potreby ich vybavenia a rie\u0161enia pr\u00edpadn\u00fdch reklam\u00e1ci\u00ed.<\/p><h2 class=\"wp-block-heading\">5. TRETIE STRANY, KTOR\u00ddM BUD\u00da \u00daDAJE POSKYTNUT\u00c9<\/h2><p>Osobn\u00e9 \u00fadaje neposkytujeme \u017eiadnym spolo\u010dnostiam spravuj\u00facim datab\u00e1zy osobn\u00fdch \u00fadajov, ani \u017eiadnym in\u00fdm tret\u00edm stran\u00e1m, okrem rozsahu potrebn\u00e9ho na samotn\u00e9 doru\u010denie tovaru kuri\u00e9rskou slu\u017ebou.<\/p><h2 class=\"wp-block-heading\">6. ZVEREJNENIE \u00daDAJOV<\/h2><p>Na\u0161a spolo\u010dnos\u0165 z\u00edskan\u00e9 \u00fadaje v \u017eiadnom pr\u00edpade nezverej\u0148uje.<\/p><h2 class=\"wp-block-heading\">7. DOBA SPRAC\u00daVANIA OSOBN\u00ddCH \u00daDAJOV<\/h2><p>Doba sprac\u00favania osobn\u00fdch \u00fadajov na jednotliv\u00e9 \u00fa\u010dely je ur\u010den\u00e1 v rozsahu 5 rokov odo d\u0148a uzatvorenia k\u00fapnej zmluvy.<\/p><h2 class=\"wp-block-heading\">8. PR\u00c1VA A POVINNOSTI DOTKNUTEJ OSOBY<\/h2><ul class=\"wp-block-list\"><li>Dotknut\u00e1 osoba m\u00e1 pr\u00e1vo na pr\u00edstup k svojim \u00fadajom. Na z\u00e1klade \u017eiadosti dotknutej osoby vystav\u00ed prev\u00e1dzkovate\u013e potvrdenie o tom, \u010di sa sprac\u00favaj\u00fa osobn\u00e9 \u00fadaje dotknutej osoby, ktor\u00e9 sa jej t\u00fdkaj\u00fa. Pokia\u013e prev\u00e1dzkovate\u013e tieto \u00fadaje sprac\u00fava, vystav\u00ed na z\u00e1klade \u017eiadosti k\u00f3piu t\u00fdchto osobn\u00fdch \u00fadajov dotknutej osoby.<\/li><li>Vystavenie k\u00f3pie osobn\u00fdch \u00fadajov je bezplatn\u00e9. Za ak\u00e9ko\u013evek \u010fal\u0161ie k\u00f3pie, o ktor\u00e9 osoba po\u017eiada, bude prev\u00e1dzkovate\u013e \u00fa\u010dtova\u0165 poplatok zodpovedaj\u00faci administrat\u00edvnym n\u00e1kladom, ktor\u00e9 mu s vystaven\u00edm k\u00f3pie vznikn\u00fa. Pokia\u013e osoba po\u017eiada o inform\u00e1cie formou elektronick\u00fdch prostriedkov, bud\u00fa jej poskytnut\u00e9 v be\u017ene pou\u017e\u00edvanej elektronickej podobe, a to formou e-mailu, pokia\u013e nepo\u017eiada o in\u00fd sp\u00f4sob.<\/li><li>Dotknut\u00e1 osoba m\u00e1 pr\u00e1vo na opravu osobn\u00fdch \u00fadajov, pokia\u013e o nej prev\u00e1dzkovate\u013e eviduje nespr\u00e1vne osobn\u00e9 \u00fadaje. Z\u00e1rove\u0148 m\u00e1 dotknut\u00e1 osoba pr\u00e1vo na doplnenie ne\u00fapln\u00fdch osobn\u00fdch \u00fadajov. Prev\u00e1dzkovate\u013e vykon\u00e1 opravu, pr\u00edpadne doplnenie osobn\u00fdch \u00fadajov bez zbyto\u010dn\u00e9ho odkladu po tom, \u010do ho dotknut\u00e1 osoba po\u017eiada.<\/li><li>Dotknut\u00e1 osoba m\u00e1 pr\u00e1vo na vymazanie osobn\u00fdch \u00fadajov, ktor\u00e9 sa jej t\u00fdkaj\u00fa, za predpokladu, \u017ee:<\/li><\/ul><ol class=\"wp-block-list\"><li>osobn\u00e9 \u00fadaje u\u017e nie s\u00fa potrebn\u00e9 na \u00fa\u010dely, na ktor\u00e9 sa z\u00edskavali alebo inak sprac\u00favali;<\/li><li>dotknut\u00e1 osoba odvol\u00e1 s\u00fahlas, na z\u00e1klade ktor\u00e9ho sa sprac\u00favanie vykon\u00e1va,<\/li><li>dotknut\u00e1 osoba namieta vo\u010di sprac\u00favaniu osobn\u00fdch \u00fadajov,<\/li><li>osobn\u00e9 \u00fadaje sa sprac\u00favali nez\u00e1konne,<\/li><li>je d\u00f4vodom pre v\u00fdmaz splnenie povinnosti z\u00e1kona, osobitn\u00e9ho predpisu alebo medzin\u00e1rodnej zmluvy, ktorou je Slovensk\u00e1 republika viazan\u00e1, alebo<\/li><li>osobn\u00e9 \u00fadaje sa z\u00edskavali v s\u00favislosti s ponukou slu\u017eieb informa\u010dnej spolo\u010dnosti<\/li><\/ol><p>osobe mlad\u0161ej ako 16 rokov.<\/p><p>\u2022 Dotknut\u00e1 osoba nebude ma\u0165 pr\u00e1vo na v\u00fdmaz osobn\u00fdch \u00fadajov za predpokladu, \u017ee je ich sprac\u00favanie potrebn\u00e9:<\/p><ol class=\"wp-block-list\"><li>na uplatnenie pr\u00e1va na slobodu prejavu a na inform\u00e1cie;<\/li><li>na splnenie povinnosti pod\u013ea z\u00e1kona, osobitn\u00e9ho predpisu alebo medzin\u00e1rodnej zmluvy, ktorou je Slovensk\u00e1 republika viazan\u00e1, alebo na splnenie \u00falohy realizovanej vo verejnom z\u00e1ujme alebo pri v\u00fdkone verejnej moci zverenej prev\u00e1dzkovate\u013eovi,<\/li><li>z d\u00f4vodov verejn\u00e9ho z\u00e1ujmu v oblasti verejn\u00e9ho zdravia,<\/li><li>na \u00fa\u010dely archiv\u00e1cie vo verejnom z\u00e1ujme, na \u00fa\u010dely vedeck\u00e9ho alebo historick\u00e9ho v\u00fdskumu \u010di na \u0161tatistick\u00e9 \u00fa\u010dely, pokia\u013e je pravdepodobn\u00e9, \u017ee pr\u00e1vo na v\u00fdmaz znemo\u017en\u00ed alebo z\u00e1va\u017en\u00fdm sp\u00f4sobom s\u0165a\u017e\u00ed dosiahnutie cie\u013eov tak\u00e9hoto sprac\u00favania, alebo na preukazovanie, uplat\u0148ovanie alebo obhajovanie pr\u00e1vnych n\u00e1rokov.<\/li><\/ol><ul class=\"wp-block-list\"><li>Prev\u00e1dzkovate\u013e vykon\u00e1 v\u00fdmaz osobn\u00fdch \u00fadajov dotknut\u00fdch os\u00f4b na z\u00e1klade \u017eiadosti, a to bez zbyto\u010dn\u00e9ho odkladu po tom, \u010do vyhodnot\u00ed, \u017ee \u017eiados\u0165 dotknutej osoby je d\u00f4vodn\u00e1.<\/li><li>Dotknut\u00e1 osoba m\u00e1 pr\u00e1vo na obmedzenie sprac\u00favania osobn\u00fdch \u00fadajov, pokia\u013e:<\/li><\/ul><ol class=\"wp-block-list\"><li>napadne spr\u00e1vnos\u0165 osobn\u00fdch \u00fadajov n\u00e1mietkou, a to po\u010das obdobia umo\u017e\u0148uj\u00faceho prev\u00e1dzkovate\u013eovi overi\u0165 spr\u00e1vnos\u0165 osobn\u00fdch \u00fadajov;<\/li><li>sprac\u00favanie je protiz\u00e1konn\u00e9 a dotknut\u00e1 osoba \u017eiada namiesto v\u00fdmazu osobn\u00fdch \u00fadajov obmedzenie ich pou\u017eitia;<\/li><li>prev\u00e1dzkovate\u013e u\u017e nepotrebuje osobn\u00e9 \u00fadaje na \u00fa\u010dely sprac\u00favania, ale potrebuje ich dotknut\u00e1 osoba na preuk\u00e1zanie, uplat\u0148ovanie alebo obhajovanie pr\u00e1vnych n\u00e1rokov;<\/li><li>dotknut\u00e1 osoba namietala vo\u010di sprac\u00favaniu osobn\u00fdch \u00fadajov na z\u00e1klade opr\u00e1vnen\u00e9ho n\u00e1roku prev\u00e1dzkovate\u013ea, a to a\u017e do overenia, \u010di opr\u00e1vnen\u00e9 d\u00f4vody na strane prev\u00e1dzkovate\u013ea preva\u017euj\u00fa nad opr\u00e1vnen\u00fdmi d\u00f4vodmi dotknutej osoby.<\/li><\/ol><ul class=\"wp-block-list\"><li>Pokia\u013e dotknut\u00e1 osoba \u017eiada o obmedzenie sprac\u00favania jej osobn\u00fdch \u00fadajov, prev\u00e1dzkovate\u013e nebude s dotknut\u00fdmi \u00fadajmi vykon\u00e1va\u0165 \u017eiadne spracovate\u013esk\u00e9 oper\u00e1cie, okrem uchov\u00e1vania, bez s\u00fahlasu dotknutej osoby.<\/li><li>Dotknut\u00e1 osoba bude prev\u00e1dzkovate\u013eom informovan\u00e1, pokia\u013e bude obmedzenie sprac\u00favania t\u00fdchto \u00fadajov zru\u0161en\u00e9.<\/li><li>Dotknut\u00e1 osoba m\u00e1 pr\u00e1vo na prenosnos\u0165 \u00fadajov, \u010do znamen\u00e1 z\u00edskanie osobn\u00fdch \u00fadajov, ktor\u00e9 poskytla prev\u00e1dzkovate\u013eovi, pri\u010dom m\u00e1 pr\u00e1vo prenies\u0165 tieto \u00fadaje \u010fal\u0161iemu prev\u00e1dzkovate\u013eovi v be\u017ene pou\u017e\u00edvate\u013enom a strojovo \u010ditate\u013enom form\u00e1te za predpokladu, \u017ee osobn\u00e9 \u00fadaje boli z\u00edskan\u00e9 na z\u00e1klade s\u00fahlasu dotknutej osoby alebo na z\u00e1klade zmluvy a ich spracovanie prebieha formou automatizovan\u00fdch prostriedkov.<\/li><\/ul><p>\u2022 Dotknut\u00e1 osoba m\u00e1 pr\u00e1vo kedyko\u013evek namieta\u0165 vo\u010di sprac\u00favaniu jej osobn\u00fdch \u00fadajov z d\u00f4vodov t\u00fdkaj\u00facich sa jej konkr\u00e9tnej situ\u00e1cie. Dotknut\u00e1 osoba m\u00f4\u017ee namieta\u0165 sprac\u00favanie jej osobn\u00fdch \u00fadajov na z\u00e1klade:<\/p><ol class=\"wp-block-list\"><li>pr\u00e1vneho titulu plnenia \u00faloh realizovan\u00fdch vo verejnom z\u00e1ujme alebo pri v\u00fdkone verejnej moci, alebo z pr\u00e1vneho titulu opr\u00e1vnen\u00e9ho<br \/>z\u00e1ujmu prev\u00e1dzkovate\u013ea,<\/li><li>sprac\u00favania osobn\u00fdch \u00fadajov na \u00fa\u010dely priameho marketingu,<\/li><li>spracovania na \u00fa\u010dely vedeck\u00e9ho \u010di historick\u00e9ho v\u00fdskumu alebo na \u0161tatistick\u00e9 \u00fa\u010dely.<\/li><\/ol><ul class=\"wp-block-list\"><li>Prev\u00e1dzkovate\u013e doru\u010den\u00fa n\u00e1mietku v primeranom \u010dase pos\u00fadi. Prev\u00e1dzkovate\u013e nesmie \u010falej sprac\u00fava\u0165 osobn\u00e9 \u00fadaje, ak nepreuk\u00e1\u017ee nevyhnutn\u00e9 opr\u00e1vnen\u00e9 z\u00e1ujmy na sprac\u00favanie osobn\u00fdch \u00fadajov, ktor\u00e9 preva\u017euj\u00fa nad pr\u00e1vami alebo z\u00e1ujmami dotknutej osoby, alebo d\u00f4vody na uplatnenie pr\u00e1vneho n\u00e1roku.<\/li><li>Dotknut\u00e1 osoba m\u00e1 pr\u00e1vo kedyko\u013evek odvola\u0165 svoj s\u00fahlas so spracovan\u00edm osobn\u00fdch \u00fadajov, pokia\u013e bolo sprac\u00favanie osobn\u00fdch \u00fadajov zalo\u017een\u00e9 na tomto pr\u00e1vnom titule.<\/li><li>Dotknut\u00e1 osoba svoj s\u00fahlas odvol\u00e1 kontaktovan\u00edm prev\u00e1dzkovate\u013ea so svojou po\u017eiadavkou ak\u00fdmko\u013evek zvolen\u00fdm sp\u00f4sobom.<\/li><li>Z\u00e1konnos\u0165 sprac\u00favania osobn\u00fdch \u00fadajov na z\u00e1klade udelen\u00e9ho s\u00fahlasu v\u0161ak nie je jeho odvolan\u00edm dotknut\u00e1.<\/li><li>Dotknut\u00e1 osoba m\u00e1 pr\u00e1vo poda\u0165 n\u00e1vrh na za\u010datie konania \u00daradu na ochranu osobn\u00fdch \u00fadajov Slovenskej republiky, pokia\u013e sa domnieva, \u017ee boli poru\u0161en\u00e9 jej pr\u00e1va v oblasti ochrany osobn\u00fdch \u00fadajov.<\/li><\/ul>\n\t\t\t\t\t<\/div>\n\t\t\t\t\t\t<\/div>\n\t\t\t\t<\/div>\n\t\t\t\t\t<\/div>\n\t\t\t\t<\/div>\n\t\t\t\t<\/div>","protected":false},"excerpt":{"rendered":"<p>Z\u00e1sady ochrany osobn\u00fdch \u00fadajov INFORMA\u010cN\u00c1 POVINNOS\u0164 PREV\u00c1DZKOVATE\u013dA\u00a0 POD\u013dA \u010cL. 13. NARIADENIA EUR\u00d3PSKEHO PARLAMENTU A RADY (E\u00da) 2016\/679 O OCHRANE FYZICK\u00ddCH<\/p>","protected":false},"author":1,"featured_media":0,"parent":0,"menu_order":0,"comment_status":"closed","ping_status":"closed","template":"","meta":{"footnotes":""},"class_list":["post-3","page","type-page","status-publish","hentry"],"yoast_head":"<!-- This site is optimized with the Yoast SEO plugin v25.6 - https:\/\/yoast.com\/wordpress\/plugins\/seo\/ -->\n<title>Z\u00e1sady ochrany osobn\u00fdch \u00fadajov - Betonov\u00e9 v\u00fdrobky<\/title>\n<meta name=\"robots\" content=\"index, follow, max-snippet:-1, max-image-preview:large, max-video-preview:-1\" \/>\n<link rel=\"canonical\" href=\"https:\/\/rockside.sk\/de\/privacy-policy\/\" \/>\n<meta property=\"og:locale\" content=\"de_DE\" \/>\n<meta property=\"og:type\" content=\"article\" \/>\n<meta property=\"og:title\" content=\"Z\u00e1sady ochrany osobn\u00fdch \u00fadajov - Betonov\u00e9 v\u00fdrobky\" \/>\n<meta property=\"og:description\" content=\"Z\u00e1sady ochrany osobn\u00fdch \u00fadajov INFORMA\u010cN\u00c1 POVINNOS\u0164 PREV\u00c1DZKOVATE\u013dA\u00a0 POD\u013dA \u010cL. 13. NARIADENIA EUR\u00d3PSKEHO PARLAMENTU A RADY (E\u00da) 2016\/679 O OCHRANE FYZICK\u00ddCH\" \/>\n<meta property=\"og:url\" content=\"https:\/\/rockside.sk\/de\/privacy-policy\/\" \/>\n<meta property=\"og:site_name\" content=\"Betonov\u00e9 v\u00fdrobky\" \/>\n<meta property=\"article:modified_time\" content=\"2026-01-15T08:20:08+00:00\" \/>\n<meta property=\"og:image\" content=\"https:\/\/rockside.sk\/wp-content\/uploads\/2025\/08\/Rockside.png\" \/>\n\t<meta property=\"og:image:width\" content=\"1920\" \/>\n\t<meta property=\"og:image:height\" content=\"1080\" \/>\n\t<meta property=\"og:image:type\" content=\"image\/png\" \/>\n<meta name=\"twitter:card\" content=\"summary_large_image\" \/>\n<meta name=\"twitter:label1\" content=\"Gesch\u00e4tzte Lesezeit\" \/>\n\t<meta name=\"twitter:data1\" content=\"6\u00a0Minuten\" \/>\n<script type=\"application\/ld+json\" class=\"yoast-schema-graph\">{\"@context\":\"https:\/\/schema.org\",\"@graph\":[{\"@type\":\"WebPage\",\"@id\":\"https:\/\/rockside.sk\/privacy-policy\/\",\"url\":\"https:\/\/rockside.sk\/privacy-policy\/\",\"name\":\"Z\u00e1sady ochrany osobn\u00fdch \u00fadajov - Betonov\u00e9 v\u00fdrobky\",\"isPartOf\":{\"@id\":\"https:\/\/rockside.sk\/#website\"},\"datePublished\":\"2025-08-04T11:54:41+00:00\",\"dateModified\":\"2026-01-15T08:20:08+00:00\",\"breadcrumb\":{\"@id\":\"https:\/\/rockside.sk\/privacy-policy\/#breadcrumb\"},\"inLanguage\":\"de\",\"potentialAction\":[{\"@type\":\"ReadAction\",\"target\":[\"https:\/\/rockside.sk\/privacy-policy\/\"]}]},{\"@type\":\"BreadcrumbList\",\"@id\":\"https:\/\/rockside.sk\/privacy-policy\/#breadcrumb\",\"itemListElement\":[{\"@type\":\"ListItem\",\"position\":1,\"name\":\"\u0413\u043b\u0430\u0432\u043d\u0430\u044f \u0441\u0442\u0440\u0430\u043d\u0438\u0446\u0430\",\"item\":\"https:\/\/rockside.sk\/\"},{\"@type\":\"ListItem\",\"position\":2,\"name\":\"Z\u00e1sady ochrany osobn\u00fdch \u00fadajov\"}]},{\"@type\":\"WebSite\",\"@id\":\"https:\/\/rockside.sk\/#website\",\"url\":\"https:\/\/rockside.sk\/\",\"name\":\"Rockside Slovensko\",\"description\":\"vonkaj\u0161ie kvetin\u00e1\u010de, z\u00e1hradn\u00e9 font\u00e1ny, lavi\u010dky od v\u00fdrobcu Rockside\",\"publisher\":{\"@id\":\"https:\/\/rockside.sk\/#organization\"},\"alternateName\":\"Rockside\",\"potentialAction\":[{\"@type\":\"SearchAction\",\"target\":{\"@type\":\"EntryPoint\",\"urlTemplate\":\"https:\/\/rockside.sk\/?s={search_term_string}\"},\"query-input\":{\"@type\":\"PropertyValueSpecification\",\"valueRequired\":true,\"valueName\":\"search_term_string\"}}],\"inLanguage\":\"de\"},{\"@type\":\"Organization\",\"@id\":\"https:\/\/rockside.sk\/#organization\",\"name\":\"Betonov\u00e9 v\u00fdrobky\",\"url\":\"https:\/\/rockside.sk\/\",\"logo\":{\"@type\":\"ImageObject\",\"inLanguage\":\"de\",\"@id\":\"https:\/\/rockside.sk\/#\/schema\/logo\/image\/\",\"url\":\"https:\/\/rockside.sk\/wp-content\/uploads\/2025\/08\/Rockside.png\",\"contentUrl\":\"https:\/\/rockside.sk\/wp-content\/uploads\/2025\/08\/Rockside.png\",\"width\":1920,\"height\":1080,\"caption\":\"Betonov\u00e9 v\u00fdrobky\"},\"image\":{\"@id\":\"https:\/\/rockside.sk\/#\/schema\/logo\/image\/\"}}]}<\/script>\n<!-- \/ Yoast SEO plugin. -->","yoast_head_json":{"title":"Z\u00e1sady ochrany osobn\u00fdch \u00fadajov - Betonov\u00e9 v\u00fdrobky","robots":{"index":"index","follow":"follow","max-snippet":"max-snippet:-1","max-image-preview":"max-image-preview:large","max-video-preview":"max-video-preview:-1"},"canonical":"https:\/\/rockside.sk\/de\/privacy-policy\/","og_locale":"de_DE","og_type":"article","og_title":"Z\u00e1sady ochrany osobn\u00fdch \u00fadajov - Betonov\u00e9 v\u00fdrobky","og_description":"Z\u00e1sady ochrany osobn\u00fdch \u00fadajov INFORMA\u010cN\u00c1 POVINNOS\u0164 PREV\u00c1DZKOVATE\u013dA\u00a0 POD\u013dA \u010cL. 13. NARIADENIA EUR\u00d3PSKEHO PARLAMENTU A RADY (E\u00da) 2016\/679 O OCHRANE FYZICK\u00ddCH","og_url":"https:\/\/rockside.sk\/de\/privacy-policy\/","og_site_name":"Betonov\u00e9 v\u00fdrobky","article_modified_time":"2026-01-15T08:20:08+00:00","og_image":[{"width":1920,"height":1080,"url":"https:\/\/rockside.sk\/wp-content\/uploads\/2025\/08\/Rockside.png","type":"image\/png"}],"twitter_card":"summary_large_image","twitter_misc":{"Gesch\u00e4tzte Lesezeit":"6\u00a0Minuten"},"schema":{"@context":"https:\/\/schema.org","@graph":[{"@type":"WebPage","@id":"https:\/\/rockside.sk\/privacy-policy\/","url":"https:\/\/rockside.sk\/privacy-policy\/","name":"Z\u00e1sady ochrany osobn\u00fdch \u00fadajov - Betonov\u00e9 v\u00fdrobky","isPartOf":{"@id":"https:\/\/rockside.sk\/#website"},"datePublished":"2025-08-04T11:54:41+00:00","dateModified":"2026-01-15T08:20:08+00:00","breadcrumb":{"@id":"https:\/\/rockside.sk\/privacy-policy\/#breadcrumb"},"inLanguage":"de","potentialAction":[{"@type":"ReadAction","target":["https:\/\/rockside.sk\/privacy-policy\/"]}]},{"@type":"BreadcrumbList","@id":"https:\/\/rockside.sk\/privacy-policy\/#breadcrumb","itemListElement":[{"@type":"ListItem","position":1,"name":"\u0413\u043b\u0430\u0432\u043d\u0430\u044f \u0441\u0442\u0440\u0430\u043d\u0438\u0446\u0430","item":"https:\/\/rockside.sk\/"},{"@type":"ListItem","position":2,"name":"Z\u00e1sady ochrany osobn\u00fdch \u00fadajov"}]},{"@type":"WebSite","@id":"https:\/\/rockside.sk\/#website","url":"https:\/\/rockside.sk\/","name":"Rockside Slovensko","description":"vonkaj\u0161ie kvetin\u00e1\u010de, z\u00e1hradn\u00e9 font\u00e1ny, lavi\u010dky od v\u00fdrobcu Rockside","publisher":{"@id":"https:\/\/rockside.sk\/#organization"},"alternateName":"Rockside","potentialAction":[{"@type":"SearchAction","target":{"@type":"EntryPoint","urlTemplate":"https:\/\/rockside.sk\/?s={search_term_string}"},"query-input":{"@type":"PropertyValueSpecification","valueRequired":true,"valueName":"search_term_string"}}],"inLanguage":"de"},{"@type":"Organization","@id":"https:\/\/rockside.sk\/#organization","name":"Betonov\u00e9 v\u00fdrobky","url":"https:\/\/rockside.sk\/","logo":{"@type":"ImageObject","inLanguage":"de","@id":"https:\/\/rockside.sk\/#\/schema\/logo\/image\/","url":"https:\/\/rockside.sk\/wp-content\/uploads\/2025\/08\/Rockside.png","contentUrl":"https:\/\/rockside.sk\/wp-content\/uploads\/2025\/08\/Rockside.png","width":1920,"height":1080,"caption":"Betonov\u00e9 v\u00fdrobky"},"image":{"@id":"https:\/\/rockside.sk\/#\/schema\/logo\/image\/"}}]}},"jetpack_sharing_enabled":true,"_links":{"self":[{"href":"https:\/\/rockside.sk\/de\/wp-json\/wp\/v2\/pages\/3","targetHints":{"allow":["GET"]}}],"collection":[{"href":"https:\/\/rockside.sk\/de\/wp-json\/wp\/v2\/pages"}],"about":[{"href":"https:\/\/rockside.sk\/de\/wp-json\/wp\/v2\/types\/page"}],"author":[{"embeddable":true,"href":"https:\/\/rockside.sk\/de\/wp-json\/wp\/v2\/users\/1"}],"replies":[{"embeddable":true,"href":"https:\/\/rockside.sk\/de\/wp-json\/wp\/v2\/comments?post=3"}],"version-history":[{"count":17,"href":"https:\/\/rockside.sk\/de\/wp-json\/wp\/v2\/pages\/3\/revisions"}],"predecessor-version":[{"id":35077,"href":"https:\/\/rockside.sk\/de\/wp-json\/wp\/v2\/pages\/3\/revisions\/35077"}],"wp:attachment":[{"href":"https:\/\/rockside.sk\/de\/wp-json\/wp\/v2\/media?parent=3"}],"curies":[{"name":"wp","href":"https:\/\/api.w.org\/{rel}","templated":true}]}}