{"id":13,"date":"2025-08-31T15:55:21","date_gmt":"2025-08-31T12:55:21","guid":{"rendered":"https:\/\/rockside.sk\/?page_id=13"},"modified":"2025-08-31T17:17:29","modified_gmt":"2025-08-31T14:17:29","slug":"refund_returns","status":"publish","type":"page","link":"https:\/\/rockside.sk\/de\/refund_returns\/","title":{"rendered":"R\u00fcckgabe und Umtausch"},"content":{"rendered":"<div data-elementor-type=\"wp-page\" data-elementor-id=\"13\" class=\"elementor elementor-13\">\n\t\t\t\t<div class=\"wd-negative-gap elementor-element elementor-element-2573d4b e-flex e-con-boxed e-con e-parent\" data-id=\"2573d4b\" data-element_type=\"container\">\n\t\t\t\t\t<div class=\"e-con-inner\">\n\t\t\t\t<div class=\"elementor-element elementor-element-9d39a04 elementor-widget elementor-widget-heading\" data-id=\"9d39a04\" data-element_type=\"widget\" data-widget_type=\"heading.default\">\n\t\t\t\t\t<h1 class=\"elementor-heading-title elementor-size-default\">R\u00fcckgabe und Umtausch<\/h1>\t\t\t\t<\/div>\n\t\t\t\t\t<\/div>\n\t\t\t\t<\/div>\n\t\t<div class=\"wd-negative-gap elementor-element elementor-element-3e9f397 e-flex e-con-boxed e-con e-parent\" data-id=\"3e9f397\" data-element_type=\"container\">\n\t\t\t\t\t<div class=\"e-con-inner\">\n\t\t\t\t<div class=\"elementor-element elementor-element-f941037 elementor-widget elementor-widget-wd_text_block\" data-id=\"f941037\" data-element_type=\"widget\" data-widget_type=\"wd_text_block.default\">\n\t\t\t\t<div class=\"elementor-widget-container\">\n\t\t\t\t\t\t\t<div class=\"wd-text-block reset-last-child text-left\">\n\t\t\t\n\t\t\t<h2>Pr\u00e1vo na vr\u00e1tenie tovaru<\/h2>\n\t\t\t\t\t<\/div>\n\t\t\t\t\t\t<\/div>\n\t\t\t\t<\/div>\n\t\t\t\t<div class=\"elementor-element elementor-element-383a007 elementor-widget elementor-widget-wd_text_block\" data-id=\"383a007\" data-element_type=\"widget\" data-widget_type=\"wd_text_block.default\">\n\t\t\t\t<div class=\"elementor-widget-container\">\n\t\t\t\t\t\t\t<div class=\"wd-text-block reset-last-child text-left\">\n\t\t\t\n\t\t\t<p>Spotrebite\u013e m\u00e1 pr\u00e1vo odst\u00fapi\u0165 od zmluvy a vr\u00e1ti\u0165 tovar bez uvedenia d\u00f4vodu do <strong data-start=\"251\" data-end=\"261\">14 dn\u00ed<\/strong> od jeho prevzatia. Toto pr\u00e1vo je zaru\u010den\u00e9 v s\u00falade s <strong data-start=\"315\" data-end=\"392\">Smernicou Eur\u00f3pskeho parlamentu a Rady 2011\/83\/E\u00da o pr\u00e1vach spotrebite\u013eov<\/strong> a <strong data-start=\"395\" data-end=\"467\">Z\u00e1konom Slovenskej republiky \u010d. 250\/2007 Z.z. o ochrane spotrebite\u013ea<\/strong>.<\/p>\n\t\t\t\t\t<\/div>\n\t\t\t\t\t\t<\/div>\n\t\t\t\t<\/div>\n\t\t\t\t<div class=\"elementor-element elementor-element-a41a920 elementor-widget elementor-widget-wd_text_block\" data-id=\"a41a920\" data-element_type=\"widget\" data-widget_type=\"wd_text_block.default\">\n\t\t\t\t<div class=\"elementor-widget-container\">\n\t\t\t\t\t\t\t<div class=\"wd-text-block reset-last-child text-left\">\n\t\t\t\n\t\t\t<h3>V\u00fdnimky z pr\u00e1va na vr\u00e1tenie<\/h3>\n\t\t\t\t\t<\/div>\n\t\t\t\t\t\t<\/div>\n\t\t\t\t<\/div>\n\t\t\t\t<div class=\"elementor-element elementor-element-beefcef elementor-widget elementor-widget-wd_text_block\" data-id=\"beefcef\" data-element_type=\"widget\" data-widget_type=\"wd_text_block.default\">\n\t\t\t\t<div class=\"elementor-widget-container\">\n\t\t\t\t\t\t\t<div class=\"wd-text-block reset-last-child text-left\">\n\t\t\t\n\t\t\t<p data-start=\"506\" data-end=\"549\">Vr\u00e1tenie nie je mo\u017en\u00e9 v t\u00fdchto pr\u00edpadoch:<\/p><ul><li><p data-start=\"506\" data-end=\"549\">tovar vyroben\u00fd na mieru pod\u013ea po\u017eiadaviek z\u00e1kazn\u00edka,<\/p><\/li><li><p data-start=\"506\" data-end=\"549\">tovar, ktor\u00fd bol pou\u017eit\u00fd a nesie zn\u00e1mky opotrebenia,<\/p><\/li><li><p data-start=\"506\" data-end=\"549\">tovar po\u0161koden\u00fd nespr\u00e1vnym pou\u017e\u00edvan\u00edm, skladovan\u00edm alebo mont\u00e1\u017eou,<\/p><\/li><\/ul>\n\t\t\t\t\t<\/div>\n\t\t\t\t\t\t<\/div>\n\t\t\t\t<\/div>\n\t\t\t\t<div class=\"elementor-element elementor-element-fbaef34 elementor-widget elementor-widget-wd_text_block\" data-id=\"fbaef34\" data-element_type=\"widget\" data-widget_type=\"wd_text_block.default\">\n\t\t\t\t<div class=\"elementor-widget-container\">\n\t\t\t\t\t\t\t<div class=\"wd-text-block reset-last-child text-left\">\n\t\t\t\n\t\t\t<h3>Postup vr\u00e1tenia<\/h3>\n\t\t\t\t\t<\/div>\n\t\t\t\t\t\t<\/div>\n\t\t\t\t<\/div>\n\t\t\t\t<div class=\"elementor-element elementor-element-a1617f8 elementor-widget elementor-widget-wd_text_block\" data-id=\"a1617f8\" data-element_type=\"widget\" data-widget_type=\"wd_text_block.default\">\n\t\t\t\t<div class=\"elementor-widget-container\">\n\t\t\t\t\t\t\t<div class=\"wd-text-block reset-last-child text-left\">\n\t\t\t\n\t\t\t<ul><li data-start=\"832\" data-end=\"926\"><p data-start=\"834\" data-end=\"926\">N\u00e1klady na sp\u00e4tn\u00fa dopravu tovaru nesie z\u00e1kazn\u00edk, pokia\u013e nejde o reklam\u00e1ciu vadn\u00e9ho tovaru.<\/p><\/li><li data-start=\"927\" data-end=\"1061\"><p data-start=\"929\" data-end=\"1061\">V pr\u00edpade vr\u00e1tenia je potrebn\u00e9 doru\u010di\u0165 tovar v p\u00f4vodnom stave a riadne zabalen\u00fd na adresu:<br data-start=\"1019\" data-end=\"1022\" \/><strong data-start=\"1022\" data-end=\"1058\">Bratislava, Pri starom letisku 4<\/strong>.<\/p><\/li><li data-start=\"1062\" data-end=\"1201\"><p data-start=\"1064\" data-end=\"1201\">Vr\u00e1tenie k\u00fapnej ceny prebehne rovnak\u00fdm sp\u00f4sobom, ak\u00fd bol pou\u017eit\u00fd pri platbe, najnesk\u00f4r do <strong data-start=\"1154\" data-end=\"1164\">14 dn\u00ed<\/strong> od ozn\u00e1menia odst\u00fapenia od zmluvy.<\/p><\/li><\/ul>\n\t\t\t\t\t<\/div>\n\t\t\t\t\t\t<\/div>\n\t\t\t\t<\/div>\n\t\t\t\t<div class=\"elementor-element elementor-element-68aaa20 elementor-widget elementor-widget-wd_text_block\" data-id=\"68aaa20\" data-element_type=\"widget\" data-widget_type=\"wd_text_block.default\">\n\t\t\t\t<div class=\"elementor-widget-container\">\n\t\t\t\t\t\t\t<div class=\"wd-text-block reset-last-child text-left\">\n\t\t\t\n\t\t\t<h2>Vadn\u00fd tovar (reklam\u00e1cia)<\/h2>\n\t\t\t\t\t<\/div>\n\t\t\t\t\t\t<\/div>\n\t\t\t\t<\/div>\n\t\t\t\t<div class=\"elementor-element elementor-element-1455784 elementor-widget elementor-widget-wd_text_block\" data-id=\"1455784\" data-element_type=\"widget\" data-widget_type=\"wd_text_block.default\">\n\t\t\t\t<div class=\"elementor-widget-container\">\n\t\t\t\t\t\t\t<div class=\"wd-text-block reset-last-child text-left\">\n\t\t\t\n\t\t\t<p data-start=\"1234\" data-end=\"1484\">V pr\u00edpade, \u017ee tovar je vadn\u00fd alebo nezodpoved\u00e1 deklarovanej kvalite, n\u00e1klady na jeho sp\u00e4tn\u00e9 doru\u010denie zn\u00e1\u0161a spolo\u010dnos\u0165 Rockside. Z\u00e1kazn\u00edk je povinn\u00fd chybu zdokumentova\u0165 (fotografia alebo video) a kontaktova\u0165 n\u00e1s pre dohodnutie \u010fal\u0161ieho postupu.<\/p>\n\t\t\t\t\t<\/div>\n\t\t\t\t\t\t<\/div>\n\t\t\t\t<\/div>\n\t\t\t\t\t<\/div>\n\t\t\t\t<\/div>\n\t\t\t\t<\/div>","protected":false},"excerpt":{"rendered":"<p>Vr\u00e1tenie a v\u00fdmena Pr\u00e1vo na vr\u00e1tenie tovaru Spotrebite\u013e m\u00e1 pr\u00e1vo odst\u00fapi\u0165 od zmluvy a vr\u00e1ti\u0165 tovar bez uvedenia d\u00f4vodu do<\/p>","protected":false},"author":1,"featured_media":0,"parent":0,"menu_order":0,"comment_status":"closed","ping_status":"closed","template":"","meta":{"footnotes":""},"class_list":["post-13","page","type-page","status-publish","hentry"],"yoast_head":"<!-- This site is optimized with the Yoast SEO plugin v25.6 - https:\/\/yoast.com\/wordpress\/plugins\/seo\/ -->\n<title>Vr\u00e1tenie a v\u00fdmena - Betonov\u00e9 v\u00fdrobky<\/title>\n<meta name=\"robots\" content=\"index, follow, max-snippet:-1, max-image-preview:large, max-video-preview:-1\" \/>\n<link rel=\"canonical\" href=\"https:\/\/rockside.sk\/de\/refund_returns\/\" \/>\n<meta property=\"og:locale\" content=\"de_DE\" \/>\n<meta property=\"og:type\" content=\"article\" \/>\n<meta property=\"og:title\" content=\"Vr\u00e1tenie a v\u00fdmena - Betonov\u00e9 v\u00fdrobky\" \/>\n<meta property=\"og:description\" content=\"Vr\u00e1tenie a v\u00fdmena Pr\u00e1vo na vr\u00e1tenie tovaru Spotrebite\u013e m\u00e1 pr\u00e1vo odst\u00fapi\u0165 od zmluvy a vr\u00e1ti\u0165 tovar bez uvedenia d\u00f4vodu do\" \/>\n<meta property=\"og:url\" content=\"https:\/\/rockside.sk\/de\/refund_returns\/\" \/>\n<meta property=\"og:site_name\" content=\"Betonov\u00e9 v\u00fdrobky\" \/>\n<meta property=\"article:modified_time\" content=\"2025-08-31T14:17:29+00:00\" \/>\n<meta property=\"og:image\" content=\"https:\/\/rockside.sk\/wp-content\/uploads\/2025\/08\/Rockside.png\" \/>\n\t<meta property=\"og:image:width\" content=\"1920\" \/>\n\t<meta property=\"og:image:height\" content=\"1080\" \/>\n\t<meta property=\"og:image:type\" content=\"image\/png\" \/>\n<meta name=\"twitter:card\" content=\"summary_large_image\" \/>\n<meta name=\"twitter:label1\" content=\"Gesch\u00e4tzte Lesezeit\" \/>\n\t<meta name=\"twitter:data1\" content=\"1\u00a0Minute\" \/>\n<script type=\"application\/ld+json\" class=\"yoast-schema-graph\">{\"@context\":\"https:\/\/schema.org\",\"@graph\":[{\"@type\":\"WebPage\",\"@id\":\"https:\/\/rockside.sk\/refund_returns\/\",\"url\":\"https:\/\/rockside.sk\/refund_returns\/\",\"name\":\"Vr\u00e1tenie a v\u00fdmena - Betonov\u00e9 v\u00fdrobky\",\"isPartOf\":{\"@id\":\"https:\/\/rockside.sk\/#website\"},\"datePublished\":\"2025-08-31T12:55:21+00:00\",\"dateModified\":\"2025-08-31T14:17:29+00:00\",\"breadcrumb\":{\"@id\":\"https:\/\/rockside.sk\/refund_returns\/#breadcrumb\"},\"inLanguage\":\"de\",\"potentialAction\":[{\"@type\":\"ReadAction\",\"target\":[\"https:\/\/rockside.sk\/refund_returns\/\"]}]},{\"@type\":\"BreadcrumbList\",\"@id\":\"https:\/\/rockside.sk\/refund_returns\/#breadcrumb\",\"itemListElement\":[{\"@type\":\"ListItem\",\"position\":1,\"name\":\"\u0413\u043b\u0430\u0432\u043d\u0430\u044f \u0441\u0442\u0440\u0430\u043d\u0438\u0446\u0430\",\"item\":\"https:\/\/rockside.sk\/\"},{\"@type\":\"ListItem\",\"position\":2,\"name\":\"Vr\u00e1tenie a v\u00fdmena\"}]},{\"@type\":\"WebSite\",\"@id\":\"https:\/\/rockside.sk\/#website\",\"url\":\"https:\/\/rockside.sk\/\",\"name\":\"Rockside Slovensko\",\"description\":\"vonkaj\u0161ie kvetin\u00e1\u010de, z\u00e1hradn\u00e9 font\u00e1ny, lavi\u010dky od v\u00fdrobcu Rockside\",\"publisher\":{\"@id\":\"https:\/\/rockside.sk\/#organization\"},\"alternateName\":\"Rockside\",\"potentialAction\":[{\"@type\":\"SearchAction\",\"target\":{\"@type\":\"EntryPoint\",\"urlTemplate\":\"https:\/\/rockside.sk\/?s={search_term_string}\"},\"query-input\":{\"@type\":\"PropertyValueSpecification\",\"valueRequired\":true,\"valueName\":\"search_term_string\"}}],\"inLanguage\":\"de\"},{\"@type\":\"Organization\",\"@id\":\"https:\/\/rockside.sk\/#organization\",\"name\":\"Betonov\u00e9 v\u00fdrobky\",\"url\":\"https:\/\/rockside.sk\/\",\"logo\":{\"@type\":\"ImageObject\",\"inLanguage\":\"de\",\"@id\":\"https:\/\/rockside.sk\/#\/schema\/logo\/image\/\",\"url\":\"https:\/\/rockside.sk\/wp-content\/uploads\/2025\/08\/Rockside.png\",\"contentUrl\":\"https:\/\/rockside.sk\/wp-content\/uploads\/2025\/08\/Rockside.png\",\"width\":1920,\"height\":1080,\"caption\":\"Betonov\u00e9 v\u00fdrobky\"},\"image\":{\"@id\":\"https:\/\/rockside.sk\/#\/schema\/logo\/image\/\"}}]}<\/script>\n<!-- \/ Yoast SEO plugin. -->","yoast_head_json":{"title":"Vr\u00e1tenie a v\u00fdmena - Betonov\u00e9 v\u00fdrobky","robots":{"index":"index","follow":"follow","max-snippet":"max-snippet:-1","max-image-preview":"max-image-preview:large","max-video-preview":"max-video-preview:-1"},"canonical":"https:\/\/rockside.sk\/de\/refund_returns\/","og_locale":"de_DE","og_type":"article","og_title":"Vr\u00e1tenie a v\u00fdmena - Betonov\u00e9 v\u00fdrobky","og_description":"Vr\u00e1tenie a v\u00fdmena Pr\u00e1vo na vr\u00e1tenie tovaru Spotrebite\u013e m\u00e1 pr\u00e1vo odst\u00fapi\u0165 od zmluvy a vr\u00e1ti\u0165 tovar bez uvedenia d\u00f4vodu do","og_url":"https:\/\/rockside.sk\/de\/refund_returns\/","og_site_name":"Betonov\u00e9 v\u00fdrobky","article_modified_time":"2025-08-31T14:17:29+00:00","og_image":[{"width":1920,"height":1080,"url":"https:\/\/rockside.sk\/wp-content\/uploads\/2025\/08\/Rockside.png","type":"image\/png"}],"twitter_card":"summary_large_image","twitter_misc":{"Gesch\u00e4tzte Lesezeit":"1\u00a0Minute"},"schema":{"@context":"https:\/\/schema.org","@graph":[{"@type":"WebPage","@id":"https:\/\/rockside.sk\/refund_returns\/","url":"https:\/\/rockside.sk\/refund_returns\/","name":"Vr\u00e1tenie a v\u00fdmena - Betonov\u00e9 v\u00fdrobky","isPartOf":{"@id":"https:\/\/rockside.sk\/#website"},"datePublished":"2025-08-31T12:55:21+00:00","dateModified":"2025-08-31T14:17:29+00:00","breadcrumb":{"@id":"https:\/\/rockside.sk\/refund_returns\/#breadcrumb"},"inLanguage":"de","potentialAction":[{"@type":"ReadAction","target":["https:\/\/rockside.sk\/refund_returns\/"]}]},{"@type":"BreadcrumbList","@id":"https:\/\/rockside.sk\/refund_returns\/#breadcrumb","itemListElement":[{"@type":"ListItem","position":1,"name":"\u0413\u043b\u0430\u0432\u043d\u0430\u044f \u0441\u0442\u0440\u0430\u043d\u0438\u0446\u0430","item":"https:\/\/rockside.sk\/"},{"@type":"ListItem","position":2,"name":"Vr\u00e1tenie a v\u00fdmena"}]},{"@type":"WebSite","@id":"https:\/\/rockside.sk\/#website","url":"https:\/\/rockside.sk\/","name":"Rockside Slovensko","description":"vonkaj\u0161ie kvetin\u00e1\u010de, z\u00e1hradn\u00e9 font\u00e1ny, lavi\u010dky od v\u00fdrobcu Rockside","publisher":{"@id":"https:\/\/rockside.sk\/#organization"},"alternateName":"Rockside","potentialAction":[{"@type":"SearchAction","target":{"@type":"EntryPoint","urlTemplate":"https:\/\/rockside.sk\/?s={search_term_string}"},"query-input":{"@type":"PropertyValueSpecification","valueRequired":true,"valueName":"search_term_string"}}],"inLanguage":"de"},{"@type":"Organization","@id":"https:\/\/rockside.sk\/#organization","name":"Betonov\u00e9 v\u00fdrobky","url":"https:\/\/rockside.sk\/","logo":{"@type":"ImageObject","inLanguage":"de","@id":"https:\/\/rockside.sk\/#\/schema\/logo\/image\/","url":"https:\/\/rockside.sk\/wp-content\/uploads\/2025\/08\/Rockside.png","contentUrl":"https:\/\/rockside.sk\/wp-content\/uploads\/2025\/08\/Rockside.png","width":1920,"height":1080,"caption":"Betonov\u00e9 v\u00fdrobky"},"image":{"@id":"https:\/\/rockside.sk\/#\/schema\/logo\/image\/"}}]}},"jetpack_sharing_enabled":true,"_links":{"self":[{"href":"https:\/\/rockside.sk\/de\/wp-json\/wp\/v2\/pages\/13","targetHints":{"allow":["GET"]}}],"collection":[{"href":"https:\/\/rockside.sk\/de\/wp-json\/wp\/v2\/pages"}],"about":[{"href":"https:\/\/rockside.sk\/de\/wp-json\/wp\/v2\/types\/page"}],"author":[{"embeddable":true,"href":"https:\/\/rockside.sk\/de\/wp-json\/wp\/v2\/users\/1"}],"replies":[{"embeddable":true,"href":"https:\/\/rockside.sk\/de\/wp-json\/wp\/v2\/comments?post=13"}],"version-history":[{"count":17,"href":"https:\/\/rockside.sk\/de\/wp-json\/wp\/v2\/pages\/13\/revisions"}],"predecessor-version":[{"id":34405,"href":"https:\/\/rockside.sk\/de\/wp-json\/wp\/v2\/pages\/13\/revisions\/34405"}],"wp:attachment":[{"href":"https:\/\/rockside.sk\/de\/wp-json\/wp\/v2\/media?parent=13"}],"curies":[{"name":"wp","href":"https:\/\/api.w.org\/{rel}","templated":true}]}}